{"id":19,"date":"2020-06-05T10:00:56","date_gmt":"2020-06-05T08:00:56","guid":{"rendered":"http:\/\/agora.xtec.cat\/escolamusicalinyola\/?page_id=19"},"modified":"2020-06-05T10:24:36","modified_gmt":"2020-06-05T08:24:36","slug":"lescola","status":"publish","type":"page","link":"https:\/\/agora.xtec.cat\/escolamusicalinyola\/lescola\/","title":{"rendered":"L&#8217;escola de m\u00fasica"},"content":{"rendered":"<p>L\u2019<strong>Escola de M\u00fasica Municipal de Linyola<\/strong> \u00e9s un centre d\u2019ensenyaments de m\u00fasica reconegut pel Departament d\u2019Ensenyament de la Generalitat de Catalunya (codi de centre: 25008340) situat al primer pis de l\u2019Edifici Municipal \u201cCal Formiguera\u201d (Carrer Major, 1). Aquest centre dep\u00e8n directament de l\u2019Ajuntament de Linyola i imparteix ensenyaments de <em>Sensibilitzaci\u00f3<\/em>, <em>Iniciaci\u00f3<\/em>, <em>Nivell Elemental<\/em> i <em>Nivell Mitj\u00e0<\/em> de m\u00fasica, aix\u00ed com una modalitat lliure, tot plegat amb l\u2019objectiu de promoure la pr\u00e0ctica individual i col\u00b7lectiva d\u2019aquest art i de permetre, eventualment, l\u2019exercici d\u2019una carrera professional de m\u00fasica.<\/p>\n<p>El car\u00e0cter no-obligatori d\u2019aquests ensenyaments demana un inter\u00e8s per part de l\u2019alumnat i les seves fam\u00edlies, una predisposici\u00f3 a respectar les condicions b\u00e0siques per al bon funcionament de l\u2019escola, i tamb\u00e9 una implicaci\u00f3 en les activitats que s\u2019hi desenvolupen.<\/p>\n","protected":false},"excerpt":{"rendered":"<p>L\u2019Escola de M\u00fasica Municipal de Linyola \u00e9s un centre d\u2019ensenyaments de m\u00fasica reconegut pel Departament d\u2019Ensenyament de la Generalitat de Catalunya (codi de centre: 25008340) situat al primer pis de l\u2019Edifici Municipal \u201cCal Formiguera\u201d (Carrer Major, 1). Aquest centre dep\u00e8n directament de l\u2019Ajuntament de Linyola&hellip;  <a href=\"https:\/\/agora.xtec.cat\/escolamusicalinyola\/lescola\/\" title=\"Read L&#8217;escola de m\u00fasica\">Llegeix m\u00e9s\u00bb<\/a><\/p>\n","protected":false},"author":1,"featured_media":0,"parent":0,"menu_order":0,"comment_status":"closed","ping_status":"closed","template":"page-templates\/side-menu.php","meta":{"_bbp_topic_count":0,"_bbp_reply_count":0,"_bbp_total_topic_count":0,"_bbp_total_reply_count":0,"_bbp_voice_count":0,"_bbp_anonymous_reply_count":0,"_bbp_topic_count_hidden":0,"_bbp_reply_count_hidden":0,"_bbp_forum_subforum_count":0,"footnotes":""},"class_list":["post-19","page","type-page","status-publish","hentry"],"post_mailing_queue_ids":[],"_links":{"self":[{"href":"https:\/\/agora.xtec.cat\/escolamusicalinyola\/wp-json\/wp\/v2\/pages\/19","targetHints":{"allow":["GET"]}}],"collection":[{"href":"https:\/\/agora.xtec.cat\/escolamusicalinyola\/wp-json\/wp\/v2\/pages"}],"about":[{"href":"https:\/\/agora.xtec.cat\/escolamusicalinyola\/wp-json\/wp\/v2\/types\/page"}],"author":[{"embeddable":true,"href":"https:\/\/agora.xtec.cat\/escolamusicalinyola\/wp-json\/wp\/v2\/users\/1"}],"replies":[{"embeddable":true,"href":"https:\/\/agora.xtec.cat\/escolamusicalinyola\/wp-json\/wp\/v2\/comments?post=19"}],"version-history":[{"count":3,"href":"https:\/\/agora.xtec.cat\/escolamusicalinyola\/wp-json\/wp\/v2\/pages\/19\/revisions"}],"predecessor-version":[{"id":697,"href":"https:\/\/agora.xtec.cat\/escolamusicalinyola\/wp-json\/wp\/v2\/pages\/19\/revisions\/697"}],"wp:attachment":[{"href":"https:\/\/agora.xtec.cat\/escolamusicalinyola\/wp-json\/wp\/v2\/media?parent=19"}],"curies":[{"name":"wp","href":"https:\/\/api.w.org\/{rel}","templated":true}]}}