{"id":1395,"date":"2021-12-21T12:28:10","date_gmt":"2021-12-21T11:28:10","guid":{"rendered":"https:\/\/agora.xtec.cat\/escolamusicalinyola\/?page_id=1395"},"modified":"2023-09-03T12:22:11","modified_gmt":"2023-09-03T10:22:11","slug":"consell-escolar","status":"publish","type":"page","link":"https:\/\/agora.xtec.cat\/escolamusicalinyola\/lescola\/consell-escolar\/","title":{"rendered":"Consell escolar"},"content":{"rendered":"<p>El Consell escolar \u00e9s l\u2019\u00f2rgan en qu\u00e8 s\u00f3n representats tots els sectors de la comunitat educativa i que participa en el govern de l\u2019Escola de M\u00fasica. Actualment est\u00e0 format pels seg\u00fcents membres:<\/p>\n<ul>\n<li><strong>Representant de la direcci\u00f3<\/strong>: Ester Trilla, que presideix l&#8217;\u00f2rgan<\/li>\n<li><strong>Representant de l&#8217;Ajuntament<\/strong>: Roser Torres<\/li>\n<li><strong>Representants del professorat<\/strong>: David Vall i M\u00edriam Cortada<\/li>\n<li><strong>Representant de l&#8217;alumnat<\/strong>: Anna Fabregat<\/li>\n<li><strong>Representant de mares, pares i tutors\/es<\/strong>: Meritxell Balsells<\/li>\n<\/ul>\n<p>A m\u00e9s a m\u00e9s, el Secretari acad\u00e8mic o la Secret\u00e0ria acad\u00e8mica del centre tamb\u00e9 assisteix a les reunions del Consell escolar, amb veu i sense vot, i n&#8217;exerceix la secretaria.<\/p>\n<hr \/>\n<p><em>Data de l&#8217;\u00faltima constituci\u00f3 del Consell escolar: 3 de setembre de 2023<\/em><\/p>\n","protected":false},"excerpt":{"rendered":"<p>El Consell escolar \u00e9s l\u2019\u00f2rgan en qu\u00e8 s\u00f3n representats tots els sectors de la comunitat educativa i que participa en el govern de l\u2019Escola de M\u00fasica. Actualment est\u00e0 format pels seg\u00fcents membres:<\/p>\n<ul>\n<li>Representant de la direcci\u00f3: Ester Trilla, que presideix l&#8217;\u00f2rgan<\/li>\n<li>Representant de l&#8217;Ajuntament: Roser Torres<\/li>\n<li>Representants del&hellip;  <a href=\"https:\/\/agora.xtec.cat\/escolamusicalinyola\/lescola\/consell-escolar\/\" title=\"Read Consell escolar\">Llegeix m\u00e9s\u00bb<\/a><br \/>\n","protected":false},"author":1,"featured_media":0,"parent":19,"menu_order":40,"comment_status":"closed","ping_status":"closed","template":"page-templates\/side-menu.php","meta":{"_bbp_topic_count":0,"_bbp_reply_count":0,"_bbp_total_topic_count":0,"_bbp_total_reply_count":0,"_bbp_voice_count":0,"_bbp_anonymous_reply_count":0,"_bbp_topic_count_hidden":0,"_bbp_reply_count_hidden":0,"_bbp_forum_subforum_count":0,"footnotes":""},"class_list":["post-1395","page","type-page","status-publish","hentry"],"post_mailing_queue_ids":[],"_links":{"self":[{"href":"https:\/\/agora.xtec.cat\/escolamusicalinyola\/wp-json\/wp\/v2\/pages\/1395","targetHints":{"allow":["GET"]}}],"collection":[{"href":"https:\/\/agora.xtec.cat\/escolamusicalinyola\/wp-json\/wp\/v2\/pages"}],"about":[{"href":"https:\/\/agora.xtec.cat\/escolamusicalinyola\/wp-json\/wp\/v2\/types\/page"}],"author":[{"embeddable":true,"href":"https:\/\/agora.xtec.cat\/escolamusicalinyola\/wp-json\/wp\/v2\/users\/1"}],"replies":[{"embeddable":true,"href":"https:\/\/agora.xtec.cat\/escolamusicalinyola\/wp-json\/wp\/v2\/comments?post=1395"}],"version-history":[{"count":3,"href":"https:\/\/agora.xtec.cat\/escolamusicalinyola\/wp-json\/wp\/v2\/pages\/1395\/revisions"}],"predecessor-version":[{"id":2130,"href":"https:\/\/agora.xtec.cat\/escolamusicalinyola\/wp-json\/wp\/v2\/pages\/1395\/revisions\/2130"}],"up":[{"embeddable":true,"href":"https:\/\/agora.xtec.cat\/escolamusicalinyola\/wp-json\/wp\/v2\/pages\/19"}],"wp:attachment":[{"href":"https:\/\/agora.xtec.cat\/escolamusicalinyola\/wp-json\/wp\/v2\/media?parent=1395"}],"curies":[{"name":"wp","href":"https:\/\/api.w.org\/{rel}","templated":true}]}}