{"id":1151,"date":"2021-05-31T15:44:42","date_gmt":"2021-05-31T13:44:42","guid":{"rendered":"https:\/\/agora.xtec.cat\/escolamusicalinyola\/?page_id=1151"},"modified":"2025-10-25T11:35:18","modified_gmt":"2025-10-25T09:35:18","slug":"matricula-preus","status":"publish","type":"page","link":"https:\/\/agora.xtec.cat\/escolamusicalinyola\/secretaria\/matricula-preus\/","title":{"rendered":"Matr\u00edcula i preus"},"content":{"rendered":"<h2>Matr\u00edcula<\/h2>\n<ul>\n<li><strong>Alumnat nou<\/strong>: l&#8217;EMML t\u00e9 matr\u00edcula viva en funci\u00f3 a les places disponibles.<\/li>\n<\/ul>\n<p>Si teniu algun dubte podeu contactar amb nosaltres a trav\u00e9s del correu <em>escolamusicalinyola@xtec.cat<\/em><\/p>\n<hr \/>\n<h2>Preus<\/h2>\n<table class=\" alignleft\" style=\"height: 416px; width: 100%; border-collapse: collapse;\">\n<tbody>\n<tr style=\"height: 32px;\">\n<td style=\"width: 36.2421%; height: 32px;\"><strong>Programa<\/strong><\/td>\n<td style=\"width: 33.5026%; height: 32px;\"><strong>Correspond\u00e8ncia<\/strong><\/td>\n<td style=\"width: 18.0573%; height: 32px;\"><strong>Quota mensual<\/strong><\/td>\n<td style=\"width: 12.198%; height: 32px;\"><strong>Matr\u00edcula<\/strong><\/td>\n<\/tr>\n<tr style=\"height: 32px;\">\n<td style=\"width: 36.2421%; height: 32px;\">M\u00fasica en fam\u00edlia<\/td>\n<td style=\"width: 33.5026%; height: 32px;\">I1 i I2<\/td>\n<td style=\"width: 18.0573%; height: 32px;\">20 \u20ac\/mes<\/td>\n<td style=\"width: 12.198%; height: 32px;\">0 \u20ac<\/td>\n<\/tr>\n<tr style=\"height: 32px;\">\n<td style=\"width: 36.2421%; height: 32px;\">Sensibilitzaci\u00f3 1, 2 i 3<\/td>\n<td style=\"width: 33.5026%; height: 32px;\">Ed. Infantil: I3, I4 i I5<\/td>\n<td style=\"width: 18.0573%; height: 32px;\">25 \u20ac\/mes<\/td>\n<td style=\"width: 12.198%; height: 32px;\">0 \u20ac<\/td>\n<\/tr>\n<tr style=\"height: 32px;\">\n<td style=\"width: 36.2421%; height: 32px;\"><span style=\"background-color: #ffffff;\">Iniciaci\u00f3 1 i 2<\/span><\/td>\n<td style=\"width: 33.5026%; height: 32px;\"><span style=\"background-color: #ffffff;\">A partir de 1r i 2n d&#8217;Ed. Prim\u00e0ria<\/span><\/td>\n<td style=\"width: 18.0573%; height: 32px;\">35 \u20ac\/mes<\/td>\n<td style=\"width: 12.198%; height: 32px;\">57 \u20ac<\/td>\n<\/tr>\n<tr style=\"height: 32px;\">\n<td style=\"width: 36.2421%; height: 32px;\"><span style=\"background-color: #f9f9f9;\">Nivell Elemental 1 i 2<\/span><\/td>\n<td style=\"width: 33.5026%; height: 32px;\"><span style=\"background-color: #f9f9f9;\"><span style=\"background-color: #ffffff;\">A partir de 3r i 4t d&#8217;Ed. Prim\u00e0ria<\/span><\/span><\/td>\n<td style=\"width: 18.0573%; height: 32px;\">63 \u20ac\/mes<\/td>\n<td style=\"width: 12.198%; height: 32px;\">57 \u20ac<\/td>\n<\/tr>\n<tr style=\"height: 32px;\">\n<td style=\"width: 36.2421%; height: 32px;\"><span style=\"background-color: #f9f9f9;\">Nivell Elemental <\/span>3 i 4<\/td>\n<td style=\"width: 33.5026%; height: 32px;\"><span style=\"background-color: #f9f9f9;\"><span style=\"background-color: #ffffff;\">A partir de 5\u00e8 i 6\u00e8 d&#8217;Ed. Prim\u00e0ria<\/span><\/span><\/td>\n<td style=\"width: 18.0573%; height: 32px;\">70 \u20ac\/mes<\/td>\n<td style=\"width: 12.198%; height: 32px;\">57 \u20ac<\/td>\n<\/tr>\n<tr style=\"height: 32px;\">\n<td style=\"width: 36.2421%; height: 32px;\">Nivell Mitj\u00e0 1, 2, 3 i 4<\/td>\n<td style=\"width: 33.5026%; height: 32px;\">A partir d&#8217;Ed. Secund\u00e0ria<\/td>\n<td style=\"width: 18.0573%; height: 32px;\">75 \u20ac\/mes<\/td>\n<td style=\"width: 12.198%; height: 32px;\">57 \u20ac<\/td>\n<\/tr>\n<tr style=\"height: 32px;\">\n<td style=\"width: 36.2421%; height: 32px;\">Modalitat lliure: instrument (30 min)<\/td>\n<td style=\"width: 33.5026%; height: 32px;\">A partir de 12 anys<\/td>\n<td style=\"width: 18.0573%; height: 32px;\">40 \u20ac\/mes<\/td>\n<td style=\"width: 12.198%; height: 32px;\">57 \u20ac<\/td>\n<\/tr>\n<tr>\n<td style=\"width: 36.2421%;\">Modalitat lliure: instrument (45 min)<\/td>\n<td style=\"width: 33.5026%;\">A partir de 12 anys<\/td>\n<td style=\"width: 18.0573%;\">53 \u20ac\/mes<\/td>\n<td style=\"width: 12.198%;\">57 \u20ac<\/td>\n<\/tr>\n<tr style=\"height: 32px;\">\n<td style=\"width: 36.2421%; height: 32px;\">Modalitat lliure: instrument avan\u00e7at (60 min)<\/td>\n<td style=\"width: 33.5026%; height: 32px;\">A partir de 12 anys<\/td>\n<td style=\"width: 18.0573%; height: 32px;\">65 \u20ac\/mes<\/td>\n<td style=\"width: 12.198%; height: 32px;\">57 \u20ac<\/td>\n<\/tr>\n<tr style=\"height: 32px;\">\n<td style=\"width: 36.2421%; height: 32px;\">M\u00fasica inclusiva<\/td>\n<td style=\"width: 33.5026%; height: 32px;\">Alumnat amb NESE<\/td>\n<td style=\"width: 18.0573%; height: 32px;\">40 \u20ac\/mes<\/td>\n<td style=\"width: 12.198%; height: 32px;\">57 \u20ac<\/td>\n<\/tr>\n<tr style=\"height: 32px;\">\n<td style=\"width: 36.2421%; height: 32px;\">Batucada jove<\/td>\n<td style=\"width: 33.5026%; height: 32px;\">A partir de 12 anys<\/td>\n<td style=\"width: 18.0573%; height: 32px;\">20 \u20ac\/mes<\/td>\n<td style=\"width: 12.198%; height: 32px;\">0 \u20ac<\/td>\n<\/tr>\n<tr style=\"height: 32px;\">\n<td style=\"width: 36.2421%; height: 32px;\">Batucada<\/td>\n<td style=\"width: 33.5026%; height: 32px;\">Adults<\/td>\n<td style=\"width: 18.0573%; height: 32px;\">20 \u20ac\/mes<\/td>\n<td style=\"width: 12.198%; height: 32px;\">0 \u20ac<\/td>\n<\/tr>\n<tr>\n<td style=\"width: 36.2421%;\">Conjunt Vocal<\/td>\n<td style=\"width: 33.5026%;\">A partir de 3r de Prim\u00e0ria<\/td>\n<td style=\"width: 18.0573%;\">20 \u20ac\/mes<\/td>\n<td style=\"width: 12.198%;\">0 \u20ac<\/td>\n<\/tr>\n<\/tbody>\n<\/table>\n<p>&nbsp;<\/p>\n<p>&nbsp;<\/p>\n<p>&nbsp;<\/p>\n<p>&nbsp;<\/p>\n<p>&nbsp;<\/p>\n<p>Les <strong>fam\u00edlies nombroses<\/strong> o <strong>monoparentals<\/strong> tindran un descompte del 15% en la quota mensual acreditant la documentaci\u00f3.<\/p>\n<p>Si la matr\u00edcula es realitza dins del per\u00edode de <strong>matriculaci\u00f3 oficial<\/strong> (del 3 al 21 de juny) tindr\u00e0 un preu de <strong>50 \u20ac<\/strong>.<\/p>\n<p>&nbsp;<\/p>\n<hr \/>\n<p><em>Data de l&#8217;\u00faltima actualitzaci\u00f3: 25 d&#8217;octubre de 2025<\/em><\/p>\n","protected":false},"excerpt":{"rendered":"<p>Matr\u00edcula<\/p>\n<ul>\n<li>Alumnat nou: l&#8217;EMML t\u00e9 matr\u00edcula viva en funci\u00f3 a les places disponibles.<\/li>\n<\/ul>\n<p>Si teniu algun dubte podeu contactar amb nosaltres a trav\u00e9s del correu escolamusicalinyola@xtec.cat<\/p>\n<p>Preus<\/p>\n<p>Programa<br \/>\nCorrespond\u00e8ncia<br \/>\nQuota mensual<br \/>\nMatr\u00edcula<\/p>\n<p>M\u00fasica en fam\u00edlia<br \/>\nI1 i I2<br \/>\n20 \u20ac\/mes<br \/>\n0 \u20ac<\/p>\n<p>Sensibilitzaci\u00f3 1, 2 i 3<br \/>\nEd. Infantil: I3, I4 i I5<br \/>\n25 \u20ac\/mes<br \/>\n0 \u20ac<\/p>\n<p>Iniciaci\u00f3 1 i 2<br \/>\nA&hellip;  <a href=\"https:\/\/agora.xtec.cat\/escolamusicalinyola\/secretaria\/matricula-preus\/\" title=\"Read Matr\u00edcula i preus\">Llegeix m\u00e9s\u00bb<\/a><\/p>\n","protected":false},"author":1,"featured_media":0,"parent":81,"menu_order":40,"comment_status":"closed","ping_status":"closed","template":"page-templates\/side-menu.php","meta":{"_bbp_topic_count":0,"_bbp_reply_count":0,"_bbp_total_topic_count":0,"_bbp_total_reply_count":0,"_bbp_voice_count":0,"_bbp_anonymous_reply_count":0,"_bbp_topic_count_hidden":0,"_bbp_reply_count_hidden":0,"_bbp_forum_subforum_count":0,"footnotes":""},"class_list":["post-1151","page","type-page","status-publish","hentry"],"post_mailing_queue_ids":[],"_links":{"self":[{"href":"https:\/\/agora.xtec.cat\/escolamusicalinyola\/wp-json\/wp\/v2\/pages\/1151","targetHints":{"allow":["GET"]}}],"collection":[{"href":"https:\/\/agora.xtec.cat\/escolamusicalinyola\/wp-json\/wp\/v2\/pages"}],"about":[{"href":"https:\/\/agora.xtec.cat\/escolamusicalinyola\/wp-json\/wp\/v2\/types\/page"}],"author":[{"embeddable":true,"href":"https:\/\/agora.xtec.cat\/escolamusicalinyola\/wp-json\/wp\/v2\/users\/1"}],"replies":[{"embeddable":true,"href":"https:\/\/agora.xtec.cat\/escolamusicalinyola\/wp-json\/wp\/v2\/comments?post=1151"}],"version-history":[{"count":6,"href":"https:\/\/agora.xtec.cat\/escolamusicalinyola\/wp-json\/wp\/v2\/pages\/1151\/revisions"}],"predecessor-version":[{"id":2774,"href":"https:\/\/agora.xtec.cat\/escolamusicalinyola\/wp-json\/wp\/v2\/pages\/1151\/revisions\/2774"}],"up":[{"embeddable":true,"href":"https:\/\/agora.xtec.cat\/escolamusicalinyola\/wp-json\/wp\/v2\/pages\/81"}],"wp:attachment":[{"href":"https:\/\/agora.xtec.cat\/escolamusicalinyola\/wp-json\/wp\/v2\/media?parent=1151"}],"curies":[{"name":"wp","href":"https:\/\/api.w.org\/{rel}","templated":true}]}}