{"id":87,"date":"2014-09-18T14:28:12","date_gmt":"2014-09-18T14:28:12","guid":{"rendered":"http:\/\/agora.xtec.cat\/escolamuntanyola\/?page_id=87"},"modified":"2023-10-05T12:15:27","modified_gmt":"2023-10-05T10:15:27","slug":"nivells","status":"publish","type":"page","link":"https:\/\/agora.xtec.cat\/escolamuntanyola\/nivells\/","title":{"rendered":"Nivells"},"content":{"rendered":"<p>L&#8217;escola Muntanyola som una escola rural i el nombre d&#8217;infants de cada grup varia en funci\u00f3 de la promoci\u00f3. Aix\u00f2 fa que les agrupacions o nivells puguin ser diferents d&#8217;un curs a l&#8217;altre.<\/p>\n<p>Aquest curs 23-24 estem agrupats per Comunitats:<\/p>\n<ul>\n<li>Comunitats de petits (i3, i4 i i5)<\/li>\n<li>Comunitats de mitjans (1r, 2n i 3r)<\/li>\n<li>Comunitats de grans (4t, 5\u00e8 i 6\u00e8)<\/li>\n<\/ul>\n","protected":false},"excerpt":{"rendered":"<p>L&#8217;escola Muntanyola som una escola rural i el nombre d&#8217;infants de cada grup varia en funci\u00f3 de la promoci\u00f3. Aix\u00f2 fa que les agrupacions o nivells puguin ser diferents d&#8217;un curs a l&#8217;altre.<br \/>\nAquest curs 23-24 estem agrupats per Comunitats:<\/p>\n<ul>\n<li>Comunitats de petits (i3, i4 i i5)<\/li>\n<li>Comunitats&hellip;  <a href=\"https:\/\/agora.xtec.cat\/escolamuntanyola\/nivells\/\" title=\"Read Nivells\">Llegeix m\u00e9s\u00bb<\/a><br \/>\n","protected":false},"author":2,"featured_media":0,"parent":0,"menu_order":0,"comment_status":"closed","ping_status":"closed","template":"","meta":{"_bbp_topic_count":0,"_bbp_reply_count":0,"_bbp_total_topic_count":0,"_bbp_total_reply_count":0,"_bbp_voice_count":0,"_bbp_anonymous_reply_count":0,"_bbp_topic_count_hidden":0,"_bbp_reply_count_hidden":0,"_bbp_forum_subforum_count":0,"footnotes":""},"class_list":["post-87","page","type-page","status-publish","hentry"],"post_mailing_queue_ids":[],"_links":{"self":[{"href":"https:\/\/agora.xtec.cat\/escolamuntanyola\/wp-json\/wp\/v2\/pages\/87","targetHints":{"allow":["GET"]}}],"collection":[{"href":"https:\/\/agora.xtec.cat\/escolamuntanyola\/wp-json\/wp\/v2\/pages"}],"about":[{"href":"https:\/\/agora.xtec.cat\/escolamuntanyola\/wp-json\/wp\/v2\/types\/page"}],"author":[{"embeddable":true,"href":"https:\/\/agora.xtec.cat\/escolamuntanyola\/wp-json\/wp\/v2\/users\/2"}],"replies":[{"embeddable":true,"href":"https:\/\/agora.xtec.cat\/escolamuntanyola\/wp-json\/wp\/v2\/comments?post=87"}],"version-history":[{"count":5,"href":"https:\/\/agora.xtec.cat\/escolamuntanyola\/wp-json\/wp\/v2\/pages\/87\/revisions"}],"predecessor-version":[{"id":5296,"href":"https:\/\/agora.xtec.cat\/escolamuntanyola\/wp-json\/wp\/v2\/pages\/87\/revisions\/5296"}],"wp:attachment":[{"href":"https:\/\/agora.xtec.cat\/escolamuntanyola\/wp-json\/wp\/v2\/media?parent=87"}],"curies":[{"name":"wp","href":"https:\/\/api.w.org\/{rel}","templated":true}]}}