{"id":73,"date":"2014-09-18T14:01:51","date_gmt":"2014-09-18T14:01:51","guid":{"rendered":"http:\/\/agora.xtec.cat\/escolamuntanyola\/?page_id=73"},"modified":"2022-09-03T20:09:25","modified_gmt":"2022-09-03T18:09:25","slug":"menjador-escolar","status":"publish","type":"page","link":"https:\/\/agora.xtec.cat\/escolamuntanyola\/serveis\/menjador-escolar\/","title":{"rendered":"Menjador escolar"},"content":{"rendered":"<p>L&#8217;escola disposa de servei de menjador facilitat pel Consell Comarcal i l&#8217;Ajuntament de Muntanyola.\u00a0 L&#8217;empresa que duu a terme aquest servei \u00e9s <strong><a href=\"http:\/\/www.7itria.cat\/\">7 i TRIA<\/a>.<\/strong><\/p>\n<p>Disposem de cuina in situ amb cuiner a les nostres noves instal\u00b7lacions.<\/p>\n<p>Per veure m\u00e9s informaci\u00f3 us animem a visitar la seva p\u00e0gina web o llegir el seg\u00fcent <a href=\"https:\/\/drive.google.com\/file\/d\/1Mo6UG474K21QY7gklqSNx2XMvLKgehBS\/view?usp=sharing\"><strong>document.<\/strong><\/a><\/p>\n<p><a href=\"http:\/\/www.7itria.cat\/\"><img loading=\"lazy\" decoding=\"async\" class=\"alignnone size-full wp-image-2986\" src=\"https:\/\/agora.xtec.cat\/escolamuntanyola\/wp-content\/uploads\/usu326\/2019\/02\/7-i-tria.bmp\" alt=\"\" width=\"1177\" height=\"128\" \/><\/a><\/p>\n","protected":false},"excerpt":{"rendered":"<p>L&#8217;escola disposa de servei de menjador facilitat pel Consell Comarcal i l&#8217;Ajuntament de Muntanyola.\u00a0 L&#8217;empresa que duu a terme aquest servei \u00e9s <a href=\"http:\/\/www.7itria.cat\/\">7 i TRIA<\/a>.<br \/>\nDisposem de cuina in situ amb cuiner a les nostres noves instal\u00b7lacions.<br \/>\nPer veure m\u00e9s informaci\u00f3 us animem a visitar la&hellip;  <a href=\"https:\/\/agora.xtec.cat\/escolamuntanyola\/serveis\/menjador-escolar\/\" title=\"Read Menjador escolar\">Llegeix m\u00e9s\u00bb<\/a><\/p>\n","protected":false},"author":2,"featured_media":0,"parent":66,"menu_order":30,"comment_status":"closed","ping_status":"closed","template":"page-templates\/side-menu.php","meta":{"_bbp_topic_count":0,"_bbp_reply_count":0,"_bbp_total_topic_count":0,"_bbp_total_reply_count":0,"_bbp_voice_count":0,"_bbp_anonymous_reply_count":0,"_bbp_topic_count_hidden":0,"_bbp_reply_count_hidden":0,"_bbp_forum_subforum_count":0,"footnotes":""},"class_list":["post-73","page","type-page","status-publish","hentry"],"post_mailing_queue_ids":[],"_links":{"self":[{"href":"https:\/\/agora.xtec.cat\/escolamuntanyola\/wp-json\/wp\/v2\/pages\/73","targetHints":{"allow":["GET"]}}],"collection":[{"href":"https:\/\/agora.xtec.cat\/escolamuntanyola\/wp-json\/wp\/v2\/pages"}],"about":[{"href":"https:\/\/agora.xtec.cat\/escolamuntanyola\/wp-json\/wp\/v2\/types\/page"}],"author":[{"embeddable":true,"href":"https:\/\/agora.xtec.cat\/escolamuntanyola\/wp-json\/wp\/v2\/users\/2"}],"replies":[{"embeddable":true,"href":"https:\/\/agora.xtec.cat\/escolamuntanyola\/wp-json\/wp\/v2\/comments?post=73"}],"version-history":[{"count":5,"href":"https:\/\/agora.xtec.cat\/escolamuntanyola\/wp-json\/wp\/v2\/pages\/73\/revisions"}],"predecessor-version":[{"id":4807,"href":"https:\/\/agora.xtec.cat\/escolamuntanyola\/wp-json\/wp\/v2\/pages\/73\/revisions\/4807"}],"up":[{"embeddable":true,"href":"https:\/\/agora.xtec.cat\/escolamuntanyola\/wp-json\/wp\/v2\/pages\/66"}],"wp:attachment":[{"href":"https:\/\/agora.xtec.cat\/escolamuntanyola\/wp-json\/wp\/v2\/media?parent=73"}],"curies":[{"name":"wp","href":"https:\/\/api.w.org\/{rel}","templated":true}]}}