{"id":5743,"date":"2025-03-14T16:21:51","date_gmt":"2025-03-14T15:21:51","guid":{"rendered":"https:\/\/agora.xtec.cat\/escolamuntanyola\/?page_id=5743"},"modified":"2025-03-17T13:55:08","modified_gmt":"2025-03-17T12:55:08","slug":"matematiques-a-lescola-muntanyola","status":"publish","type":"page","link":"https:\/\/agora.xtec.cat\/escolamuntanyola\/matematiques-a-lescola-muntanyola\/","title":{"rendered":"Matem\u00e0tiques a l&#8217;escola Muntanyola"},"content":{"rendered":"<p><strong>Presentaci\u00f3 a fam\u00edlies<\/strong> \u00a0\u00a0 \u00a0\u00a0 \u00a0\u00a0 \u00a0\u00a0 \u00a0\u00a0 \u00a0\u00a0 \u00a0\u00a0 \u00a0\u00a0 \u00a0\u00a0 \u00a0<strong>\u00a0Dossier explicatiu algoritmes<\/strong><\/p>\n<p><a href=\"https:\/\/drive.google.com\/file\/d\/1hJAJbAAZWj3gCNL6kxzfmvCTOROY2Nx1\/view\"><img loading=\"lazy\" decoding=\"async\" class=\"alignnone wp-image-5748\" src=\"https:\/\/agora.xtec.cat\/escolamuntanyola\/wp-content\/uploads\/usu326\/2025\/03\/logo1.png\" alt=\"\" width=\"218\" height=\"121\" srcset=\"https:\/\/agora.xtec.cat\/escolamuntanyola\/wp-content\/uploads\/usu326\/2025\/03\/logo1.png 981w, https:\/\/agora.xtec.cat\/escolamuntanyola\/wp-content\/uploads\/usu326\/2025\/03\/logo1-300x167.png 300w, https:\/\/agora.xtec.cat\/escolamuntanyola\/wp-content\/uploads\/usu326\/2025\/03\/logo1-768x427.png 768w\" sizes=\"auto, (max-width: 218px) 100vw, 218px\" \/><\/a>\u00a0 \u00a0 \u00a0 \u00a0 \u00a0 \u00a0 \u00a0 \u00a0 \u00a0 \u00a0\u00a0 <a href=\"https:\/\/drive.google.com\/file\/d\/1DhSd_uNvBUdm8yS8Uo7Mg4uOZ19JyqNV\/view?usp=sharing\"><img loading=\"lazy\" decoding=\"async\" class=\"alignnone wp-image-5749\" src=\"https:\/\/agora.xtec.cat\/escolamuntanyola\/wp-content\/uploads\/usu326\/2025\/03\/logo2.png\" alt=\"\" width=\"137\" height=\"137\" srcset=\"https:\/\/agora.xtec.cat\/escolamuntanyola\/wp-content\/uploads\/usu326\/2025\/03\/logo2.png 225w, https:\/\/agora.xtec.cat\/escolamuntanyola\/wp-content\/uploads\/usu326\/2025\/03\/logo2-150x150.png 150w\" sizes=\"auto, (max-width: 137px) 100vw, 137px\" \/><\/a><\/p>\n","protected":false},"excerpt":{"rendered":"<p>Presentaci\u00f3 a fam\u00edlies \u00a0\u00a0 \u00a0\u00a0 \u00a0\u00a0 \u00a0\u00a0 \u00a0\u00a0 \u00a0\u00a0 \u00a0\u00a0 \u00a0\u00a0 \u00a0\u00a0 \u00a0\u00a0Dossier explicatiu algoritmes<br \/>\n<a href=\"https:\/\/drive.google.com\/file\/d\/1hJAJbAAZWj3gCNL6kxzfmvCTOROY2Nx1\/view\"><\/a>\u00a0 \u00a0 \u00a0 \u00a0 \u00a0 \u00a0 \u00a0 \u00a0 \u00a0 \u00a0\u00a0 <a href=\"https:\/\/drive.google.com\/file\/d\/1DhSd_uNvBUdm8yS8Uo7Mg4uOZ19JyqNV\/view?usp=sharing\"><\/a><\/p>\n","protected":false},"author":1,"featured_media":0,"parent":0,"menu_order":0,"comment_status":"closed","ping_status":"closed","template":"","meta":{"_bbp_topic_count":0,"_bbp_reply_count":0,"_bbp_total_topic_count":0,"_bbp_total_reply_count":0,"_bbp_voice_count":0,"_bbp_anonymous_reply_count":0,"_bbp_topic_count_hidden":0,"_bbp_reply_count_hidden":0,"_bbp_forum_subforum_count":0,"footnotes":""},"class_list":["post-5743","page","type-page","status-publish","hentry"],"post_mailing_queue_ids":[],"_links":{"self":[{"href":"https:\/\/agora.xtec.cat\/escolamuntanyola\/wp-json\/wp\/v2\/pages\/5743","targetHints":{"allow":["GET"]}}],"collection":[{"href":"https:\/\/agora.xtec.cat\/escolamuntanyola\/wp-json\/wp\/v2\/pages"}],"about":[{"href":"https:\/\/agora.xtec.cat\/escolamuntanyola\/wp-json\/wp\/v2\/types\/page"}],"author":[{"embeddable":true,"href":"https:\/\/agora.xtec.cat\/escolamuntanyola\/wp-json\/wp\/v2\/users\/1"}],"replies":[{"embeddable":true,"href":"https:\/\/agora.xtec.cat\/escolamuntanyola\/wp-json\/wp\/v2\/comments?post=5743"}],"version-history":[{"count":4,"href":"https:\/\/agora.xtec.cat\/escolamuntanyola\/wp-json\/wp\/v2\/pages\/5743\/revisions"}],"predecessor-version":[{"id":5754,"href":"https:\/\/agora.xtec.cat\/escolamuntanyola\/wp-json\/wp\/v2\/pages\/5743\/revisions\/5754"}],"wp:attachment":[{"href":"https:\/\/agora.xtec.cat\/escolamuntanyola\/wp-json\/wp\/v2\/media?parent=5743"}],"curies":[{"name":"wp","href":"https:\/\/api.w.org\/{rel}","templated":true}]}}