{"id":5334,"date":"2023-11-16T10:17:51","date_gmt":"2023-11-16T09:17:51","guid":{"rendered":"https:\/\/agora.xtec.cat\/escolamuntanyola\/?page_id=5334"},"modified":"2023-11-16T11:02:28","modified_gmt":"2023-11-16T10:02:28","slug":"projectes-daula","status":"publish","type":"page","link":"https:\/\/agora.xtec.cat\/escolamuntanyola\/projectes-daula\/","title":{"rendered":"Projectes d&#8217;aula"},"content":{"rendered":"<p>Al llarg del trimestre desenvolupem un projecte, normalment triat pels alumnes o que sorgeix dels seus interessos i el relacionem amb les tres lleng\u00fces, les matem\u00e0tiques, el medi i la pl\u00e0stica.<\/p>\n<p><img loading=\"lazy\" decoding=\"async\" class=\"alignnone wp-image-5347\" src=\"https:\/\/agora.xtec.cat\/escolamuntanyola\/wp-content\/uploads\/usu326\/2023\/11\/20230929_124023-1024x768.jpg\" alt=\"\" width=\"349\" height=\"262\" srcset=\"https:\/\/agora.xtec.cat\/escolamuntanyola\/wp-content\/uploads\/usu326\/2023\/11\/20230929_124023-1024x768.jpg 1024w, https:\/\/agora.xtec.cat\/escolamuntanyola\/wp-content\/uploads\/usu326\/2023\/11\/20230929_124023-300x225.jpg 300w, https:\/\/agora.xtec.cat\/escolamuntanyola\/wp-content\/uploads\/usu326\/2023\/11\/20230929_124023-768x576.jpg 768w, https:\/\/agora.xtec.cat\/escolamuntanyola\/wp-content\/uploads\/usu326\/2023\/11\/20230929_124023-1536x1152.jpg 1536w, https:\/\/agora.xtec.cat\/escolamuntanyola\/wp-content\/uploads\/usu326\/2023\/11\/20230929_124023-2048x1536.jpg 2048w, https:\/\/agora.xtec.cat\/escolamuntanyola\/wp-content\/uploads\/usu326\/2023\/11\/20230929_124023-200x150.jpg 200w\" sizes=\"auto, (max-width: 349px) 100vw, 349px\" \/>\u00a0 Exemple de projecte: La xocolata.<\/p>\n<p><img loading=\"lazy\" decoding=\"async\" class=\"alignnone wp-image-5348\" src=\"https:\/\/agora.xtec.cat\/escolamuntanyola\/wp-content\/uploads\/usu326\/2023\/11\/IMG_20230609_084413-1024x768.jpg\" alt=\"\" width=\"347\" height=\"260\" srcset=\"https:\/\/agora.xtec.cat\/escolamuntanyola\/wp-content\/uploads\/usu326\/2023\/11\/IMG_20230609_084413-1024x768.jpg 1024w, https:\/\/agora.xtec.cat\/escolamuntanyola\/wp-content\/uploads\/usu326\/2023\/11\/IMG_20230609_084413-300x225.jpg 300w, https:\/\/agora.xtec.cat\/escolamuntanyola\/wp-content\/uploads\/usu326\/2023\/11\/IMG_20230609_084413-768x576.jpg 768w, https:\/\/agora.xtec.cat\/escolamuntanyola\/wp-content\/uploads\/usu326\/2023\/11\/IMG_20230609_084413-1536x1152.jpg 1536w, https:\/\/agora.xtec.cat\/escolamuntanyola\/wp-content\/uploads\/usu326\/2023\/11\/IMG_20230609_084413-2048x1536.jpg 2048w, https:\/\/agora.xtec.cat\/escolamuntanyola\/wp-content\/uploads\/usu326\/2023\/11\/IMG_20230609_084413-200x150.jpg 200w\" sizes=\"auto, (max-width: 347px) 100vw, 347px\" \/>\u00a0 Exemple de projecte: Les pel\u00b7l\u00edcules<\/p>\n<p><img loading=\"lazy\" decoding=\"async\" class=\"alignnone wp-image-5349\" src=\"https:\/\/agora.xtec.cat\/escolamuntanyola\/wp-content\/uploads\/usu326\/2023\/11\/434F7AB9-91BA-4468-AD4D-F54F7227A368-1024x1024.jpeg\" alt=\"\" width=\"345\" height=\"345\" srcset=\"https:\/\/agora.xtec.cat\/escolamuntanyola\/wp-content\/uploads\/usu326\/2023\/11\/434F7AB9-91BA-4468-AD4D-F54F7227A368-1024x1024.jpeg 1024w, https:\/\/agora.xtec.cat\/escolamuntanyola\/wp-content\/uploads\/usu326\/2023\/11\/434F7AB9-91BA-4468-AD4D-F54F7227A368-300x300.jpeg 300w, https:\/\/agora.xtec.cat\/escolamuntanyola\/wp-content\/uploads\/usu326\/2023\/11\/434F7AB9-91BA-4468-AD4D-F54F7227A368-150x150.jpeg 150w, https:\/\/agora.xtec.cat\/escolamuntanyola\/wp-content\/uploads\/usu326\/2023\/11\/434F7AB9-91BA-4468-AD4D-F54F7227A368-768x767.jpeg 768w, https:\/\/agora.xtec.cat\/escolamuntanyola\/wp-content\/uploads\/usu326\/2023\/11\/434F7AB9-91BA-4468-AD4D-F54F7227A368.jpeg 1440w\" sizes=\"auto, (max-width: 345px) 100vw, 345px\" \/> Exemple de projecte: Les flors de l&#8217;escola<\/p>\n","protected":false},"excerpt":{"rendered":"<p>Al llarg del trimestre desenvolupem un projecte, normalment triat pels alumnes o que sorgeix dels seus interessos i el relacionem amb les tres lleng\u00fces, les matem\u00e0tiques, el medi i la pl\u00e0stica.<br \/>\n\u00a0 Exemple de projecte: La xocolata.<br \/>\n\u00a0 Exemple de projecte: Les pel\u00b7l\u00edcules<br \/>\n Exemple de projecte: Les&hellip;  <a href=\"https:\/\/agora.xtec.cat\/escolamuntanyola\/projectes-daula\/\" title=\"Read Projectes d&#8217;aula\">Llegeix m\u00e9s\u00bb<\/a><\/p>\n","protected":false},"author":30,"featured_media":0,"parent":0,"menu_order":0,"comment_status":"closed","ping_status":"closed","template":"","meta":{"_bbp_topic_count":0,"_bbp_reply_count":0,"_bbp_total_topic_count":0,"_bbp_total_reply_count":0,"_bbp_voice_count":0,"_bbp_anonymous_reply_count":0,"_bbp_topic_count_hidden":0,"_bbp_reply_count_hidden":0,"_bbp_forum_subforum_count":0,"footnotes":""},"class_list":["post-5334","page","type-page","status-publish","hentry"],"post_mailing_queue_ids":[],"_links":{"self":[{"href":"https:\/\/agora.xtec.cat\/escolamuntanyola\/wp-json\/wp\/v2\/pages\/5334","targetHints":{"allow":["GET"]}}],"collection":[{"href":"https:\/\/agora.xtec.cat\/escolamuntanyola\/wp-json\/wp\/v2\/pages"}],"about":[{"href":"https:\/\/agora.xtec.cat\/escolamuntanyola\/wp-json\/wp\/v2\/types\/page"}],"author":[{"embeddable":true,"href":"https:\/\/agora.xtec.cat\/escolamuntanyola\/wp-json\/wp\/v2\/users\/30"}],"replies":[{"embeddable":true,"href":"https:\/\/agora.xtec.cat\/escolamuntanyola\/wp-json\/wp\/v2\/comments?post=5334"}],"version-history":[{"count":4,"href":"https:\/\/agora.xtec.cat\/escolamuntanyola\/wp-json\/wp\/v2\/pages\/5334\/revisions"}],"predecessor-version":[{"id":5351,"href":"https:\/\/agora.xtec.cat\/escolamuntanyola\/wp-json\/wp\/v2\/pages\/5334\/revisions\/5351"}],"wp:attachment":[{"href":"https:\/\/agora.xtec.cat\/escolamuntanyola\/wp-json\/wp\/v2\/media?parent=5334"}],"curies":[{"name":"wp","href":"https:\/\/api.w.org\/{rel}","templated":true}]}}