{"id":5330,"date":"2023-11-16T10:11:22","date_gmt":"2023-11-16T09:11:22","guid":{"rendered":"https:\/\/agora.xtec.cat\/escolamuntanyola\/?page_id=5330"},"modified":"2023-11-16T10:27:32","modified_gmt":"2023-11-16T09:27:32","slug":"projectes-descola","status":"publish","type":"page","link":"https:\/\/agora.xtec.cat\/escolamuntanyola\/projectes-descola\/","title":{"rendered":"Projectes d&#8217;escola"},"content":{"rendered":"<p>A l&#8217;escola Muntanyola portem a terme al llarg del curs i de tota l&#8217;escolaritat el treball per projectes.<\/p>\n<p>Totes les aules vehiculen les compet\u00e8ncies espec\u00edfiques de les diferents \u00e0rees a uns projectes trimestrals que es trien cada curs.<\/p>\n<p>A la vegada, tenim altres projectes establerts com a centre, que desenvolupem en uns cursos concrets.<\/p>\n<ul>\n<li><a href=\"https:\/\/agora.xtec.cat\/escolamuntanyola\/projectes-daula\/\">Projectes d&#8217;aula<\/a><\/li>\n<li><a href=\"https:\/\/agora.xtec.cat\/escolamuntanyola\/projectes-propis\/\">Projectes propis<\/a><\/li>\n<\/ul>\n","protected":false},"excerpt":{"rendered":"<p>A l&#8217;escola Muntanyola portem a terme al llarg del curs i de tota l&#8217;escolaritat el treball per projectes.<br \/>\nTotes les aules vehiculen les compet\u00e8ncies espec\u00edfiques de les diferents \u00e0rees a uns projectes trimestrals que es trien cada curs.<br \/>\nA la vegada, tenim altres projectes establerts com a&hellip;  <a href=\"https:\/\/agora.xtec.cat\/escolamuntanyola\/projectes-descola\/\" title=\"Read Projectes d&#8217;escola\">Llegeix m\u00e9s\u00bb<\/a><\/p>\n","protected":false},"author":1,"featured_media":0,"parent":0,"menu_order":0,"comment_status":"closed","ping_status":"closed","template":"","meta":{"_bbp_topic_count":0,"_bbp_reply_count":0,"_bbp_total_topic_count":0,"_bbp_total_reply_count":0,"_bbp_voice_count":0,"_bbp_anonymous_reply_count":0,"_bbp_topic_count_hidden":0,"_bbp_reply_count_hidden":0,"_bbp_forum_subforum_count":0,"footnotes":""},"class_list":["post-5330","page","type-page","status-publish","hentry"],"post_mailing_queue_ids":[],"_links":{"self":[{"href":"https:\/\/agora.xtec.cat\/escolamuntanyola\/wp-json\/wp\/v2\/pages\/5330","targetHints":{"allow":["GET"]}}],"collection":[{"href":"https:\/\/agora.xtec.cat\/escolamuntanyola\/wp-json\/wp\/v2\/pages"}],"about":[{"href":"https:\/\/agora.xtec.cat\/escolamuntanyola\/wp-json\/wp\/v2\/types\/page"}],"author":[{"embeddable":true,"href":"https:\/\/agora.xtec.cat\/escolamuntanyola\/wp-json\/wp\/v2\/users\/1"}],"replies":[{"embeddable":true,"href":"https:\/\/agora.xtec.cat\/escolamuntanyola\/wp-json\/wp\/v2\/comments?post=5330"}],"version-history":[{"count":5,"href":"https:\/\/agora.xtec.cat\/escolamuntanyola\/wp-json\/wp\/v2\/pages\/5330\/revisions"}],"predecessor-version":[{"id":5345,"href":"https:\/\/agora.xtec.cat\/escolamuntanyola\/wp-json\/wp\/v2\/pages\/5330\/revisions\/5345"}],"wp:attachment":[{"href":"https:\/\/agora.xtec.cat\/escolamuntanyola\/wp-json\/wp\/v2\/media?parent=5330"}],"curies":[{"name":"wp","href":"https:\/\/api.w.org\/{rel}","templated":true}]}}