{"id":4564,"date":"2022-02-16T10:52:53","date_gmt":"2022-02-16T09:52:53","guid":{"rendered":"https:\/\/agora.xtec.cat\/escolamuntanyola\/?page_id=4564"},"modified":"2024-10-25T20:13:09","modified_gmt":"2024-10-25T18:13:09","slug":"afa","status":"publish","type":"page","link":"https:\/\/agora.xtec.cat\/escolamuntanyola\/afa\/","title":{"rendered":"AFA"},"content":{"rendered":"<p style=\"font-weight: 400;\">Benvolgudes fam\u00edlies,<\/p>\n<p style=\"font-weight: 400;\"><strong>Comen\u00e7a el curs 2024-25<\/strong>\u00a0i des de la junta de l\u2019AFA us volem fer coneixedors de quines son les nostres tasques:<\/p>\n<ul style=\"font-weight: 400;\">\n<li>Gestionar el servei d\u2019acollida i fer-ne un seguiment.<\/li>\n<li>Donar suport a l\u2019alumnat, a les fam\u00edlies i al professorat en tot all\u00f2 que fa refer\u00e8ncia a l\u2019educaci\u00f3 i al bon funcionament de l\u2019escola.<\/li>\n<li>Promoure la participaci\u00f3 de les fam\u00edlies a la comunitat educativa potenciant la seva implicaci\u00f3 en el funcionament del centre, creant un espai que permet a les fam\u00edlies reflexionar i opinar sobre el funcionament quotidi\u00e0 de l\u2019escola i sobre temes educatius d\u2019abast general.<\/li>\n<li>Atendre i canalitzar les inquietuds o iniciatives dels pares i mares relacionades amb l\u2019escola, a trav\u00e9s de les institucions escolars, el Consell i les comissions.<\/li>\n<li>Administrar els recursos econ\u00f2mics generats per l\u2019Associaci\u00f3 en benefici de tots els alumnes del centre.<\/li>\n<li>Promoure la participaci\u00f3 dels pares en el Consell Escolar.<\/li>\n<li>Col\u00b7laborar en les festes que organitza l\u2019escola (Castanyada, Nadal, Carnestoltes&#8230;) i organitzar les festes de fi de curs i altres diades importants i fomentar la cohesi\u00f3 entre fam\u00edlies amb activitats conjuntes.<\/li>\n<li>Fomentar la participaci\u00f3 en les activitats proposades pel poble.<\/li>\n<li>Ajudar a gestionar el transport els dies que l\u2019alumnat vagis a piscina.<\/li>\n<li>Gestionar la realitzaci\u00f3 de xerrades per a les fam\u00edlies.<\/li>\n<\/ul>\n<p>Us deixem aqu\u00ed l&#8217;enlla\u00e7 al <a href=\"https:\/\/drive.google.com\/file\/d\/1vs8qm7l0zdTRsM20WUCdMQoLcCq_5toe\/view?usp=sharing\">full d&#8217;adhesi\u00f3<\/a> a l&#8217;AFA de l&#8217;Escola Muntanyola<\/p>\n<p style=\"font-weight: 400;\">L\u2019actual junta est\u00e0 formada per la Cristina Mesa (presid\u00e8ncia), la Carla Bosch (vicepresid\u00e8ncia), la Vero S\u00e1nchez (secretaria), la Neli P\u00e9rez (tresoreria) i la Carolina Garriga, la Carolina Casares, la S\u00edlvia Prados i en Jordi Justicia (vocals).<\/p>\n","protected":false},"excerpt":{"rendered":"<p>Benvolgudes fam\u00edlies,<br \/>\nComen\u00e7a el curs 2024-25\u00a0i des de la junta de l\u2019AFA us volem fer coneixedors de quines son les nostres tasques:<\/p>\n<ul style=\"font-weight: 400;\">\n<li>Gestionar el servei d\u2019acollida i fer-ne un seguiment.<\/li>\n<li>Donar suport a l\u2019alumnat, a les fam\u00edlies i al professorat en tot all\u00f2 que fa refer\u00e8ncia&hellip;  <a href=\"https:\/\/agora.xtec.cat\/escolamuntanyola\/afa\/\" title=\"Read AFA\">Llegeix m\u00e9s\u00bb<\/a><br \/>\n","protected":false},"author":30,"featured_media":0,"parent":0,"menu_order":0,"comment_status":"closed","ping_status":"closed","template":"","meta":{"_bbp_topic_count":0,"_bbp_reply_count":0,"_bbp_total_topic_count":0,"_bbp_total_reply_count":0,"_bbp_voice_count":0,"_bbp_anonymous_reply_count":0,"_bbp_topic_count_hidden":0,"_bbp_reply_count_hidden":0,"_bbp_forum_subforum_count":0,"footnotes":""},"class_list":["post-4564","page","type-page","status-publish","hentry"],"post_mailing_queue_ids":[],"_links":{"self":[{"href":"https:\/\/agora.xtec.cat\/escolamuntanyola\/wp-json\/wp\/v2\/pages\/4564","targetHints":{"allow":["GET"]}}],"collection":[{"href":"https:\/\/agora.xtec.cat\/escolamuntanyola\/wp-json\/wp\/v2\/pages"}],"about":[{"href":"https:\/\/agora.xtec.cat\/escolamuntanyola\/wp-json\/wp\/v2\/types\/page"}],"author":[{"embeddable":true,"href":"https:\/\/agora.xtec.cat\/escolamuntanyola\/wp-json\/wp\/v2\/users\/30"}],"replies":[{"embeddable":true,"href":"https:\/\/agora.xtec.cat\/escolamuntanyola\/wp-json\/wp\/v2\/comments?post=4564"}],"version-history":[{"count":6,"href":"https:\/\/agora.xtec.cat\/escolamuntanyola\/wp-json\/wp\/v2\/pages\/4564\/revisions"}],"predecessor-version":[{"id":5582,"href":"https:\/\/agora.xtec.cat\/escolamuntanyola\/wp-json\/wp\/v2\/pages\/4564\/revisions\/5582"}],"wp:attachment":[{"href":"https:\/\/agora.xtec.cat\/escolamuntanyola\/wp-json\/wp\/v2\/media?parent=4564"}],"curies":[{"name":"wp","href":"https:\/\/api.w.org\/{rel}","templated":true}]}}