{"id":2910,"date":"2019-01-23T14:44:05","date_gmt":"2019-01-23T13:44:05","guid":{"rendered":"http:\/\/agora.xtec.cat\/escolamuntanyola\/?page_id=2910"},"modified":"2025-09-14T17:50:26","modified_gmt":"2025-09-14T15:50:26","slug":"mestres","status":"publish","type":"page","link":"https:\/\/agora.xtec.cat\/escolamuntanyola\/mestres\/","title":{"rendered":"Mestres"},"content":{"rendered":"<p>El claustre de l&#8217;Escola Muntanyola est\u00e0 molt <strong>unit<\/strong>, confia en les <strong>metodologies<\/strong> utilitzades i s&#8217;est\u00e0 <strong>formant<\/strong> constantment per oferir m\u00e9s recursos per l\u2019educaci\u00f3 dels infants.<\/p>\n<p>Aquest curs 2025-26 formem part l&#8217;escola:<\/p>\n<table style=\"width: 43.8452%; height: 494px;\">\n<tbody>\n<tr style=\"height: 35px;\">\n<td style=\"height: 35px; width: 151.338%;\" colspan=\"2\"><span style=\"font-weight: 400;\">Claustre de mestres<\/span><\/td>\n<\/tr>\n<tr style=\"height: 57px;\">\n<td style=\"height: 57px; width: 30.3811%;\"><span style=\"font-weight: 400;\">Laura Montero<\/span><\/p>\n<p>Anna Coma<\/p>\n<p>Elisenda Gabald\u00e0<\/td>\n<td style=\"height: 57px; width: 120.957%;\"><span style=\"font-weight: 400;\">Tutora grup petits (i3)<\/span><\/p>\n<p>Tutora grup petits (i4 i5)<\/p>\n<p>Mestra de suport<\/td>\n<\/tr>\n<tr style=\"height: 57px;\">\n<td style=\"height: 57px; width: 30.3811%;\">Rosa Dan\u00e9s<\/td>\n<td style=\"height: 57px; width: 120.957%;\"><span style=\"font-weight: 400;\">Tutora grup mitjans (1r, 2n i 3r)<\/span><\/td>\n<\/tr>\n<tr style=\"height: 97px;\">\n<td style=\"height: 60px; width: 30.3811%;\"><span style=\"font-weight: 400;\">Ester Nespl\u00e9\u00a0<\/span><\/td>\n<td style=\"height: 60px; width: 120.957%;\"><span style=\"font-weight: 400;\">Tutores grup grans (4t, 5\u00e8 i 6\u00e8)<\/span><\/td>\n<\/tr>\n<tr style=\"height: 57px;\">\n<td style=\"height: 57px; width: 30.3811%;\"><span style=\"font-weight: 400;\">Clara Ferrer\u00a0<\/span><\/td>\n<td style=\"height: 57px; width: 120.957%;\"><span style=\"font-weight: 400;\">Especialista de m\u00fasica<\/span><\/td>\n<\/tr>\n<tr style=\"height: 57px;\">\n<td style=\"height: 57px; width: 30.3811%;\"><span style=\"font-weight: 400;\">Noem\u00ed Poyato<\/span><\/td>\n<td style=\"height: 57px; width: 120.957%;\"><span style=\"font-weight: 400;\">Especialista d\u2019angl\u00e8s\u00a0<\/span><\/td>\n<\/tr>\n<tr style=\"height: 57px;\">\n<td style=\"height: 57px; width: 30.3811%;\"><span style=\"font-weight: 400;\">Irma Garcia\u00a0<\/span><\/td>\n<td style=\"height: 57px; width: 120.957%;\"><span style=\"font-weight: 400;\">Especialista d\u2019educaci\u00f3 f\u00edsica<\/span><\/td>\n<\/tr>\n<tr style=\"height: 57px;\">\n<td style=\"height: 57px; width: 30.3811%;\"><span style=\"font-weight: 400;\">Bet Su\u00e0rez\u00a0<\/span><\/td>\n<td style=\"height: 57px; width: 120.957%;\"><span style=\"font-weight: 400;\">Suport de llengua (secret\u00e0ria)<\/span><\/td>\n<\/tr>\n<tr style=\"height: 57px;\">\n<td style=\"height: 57px; width: 30.3811%;\"><span style=\"font-weight: 400;\">Irma Garcia\u00a0<\/span><\/td>\n<td style=\"height: 57px; width: 120.957%;\"><span style=\"font-weight: 400;\">Suport de matem\u00e0tiques i rob\u00f2tica (directora)<\/span><\/td>\n<\/tr>\n<\/tbody>\n<\/table>\n","protected":false},"excerpt":{"rendered":"<p>El claustre de l&#8217;Escola Muntanyola est\u00e0 molt unit, confia en les metodologies utilitzades i s&#8217;est\u00e0 formant constantment per oferir m\u00e9s recursos per l\u2019educaci\u00f3 dels infants.<br \/>\nAquest curs 2025-26 formem part l&#8217;escola:<\/p>\n<p>Claustre de mestres<\/p>\n<p>Laura Montero<br \/>\nAnna Coma<br \/>\nElisenda Gabald\u00e0<br \/>\nTutora grup petits (i3)<br \/>\nTutora grup petits (i4 i5)<br \/>\nMestra de suport<\/p>\n<p>Rosa Dan\u00e9s<br \/>\nTutora&hellip;  <a href=\"https:\/\/agora.xtec.cat\/escolamuntanyola\/mestres\/\" title=\"Read Mestres\">Llegeix m\u00e9s\u00bb<\/a><\/p>\n","protected":false},"author":1,"featured_media":0,"parent":0,"menu_order":0,"comment_status":"closed","ping_status":"closed","template":"","meta":{"_bbp_topic_count":0,"_bbp_reply_count":0,"_bbp_total_topic_count":0,"_bbp_total_reply_count":0,"_bbp_voice_count":0,"_bbp_anonymous_reply_count":0,"_bbp_topic_count_hidden":0,"_bbp_reply_count_hidden":0,"_bbp_forum_subforum_count":0,"footnotes":""},"class_list":["post-2910","page","type-page","status-publish","hentry"],"post_mailing_queue_ids":[],"_links":{"self":[{"href":"https:\/\/agora.xtec.cat\/escolamuntanyola\/wp-json\/wp\/v2\/pages\/2910","targetHints":{"allow":["GET"]}}],"collection":[{"href":"https:\/\/agora.xtec.cat\/escolamuntanyola\/wp-json\/wp\/v2\/pages"}],"about":[{"href":"https:\/\/agora.xtec.cat\/escolamuntanyola\/wp-json\/wp\/v2\/types\/page"}],"author":[{"embeddable":true,"href":"https:\/\/agora.xtec.cat\/escolamuntanyola\/wp-json\/wp\/v2\/users\/1"}],"replies":[{"embeddable":true,"href":"https:\/\/agora.xtec.cat\/escolamuntanyola\/wp-json\/wp\/v2\/comments?post=2910"}],"version-history":[{"count":6,"href":"https:\/\/agora.xtec.cat\/escolamuntanyola\/wp-json\/wp\/v2\/pages\/2910\/revisions"}],"predecessor-version":[{"id":5820,"href":"https:\/\/agora.xtec.cat\/escolamuntanyola\/wp-json\/wp\/v2\/pages\/2910\/revisions\/5820"}],"wp:attachment":[{"href":"https:\/\/agora.xtec.cat\/escolamuntanyola\/wp-json\/wp\/v2\/media?parent=2910"}],"curies":[{"name":"wp","href":"https:\/\/api.w.org\/{rel}","templated":true}]}}