{"id":28,"date":"2014-09-18T12:29:35","date_gmt":"2014-09-18T12:29:35","guid":{"rendered":"http:\/\/agora.xtec.cat\/escolamuntanyola\/?page_id=28"},"modified":"2025-10-26T19:44:10","modified_gmt":"2025-10-26T18:44:10","slug":"consell-escolar","status":"publish","type":"page","link":"https:\/\/agora.xtec.cat\/escolamuntanyola\/lescola\/consell-escolar\/","title":{"rendered":"Consell escolar"},"content":{"rendered":"<p><strong>ELECCIONS DEL CONSELL ESCOLAR!<\/strong><\/p>\n<p><span style=\"font-weight: 400;\">Aquest curs 2025-26 es convoquen eleccions per a la renovaci\u00f3 dels membres del <\/span><b>consell escolar<\/b><span style=\"font-weight: 400;\">, segons la Resoluci\u00f3 EDF\/2520\/2025, del 30 de juny, per la qual s&#8217;estableix el calendari i el r\u00e8gim del proc\u00e9s electoral per renovar els membres dels consells escolars dels centres p\u00fablics i privats sostinguts amb fons p\u00fablics.<\/span><\/p>\n<p><b>Qu\u00e8 \u00e9s el Consell Escolar i que comporta?<\/b><\/p>\n<p><span style=\"font-weight: 400;\">El consell escolar del centre \u00e9s l&#8217;\u00f2rgan col\u00b7legiat de participaci\u00f3 de la comunitat escolar en el govern del centre.<\/span><span style=\"font-weight: 400;\"> La funci\u00f3 principal del consell escolar \u00e9s debatre i aprovar tots aquells temes importants per al funcionament i l\u2019organitzaci\u00f3 del centre: el projecte educatiu, el pla i la mem\u00f2ria anual de centre, el pressupost, etc.<\/span> <span style=\"font-weight: 400;\">S\u2019acostumen a fer 3 o 4 reunions al llarg del curs.\u00a0<\/span><\/p>\n<p><b>Quin \u00e9s el per\u00edode de renovaci\u00f3?<\/b><\/p>\n<p><span style=\"font-weight: 400;\">Els membres del consell escolar s\u00f3n elegits per un per\u00edode de <\/span><b>quatre anys<\/b><span style=\"font-weight: 400;\"> i es renoven per meitats cada dos anys.\u00a0<\/span><\/p>\n<p><b>Nombre de representants que s\u2019han de renovar?<\/b><\/p>\n<p><span style=\"font-weight: 400;\">Fam\u00edlies: 2 representants,<\/span> <span style=\"font-weight: 400;\">ja que no tenim representant de l&#8217;AFA.\u00a0<\/span><\/p>\n<p><span style=\"font-weight: 400;\">Mestres: 2 representants.<\/span><\/p>\n<p><span style=\"font-weight: 400;\">Per aquest motiu, us animem a participar-hi <strong>presentant candidatura<\/strong> a trav\u00e9s del correu electr\u00f2nic <\/span><span style=\"font-weight: 400;\">a8063928@xtec.cat<\/span><span style=\"font-weight: 400;\"> o omplint el full que ja tindrem impr\u00e8s a l\u2019escola <\/span><b>abans del 10 de novembre<\/b><b>.\u00a0<\/b><\/p>\n<p><b>Quin \u00e9s el calendari de tot el proc\u00e9s d\u2019eleccions del consell escolar?<\/b><\/p>\n<ul>\n<li style=\"font-weight: 400;\" aria-level=\"1\"><span style=\"font-weight: 400;\">27 octubre: publicaci\u00f3 del cens\u00a0<\/span><\/li>\n<\/ul>\n<ul>\n<li style=\"font-weight: 400;\" aria-level=\"1\"><span style=\"font-weight: 400;\">Fins al 30 d&#8217;octubre: reclamaci\u00f3 sobre el cens, enviar correu a <\/span><span style=\"font-weight: 400;\">a8063928@xtec.cat<\/span><span style=\"font-weight: 400;\">.\u00a0<\/span><\/li>\n<li style=\"font-weight: 400;\" aria-level=\"1\"><span style=\"font-weight: 400;\">3 de novembre: constituci\u00f3 de les mesa<\/span><\/li>\n<li style=\"font-weight: 400;\" aria-level=\"1\"><span style=\"font-weight: 400;\">Fins al 10 de novembre a les 15h: presentaci\u00f3 de les candidatures a <\/span><span style=\"font-weight: 400;\">a8063928@xtec.cat<\/span><span style=\"font-weight: 400;\"> o presencialment a l&#8217;escola.\u00a0<\/span><\/li>\n<\/ul>\n<ul>\n<li style=\"font-weight: 400;\" aria-level=\"1\"><span style=\"font-weight: 400;\">10 de novembre: comunicaci\u00f3 de les candidatures.\u00a0<\/span><\/li>\n<\/ul>\n<ul>\n<li style=\"font-weight: 400;\" aria-level=\"1\"><span style=\"font-weight: 400;\">19 de novembre: votacions del sector de mestres (en claustre).<\/span><\/li>\n<li style=\"font-weight: 400;\" aria-level=\"1\"><span style=\"font-weight: 400;\">21 de novembre: votacions del sector fam\u00edlies de 9h-10h i de 16h-17h.<\/span><\/li>\n<li style=\"font-weight: 400;\" aria-level=\"1\"><span style=\"font-weight: 400;\">Abans del 17 de desembre de 2025: constituci\u00f3 del consell escolar i presa de possessi\u00f3 dels seus membres.<\/span><\/li>\n<\/ul>\n","protected":false},"excerpt":{"rendered":"<p>ELECCIONS DEL CONSELL ESCOLAR!<br \/>\nAquest curs 2025-26 es convoquen eleccions per a la renovaci\u00f3 dels membres del consell escolar, segons la Resoluci\u00f3 EDF\/2520\/2025, del 30 de juny, per la qual s&#8217;estableix el calendari i el r\u00e8gim del proc\u00e9s electoral per renovar els membres dels consells escolars&hellip;  <a href=\"https:\/\/agora.xtec.cat\/escolamuntanyola\/lescola\/consell-escolar\/\" title=\"Read Consell escolar\">Llegeix m\u00e9s\u00bb<\/a><\/p>\n","protected":false},"author":2,"featured_media":0,"parent":22,"menu_order":30,"comment_status":"closed","ping_status":"closed","template":"page-templates\/side-menu.php","meta":{"_bbp_topic_count":0,"_bbp_reply_count":0,"_bbp_total_topic_count":0,"_bbp_total_reply_count":0,"_bbp_voice_count":0,"_bbp_anonymous_reply_count":0,"_bbp_topic_count_hidden":0,"_bbp_reply_count_hidden":0,"_bbp_forum_subforum_count":0,"footnotes":""},"class_list":["post-28","page","type-page","status-publish","hentry"],"post_mailing_queue_ids":[],"_links":{"self":[{"href":"https:\/\/agora.xtec.cat\/escolamuntanyola\/wp-json\/wp\/v2\/pages\/28","targetHints":{"allow":["GET"]}}],"collection":[{"href":"https:\/\/agora.xtec.cat\/escolamuntanyola\/wp-json\/wp\/v2\/pages"}],"about":[{"href":"https:\/\/agora.xtec.cat\/escolamuntanyola\/wp-json\/wp\/v2\/types\/page"}],"author":[{"embeddable":true,"href":"https:\/\/agora.xtec.cat\/escolamuntanyola\/wp-json\/wp\/v2\/users\/2"}],"replies":[{"embeddable":true,"href":"https:\/\/agora.xtec.cat\/escolamuntanyola\/wp-json\/wp\/v2\/comments?post=28"}],"version-history":[{"count":6,"href":"https:\/\/agora.xtec.cat\/escolamuntanyola\/wp-json\/wp\/v2\/pages\/28\/revisions"}],"predecessor-version":[{"id":5853,"href":"https:\/\/agora.xtec.cat\/escolamuntanyola\/wp-json\/wp\/v2\/pages\/28\/revisions\/5853"}],"up":[{"embeddable":true,"href":"https:\/\/agora.xtec.cat\/escolamuntanyola\/wp-json\/wp\/v2\/pages\/22"}],"wp:attachment":[{"href":"https:\/\/agora.xtec.cat\/escolamuntanyola\/wp-json\/wp\/v2\/media?parent=28"}],"curies":[{"name":"wp","href":"https:\/\/api.w.org\/{rel}","templated":true}]}}