{"id":24,"date":"2014-09-18T12:23:15","date_gmt":"2014-09-18T12:23:15","guid":{"rendered":"http:\/\/agora.xtec.cat\/escolamuntanyola\/?page_id=24"},"modified":"2022-07-14T11:02:04","modified_gmt":"2022-07-14T09:02:04","slug":"on-som","status":"publish","type":"page","link":"https:\/\/agora.xtec.cat\/escolamuntanyola\/lescola\/on-som\/","title":{"rendered":"On som i contacte"},"content":{"rendered":"<p>Els alumnes de Cicle Superior del curs 2018-19 van dissenyar unes <strong>p\u00e0gines web<\/strong> molt interessants on trobareu informaci\u00f3 de Muntanyola. \u00c9s el resultat del treball realitzat durant tot un trimestre. Us deixem els enlla\u00e7os perqu\u00e8 gaudiu de tota la informaci\u00f3. A nosaltres ens agraden molt aquestes p\u00e0gines web! Molt bona feina!!<\/p>\n<p><a href=\"https:\/\/sites.google.com\/escolamuntanyola.cat\/esglesia-de-muntanyola\/inici\">Esgl\u00e9sia de Muntanyola<\/a><\/p>\n<p><a href=\"https:\/\/sites.google.com\/escolamuntanyola.cat\/castellsdemuntanyola\/inici\">Castell de M\u00fanter i de Muntanyola<\/a><\/p>\n<p><a href=\"https:\/\/sites.google.com\/escolamuntanyola.cat\/creudelamiranda\/inici\">Creu de la Miranda<\/a><\/p>\n<p><a href=\"https:\/\/sites.google.com\/escolamuntanyola.cat\/ajuntamentdemuntanyola\/ajuntament\">Ajuntament de Muntanyola<\/a><\/p>\n<p>Tamb\u00e9 us enlla\u00e7em la p\u00e0gina web de l&#8217;<a href=\"https:\/\/www.muntanyola.cat\/\">Ajuntament de Muntanyola<\/a> on teniu la informaci\u00f3 m\u00e9s important i actualitzada del municipi.<\/p>\n<p>\u00c9s molt interessant el seg\u00fcent enlla\u00e7, on coneixereu una mica m\u00e9s el nostre municipi amb 174 elements de patrimoni cultural: <a href=\"https:\/\/patrimonicultural.diba.cat\/municipi\/muntanyola\">https:\/\/patrimonicultural.diba.cat\/municipi\/muntanyola<\/a><\/p>\n<p style=\"color: #666666;\"><strong>Escola Muntanyola<\/strong><br \/>\nC\/ dels Esports, s.n.<br \/>\n08529 Muntanyola<\/p>\n<p>Tel. 93 813 60 91<\/p>\n<p>Correu: escolamuntanyola<span class=\"\">@xtec.cat<\/span><a href=\"https:\/\/twitter.com\/emuntanyola?lang=ca\">\u00a0<\/a><\/p>\n","protected":false},"excerpt":{"rendered":"<p>Els alumnes de Cicle Superior del curs 2018-19 van dissenyar unes p\u00e0gines web molt interessants on trobareu informaci\u00f3 de Muntanyola. \u00c9s el resultat del treball realitzat durant tot un trimestre. Us deixem els enlla\u00e7os perqu\u00e8 gaudiu de tota la informaci\u00f3. A nosaltres ens agraden molt&hellip;  <a href=\"https:\/\/agora.xtec.cat\/escolamuntanyola\/lescola\/on-som\/\" title=\"Read On som i contacte\">Llegeix m\u00e9s\u00bb<\/a><\/p>\n","protected":false},"author":2,"featured_media":0,"parent":22,"menu_order":10,"comment_status":"closed","ping_status":"closed","template":"page-templates\/side-menu.php","meta":{"_bbp_topic_count":0,"_bbp_reply_count":0,"_bbp_total_topic_count":0,"_bbp_total_reply_count":0,"_bbp_voice_count":0,"_bbp_anonymous_reply_count":0,"_bbp_topic_count_hidden":0,"_bbp_reply_count_hidden":0,"_bbp_forum_subforum_count":0,"footnotes":""},"class_list":["post-24","page","type-page","status-publish","hentry"],"post_mailing_queue_ids":[],"_links":{"self":[{"href":"https:\/\/agora.xtec.cat\/escolamuntanyola\/wp-json\/wp\/v2\/pages\/24","targetHints":{"allow":["GET"]}}],"collection":[{"href":"https:\/\/agora.xtec.cat\/escolamuntanyola\/wp-json\/wp\/v2\/pages"}],"about":[{"href":"https:\/\/agora.xtec.cat\/escolamuntanyola\/wp-json\/wp\/v2\/types\/page"}],"author":[{"embeddable":true,"href":"https:\/\/agora.xtec.cat\/escolamuntanyola\/wp-json\/wp\/v2\/users\/2"}],"replies":[{"embeddable":true,"href":"https:\/\/agora.xtec.cat\/escolamuntanyola\/wp-json\/wp\/v2\/comments?post=24"}],"version-history":[{"count":5,"href":"https:\/\/agora.xtec.cat\/escolamuntanyola\/wp-json\/wp\/v2\/pages\/24\/revisions"}],"predecessor-version":[{"id":4786,"href":"https:\/\/agora.xtec.cat\/escolamuntanyola\/wp-json\/wp\/v2\/pages\/24\/revisions\/4786"}],"up":[{"embeddable":true,"href":"https:\/\/agora.xtec.cat\/escolamuntanyola\/wp-json\/wp\/v2\/pages\/22"}],"wp:attachment":[{"href":"https:\/\/agora.xtec.cat\/escolamuntanyola\/wp-json\/wp\/v2\/media?parent=24"}],"curies":[{"name":"wp","href":"https:\/\/api.w.org\/{rel}","templated":true}]}}