{"id":235,"date":"2015-08-27T21:45:49","date_gmt":"2015-08-27T20:45:49","guid":{"rendered":"http:\/\/agora.xtec.cat\/escolamuntanyola\/?page_id=235"},"modified":"2026-03-08T17:33:07","modified_gmt":"2026-03-08T16:33:07","slug":"descarrega-de-documents","status":"publish","type":"page","link":"https:\/\/agora.xtec.cat\/escolamuntanyola\/lescola\/descarrega-de-documents\/","title":{"rendered":"Documents d&#8217;escola"},"content":{"rendered":"<ul>\n<li><a href=\"https:\/\/drive.google.com\/file\/d\/17xV8ow1c13caZ2FF4x9jXe-tguUwegj4\/view?usp=sharing\"><strong>CALENDARI ESCOLAR 2025-26<\/strong><\/a><\/li>\n<li><strong>DOCUMENTS DIVERSOS:<\/strong>\n<ul>\n<li><a href=\"https:\/\/drive.google.com\/file\/d\/1yOmTeWWkvjct0XhFX6l7CAUzLehlEe3m\/view?usp=sharing\">PGA (Programaci\u00f3 General Anual 25-26)<\/a><\/li>\n<li><a href=\"https:\/\/drive.google.com\/file\/d\/1WNUQf49Im64erG5_3CAAALMkWjoZY6Dy\/view?usp=sharing\">MAC (Mem\u00f2ria Anual de Centre 24-25)<\/a><\/li>\n<li><a href=\"https:\/\/drive.google.com\/file\/d\/19vlYofQ1SMNMDHYk_rdqMTc1dia9xU16\/view?usp=sharing\">PEC (Projecte Educatiu de Centre)<\/a><\/li>\n<li><a href=\"https:\/\/drive.google.com\/file\/d\/1vMa8MQNCROtFde6plzFVEv7Tcee2ohSa\/view?usp=sharing\">PL (Projecte Ling\u00fc\u00edstic)<\/a><\/li>\n<li><a href=\"https:\/\/drive.google.com\/file\/d\/1VBNiupebnt5Q5sEC4LBSVJl_PBFBjUk-\/view?usp=drive_link\">PLA DE CONVIV\u00c8NCIA<\/a><\/li>\n<li><a href=\"https:\/\/sites.google.com\/xtec.cat\/edcescolamuntanyola\/presentaci%C3%B3-de-ledc\">ESTRAT\u00c8GIA DIGITAL DE CENTRE<\/a><\/li>\n<\/ul>\n<\/li>\n<li>\n<ul>\n<li><strong>HORARIS:<\/strong><\/li>\n<li><a href=\"https:\/\/agora.xtec.cat\/escolamuntanyola\/wp-content\/uploads\/usu326\/2025\/09\/horari-I3-visual.pdf\">GRUP PETITS i3<\/a><\/li>\n<li><a href=\"https:\/\/agora.xtec.cat\/escolamuntanyola\/wp-content\/uploads\/usu326\/2025\/09\/i4-i5.pdf\">GRUP PETITS i4 i5<\/a><\/li>\n<li><a href=\"https:\/\/agora.xtec.cat\/escolamuntanyola\/wp-content\/uploads\/usu326\/2025\/09\/MITJANS.pdf\">GRUP MITJANS<\/a><\/li>\n<li><a href=\"https:\/\/agora.xtec.cat\/escolamuntanyola\/wp-content\/uploads\/usu326\/2025\/09\/GRANS.pdf\">GRUP GRANS<\/a><\/li>\n<\/ul>\n<\/li>\n<li>\u00a0<strong>AUTORITZACIONS<\/strong>:\n<ul>\n<li><a href=\"https:\/\/drive.google.com\/file\/d\/1iMCLwhMlVTuDxG5nEl45Hm5hJppuMb7M\/view?usp=sharing\">RECOLLIDA DE L&#8217;ESCOLA\u00a0 AMB NO FAMILIARS\u00a0<\/a><\/li>\n<li><a href=\"https:\/\/drive.google.com\/file\/d\/1uAH6Qrtjnd96UtqPWEM-jCWqE3W_W_ZE\/view?usp=sharing\">SORTIR SOL DE L&#8217;ESCOLA<\/a><\/li>\n<li>CARTA DE COMPROM\u00cdS EDUCATIU<\/li>\n<li><a href=\"https:\/\/drive.google.com\/file\/d\/1wE00fxJho6qZilJum5ff9RFCbhLcAKOG\/view?usp=sharing\">JUSTIFICAR ABS\u00c8NCIES\/RETARDS DELS ALUMNES<\/a><\/li>\n<li><a href=\"https:\/\/drive.google.com\/file\/d\/1ewtpksIc2odgTgawIo3ysfK3Rj4D8uFK\/view?usp=sharing\">ADMINISTRACI\u00d3 DE MEDICACI\u00d3 A\u00a0 ALUMNES<\/a><\/li>\n<\/ul>\n<\/li>\n<\/ul>\n<ul>\n<li><strong>NOFC &#8211; NORMES D&#8217;ORGANITZACI\u00d3 I FUNCIONAMENT DE CENTRE:<\/strong>\n<ul style=\"list-style-type: disc;\">\n<li><a href=\"https:\/\/drive.google.com\/file\/d\/0B9FXwLjD5b29aHNoR3l1eEFodUU\/view?usp=sharing\" target=\"_blank\" rel=\"noopener noreferrer\">T\u00edtols I, II i III &#8211; aprovats en Consell escolar el dia 24\/05\/16\u00a0<\/a> <a href=\"https:\/\/drive.google.com\/file\/d\/17Mj-DCFCEaQytX20uEOEoo22YstoH8Th\/view?usp=sharing\">(Modificaci\u00f3 19\/11\/25)<\/a><\/li>\n<li><a href=\"https:\/\/drive.google.com\/file\/d\/1nW9Er2LUaf1FqivX5aNPBy-iuLuUUQli\/view?usp=sharing\">T\u00edtols IV i V &#8211; aprovats en Consell escolar el dia 08\/03\/17<\/a><\/li>\n<li><a href=\"https:\/\/drive.google.com\/open?id=15JRtmYyPUZ0liDo9QmT2M7FGW9YdoHXX\">T\u00edtol VI &#8211; aprovat en Consell escolar el dia 23\/5\/2018<\/a><\/li>\n<li><a href=\"https:\/\/drive.google.com\/open?id=19svIIUrk-0UOMd9j-tWilwLoGTvFoHhH\">T\u00edtol VII &#8211; aprovat en Consell escolar el dia 23\/5\/2018<\/a><\/li>\n<\/ul>\n<\/li>\n<\/ul>\n<ul>\n<li><strong>PROTOCOLS DE CENTRE<\/strong>:\n<ul>\n<li style=\"list-style-type: none;\">\n<ul>\n<li><a style=\"color: #2795b6;\" href=\"https:\/\/drive.google.com\/file\/d\/1b67bp9M3OTgnYMWITJut_C1tp3Z8dNPk\/view?usp=share_link\">NEVADES<\/a><\/li>\n<li><a href=\"https:\/\/drive.google.com\/file\/d\/1NN5xdVc4J9L3NaoRO_VtdUtnJJgjx7vr\/view?usp=sharing\">PROTOCOL D&#8217;ACTUACI\u00d3 EN CAS D&#8217;EMERG\u00c8NCIES PER INCLEM\u00c8NCIES METEOROL\u00d2GIQUES DEL DEPARTAMENT D&#8217;EDUCACI\u00d3<\/a><\/li>\n<li><a href=\"https:\/\/drive.google.com\/file\/d\/1KyKmLQem8olQ1I22CpGvXECFWKEfqD-A\/view?usp=sharing\">PROJECTE DE ROB\u00d2TICA<\/a><\/li>\n<li><a href=\"https:\/\/docs.google.com\/document\/d\/18N94uKxPHa76NaAwwf9odNqrKE6kzPPYiJqoh0vsHdU\/edit?usp=sharing\">PROTOCOL DIGITAL<\/a><\/li>\n<\/ul>\n<\/li>\n<\/ul>\n<\/li>\n<\/ul>\n","protected":false},"excerpt":{"rendered":"<ul>\n<li><a href=\"https:\/\/drive.google.com\/file\/d\/17xV8ow1c13caZ2FF4x9jXe-tguUwegj4\/view?usp=sharing\">CALENDARI ESCOLAR 2025-26<\/a><\/li>\n<li>DOCUMENTS DIVERSOS:\n<ul>\n<li><a href=\"https:\/\/drive.google.com\/file\/d\/1yOmTeWWkvjct0XhFX6l7CAUzLehlEe3m\/view?usp=sharing\">PGA (Programaci\u00f3 General Anual 25-26)<\/a><\/li>\n<li><a href=\"https:\/\/drive.google.com\/file\/d\/1WNUQf49Im64erG5_3CAAALMkWjoZY6Dy\/view?usp=sharing\">MAC (Mem\u00f2ria Anual de Centre 24-25)<\/a><\/li>\n<li><a href=\"https:\/\/drive.google.com\/file\/d\/19vlYofQ1SMNMDHYk_rdqMTc1dia9xU16\/view?usp=sharing\">PEC (Projecte Educatiu de Centre)<\/a><\/li>\n<li><a href=\"https:\/\/drive.google.com\/file\/d\/1vMa8MQNCROtFde6plzFVEv7Tcee2ohSa\/view?usp=sharing\">PL (Projecte Ling\u00fc\u00edstic)<\/a><\/li>\n<li><a href=\"https:\/\/drive.google.com\/file\/d\/1VBNiupebnt5Q5sEC4LBSVJl_PBFBjUk-\/view?usp=drive_link\">PLA DE CONVIV\u00c8NCIA<\/a><\/li>\n<li><a href=\"https:\/\/sites.google.com\/xtec.cat\/edcescolamuntanyola\/presentaci%C3%B3-de-ledc\">ESTRAT\u00c8GIA DIGITAL DE CENTRE<\/a><\/li>\n<\/ul>\n<\/li>\n<li>\n<ul>\n<li>HORARIS:<\/li>\n<li><a href=\"https:\/\/agora.xtec.cat\/escolamuntanyola\/wp-content\/uploads\/usu326\/2025\/09\/horari-I3-visual.pdf\">GRUP PETITS i3<\/a><\/li>\n<li><a href=\"https:\/\/agora.xtec.cat\/escolamuntanyola\/wp-content\/uploads\/usu326\/2025\/09\/i4-i5.pdf\">GRUP PETITS i4 i5<\/a><\/li>\n<li><a href=\"https:\/\/agora.xtec.cat\/escolamuntanyola\/wp-content\/uploads\/usu326\/2025\/09\/MITJANS.pdf\">GRUP MITJANS<\/a><\/li>\n<li><a href=\"https:\/\/agora.xtec.cat\/escolamuntanyola\/wp-content\/uploads\/usu326\/2025\/09\/GRANS.pdf\">GRUP GRANS<\/a><\/li>\n<\/ul>\n<\/li>\n<li>\u00a0AUTORITZACIONS:\n<ul>\n<li><a href=\"https:\/\/drive.google.com\/file\/d\/1iMCLwhMlVTuDxG5nEl45Hm5hJppuMb7M\/view?usp=sharing\">RECOLLIDA DE L&#8217;ESCOLA\u00a0&hellip;  <a href=\"https:\/\/agora.xtec.cat\/escolamuntanyola\/lescola\/descarrega-de-documents\/\" title=\"Read Documents d&#8217;escola\">Llegeix m\u00e9s\u00bb<\/a><br \/>\n","protected":false},"author":1,"featured_media":0,"parent":22,"menu_order":0,"comment_status":"closed","ping_status":"closed","template":"page-templates\/side-menu.php","meta":{"_bbp_topic_count":0,"_bbp_reply_count":0,"_bbp_total_topic_count":0,"_bbp_total_reply_count":0,"_bbp_voice_count":0,"_bbp_anonymous_reply_count":0,"_bbp_topic_count_hidden":0,"_bbp_reply_count_hidden":0,"_bbp_forum_subforum_count":0,"footnotes":""},"class_list":["post-235","page","type-page","status-publish","hentry"],"post_mailing_queue_ids":[],"_links":{"self":[{"href":"https:\/\/agora.xtec.cat\/escolamuntanyola\/wp-json\/wp\/v2\/pages\/235","targetHints":{"allow":["GET"]}}],"collection":[{"href":"https:\/\/agora.xtec.cat\/escolamuntanyola\/wp-json\/wp\/v2\/pages"}],"about":[{"href":"https:\/\/agora.xtec.cat\/escolamuntanyola\/wp-json\/wp\/v2\/types\/page"}],"author":[{"embeddable":true,"href":"https:\/\/agora.xtec.cat\/escolamuntanyola\/wp-json\/wp\/v2\/users\/1"}],"replies":[{"embeddable":true,"href":"https:\/\/agora.xtec.cat\/escolamuntanyola\/wp-json\/wp\/v2\/comments?post=235"}],"version-history":[{"count":11,"href":"https:\/\/agora.xtec.cat\/escolamuntanyola\/wp-json\/wp\/v2\/pages\/235\/revisions"}],"predecessor-version":[{"id":3398,"href":"https:\/\/agora.xtec.cat\/escolamuntanyola\/wp-json\/wp\/v2\/pages\/235\/revisions\/3398"}],"up":[{"embeddable":true,"href":"https:\/\/agora.xtec.cat\/escolamuntanyola\/wp-json\/wp\/v2\/pages\/22"}],"wp:attachment":[{"href":"https:\/\/agora.xtec.cat\/escolamuntanyola\/wp-json\/wp\/v2\/media?parent=235"}],"curies":[{"name":"wp","href":"https:\/\/api.w.org\/{rel}","templated":true}]}}