{"id":911,"date":"2016-11-14T15:24:18","date_gmt":"2016-11-14T14:24:18","guid":{"rendered":"http:\/\/agora.xtec.cat\/escolamunicipal-lasinia\/?page_id=911"},"modified":"2017-06-07T10:38:28","modified_gmt":"2017-06-07T08:38:28","slug":"fruita-a-lescola","status":"publish","type":"page","link":"https:\/\/agora.xtec.cat\/escolamunicipal-lasinia\/projectes\/fruita-a-lescola\/","title":{"rendered":"Fruita a l&#8217;Escola"},"content":{"rendered":"<p>La nostra escola participa en el Pla de Consum de Fruita a les escoles. Aquesta \u00e9s una iniciativa de la Uni\u00f3 Europea que es fa efectiva per una acci\u00f3 coordinada dels Departaments d\u2019Agricultura, Salut i Ensenyament.<\/p>\n<p>Durant el curs escolar, una setmana de cada mes, es distribueix fruita i\/o verdura seleccionada en funci\u00f3 de l\u2019estaci\u00f3 de l\u2019any, la proximitat de producci\u00f3 i la qualitat.<\/p>\n<p>Aquesta fruita i verdura fresca la distribu\u00efm gratu\u00eftament a l\u2019alumnat d\u2019Educaci\u00f3 Infantil i Prim\u00e0ria, al llarg de tota una setmana i dins el recinte escolar, per a ser consumida a l\u2019hora d\u2019esmorzar.<\/p>\n<p>Els objectius del Pla s\u00f3n:<\/p>\n<ul>\n<li>Oferir fruita gratu\u00efta en els esmorzars el centre escolar.<\/li>\n<li>Informar sobre els beneficis d\u2019incrementar el consum de fruites i verdures, sobre la seva diversitat, caracter\u00edstiques, producci\u00f3, estacionalitat, etc.<\/li>\n<li>Proposar el consum de fruites com una alternativa excel\u00b7lent al consum d\u2019altres aliments amb menys qualitat nutricional.<\/li>\n<\/ul>\n<p>Es pret\u00e9n potenciar accions que afavoreixin la salut dels infants, com ara augmentar el consum de fruites i verdures, fruita seca, llegums, aigua i joc actiu. I reduir el consum de llaminadures, begudes refrescants, brioxeria i videojocs sedentaris.<\/p>\n<p>Els productes a subministrar en el marc del Pla de Consum durant el curs escolar poden ser: pr\u00e9ssec, nectarina, pruna, pera, poma, cirera, albercoc, taronja, mandarina, maduixot, pl\u00e0tan, ra\u00efm, nespra, kiwi, caqui, pastanaga i tom\u00e0quet cirerol.<\/p>\n<p><a href=\"http:\/\/agora.xtec.cat\/escolamunicipal-lasinia\/wp-content\/uploads\/usu978\/2016\/11\/2016-2017-triptic-fruites.pdf\" target=\"_blank\">Triptic<\/a><\/p>\n<p><a href=\"http:\/\/agora.xtec.cat\/escolamunicipal-lasinia\/wp-content\/uploads\/usu978\/2016\/11\/2015-2016-poster.pdf\" target=\"_blank\">Poster<\/a><\/p>\n<p><a href=\"http:\/\/agora.xtec.cat\/escolamunicipal-lasinia\/wp-content\/uploads\/usu978\/2016\/11\/Fruita-mes-de-juny-de-2017.pdf\" target=\"_blank\">Fruita mes de juny de 2017<\/a><\/p>\n<p><a href=\"http:\/\/agora.xtec.cat\/escolamunicipal-lasinia\/wp-content\/uploads\/usu978\/2016\/11\/Fruita-mes-de-maig-de-2017-1.pdf\" target=\"_blank\">Fruita mes de maig de 2017<\/a><\/p>\n<p><a href=\"http:\/\/agora.xtec.cat\/escolamunicipal-lasinia\/wp-content\/uploads\/usu978\/2016\/11\/Fruita-mes-dabril-de-2017.pdf\" target=\"_blank\">Fruita mes d&#8217;abril de 2017<\/a><\/p>\n<p><a href=\"http:\/\/agora.xtec.cat\/escolamunicipal-lasinia\/wp-content\/uploads\/usu978\/2016\/11\/Fruita-mes-de-mar%C3%A7-de-2017.pdf\" target=\"_blank\">Fruita mes de mar\u00e7 de 2017<\/a><\/p>\n<p><a href=\"http:\/\/agora.xtec.cat\/escolamunicipal-lasinia\/wp-content\/uploads\/usu978\/2016\/11\/Fruita-mes-de-febrer-de-2017.pdf\" target=\"_blank\">Fruita mes de febrer de 2017<\/a><\/p>\n","protected":false},"excerpt":{"rendered":"<p>La nostra escola participa en el Pla de Consum de Fruita a les escoles. Aquesta \u00e9s una iniciativa de la Uni\u00f3 Europea que es fa efectiva per una acci\u00f3 coordinada dels Departaments d\u2019Agricultura, Salut i Ensenyament. Durant el curs escolar, una setmana de cada mes, es distribueix fruita i\/o verdura seleccionada en funci\u00f3 de l\u2019estaci\u00f3 [&hellip;]<\/p>\n","protected":false},"author":1,"featured_media":0,"parent":566,"menu_order":0,"comment_status":"closed","ping_status":"closed","template":"","meta":{"_bbp_topic_count":0,"_bbp_reply_count":0,"_bbp_total_topic_count":0,"_bbp_total_reply_count":0,"_bbp_voice_count":0,"_bbp_anonymous_reply_count":0,"_bbp_topic_count_hidden":0,"_bbp_reply_count_hidden":0,"_bbp_forum_subforum_count":0,"site-sidebar-layout":"default","site-content-layout":"","ast-site-content-layout":"","site-content-style":"default","site-sidebar-style":"default","ast-global-header-display":"","ast-banner-title-visibility":"","ast-main-header-display":"","ast-hfb-above-header-display":"","ast-hfb-below-header-display":"","ast-hfb-mobile-header-display":"","site-post-title":"","ast-breadcrumbs-content":"","ast-featured-img":"","footer-sml-layout":"","theme-transparent-header-meta":"","adv-header-id-meta":"","stick-header-meta":"","header-above-stick-meta":"","header-main-stick-meta":"","header-below-stick-meta":"","astra-migrate-meta-layouts":"default","ast-page-background-enabled":"default","ast-page-background-meta":{"desktop":{"background-color":"var(--ast-global-color-5)","background-image":"","background-repeat":"repeat","background-position":"center center","background-size":"auto","background-attachment":"scroll","background-type":"","background-media":"","overlay-type":"","overlay-color":"","overlay-opacity":"","overlay-gradient":""},"tablet":{"background-color":"","background-image":"","background-repeat":"repeat","background-position":"center center","background-size":"auto","background-attachment":"scroll","background-type":"","background-media":"","overlay-type":"","overlay-color":"","overlay-opacity":"","overlay-gradient":""},"mobile":{"background-color":"","background-image":"","background-repeat":"repeat","background-position":"center center","background-size":"auto","background-attachment":"scroll","background-type":"","background-media":"","overlay-type":"","overlay-color":"","overlay-opacity":"","overlay-gradient":""}},"ast-content-background-meta":{"desktop":{"background-color":"var(--ast-global-color-4)","background-image":"","background-repeat":"repeat","background-position":"center center","background-size":"auto","background-attachment":"scroll","background-type":"","background-media":"","overlay-type":"","overlay-color":"","overlay-opacity":"","overlay-gradient":""},"tablet":{"background-color":"var(--ast-global-color-4)","background-image":"","background-repeat":"repeat","background-position":"center center","background-size":"auto","background-attachment":"scroll","background-type":"","background-media":"","overlay-type":"","overlay-color":"","overlay-opacity":"","overlay-gradient":""},"mobile":{"background-color":"var(--ast-global-color-4)","background-image":"","background-repeat":"repeat","background-position":"center center","background-size":"auto","background-attachment":"scroll","background-type":"","background-media":"","overlay-type":"","overlay-color":"","overlay-opacity":"","overlay-gradient":""}},"footnotes":""},"class_list":["post-911","page","type-page","status-publish","hentry"],"post_mailing_queue_ids":[],"_links":{"self":[{"href":"https:\/\/agora.xtec.cat\/escolamunicipal-lasinia\/wp-json\/wp\/v2\/pages\/911","targetHints":{"allow":["GET"]}}],"collection":[{"href":"https:\/\/agora.xtec.cat\/escolamunicipal-lasinia\/wp-json\/wp\/v2\/pages"}],"about":[{"href":"https:\/\/agora.xtec.cat\/escolamunicipal-lasinia\/wp-json\/wp\/v2\/types\/page"}],"author":[{"embeddable":true,"href":"https:\/\/agora.xtec.cat\/escolamunicipal-lasinia\/wp-json\/wp\/v2\/users\/1"}],"replies":[{"embeddable":true,"href":"https:\/\/agora.xtec.cat\/escolamunicipal-lasinia\/wp-json\/wp\/v2\/comments?post=911"}],"version-history":[{"count":4,"href":"https:\/\/agora.xtec.cat\/escolamunicipal-lasinia\/wp-json\/wp\/v2\/pages\/911\/revisions"}],"predecessor-version":[{"id":1859,"href":"https:\/\/agora.xtec.cat\/escolamunicipal-lasinia\/wp-json\/wp\/v2\/pages\/911\/revisions\/1859"}],"up":[{"embeddable":true,"href":"https:\/\/agora.xtec.cat\/escolamunicipal-lasinia\/wp-json\/wp\/v2\/pages\/566"}],"wp:attachment":[{"href":"https:\/\/agora.xtec.cat\/escolamunicipal-lasinia\/wp-json\/wp\/v2\/media?parent=911"}],"curies":[{"name":"wp","href":"https:\/\/api.w.org\/{rel}","templated":true}]}}