{"id":886,"date":"2016-11-10T17:22:31","date_gmt":"2016-11-10T16:22:31","guid":{"rendered":"http:\/\/agora.xtec.cat\/escolamunicipal-lasinia\/?page_id=886"},"modified":"2023-10-04T11:16:06","modified_gmt":"2023-10-04T09:16:06","slug":"ampa","status":"publish","type":"page","link":"https:\/\/agora.xtec.cat\/escolamunicipal-lasinia\/ampa\/","title":{"rendered":"AFA"},"content":{"rendered":"<div>\n<p><span style=\"font-size: medium;\">L\u2019AFA \u00e9s una part m\u00e9s del centre. \u00c9s l\u2019entitat que agrupa les fam\u00edlies de l\u2019escola i que vetlla per la millora de les condicions dels nostres fills i filles a l\u2019escola, promou la participaci\u00f3 i col\u00b7laboraci\u00f3 de les fam\u00edlies dins les activitats de la comunitat educativa de l\u2019escola i ofereix al professorat del centre la seva col\u00b7laboraci\u00f3 per a la realitzaci\u00f3 d\u2019activitats dins i fora de les aules.<\/span><\/p>\n<p><span style=\"font-size: medium;\"> Formar part de l\u2019AFA \u00e9s tamb\u00e9 una manera de parlar amb altres fam\u00edlies d\u2019assumptes relacionats amb els nostres fills i filles i la nostra escola, de con\u00e8ixer millor el seu funcionament i col\u00b7laborar en tot el que sigui possible.<\/span><\/p>\n<\/div>\n<p><span style=\"font-size: medium;\"><br \/>\n<strong>A l&#8217;AFA hi som totes. Participa-hi!<\/strong><\/span><\/p>\n<h3>Contacte<\/h3>\n<p><img loading=\"lazy\" decoding=\"async\" class=\"wp-image-7384 aligncenter\" src=\"https:\/\/agora.xtec.cat\/escolamunicipal-lasinia\/wp-content\/uploads\/usu978\/2023\/10\/Nuevas-cuentas-correo.jpg\" alt=\"\" width=\"629\" height=\"500\" \/><br \/>\nE-mail: <a href=\"mailto:afalasinia@outlook.es\">afalasinia@afalasinia.cat \u00a0<\/a><\/p>\n","protected":false},"excerpt":{"rendered":"<p>L\u2019AFA \u00e9s una part m\u00e9s del centre. \u00c9s l\u2019entitat que agrupa les fam\u00edlies de l\u2019escola i que vetlla per la millora de les condicions dels nostres fills i filles a l\u2019escola, promou la participaci\u00f3 i col\u00b7laboraci\u00f3 de les fam\u00edlies dins les activitats de la comunitat educativa de l\u2019escola i ofereix al professorat del centre la [&hellip;]<\/p>\n","protected":false},"author":1,"featured_media":0,"parent":0,"menu_order":0,"comment_status":"closed","ping_status":"closed","template":"page-templates\/side-menu.php","meta":{"_bbp_topic_count":0,"_bbp_reply_count":0,"_bbp_total_topic_count":0,"_bbp_total_reply_count":0,"_bbp_voice_count":0,"_bbp_anonymous_reply_count":0,"_bbp_topic_count_hidden":0,"_bbp_reply_count_hidden":0,"_bbp_forum_subforum_count":0,"site-sidebar-layout":"default","site-content-layout":"","ast-site-content-layout":"","site-content-style":"default","site-sidebar-style":"default","ast-global-header-display":"","ast-banner-title-visibility":"","ast-main-header-display":"","ast-hfb-above-header-display":"","ast-hfb-below-header-display":"","ast-hfb-mobile-header-display":"","site-post-title":"","ast-breadcrumbs-content":"","ast-featured-img":"","footer-sml-layout":"","theme-transparent-header-meta":"","adv-header-id-meta":"","stick-header-meta":"","header-above-stick-meta":"","header-main-stick-meta":"","header-below-stick-meta":"","astra-migrate-meta-layouts":"default","ast-page-background-enabled":"default","ast-page-background-meta":{"desktop":{"background-color":"var(--ast-global-color-5)","background-image":"","background-repeat":"repeat","background-position":"center center","background-size":"auto","background-attachment":"scroll","background-type":"","background-media":"","overlay-type":"","overlay-color":"","overlay-opacity":"","overlay-gradient":""},"tablet":{"background-color":"","background-image":"","background-repeat":"repeat","background-position":"center center","background-size":"auto","background-attachment":"scroll","background-type":"","background-media":"","overlay-type":"","overlay-color":"","overlay-opacity":"","overlay-gradient":""},"mobile":{"background-color":"","background-image":"","background-repeat":"repeat","background-position":"center center","background-size":"auto","background-attachment":"scroll","background-type":"","background-media":"","overlay-type":"","overlay-color":"","overlay-opacity":"","overlay-gradient":""}},"ast-content-background-meta":{"desktop":{"background-color":"var(--ast-global-color-4)","background-image":"","background-repeat":"repeat","background-position":"center center","background-size":"auto","background-attachment":"scroll","background-type":"","background-media":"","overlay-type":"","overlay-color":"","overlay-opacity":"","overlay-gradient":""},"tablet":{"background-color":"var(--ast-global-color-4)","background-image":"","background-repeat":"repeat","background-position":"center center","background-size":"auto","background-attachment":"scroll","background-type":"","background-media":"","overlay-type":"","overlay-color":"","overlay-opacity":"","overlay-gradient":""},"mobile":{"background-color":"var(--ast-global-color-4)","background-image":"","background-repeat":"repeat","background-position":"center center","background-size":"auto","background-attachment":"scroll","background-type":"","background-media":"","overlay-type":"","overlay-color":"","overlay-opacity":"","overlay-gradient":""}},"footnotes":""},"class_list":["post-886","page","type-page","status-publish","hentry"],"post_mailing_queue_ids":[],"_links":{"self":[{"href":"https:\/\/agora.xtec.cat\/escolamunicipal-lasinia\/wp-json\/wp\/v2\/pages\/886","targetHints":{"allow":["GET"]}}],"collection":[{"href":"https:\/\/agora.xtec.cat\/escolamunicipal-lasinia\/wp-json\/wp\/v2\/pages"}],"about":[{"href":"https:\/\/agora.xtec.cat\/escolamunicipal-lasinia\/wp-json\/wp\/v2\/types\/page"}],"author":[{"embeddable":true,"href":"https:\/\/agora.xtec.cat\/escolamunicipal-lasinia\/wp-json\/wp\/v2\/users\/1"}],"replies":[{"embeddable":true,"href":"https:\/\/agora.xtec.cat\/escolamunicipal-lasinia\/wp-json\/wp\/v2\/comments?post=886"}],"version-history":[{"count":4,"href":"https:\/\/agora.xtec.cat\/escolamunicipal-lasinia\/wp-json\/wp\/v2\/pages\/886\/revisions"}],"predecessor-version":[{"id":9809,"href":"https:\/\/agora.xtec.cat\/escolamunicipal-lasinia\/wp-json\/wp\/v2\/pages\/886\/revisions\/9809"}],"wp:attachment":[{"href":"https:\/\/agora.xtec.cat\/escolamunicipal-lasinia\/wp-json\/wp\/v2\/media?parent=886"}],"curies":[{"name":"wp","href":"https:\/\/api.w.org\/{rel}","templated":true}]}}