{"id":871,"date":"2016-11-07T19:16:59","date_gmt":"2016-11-07T18:16:59","guid":{"rendered":"http:\/\/agora.xtec.cat\/escolamunicipal-lasinia\/?page_id=871"},"modified":"2016-11-22T16:48:17","modified_gmt":"2016-11-22T15:48:17","slug":"padrins-i-fillols","status":"publish","type":"page","link":"https:\/\/agora.xtec.cat\/escolamunicipal-lasinia\/projectes\/padrins-i-fillols\/","title":{"rendered":"Padrins i fillols"},"content":{"rendered":"<p style=\"text-align: justify;\">Un tret caracter\u00edstic de la nostra escola \u00e9s la relaci\u00f3 de Padrins i Fillols.<\/p>\n<p style=\"text-align: justify;\">A l\u2019escola sempre s\u2019ha fomentat la <strong>relaci\u00f3 i la coneixen\u00e7a entre alumnes d\u2019edats i cursos diferents<\/strong>, ja sigui fent intercanvis o diferents activitats que ho permetessin.<\/p>\n<p style=\"text-align: justify;\">El projecte va sorgir en el marc del Projecte ILEC que va comen\u00e7ar a desenvolupar-se al nostre centre el curs 2013-2014.<\/p>\n<p style=\"text-align: justify;\">Un dels objectius que pret\u00e9n millorar la nostra escola, a nivell curricular, \u00e9s el domini de la lectura i la seva comprensi\u00f3, per la qual cosa mirem\u00a0 de desenvolupar diferents projectes que ens ajudin a avan\u00e7ar en aquests continguts.<\/p>\n<p style=\"text-align: justify;\">El projecte uneix dos grans eixos, el curricular i el social, desenvolupant l\u2019aprenentatge de la lectura i alhora fent que el nostre alumnat ensenyi tamb\u00e9 a altres companys i companyes del centre.<\/p>\n<p style=\"text-align: justify;\">Els apadrinaments duren 2 anys; comencen a P-4 (fillols) amb 5\u00e8 (padrins) i acaben amb el mateixos padrins i fillols quan fan P-5 i 6\u00e8.<\/p>\n<p style=\"text-align: justify;\">Aquesta \u00e9s una activitat intercicles engrescadora, participativa, motivadora i significativa, que crea un vincle d&#8217;uni\u00f3 i cohesi\u00f3 molt important entre l\u2019alumnat i els ajuda tamb\u00e9 en els seus aprenentatges.<\/p>\n<p style=\"text-align: justify;\">Al llarg de tot el curs s&#8217;estableixen diferents sessions de lectura en les quals padr\u00ed i fillol comparteixen una estona amb un llibre. Les parelles es decideixen conjuntament amb les tutores i tutors dels quatre grups buscant que els car\u00e0cters es puguin complementar i es reforcin m\u00fatuament.<\/p>\n<p style=\"text-align: justify;\">Quan l\u2019alumnat de 6\u00e8 marxa de l&#8217;escola \u00e9s especialment acomiadat pels seus fillols.<\/p>\n<p style=\"text-align: justify;\">Les activitats que \u00e9s fan al llarg del curs s\u00f3n:<\/p>\n<ul>\n<li style=\"text-align: justify;\">Presentaci\u00f3 dels\/de les Padrins\/es i Fillols\/les durant l\u2019activitat del mat\u00ed de la castanyada. El\/La padr\u00ed\/na regala un penjoll amb forma de castanya o fulla al seu\/va fillol\/a.<\/li>\n<li style=\"text-align: justify;\">El lloc m\u00e0gic de l\u2019escola (el lloc que m\u00e9s agrada als\/a les fillols\/es).<\/li>\n<li style=\"text-align: justify;\">Els\/Les padrins\/es expliquen contes als\/a les fillols\/es i a l\u2019inrev\u00e9s.<\/li>\n<li style=\"text-align: justify;\">Els\/Les fillols\/es de 6\u00e8 fan un regal als seus\/a les seves padrins\/es quan acaba el curs i ja marxen de l\u2019escola (festa comiat de 6\u00e8).<\/li>\n<\/ul>\n","protected":false},"excerpt":{"rendered":"<p>Un tret caracter\u00edstic de la nostra escola \u00e9s la relaci\u00f3 de Padrins i Fillols. A l\u2019escola sempre s\u2019ha fomentat la relaci\u00f3 i la coneixen\u00e7a entre alumnes d\u2019edats i cursos diferents, ja sigui fent intercanvis o diferents activitats que ho permetessin. El projecte va sorgir en el marc del Projecte ILEC que va comen\u00e7ar a desenvolupar-se [&hellip;]<\/p>\n","protected":false},"author":1,"featured_media":0,"parent":566,"menu_order":0,"comment_status":"closed","ping_status":"closed","template":"","meta":{"_bbp_topic_count":0,"_bbp_reply_count":0,"_bbp_total_topic_count":0,"_bbp_total_reply_count":0,"_bbp_voice_count":0,"_bbp_anonymous_reply_count":0,"_bbp_topic_count_hidden":0,"_bbp_reply_count_hidden":0,"_bbp_forum_subforum_count":0,"site-sidebar-layout":"default","site-content-layout":"","ast-site-content-layout":"","site-content-style":"default","site-sidebar-style":"default","ast-global-header-display":"","ast-banner-title-visibility":"","ast-main-header-display":"","ast-hfb-above-header-display":"","ast-hfb-below-header-display":"","ast-hfb-mobile-header-display":"","site-post-title":"","ast-breadcrumbs-content":"","ast-featured-img":"","footer-sml-layout":"","theme-transparent-header-meta":"","adv-header-id-meta":"","stick-header-meta":"","header-above-stick-meta":"","header-main-stick-meta":"","header-below-stick-meta":"","astra-migrate-meta-layouts":"default","ast-page-background-enabled":"default","ast-page-background-meta":{"desktop":{"background-color":"var(--ast-global-color-5)","background-image":"","background-repeat":"repeat","background-position":"center center","background-size":"auto","background-attachment":"scroll","background-type":"","background-media":"","overlay-type":"","overlay-color":"","overlay-opacity":"","overlay-gradient":""},"tablet":{"background-color":"","background-image":"","background-repeat":"repeat","background-position":"center center","background-size":"auto","background-attachment":"scroll","background-type":"","background-media":"","overlay-type":"","overlay-color":"","overlay-opacity":"","overlay-gradient":""},"mobile":{"background-color":"","background-image":"","background-repeat":"repeat","background-position":"center center","background-size":"auto","background-attachment":"scroll","background-type":"","background-media":"","overlay-type":"","overlay-color":"","overlay-opacity":"","overlay-gradient":""}},"ast-content-background-meta":{"desktop":{"background-color":"var(--ast-global-color-4)","background-image":"","background-repeat":"repeat","background-position":"center center","background-size":"auto","background-attachment":"scroll","background-type":"","background-media":"","overlay-type":"","overlay-color":"","overlay-opacity":"","overlay-gradient":""},"tablet":{"background-color":"var(--ast-global-color-4)","background-image":"","background-repeat":"repeat","background-position":"center center","background-size":"auto","background-attachment":"scroll","background-type":"","background-media":"","overlay-type":"","overlay-color":"","overlay-opacity":"","overlay-gradient":""},"mobile":{"background-color":"var(--ast-global-color-4)","background-image":"","background-repeat":"repeat","background-position":"center center","background-size":"auto","background-attachment":"scroll","background-type":"","background-media":"","overlay-type":"","overlay-color":"","overlay-opacity":"","overlay-gradient":""}},"footnotes":""},"class_list":["post-871","page","type-page","status-publish","hentry"],"post_mailing_queue_ids":[],"_links":{"self":[{"href":"https:\/\/agora.xtec.cat\/escolamunicipal-lasinia\/wp-json\/wp\/v2\/pages\/871","targetHints":{"allow":["GET"]}}],"collection":[{"href":"https:\/\/agora.xtec.cat\/escolamunicipal-lasinia\/wp-json\/wp\/v2\/pages"}],"about":[{"href":"https:\/\/agora.xtec.cat\/escolamunicipal-lasinia\/wp-json\/wp\/v2\/types\/page"}],"author":[{"embeddable":true,"href":"https:\/\/agora.xtec.cat\/escolamunicipal-lasinia\/wp-json\/wp\/v2\/users\/1"}],"replies":[{"embeddable":true,"href":"https:\/\/agora.xtec.cat\/escolamunicipal-lasinia\/wp-json\/wp\/v2\/comments?post=871"}],"version-history":[{"count":3,"href":"https:\/\/agora.xtec.cat\/escolamunicipal-lasinia\/wp-json\/wp\/v2\/pages\/871\/revisions"}],"predecessor-version":[{"id":972,"href":"https:\/\/agora.xtec.cat\/escolamunicipal-lasinia\/wp-json\/wp\/v2\/pages\/871\/revisions\/972"}],"up":[{"embeddable":true,"href":"https:\/\/agora.xtec.cat\/escolamunicipal-lasinia\/wp-json\/wp\/v2\/pages\/566"}],"wp:attachment":[{"href":"https:\/\/agora.xtec.cat\/escolamunicipal-lasinia\/wp-json\/wp\/v2\/media?parent=871"}],"curies":[{"name":"wp","href":"https:\/\/api.w.org\/{rel}","templated":true}]}}