{"id":66,"date":"2014-09-18T12:40:47","date_gmt":"2014-09-18T11:40:47","guid":{"rendered":"http:\/\/agora.xtec.cat\/escolamunicipal-lasinia\/?page_id=66"},"modified":"2016-11-24T19:34:11","modified_gmt":"2016-11-24T18:34:11","slug":"serveis","status":"publish","type":"page","link":"https:\/\/agora.xtec.cat\/escolamunicipal-lasinia\/projectes\/serveis\/","title":{"rendered":"English Project"},"content":{"rendered":"<p style=\"text-align: justify;\">Amb el seg\u00fcent projecte volem impulsar el desenvolupament de l\u2019aprenentatge de la llengua anglesa, \u00a0promocionant la compet\u00e8ncia comunicativa com a eix \u00a0vertebrador del proc\u00e9s d\u2019ensenyament-aprenentatge. Des de Chomsky fins Hymes, passant tamb\u00e9 per Lyons, hem vist com l\u2019 estudi sobre l\u2019aprenentatge de les lleng\u00fces ha anat avan\u00e7ant. La llengua, la comunicaci\u00f3, \u00e9s una necessitat real i no un full que hem de completar amb respostes correctes per obtenir simplement un resultat. Ser competents vol dir m\u00e9s que aix\u00f2, con\u00e8ixer la llengua, no nom\u00e9s gramaticalment sin\u00f3 tamb\u00e9 en la seva vessant pragm\u00e0tica i la comunicativa.<\/p>\n<p style=\"text-align: justify;\">Tenint en compte les mancances de l\u2019alumnat en l\u2019aprenentatge de la primera llengua estrangera creiem adient engegar un projecte que pugui aportar a l\u2019escola una millora de qualitat en l\u2019ensenyament. Per tant, volem enfocar el nostre projecte des de 4 vessants que aportaran a l\u2019escola un augment de la qualitat:<\/p>\n<ol>\n<li>L\u2019aprenentatge de la primera\u00a0llengua estrangera\u00a0a partir de P-4.<\/li>\n<li>Desdoblament del grup\/classe a partir de 4t.<\/li>\n<li>CLIL: Aprenentatge integrat de continguts d\u2019altres mat\u00e8ries i les lleng\u00fces estrangeres.<\/li>\n<li>Aula de llengua anglesa<\/li>\n<\/ol>\n<p>Per veure l&#8217;English Project clicar a sobre de:\u00a0 <a href=\"http:\/\/agora.xtec.cat\/escolamunicipal-lasinia\/wp-content\/uploads\/usu978\/2014\/09\/English-Project.pdf\" target=\"_blank\">English Project<\/a><\/p>\n","protected":false},"excerpt":{"rendered":"<p>Amb el seg\u00fcent projecte volem impulsar el desenvolupament de l\u2019aprenentatge de la llengua anglesa, \u00a0promocionant la compet\u00e8ncia comunicativa com a eix \u00a0vertebrador del proc\u00e9s d\u2019ensenyament-aprenentatge. Des de Chomsky fins Hymes, passant tamb\u00e9 per Lyons, hem vist com l\u2019 estudi sobre l\u2019aprenentatge de les lleng\u00fces ha anat avan\u00e7ant. La llengua, la comunicaci\u00f3, \u00e9s una necessitat real [&hellip;]<\/p>\n","protected":false},"author":1,"featured_media":0,"parent":566,"menu_order":0,"comment_status":"closed","ping_status":"closed","template":"","meta":{"_bbp_topic_count":0,"_bbp_reply_count":0,"_bbp_total_topic_count":0,"_bbp_total_reply_count":0,"_bbp_voice_count":0,"_bbp_anonymous_reply_count":0,"_bbp_topic_count_hidden":0,"_bbp_reply_count_hidden":0,"_bbp_forum_subforum_count":0,"site-sidebar-layout":"default","site-content-layout":"","ast-site-content-layout":"","site-content-style":"default","site-sidebar-style":"default","ast-global-header-display":"","ast-banner-title-visibility":"","ast-main-header-display":"","ast-hfb-above-header-display":"","ast-hfb-below-header-display":"","ast-hfb-mobile-header-display":"","site-post-title":"","ast-breadcrumbs-content":"","ast-featured-img":"","footer-sml-layout":"","theme-transparent-header-meta":"","adv-header-id-meta":"","stick-header-meta":"","header-above-stick-meta":"","header-main-stick-meta":"","header-below-stick-meta":"","astra-migrate-meta-layouts":"default","ast-page-background-enabled":"default","ast-page-background-meta":{"desktop":{"background-color":"var(--ast-global-color-5)","background-image":"","background-repeat":"repeat","background-position":"center center","background-size":"auto","background-attachment":"scroll","background-type":"","background-media":"","overlay-type":"","overlay-color":"","overlay-opacity":"","overlay-gradient":""},"tablet":{"background-color":"","background-image":"","background-repeat":"repeat","background-position":"center center","background-size":"auto","background-attachment":"scroll","background-type":"","background-media":"","overlay-type":"","overlay-color":"","overlay-opacity":"","overlay-gradient":""},"mobile":{"background-color":"","background-image":"","background-repeat":"repeat","background-position":"center center","background-size":"auto","background-attachment":"scroll","background-type":"","background-media":"","overlay-type":"","overlay-color":"","overlay-opacity":"","overlay-gradient":""}},"ast-content-background-meta":{"desktop":{"background-color":"var(--ast-global-color-4)","background-image":"","background-repeat":"repeat","background-position":"center center","background-size":"auto","background-attachment":"scroll","background-type":"","background-media":"","overlay-type":"","overlay-color":"","overlay-opacity":"","overlay-gradient":""},"tablet":{"background-color":"var(--ast-global-color-4)","background-image":"","background-repeat":"repeat","background-position":"center center","background-size":"auto","background-attachment":"scroll","background-type":"","background-media":"","overlay-type":"","overlay-color":"","overlay-opacity":"","overlay-gradient":""},"mobile":{"background-color":"var(--ast-global-color-4)","background-image":"","background-repeat":"repeat","background-position":"center center","background-size":"auto","background-attachment":"scroll","background-type":"","background-media":"","overlay-type":"","overlay-color":"","overlay-opacity":"","overlay-gradient":""}},"footnotes":""},"class_list":["post-66","page","type-page","status-publish","hentry"],"post_mailing_queue_ids":[],"_links":{"self":[{"href":"https:\/\/agora.xtec.cat\/escolamunicipal-lasinia\/wp-json\/wp\/v2\/pages\/66","targetHints":{"allow":["GET"]}}],"collection":[{"href":"https:\/\/agora.xtec.cat\/escolamunicipal-lasinia\/wp-json\/wp\/v2\/pages"}],"about":[{"href":"https:\/\/agora.xtec.cat\/escolamunicipal-lasinia\/wp-json\/wp\/v2\/types\/page"}],"author":[{"embeddable":true,"href":"https:\/\/agora.xtec.cat\/escolamunicipal-lasinia\/wp-json\/wp\/v2\/users\/1"}],"replies":[{"embeddable":true,"href":"https:\/\/agora.xtec.cat\/escolamunicipal-lasinia\/wp-json\/wp\/v2\/comments?post=66"}],"version-history":[{"count":3,"href":"https:\/\/agora.xtec.cat\/escolamunicipal-lasinia\/wp-json\/wp\/v2\/pages\/66\/revisions"}],"predecessor-version":[{"id":995,"href":"https:\/\/agora.xtec.cat\/escolamunicipal-lasinia\/wp-json\/wp\/v2\/pages\/66\/revisions\/995"}],"up":[{"embeddable":true,"href":"https:\/\/agora.xtec.cat\/escolamunicipal-lasinia\/wp-json\/wp\/v2\/pages\/566"}],"wp:attachment":[{"href":"https:\/\/agora.xtec.cat\/escolamunicipal-lasinia\/wp-json\/wp\/v2\/media?parent=66"}],"curies":[{"name":"wp","href":"https:\/\/api.w.org\/{rel}","templated":true}]}}