{"id":603,"date":"2016-09-06T12:31:21","date_gmt":"2016-09-06T11:31:21","guid":{"rendered":"http:\/\/agora.xtec.cat\/escolamunicipal-lasinia\/?page_id=603"},"modified":"2025-07-11T10:38:57","modified_gmt":"2025-07-11T08:38:57","slug":"blogs","status":"publish","type":"page","link":"https:\/\/agora.xtec.cat\/escolamunicipal-lasinia\/blogs\/","title":{"rendered":"BLOGS"},"content":{"rendered":"<p>El BLOG \u00e9s un diari que recull activitats de dins i fora de l&#8217;aula. No es preten que hi hagi tot all\u00f2 que els alumnes fan al dia, per\u00f2 s\u00ed que es mostrin algunes de les tasques m\u00e9s rellevants, sortides, festes &#8230;<\/p>\n<p>A l&#8217;escola tenim actius els seg\u00fcents BLOGS:<\/p>\n<p>DE CLASSE<\/p>\n<ul>\n<li>Educaci\u00f3 Infantil 3<\/li>\n<li>Educaci\u00f3 Infantil 4<\/li>\n<li>Educaci\u00f3 Infantil 5<\/li>\n<li>Primer<\/li>\n<li>Segon<\/li>\n<li>Tercer<\/li>\n<li>Quart<\/li>\n<li>Cinqu\u00e8<\/li>\n<li>Sis\u00e8<\/li>\n<\/ul>\n<p>D&#8217;ESPECIALITAT i MOLT M\u00c9S<\/p>\n<ul>\n<li>Angl\u00e8s<\/li>\n<li>M\u00fasica<\/li>\n<li>Educaci\u00f3 F\u00edsica<\/li>\n<li>Biblioteca<\/li>\n<li>Literatura Infantil i Juvenil (LIJ)<\/li>\n<li>Escolta verda<\/li>\n<\/ul>\n","protected":false},"excerpt":{"rendered":"<p>El BLOG \u00e9s un diari que recull activitats de dins i fora de l&#8217;aula. No es preten que hi hagi tot all\u00f2 que els alumnes fan al dia, per\u00f2 s\u00ed que es mostrin algunes de les tasques m\u00e9s rellevants, sortides, festes &#8230; A l&#8217;escola tenim actius els seg\u00fcents BLOGS: DE CLASSE Educaci\u00f3 Infantil 3 Educaci\u00f3 [&hellip;]<\/p>\n","protected":false},"author":1,"featured_media":0,"parent":0,"menu_order":0,"comment_status":"closed","ping_status":"closed","template":"","meta":{"_bbp_topic_count":0,"_bbp_reply_count":0,"_bbp_total_topic_count":0,"_bbp_total_reply_count":0,"_bbp_voice_count":0,"_bbp_anonymous_reply_count":0,"_bbp_topic_count_hidden":0,"_bbp_reply_count_hidden":0,"_bbp_forum_subforum_count":0,"site-sidebar-layout":"default","site-content-layout":"","ast-site-content-layout":"default","site-content-style":"default","site-sidebar-style":"default","ast-global-header-display":"","ast-banner-title-visibility":"","ast-main-header-display":"","ast-hfb-above-header-display":"","ast-hfb-below-header-display":"","ast-hfb-mobile-header-display":"","site-post-title":"","ast-breadcrumbs-content":"","ast-featured-img":"","footer-sml-layout":"","theme-transparent-header-meta":"","adv-header-id-meta":"","stick-header-meta":"","header-above-stick-meta":"","header-main-stick-meta":"","header-below-stick-meta":"","astra-migrate-meta-layouts":"set","ast-page-background-enabled":"default","ast-page-background-meta":{"desktop":{"background-color":"var(--ast-global-color-5)","background-image":"","background-repeat":"repeat","background-position":"center center","background-size":"auto","background-attachment":"scroll","background-type":"","background-media":"","overlay-type":"","overlay-color":"","overlay-opacity":"","overlay-gradient":""},"tablet":{"background-color":"","background-image":"","background-repeat":"repeat","background-position":"center center","background-size":"auto","background-attachment":"scroll","background-type":"","background-media":"","overlay-type":"","overlay-color":"","overlay-opacity":"","overlay-gradient":""},"mobile":{"background-color":"","background-image":"","background-repeat":"repeat","background-position":"center center","background-size":"auto","background-attachment":"scroll","background-type":"","background-media":"","overlay-type":"","overlay-color":"","overlay-opacity":"","overlay-gradient":""}},"ast-content-background-meta":{"desktop":{"background-color":"var(--ast-global-color-4)","background-image":"","background-repeat":"repeat","background-position":"center center","background-size":"auto","background-attachment":"scroll","background-type":"","background-media":"","overlay-type":"","overlay-color":"","overlay-opacity":"","overlay-gradient":""},"tablet":{"background-color":"var(--ast-global-color-4)","background-image":"","background-repeat":"repeat","background-position":"center center","background-size":"auto","background-attachment":"scroll","background-type":"","background-media":"","overlay-type":"","overlay-color":"","overlay-opacity":"","overlay-gradient":""},"mobile":{"background-color":"var(--ast-global-color-4)","background-image":"","background-repeat":"repeat","background-position":"center center","background-size":"auto","background-attachment":"scroll","background-type":"","background-media":"","overlay-type":"","overlay-color":"","overlay-opacity":"","overlay-gradient":""}},"footnotes":""},"class_list":["post-603","page","type-page","status-publish","hentry"],"post_mailing_queue_ids":[],"_links":{"self":[{"href":"https:\/\/agora.xtec.cat\/escolamunicipal-lasinia\/wp-json\/wp\/v2\/pages\/603","targetHints":{"allow":["GET"]}}],"collection":[{"href":"https:\/\/agora.xtec.cat\/escolamunicipal-lasinia\/wp-json\/wp\/v2\/pages"}],"about":[{"href":"https:\/\/agora.xtec.cat\/escolamunicipal-lasinia\/wp-json\/wp\/v2\/types\/page"}],"author":[{"embeddable":true,"href":"https:\/\/agora.xtec.cat\/escolamunicipal-lasinia\/wp-json\/wp\/v2\/users\/1"}],"replies":[{"embeddable":true,"href":"https:\/\/agora.xtec.cat\/escolamunicipal-lasinia\/wp-json\/wp\/v2\/comments?post=603"}],"version-history":[{"count":3,"href":"https:\/\/agora.xtec.cat\/escolamunicipal-lasinia\/wp-json\/wp\/v2\/pages\/603\/revisions"}],"predecessor-version":[{"id":11525,"href":"https:\/\/agora.xtec.cat\/escolamunicipal-lasinia\/wp-json\/wp\/v2\/pages\/603\/revisions\/11525"}],"wp:attachment":[{"href":"https:\/\/agora.xtec.cat\/escolamunicipal-lasinia\/wp-json\/wp\/v2\/media?parent=603"}],"curies":[{"name":"wp","href":"https:\/\/api.w.org\/{rel}","templated":true}]}}