{"id":588,"date":"2016-09-06T09:53:36","date_gmt":"2016-09-06T08:53:36","guid":{"rendered":"http:\/\/agora.xtec.cat\/escolamunicipal-lasinia\/?page_id=588"},"modified":"2016-11-18T11:00:10","modified_gmt":"2016-11-18T10:00:10","slug":"escacs","status":"publish","type":"page","link":"https:\/\/agora.xtec.cat\/escolamunicipal-lasinia\/projectes\/escacs\/","title":{"rendered":"Escacs"},"content":{"rendered":"<p style=\"text-align: justify;\">L\u2019Escola Municipal La S\u00ednia va ser pionera a Catalunya en la introducci\u00f3 dels escacs dins del seu Curr\u00edculum, destacant la incorporaci\u00f3 per primer cop de l\u2019alumnat de P-5 l\u2019any 1995. La introducci\u00f3 dels escacs a l\u2019escola dins l\u2019horari escolar pret\u00e9n aconseguir l\u2019\u00fas dels escacs com a eina educativa.<\/p>\n<p style=\"text-align: justify;\">Els escacs contribueixen a exercitar la mem\u00f2ria visual, aprendre a prendre decisions, aprendre dels propis errors, millorar les habilitats lectores i ling\u00fc\u00edstiques, treballar la capacitat de concentraci\u00f3, creativitat i orientaci\u00f3 espacial, anticipaci\u00f3 de l\u2019acci\u00f3, potenciar la conviv\u00e8ncia, treballar conceptes matem\u00e0tics,&#8230;<\/p>\n<p style=\"text-align: justify;\">A nivell matem\u00e0tic hi ha una millora significativa que es concreta en la millora de la capacitat del pensament l\u00f2gic i matem\u00e0tic, en el domini num\u00e8ric i operatiu, en la capacitat m\u00e8trica, en la millora de l\u2019orientaci\u00f3 espacial i en la resoluci\u00f3 de problemes.<\/p>\n<p style=\"text-align: justify;\">A nivell ling\u00fc\u00edstic hi ha una millora significativa que es concreta en la millora de la comprensi\u00f3 literal i relacional, en la comprensi\u00f3 i percepci\u00f3 visual i en la comprensi\u00f3 organitzativa i interpretativa.<\/p>\n<p style=\"text-align: justify;\">Hi ha estudis que ens aporten l\u2019evid\u00e8ncia de la millora aconseguida tant a nivell matem\u00e0tic com ling\u00fc\u00edstic, en aspectes de lectura, per a l\u2019alumnat que ha utilitzat els escacs com a eina educativa.<\/p>\n<h5 style=\"text-align: justify;\"><strong>Els beneficis dels escacs<\/strong><\/h5>\n<p style=\"text-align: justify;\"><strong>Presa de decisions<\/strong><\/p>\n<p style=\"text-align: justify;\">Entre les virtuts pedag\u00f2giques del joc d&#8217;escacs, els experts destaquen la seva capacitat per desenvolupar la mem\u00f2ria del nen\/a, en especial la visual. Tamb\u00e9 apr\u00e8n a adoptar decisions sota certa pressi\u00f3 i a saber anticipar-se.<\/p>\n<p style=\"text-align: justify;\"><strong>Orientaci\u00f3 espacial<\/strong><\/p>\n<p style=\"text-align: justify;\">Tamb\u00e9 s&#8217;aprecia una millora de la capacitat de pensament l\u00f2gic i matem\u00e0tic, el domini num\u00e8ric i operatiu, la capacitat m\u00e8trica, l\u2019orientaci\u00f3 espacial\u00a0 i la resoluci\u00f3 de problemes.<\/p>\n<p style=\"text-align: justify;\"><strong>Valors Universals<\/strong><\/p>\n<p style=\"text-align: justify;\">Els escacs s\u00f3n, des de la seva creaci\u00f3, una activitat democr\u00e0tica que potencia valors universals com la no discriminaci\u00f3 perqu\u00e8 hi pot participar tothom sigui quina sigui la seva condici\u00f3 social.<\/p>\n<p style=\"text-align: justify;\"><strong>H\u00e0bits i car\u00e0cter<\/strong><\/p>\n<p style=\"text-align: justify;\">Tamb\u00e9 ajuda els nens i les nenes a forjar-se el car\u00e0cter, ja que, al no haver-hi equips, han de ser responsables de les seves pr\u00f2pies decisions. Aprenen, a m\u00e9s, a respectar i a escoltar.<\/p>\n<p style=\"text-align: justify;\"><strong>La concentraci\u00f3<\/strong><\/p>\n<p style=\"text-align: justify;\">Els escacs poden ser tamb\u00e9 una ajuda per a alumnat amb problemes d&#8217;aprenentatge, sobretot per als qui han estat diagnosticats d&#8217;hiperactivitat, ja que els estimula a concentrar-se.<\/p>\n<h5 style=\"text-align: justify;\"><strong>Els objectius del projecte s\u00f3n, entre d&#8217;altres<\/strong><\/h5>\n<ol style=\"text-align: justify;\">\n<li>Exercitar diferents tipus de mem\u00f2ria, en especial, la visual.<\/li>\n<li>Aprendre a resoldre els propis problemes i prendre decisions.<\/li>\n<li>Treballar la capacitat de concentraci\u00f3.<\/li>\n<li>Treballar la capacitat d\u2019atenci\u00f3 i an\u00e0lisi.<\/li>\n<li>Treballar el c\u00e0lcul mental.<\/li>\n<li>Treballar la creativitat, imaginaci\u00f3 i perspectiva.<\/li>\n<li>Treballar la lateralitat.<\/li>\n<li>Treballar l\u2019orientaci\u00f3 espacial i organitzaci\u00f3.<\/li>\n<li>Refor\u00e7ar les relacions de causa &#8211; efecte en refer\u00e8ncia a models de soluci\u00f3 de problemes.<\/li>\n<li>Treballar diferents conceptes matem\u00e0tics (c\u00e0lcul mental, \u00e0rees, eixos de coordenades, simetries,&#8230;).<\/li>\n<li>Aprendre el moviment de les peces i les normes b\u00e0siques del joc dels escacs.<\/li>\n<li>Treballar la paci\u00e8ncia i la tenacitat<\/li>\n<\/ol>\n<p style=\"text-align: justify;\">En aquests moments els escacs es fan en grup redu\u00eft des de P-5 fins a 4t en una sessi\u00f3 setmanal durant tot un quadrimestre.<\/p>\n<p style=\"text-align: justify;\">L\u2019activitat la duen a terme monitors especialistes de l\u2019escola d\u2019escacs de Cerdanyola del Vall\u00e8s.<\/p>\n<h5 style=\"text-align: justify;\"><strong>Declaraci\u00f3 del Parlament de Catalunya i del Parlament Europeu<\/strong><\/h5>\n<p style=\"text-align: justify;\">S\u00f3n diversos els estudis i investigacions internacionals que conclouen que els escacs tenen una influ\u00e8ncia en el desenvolupament de les habilitats cognitives i socials dels qui els practiquen. \u00c9s per aix\u00f2 que el Parlament de Catalunya, el juliol de 2010, declara els escacs d\u2019utilitat p\u00fablica i n\u2019insta al Govern a difondre\u2019l, sobretot en l\u2019\u00e0mbit educatiu, l\u00fadic i de la salut.<\/p>\n<p style=\"text-align: justify;\">Posteriorment, el juliol de 2012, el Parlament Europeu fa p\u00fablica una declaraci\u00f3 instant els diferents estats membres a introduir el programa \u201cEscacs a l\u2019escola\u201d en els seus sistemes educatius.\u00a0 M\u00e9s de 400 eurodiputats defensen que els escacs siguin assignatura a les escoles europees, assenyalant els efectes beneficiosos de la seva pr\u00e0ctica.<\/p>\n","protected":false},"excerpt":{"rendered":"<p>L\u2019Escola Municipal La S\u00ednia va ser pionera a Catalunya en la introducci\u00f3 dels escacs dins del seu Curr\u00edculum, destacant la incorporaci\u00f3 per primer cop de l\u2019alumnat de P-5 l\u2019any 1995. La introducci\u00f3 dels escacs a l\u2019escola dins l\u2019horari escolar pret\u00e9n aconseguir l\u2019\u00fas dels escacs com a eina educativa. Els escacs contribueixen a exercitar la mem\u00f2ria [&hellip;]<\/p>\n","protected":false},"author":1,"featured_media":0,"parent":566,"menu_order":0,"comment_status":"closed","ping_status":"closed","template":"","meta":{"_bbp_topic_count":0,"_bbp_reply_count":0,"_bbp_total_topic_count":0,"_bbp_total_reply_count":0,"_bbp_voice_count":0,"_bbp_anonymous_reply_count":0,"_bbp_topic_count_hidden":0,"_bbp_reply_count_hidden":0,"_bbp_forum_subforum_count":0,"site-sidebar-layout":"default","site-content-layout":"","ast-site-content-layout":"","site-content-style":"default","site-sidebar-style":"default","ast-global-header-display":"","ast-banner-title-visibility":"","ast-main-header-display":"","ast-hfb-above-header-display":"","ast-hfb-below-header-display":"","ast-hfb-mobile-header-display":"","site-post-title":"","ast-breadcrumbs-content":"","ast-featured-img":"","footer-sml-layout":"","theme-transparent-header-meta":"","adv-header-id-meta":"","stick-header-meta":"","header-above-stick-meta":"","header-main-stick-meta":"","header-below-stick-meta":"","astra-migrate-meta-layouts":"default","ast-page-background-enabled":"default","ast-page-background-meta":{"desktop":{"background-color":"var(--ast-global-color-5)","background-image":"","background-repeat":"repeat","background-position":"center center","background-size":"auto","background-attachment":"scroll","background-type":"","background-media":"","overlay-type":"","overlay-color":"","overlay-opacity":"","overlay-gradient":""},"tablet":{"background-color":"","background-image":"","background-repeat":"repeat","background-position":"center center","background-size":"auto","background-attachment":"scroll","background-type":"","background-media":"","overlay-type":"","overlay-color":"","overlay-opacity":"","overlay-gradient":""},"mobile":{"background-color":"","background-image":"","background-repeat":"repeat","background-position":"center center","background-size":"auto","background-attachment":"scroll","background-type":"","background-media":"","overlay-type":"","overlay-color":"","overlay-opacity":"","overlay-gradient":""}},"ast-content-background-meta":{"desktop":{"background-color":"var(--ast-global-color-4)","background-image":"","background-repeat":"repeat","background-position":"center center","background-size":"auto","background-attachment":"scroll","background-type":"","background-media":"","overlay-type":"","overlay-color":"","overlay-opacity":"","overlay-gradient":""},"tablet":{"background-color":"var(--ast-global-color-4)","background-image":"","background-repeat":"repeat","background-position":"center center","background-size":"auto","background-attachment":"scroll","background-type":"","background-media":"","overlay-type":"","overlay-color":"","overlay-opacity":"","overlay-gradient":""},"mobile":{"background-color":"var(--ast-global-color-4)","background-image":"","background-repeat":"repeat","background-position":"center center","background-size":"auto","background-attachment":"scroll","background-type":"","background-media":"","overlay-type":"","overlay-color":"","overlay-opacity":"","overlay-gradient":""}},"footnotes":""},"class_list":["post-588","page","type-page","status-publish","hentry"],"post_mailing_queue_ids":[],"_links":{"self":[{"href":"https:\/\/agora.xtec.cat\/escolamunicipal-lasinia\/wp-json\/wp\/v2\/pages\/588","targetHints":{"allow":["GET"]}}],"collection":[{"href":"https:\/\/agora.xtec.cat\/escolamunicipal-lasinia\/wp-json\/wp\/v2\/pages"}],"about":[{"href":"https:\/\/agora.xtec.cat\/escolamunicipal-lasinia\/wp-json\/wp\/v2\/types\/page"}],"author":[{"embeddable":true,"href":"https:\/\/agora.xtec.cat\/escolamunicipal-lasinia\/wp-json\/wp\/v2\/users\/1"}],"replies":[{"embeddable":true,"href":"https:\/\/agora.xtec.cat\/escolamunicipal-lasinia\/wp-json\/wp\/v2\/comments?post=588"}],"version-history":[{"count":3,"href":"https:\/\/agora.xtec.cat\/escolamunicipal-lasinia\/wp-json\/wp\/v2\/pages\/588\/revisions"}],"predecessor-version":[{"id":957,"href":"https:\/\/agora.xtec.cat\/escolamunicipal-lasinia\/wp-json\/wp\/v2\/pages\/588\/revisions\/957"}],"up":[{"embeddable":true,"href":"https:\/\/agora.xtec.cat\/escolamunicipal-lasinia\/wp-json\/wp\/v2\/pages\/566"}],"wp:attachment":[{"href":"https:\/\/agora.xtec.cat\/escolamunicipal-lasinia\/wp-json\/wp\/v2\/media?parent=588"}],"curies":[{"name":"wp","href":"https:\/\/api.w.org\/{rel}","templated":true}]}}