{"id":586,"date":"2016-09-06T09:52:57","date_gmt":"2016-09-06T08:52:57","guid":{"rendered":"http:\/\/agora.xtec.cat\/escolamunicipal-lasinia\/?page_id=586"},"modified":"2016-11-18T10:51:36","modified_gmt":"2016-11-18T09:51:36","slug":"escola-verda","status":"publish","type":"page","link":"https:\/\/agora.xtec.cat\/escolamunicipal-lasinia\/projectes\/escola-verda\/","title":{"rendered":"Escola Verda"},"content":{"rendered":"<p style=\"text-align: justify;\">El Programa Escoles Verdes sorgeix com un comprom\u00eds per donar suport a tots els centres educatius de Catalunya que volen innovar, incloure, avan\u00e7ar, sistematitzar i organitzar accions educatives que tinguin la finalitat d&#8217;afrontar, des de l&#8217;educaci\u00f3, els nous reptes i valors de la sostenibilitat.<\/p>\n<p style=\"text-align: justify;\">I, per tant, es plantegen tres grans objectius:<\/p>\n<ol style=\"text-align: justify;\">\n<li>Ajudar els centres a incorporar els valors de l&#8217;educaci\u00f3 per a la sostenibilitat en tots els \u00e0mbits de la vida del centre (curr\u00edculum, gesti\u00f3, relacions amb l&#8217;entorn, etc.).<\/li>\n<li>Promoure la participaci\u00f3 i la implicaci\u00f3 activa de la comunitat educativa en la millora del seu entorn.<\/li>\n<li>Afavorir l&#8217;intercanvi entre els centres que comparteixen uns mateixos objectius.<\/li>\n<\/ol>\n<p style=\"text-align: justify;\">El nombre de centres educatius adherits al Programa Escoles Verdes el curs 2015- 2016 \u00e9s de 640 (566 amb distintiu i 74 en formaci\u00f3).<\/p>\n<p style=\"text-align: justify;\">Les Escoles Verdes \u00e9s un projecte dels Departaments de Medi Ambient i Educaci\u00f3 en el qual s&#8217; integren aquelles escoles que han elaborat un Pla per i unes accions per tal d&#8217; afavorir una bona actitud davant el medi ambient.<\/p>\n<p style=\"text-align: justify;\">La nostra escola sempre ha treballat diferents aspectes mediambientals per tal d&#8217;afavorir una actitud responsable i respectuosa amb el medi natural i el nostre entorn.<\/p>\n<p style=\"text-align: justify;\">El curs 2009-2010 el Claustre de l&#8217; escola va decidir que es volia adherir a aquesta xarxa d&#8217;escoles que alhora compromet a que mestres del Claustre participin, cada any, en la formaci\u00f3 que es fa per poder seguir en aquest programa. Despr\u00e9s d&#8217;un treball de diagnosi mediambiental del centre i una an\u00e0lisi de la realitat es va constituir un Comit\u00e8 Ambiental que \u00e9s qui va fer el disseny de les activitats pel curs 2010-2011.<\/p>\n<p style=\"text-align: justify;\"><strong>El 10 de novembre de 2010 ens van concedir el Distintiu d&#8217;Escola Verda<\/strong>. Aix\u00f2 ens compromet a continuar treballant tots els objectius del PAC i establir nous camps d&#8217;actuaci\u00f3 per tal de que aquest eix transversal sigui un dels principis educatius b\u00e0sics de la nostra escola.<\/p>\n<p style=\"text-align: center;\"><a href=\"http:\/\/agora.xtec.cat\/escolamunicipal-lasinia\/wp-content\/uploads\/usu978\/2016\/09\/EscolesV.jpg_1752989620.jpg\"><img loading=\"lazy\" decoding=\"async\" class=\"alignnone size-full wp-image-950\" src=\"http:\/\/agora.xtec.cat\/escolamunicipal-lasinia\/wp-content\/uploads\/usu978\/2016\/09\/EscolesV.jpg_1752989620.jpg\" alt=\"escolesv-jpg_1752989620\" width=\"275\" height=\"250\" \/><\/a><\/p>\n<p><strong>El distintiu es va renovar el 15 de mar\u00e7 de 2014<\/strong>.<\/p>\n","protected":false},"excerpt":{"rendered":"<p>El Programa Escoles Verdes sorgeix com un comprom\u00eds per donar suport a tots els centres educatius de Catalunya que volen innovar, incloure, avan\u00e7ar, sistematitzar i organitzar accions educatives que tinguin la finalitat d&#8217;afrontar, des de l&#8217;educaci\u00f3, els nous reptes i valors de la sostenibilitat. I, per tant, es plantegen tres grans objectius: Ajudar els centres [&hellip;]<\/p>\n","protected":false},"author":1,"featured_media":0,"parent":566,"menu_order":0,"comment_status":"closed","ping_status":"closed","template":"","meta":{"_bbp_topic_count":0,"_bbp_reply_count":0,"_bbp_total_topic_count":0,"_bbp_total_reply_count":0,"_bbp_voice_count":0,"_bbp_anonymous_reply_count":0,"_bbp_topic_count_hidden":0,"_bbp_reply_count_hidden":0,"_bbp_forum_subforum_count":0,"site-sidebar-layout":"default","site-content-layout":"","ast-site-content-layout":"","site-content-style":"default","site-sidebar-style":"default","ast-global-header-display":"","ast-banner-title-visibility":"","ast-main-header-display":"","ast-hfb-above-header-display":"","ast-hfb-below-header-display":"","ast-hfb-mobile-header-display":"","site-post-title":"","ast-breadcrumbs-content":"","ast-featured-img":"","footer-sml-layout":"","theme-transparent-header-meta":"","adv-header-id-meta":"","stick-header-meta":"","header-above-stick-meta":"","header-main-stick-meta":"","header-below-stick-meta":"","astra-migrate-meta-layouts":"default","ast-page-background-enabled":"default","ast-page-background-meta":{"desktop":{"background-color":"var(--ast-global-color-5)","background-image":"","background-repeat":"repeat","background-position":"center center","background-size":"auto","background-attachment":"scroll","background-type":"","background-media":"","overlay-type":"","overlay-color":"","overlay-opacity":"","overlay-gradient":""},"tablet":{"background-color":"","background-image":"","background-repeat":"repeat","background-position":"center center","background-size":"auto","background-attachment":"scroll","background-type":"","background-media":"","overlay-type":"","overlay-color":"","overlay-opacity":"","overlay-gradient":""},"mobile":{"background-color":"","background-image":"","background-repeat":"repeat","background-position":"center center","background-size":"auto","background-attachment":"scroll","background-type":"","background-media":"","overlay-type":"","overlay-color":"","overlay-opacity":"","overlay-gradient":""}},"ast-content-background-meta":{"desktop":{"background-color":"var(--ast-global-color-4)","background-image":"","background-repeat":"repeat","background-position":"center center","background-size":"auto","background-attachment":"scroll","background-type":"","background-media":"","overlay-type":"","overlay-color":"","overlay-opacity":"","overlay-gradient":""},"tablet":{"background-color":"var(--ast-global-color-4)","background-image":"","background-repeat":"repeat","background-position":"center center","background-size":"auto","background-attachment":"scroll","background-type":"","background-media":"","overlay-type":"","overlay-color":"","overlay-opacity":"","overlay-gradient":""},"mobile":{"background-color":"var(--ast-global-color-4)","background-image":"","background-repeat":"repeat","background-position":"center center","background-size":"auto","background-attachment":"scroll","background-type":"","background-media":"","overlay-type":"","overlay-color":"","overlay-opacity":"","overlay-gradient":""}},"footnotes":""},"class_list":["post-586","page","type-page","status-publish","hentry"],"post_mailing_queue_ids":[],"_links":{"self":[{"href":"https:\/\/agora.xtec.cat\/escolamunicipal-lasinia\/wp-json\/wp\/v2\/pages\/586","targetHints":{"allow":["GET"]}}],"collection":[{"href":"https:\/\/agora.xtec.cat\/escolamunicipal-lasinia\/wp-json\/wp\/v2\/pages"}],"about":[{"href":"https:\/\/agora.xtec.cat\/escolamunicipal-lasinia\/wp-json\/wp\/v2\/types\/page"}],"author":[{"embeddable":true,"href":"https:\/\/agora.xtec.cat\/escolamunicipal-lasinia\/wp-json\/wp\/v2\/users\/1"}],"replies":[{"embeddable":true,"href":"https:\/\/agora.xtec.cat\/escolamunicipal-lasinia\/wp-json\/wp\/v2\/comments?post=586"}],"version-history":[{"count":4,"href":"https:\/\/agora.xtec.cat\/escolamunicipal-lasinia\/wp-json\/wp\/v2\/pages\/586\/revisions"}],"predecessor-version":[{"id":954,"href":"https:\/\/agora.xtec.cat\/escolamunicipal-lasinia\/wp-json\/wp\/v2\/pages\/586\/revisions\/954"}],"up":[{"embeddable":true,"href":"https:\/\/agora.xtec.cat\/escolamunicipal-lasinia\/wp-json\/wp\/v2\/pages\/566"}],"wp:attachment":[{"href":"https:\/\/agora.xtec.cat\/escolamunicipal-lasinia\/wp-json\/wp\/v2\/media?parent=586"}],"curies":[{"name":"wp","href":"https:\/\/api.w.org\/{rel}","templated":true}]}}