{"id":1985,"date":"2017-07-04T12:24:54","date_gmt":"2017-07-04T10:24:54","guid":{"rendered":"http:\/\/agora.xtec.cat\/escolamunicipal-lasinia\/?page_id=1985"},"modified":"2025-11-15T17:16:36","modified_gmt":"2025-11-15T16:16:36","slug":"fotografies2","status":"publish","type":"page","link":"https:\/\/agora.xtec.cat\/escolamunicipal-lasinia\/fotografies2\/","title":{"rendered":"Recordeu que les fotografies es treuran el 31 d&#8217;agost"},"content":{"rendered":"<h4 style=\"text-align: center;\"><span style=\"color: #800080;\"><strong>ACTIVITATS DE TOTA L&#8217;ESCOLA<\/strong><\/span><\/h4>\n<ul>\n<li>Catacric-Catacrac, Les Castanyes hem menjat<\/li>\n<\/ul>\n<div class=\"WMnOad\">\n<div><\/div>\n<\/div>\n<p style=\"text-align: center;\"><strong style=\"color: #800080; font-size: 1.125em; text-align: center;\">EDUCACI\u00d3 INFANTIL<\/strong><\/p>\n<p style=\"text-align: left;\"><span style=\"color: #800080;\"><em><strong>De tot el cicle<\/strong><\/em><\/span><\/p>\n<ul>\n<li style=\"list-style-type: none;\">\n<ul>\n<li><\/li>\n<li><\/li>\n<\/ul>\n<\/li>\n<\/ul>\n<p style=\"padding-left: 30px;\"><span style=\"color: #800080;\"><em><strong>EI3<\/strong><\/em><\/span><\/p>\n<ul>\n<li style=\"list-style-type: none;\">\n<ul>\n<li style=\"list-style-type: none;\">\n<ul style=\"list-style-type: disc;\">\n<li><a href=\"https:\/\/photos.app.goo.gl\/Ljg15NRr7AJ8FiDj8\">Familiaritzaci\u00f3<\/a><\/li>\n<li><\/li>\n<li><\/li>\n<\/ul>\n<\/li>\n<\/ul>\n<\/li>\n<\/ul>\n<p style=\"padding-left: 30px;\"><span style=\"color: #800080;\"><em><strong>EI4<\/strong><\/em><\/span><\/p>\n<ul>\n<li style=\"list-style-type: none;\">\n<ul>\n<li style=\"list-style-type: none;\">\n<ul style=\"list-style-type: disc;\">\n<li>Els <a href=\"https:\/\/photos.app.goo.gl\/KdREsGbXLZ8t5uGb9\">MONSTRES<\/a><\/li>\n<li>Els <a href=\"https:\/\/photos.app.goo.gl\/UrfzzJfZdNjEN2zU6\">DOFINS<\/a><\/li>\n<li><a href=\"https:\/\/photos.app.goo.gl\/8EWmnYJLVBFZafBc8\">Lab 0-6 Monstres<\/a><\/li>\n<li><a href=\"https:\/\/photos.app.goo.gl\/vbmoadLKo245gJGm8\">Lab 0-6 Dofins<\/a><\/li>\n<\/ul>\n<\/li>\n<\/ul>\n<\/li>\n<\/ul>\n<p style=\"padding-left: 30px;\"><span style=\"color: #800080;\"><em><strong>EI5<\/strong><\/em><\/span><\/p>\n<ul>\n<li style=\"list-style-type: none;\">\n<ul>\n<li style=\"list-style-type: none;\">\n<ul style=\"list-style-type: disc;\">\n<li>Som els <a href=\"https:\/\/photos.app.goo.gl\/XMztKqSgM4c7bAbi9\">GELATS<\/a><\/li>\n<li style=\"font-weight: 400;\" aria-checked=\"false\" aria-level=\"1\"><span style=\"font-weight: 400;\">Escollim el nostre nom: <a href=\"https:\/\/photos.app.goo.gl\/UfbwokxPQ2fKEHxc9\">GATS I GATES<\/a><\/span><\/li>\n<li><\/li>\n<\/ul>\n<\/li>\n<\/ul>\n<\/li>\n<\/ul>\n<h4 style=\"text-align: center;\"><span style=\"color: #800080;\"><strong>EDUCACI\u00d3 PRIM\u00c0RIA<\/strong><\/span><\/h4>\n<p><span style=\"color: #800080;\"><em><strong>Tot Cicle Inicial<\/strong><\/em><\/span><\/p>\n<ul>\n<li><\/li>\n<\/ul>\n<p style=\"padding-left: 30px;\"><span style=\"color: #800080;\"><em><strong>1r<\/strong><\/em><\/span><\/p>\n<ul>\n<li style=\"list-style-type: none;\">\n<ul>\n<li style=\"list-style-type: none;\">\n<ul style=\"list-style-type: disc;\">\n<li style=\"list-style-type: none;\">\n<ul style=\"list-style-type: disc;\">\n<li><\/li>\n<\/ul>\n<\/li>\n<\/ul>\n<\/li>\n<\/ul>\n<\/li>\n<\/ul>\n<p style=\"padding-left: 30px;\"><em><strong><span style=\"color: #800080;\">2n<\/span><\/strong><\/em><\/p>\n<ul>\n<li style=\"list-style-type: none;\">\n<ul>\n<li style=\"list-style-type: none;\">\n<ul style=\"list-style-type: disc;\">\n<li><\/li>\n<\/ul>\n<\/li>\n<\/ul>\n<\/li>\n<\/ul>\n<p><span style=\"color: #800080;\"><em><strong>Tot Cicle Mitj\u00e0<\/strong><\/em><\/span><\/p>\n<ul>\n<li style=\"list-style-type: none;\">\n<ul>\n<li><\/li>\n<\/ul>\n<\/li>\n<\/ul>\n<p style=\"padding-left: 30px;\"><span style=\"color: #800080;\"><em><strong>3r<\/strong><\/em><\/span><\/p>\n<ul>\n<li style=\"list-style-type: none;\">\n<ul>\n<li style=\"list-style-type: none;\">\n<ul style=\"list-style-type: disc;\">\n<li><a href=\"https:\/\/photos.app.goo.gl\/3zgDNv8gi1aX3X7v9\">L&#8217; Aqu\u00e0rium<\/a><\/li>\n<li><a href=\"https:\/\/photos.app.goo.gl\/V3uziLp5rgGycqe29\">Fundaci\u00f3 Mir\u00f3<\/a><\/li>\n<li><a href=\"https:\/\/photos.app.goo.gl\/gL7LnZpyj3EXVZXYA\">Fem els panellets<\/a><\/li>\n<li>Apadrinaments La Castanyada:\u00a0<a href=\"https:\/\/photos.app.goo.gl\/ggmu7dGWT5ENjVTt6\">Intercanvi: EI4 &#8211; 3r<\/a><\/li>\n<li><a href=\"https:\/\/photos.app.goo.gl\/cCEhhUkpXjRYXAh4A\">L&#8217;\u00e8poca de les masies<\/a><\/li>\n<\/ul>\n<\/li>\n<\/ul>\n<\/li>\n<\/ul>\n<p style=\"padding-left: 30px;\"><span style=\"color: #800080;\"><em><strong>4t<\/strong><\/em><\/span><\/p>\n<ul>\n<li style=\"list-style-type: none;\">\n<ul>\n<li style=\"list-style-type: none;\">\n<ul style=\"list-style-type: disc;\">\n<li><a href=\"https:\/\/photos.app.goo.gl\/X8R4YC26LC4rPCA3A\">Cosmocaixa<\/a><\/li>\n<li>Fundaci\u00f3 Mir\u00f3: <a href=\"https:\/\/photos.app.goo.gl\/86xk52vHgUHxrBLZ9\">4tA M\u00f2mies<\/a> &#8211; <a href=\"https:\/\/photos.app.goo.gl\/W96wHzswrWh6qc339\">4tB Cient\u00edfiques i Cient\u00edfics<\/a><\/li>\n<li><a href=\"https:\/\/photos.app.goo.gl\/QC67rQV61t35oPGe6\">Fem la massa dels panellets<\/a><\/li>\n<li>Apadrinaments La Castanyada: <a href=\"https:\/\/photos.app.goo.gl\/qjcw7KXBSkiT84iZ9\">Intercanvi EI5 &#8211; 4t<\/a><\/li>\n<\/ul>\n<\/li>\n<\/ul>\n<\/li>\n<\/ul>\n<p><span style=\"color: #800080;\"><em><strong>Tot Cicle Superior<\/strong><\/em><\/span><\/p>\n<ul>\n<li aria-checked=\"false\" aria-level=\"1\"><a href=\"https:\/\/photos.app.goo.gl\/5kNLeKYGtSDfLu1N9\">Bicicletada<\/a><\/li>\n<\/ul>\n<p style=\"padding-left: 30px;\"><span style=\"color: #800080;\"><em><strong>5\u00e8<\/strong><\/em><\/span><\/p>\n<ul>\n<li style=\"list-style-type: none;\">\n<ul>\n<li style=\"list-style-type: none;\">\n<ul style=\"list-style-type: disc;\">\n<li aria-checked=\"false\" aria-level=\"1\"><a href=\"https:\/\/photos.app.goo.gl\/mRfofC28mgPsGvDBA\"><span style=\"font-weight: 400;\">Primer dia a cinqu\u00e8<\/span><\/a><\/li>\n<li style=\"font-weight: 400;\" aria-checked=\"false\" aria-level=\"1\"><a href=\"https:\/\/photos.app.goo.gl\/3i7rZTikWwjWt4hf7\"><span style=\"font-weight: 400;\">\u00a0Parlament de Catalunya<\/span><\/a><\/li>\n<li aria-checked=\"false\" aria-level=\"1\"><a href=\"https:\/\/photos.app.goo.gl\/FEKBfKWqc6u1WSbv5\"><span style=\"font-weight: 400;\">Delta del Llobregat<\/span><\/a><\/li>\n<li aria-checked=\"false\" aria-level=\"1\">Fem els Panellets<\/li>\n<\/ul>\n<\/li>\n<\/ul>\n<\/li>\n<\/ul>\n<p style=\"padding-left: 30px;\"><span style=\"color: #800080;\"><em><strong>6\u00e8<\/strong><\/em><\/span><\/p>\n<ul>\n<li style=\"list-style-type: none;\">\n<ul>\n<li style=\"list-style-type: none;\">\n<ul style=\"list-style-type: disc;\">\n<li style=\"font-weight: 400;\" aria-checked=\"true\" aria-level=\"1\"><a href=\"https:\/\/photos.app.goo.gl\/DnecFQS7bPhycYEU7\"><span style=\"font-weight: 400;\">Estereotips: herois i hero\u00efnes<\/span><\/a><\/li>\n<li aria-checked=\"true\" aria-level=\"1\">Fem la Massa dels Panellets<\/li>\n<li aria-checked=\"false\" aria-level=\"1\"><\/li>\n<\/ul>\n<\/li>\n<\/ul>\n<\/li>\n<\/ul>\n","protected":false},"excerpt":{"rendered":"<p>ACTIVITATS DE TOTA L&#8217;ESCOLA Catacric-Catacrac, Les Castanyes hem menjat EDUCACI\u00d3 INFANTIL De tot el cicle EI3 Familiaritzaci\u00f3 EI4 Els MONSTRES Els DOFINS Lab 0-6 Monstres Lab 0-6 Dofins EI5 Som els GELATS Escollim el nostre nom: GATS I GATES EDUCACI\u00d3 PRIM\u00c0RIA Tot Cicle Inicial 1r 2n Tot Cicle Mitj\u00e0 3r L&#8217; Aqu\u00e0rium Fundaci\u00f3 Mir\u00f3 Fem [&hellip;]<\/p>\n","protected":false},"author":1,"featured_media":0,"parent":0,"menu_order":0,"comment_status":"closed","ping_status":"closed","template":"","meta":{"_bbp_topic_count":0,"_bbp_reply_count":0,"_bbp_total_topic_count":0,"_bbp_total_reply_count":0,"_bbp_voice_count":0,"_bbp_anonymous_reply_count":0,"_bbp_topic_count_hidden":0,"_bbp_reply_count_hidden":0,"_bbp_forum_subforum_count":0,"site-sidebar-layout":"default","site-content-layout":"","ast-site-content-layout":"default","site-content-style":"default","site-sidebar-style":"default","ast-global-header-display":"","ast-banner-title-visibility":"","ast-main-header-display":"","ast-hfb-above-header-display":"","ast-hfb-below-header-display":"","ast-hfb-mobile-header-display":"","site-post-title":"","ast-breadcrumbs-content":"","ast-featured-img":"","footer-sml-layout":"","theme-transparent-header-meta":"","adv-header-id-meta":"","stick-header-meta":"","header-above-stick-meta":"","header-main-stick-meta":"","header-below-stick-meta":"","astra-migrate-meta-layouts":"set","ast-page-background-enabled":"default","ast-page-background-meta":{"desktop":{"background-color":"var(--ast-global-color-5)","background-image":"","background-repeat":"repeat","background-position":"center center","background-size":"auto","background-attachment":"scroll","background-type":"","background-media":"","overlay-type":"","overlay-color":"","overlay-opacity":"","overlay-gradient":""},"tablet":{"background-color":"","background-image":"","background-repeat":"repeat","background-position":"center center","background-size":"auto","background-attachment":"scroll","background-type":"","background-media":"","overlay-type":"","overlay-color":"","overlay-opacity":"","overlay-gradient":""},"mobile":{"background-color":"","background-image":"","background-repeat":"repeat","background-position":"center center","background-size":"auto","background-attachment":"scroll","background-type":"","background-media":"","overlay-type":"","overlay-color":"","overlay-opacity":"","overlay-gradient":""}},"ast-content-background-meta":{"desktop":{"background-color":"var(--ast-global-color-4)","background-image":"","background-repeat":"repeat","background-position":"center center","background-size":"auto","background-attachment":"scroll","background-type":"","background-media":"","overlay-type":"","overlay-color":"","overlay-opacity":"","overlay-gradient":""},"tablet":{"background-color":"var(--ast-global-color-4)","background-image":"","background-repeat":"repeat","background-position":"center center","background-size":"auto","background-attachment":"scroll","background-type":"","background-media":"","overlay-type":"","overlay-color":"","overlay-opacity":"","overlay-gradient":""},"mobile":{"background-color":"var(--ast-global-color-4)","background-image":"","background-repeat":"repeat","background-position":"center center","background-size":"auto","background-attachment":"scroll","background-type":"","background-media":"","overlay-type":"","overlay-color":"","overlay-opacity":"","overlay-gradient":""}},"footnotes":""},"class_list":["post-1985","page","type-page","status-publish","hentry"],"post_mailing_queue_ids":[],"_links":{"self":[{"href":"https:\/\/agora.xtec.cat\/escolamunicipal-lasinia\/wp-json\/wp\/v2\/pages\/1985","targetHints":{"allow":["GET"]}}],"collection":[{"href":"https:\/\/agora.xtec.cat\/escolamunicipal-lasinia\/wp-json\/wp\/v2\/pages"}],"about":[{"href":"https:\/\/agora.xtec.cat\/escolamunicipal-lasinia\/wp-json\/wp\/v2\/types\/page"}],"author":[{"embeddable":true,"href":"https:\/\/agora.xtec.cat\/escolamunicipal-lasinia\/wp-json\/wp\/v2\/users\/1"}],"replies":[{"embeddable":true,"href":"https:\/\/agora.xtec.cat\/escolamunicipal-lasinia\/wp-json\/wp\/v2\/comments?post=1985"}],"version-history":[{"count":6,"href":"https:\/\/agora.xtec.cat\/escolamunicipal-lasinia\/wp-json\/wp\/v2\/pages\/1985\/revisions"}],"predecessor-version":[{"id":11791,"href":"https:\/\/agora.xtec.cat\/escolamunicipal-lasinia\/wp-json\/wp\/v2\/pages\/1985\/revisions\/11791"}],"wp:attachment":[{"href":"https:\/\/agora.xtec.cat\/escolamunicipal-lasinia\/wp-json\/wp\/v2\/media?parent=1985"}],"curies":[{"name":"wp","href":"https:\/\/api.w.org\/{rel}","templated":true}]}}