{"id":1741,"date":"2017-04-28T15:06:23","date_gmt":"2017-04-28T13:06:23","guid":{"rendered":"http:\/\/agora.xtec.cat\/escolamunicipal-lasinia\/?page_id=1741"},"modified":"2017-07-05T13:35:38","modified_gmt":"2017-07-05T11:35:38","slug":"camins-escolars","status":"publish","type":"page","link":"https:\/\/agora.xtec.cat\/escolamunicipal-lasinia\/projectes\/camins-escolars\/","title":{"rendered":"Camins Escolars"},"content":{"rendered":"<p>El curs 2011-2012 l\u2019Escola Municipal La S\u00ednia va comen\u00e7ar a treballar amb la idea de tenir un <span style=\"text-decoration: underline;\"><em><strong><a href=\"http:\/\/agora.xtec.cat\/escolamunicipal-lasinia\/wp-content\/uploads\/usu978\/2017\/04\/01.-Els-camins-escolars.pdf\" target=\"_blank\">Cam\u00ed Escolar<\/a><\/strong><\/em><\/span> per que el seu alumnat pogu\u00e9s venir sol i d\u2019una manera segura a l\u2019escola i va portar la proposta a l\u2019Ajuntament de Cerdanyola. Per proximitat i per fer m\u00e9s for\u00e7a, es va convidar a l\u2019escola Xarau per qu\u00e8 s\u2019impliqu\u00e9s en aquest projecte.<\/p>\n<p>Des d\u2019aleshores s\u2019ha fet molta feina: <span style=\"text-decoration: underline;\"><em><strong><a href=\"http:\/\/agora.xtec.cat\/escolamunicipal-lasinia\/wp-content\/uploads\/usu978\/2017\/04\/02.-Lenquesta-a-les-fam\u00edlies.pdf\" target=\"_blank\">enquesta de mobilitat<\/a><\/strong><\/em> <\/span>a les fam\u00edlies de l\u2019escola (desembre de 2012) i el seu buidat, l&#8217;elaboraci\u00f3 dels <span style=\"text-decoration: underline;\"><em><strong><a href=\"http:\/\/agora.xtec.cat\/escolamunicipal-lasinia\/wp-content\/uploads\/usu978\/2017\/04\/03.-Camins-escolars-Escola-Municipal-La-S\u00ednia-1.pdf\" target=\"_blank\">itineraris <\/a><\/strong><\/em><\/span>per anar a l&#8217;escola i tamb\u00e9 s\u2019han aconseguit petites actuacions a la via urbana per fer millorar l\u2019accessibilitat a l\u2019escola i fer-la tamb\u00e9 d\u2019una manera m\u00e9s segura.<\/p>\n<p>Amb la creaci\u00f3 del Projecte Educatiu de Cerdanyola (PEC) al 2015, i l\u2019implicaci\u00f3 de l\u2019escola Serraparera, el projecte de camins escolars va comen\u00e7ar a agafar forma i el mes de maig de 2017 s\u2019engega la prova pilot amb aquestes 3 escoles.<\/p>\n<p>El Consell d&#8217;Infants i Adolescents de Cerdanyola (CIAC) han estat qui han fet la tria dels <span style=\"text-decoration: underline;\"><em><strong><a href=\"http:\/\/agora.xtec.cat\/escolamunicipal-lasinia\/wp-content\/uploads\/usu978\/2017\/04\/04.-Logos-i-senyals-indicadores.pdf\" target=\"_blank\">logos i les senyals indicadores<\/a><\/strong><\/em><\/span> dels 3 camins. En el cas de la nostra escola estaran pintats de color lila.<\/p>\n<p>Esperem que sigui l\u2019inici d\u2019un projecte de Ciutat del que ens puguem beneficiar tots.<\/p>\n","protected":false},"excerpt":{"rendered":"<p>El curs 2011-2012 l\u2019Escola Municipal La S\u00ednia va comen\u00e7ar a treballar amb la idea de tenir un Cam\u00ed Escolar per que el seu alumnat pogu\u00e9s venir sol i d\u2019una manera segura a l\u2019escola i va portar la proposta a l\u2019Ajuntament de Cerdanyola. Per proximitat i per fer m\u00e9s for\u00e7a, es va convidar a l\u2019escola Xarau [&hellip;]<\/p>\n","protected":false},"author":1,"featured_media":0,"parent":566,"menu_order":0,"comment_status":"closed","ping_status":"closed","template":"","meta":{"_bbp_topic_count":0,"_bbp_reply_count":0,"_bbp_total_topic_count":0,"_bbp_total_reply_count":0,"_bbp_voice_count":0,"_bbp_anonymous_reply_count":0,"_bbp_topic_count_hidden":0,"_bbp_reply_count_hidden":0,"_bbp_forum_subforum_count":0,"site-sidebar-layout":"default","site-content-layout":"","ast-site-content-layout":"","site-content-style":"default","site-sidebar-style":"default","ast-global-header-display":"","ast-banner-title-visibility":"","ast-main-header-display":"","ast-hfb-above-header-display":"","ast-hfb-below-header-display":"","ast-hfb-mobile-header-display":"","site-post-title":"","ast-breadcrumbs-content":"","ast-featured-img":"","footer-sml-layout":"","theme-transparent-header-meta":"","adv-header-id-meta":"","stick-header-meta":"","header-above-stick-meta":"","header-main-stick-meta":"","header-below-stick-meta":"","astra-migrate-meta-layouts":"default","ast-page-background-enabled":"default","ast-page-background-meta":{"desktop":{"background-color":"var(--ast-global-color-5)","background-image":"","background-repeat":"repeat","background-position":"center center","background-size":"auto","background-attachment":"scroll","background-type":"","background-media":"","overlay-type":"","overlay-color":"","overlay-opacity":"","overlay-gradient":""},"tablet":{"background-color":"","background-image":"","background-repeat":"repeat","background-position":"center center","background-size":"auto","background-attachment":"scroll","background-type":"","background-media":"","overlay-type":"","overlay-color":"","overlay-opacity":"","overlay-gradient":""},"mobile":{"background-color":"","background-image":"","background-repeat":"repeat","background-position":"center center","background-size":"auto","background-attachment":"scroll","background-type":"","background-media":"","overlay-type":"","overlay-color":"","overlay-opacity":"","overlay-gradient":""}},"ast-content-background-meta":{"desktop":{"background-color":"var(--ast-global-color-4)","background-image":"","background-repeat":"repeat","background-position":"center center","background-size":"auto","background-attachment":"scroll","background-type":"","background-media":"","overlay-type":"","overlay-color":"","overlay-opacity":"","overlay-gradient":""},"tablet":{"background-color":"var(--ast-global-color-4)","background-image":"","background-repeat":"repeat","background-position":"center center","background-size":"auto","background-attachment":"scroll","background-type":"","background-media":"","overlay-type":"","overlay-color":"","overlay-opacity":"","overlay-gradient":""},"mobile":{"background-color":"var(--ast-global-color-4)","background-image":"","background-repeat":"repeat","background-position":"center center","background-size":"auto","background-attachment":"scroll","background-type":"","background-media":"","overlay-type":"","overlay-color":"","overlay-opacity":"","overlay-gradient":""}},"footnotes":""},"class_list":["post-1741","page","type-page","status-publish","hentry"],"post_mailing_queue_ids":[],"_links":{"self":[{"href":"https:\/\/agora.xtec.cat\/escolamunicipal-lasinia\/wp-json\/wp\/v2\/pages\/1741","targetHints":{"allow":["GET"]}}],"collection":[{"href":"https:\/\/agora.xtec.cat\/escolamunicipal-lasinia\/wp-json\/wp\/v2\/pages"}],"about":[{"href":"https:\/\/agora.xtec.cat\/escolamunicipal-lasinia\/wp-json\/wp\/v2\/types\/page"}],"author":[{"embeddable":true,"href":"https:\/\/agora.xtec.cat\/escolamunicipal-lasinia\/wp-json\/wp\/v2\/users\/1"}],"replies":[{"embeddable":true,"href":"https:\/\/agora.xtec.cat\/escolamunicipal-lasinia\/wp-json\/wp\/v2\/comments?post=1741"}],"version-history":[{"count":4,"href":"https:\/\/agora.xtec.cat\/escolamunicipal-lasinia\/wp-json\/wp\/v2\/pages\/1741\/revisions"}],"predecessor-version":[{"id":2002,"href":"https:\/\/agora.xtec.cat\/escolamunicipal-lasinia\/wp-json\/wp\/v2\/pages\/1741\/revisions\/2002"}],"up":[{"embeddable":true,"href":"https:\/\/agora.xtec.cat\/escolamunicipal-lasinia\/wp-json\/wp\/v2\/pages\/566"}],"wp:attachment":[{"href":"https:\/\/agora.xtec.cat\/escolamunicipal-lasinia\/wp-json\/wp\/v2\/media?parent=1741"}],"curies":[{"name":"wp","href":"https:\/\/api.w.org\/{rel}","templated":true}]}}