{"id":651,"date":"2017-01-22T14:51:31","date_gmt":"2017-01-22T13:51:31","guid":{"rendered":"http:\/\/agora.xtec.cat\/escolampdomenech\/?page_id=651"},"modified":"2022-07-11T21:39:36","modified_gmt":"2022-07-11T19:39:36","slug":"afa","status":"publish","type":"page","link":"https:\/\/agora.xtec.cat\/escolampdomenech\/afa\/","title":{"rendered":"Qui som?"},"content":{"rendered":"<p>L\u2019Associaci\u00f3 de Fam\u00edlies d\u2019Alumnes (AFA) de l\u2019escola Patronat Dom\u00e8nech serveix per crear i enfortir espais de treball que contribueixin a refor\u00e7ar el projecte d\u2019escola.<\/p>\n<p>Per aconseguir-ho, l\u2019AFA posa en joc diferents estrat\u00e8gies.<\/p>\n<p><strong>a)<\/strong> Per una banda, s\u2019organitza internament al voltant d\u2019una Junta que s\u2019encarrega de vehicular la comunicaci\u00f3 amb l\u2019equip directiu de mestres, gestionar el pressupost de l\u2019associaci\u00f3 (provinent de les quotes que paguem entre totes i d\u2019alguna subvenci\u00f3) i representar les fam\u00edlies al Consell Escolar (on es prenen les decisions m\u00e9s importants de l\u2019escola). Tot, d\u2019acord amb les indicacions de l\u2019Assemblea.<\/p>\n<p>Actualment, la junta la conformen la Bel\u00e9n Guijarro (Presidenta), Ramon Crespo, la Meritxell Torn\u00e9, Carles Calero, Aina Espona, Lorenza Giupponi, Merc\u00e8 Roca Juher, Jaume Oriol Llad\u00f3.<\/p>\n<p><strong>b)<\/strong> Per altra banda, l\u2019AFA vehicula la seva activitat a trav\u00e9s de les comissions de treball. Les comissions s\u00f3n grups de pares, mares i mestres que s\u2019organitzen al voltant d\u2019un tema d\u2019inter\u00e8s (la solidaritat, el debat, les festes, la biblioteca, el web, etc.) per proposar activitats, fer suggeriments i donar suport a iniciatives pr\u00f2pies i\/o comunes. Un cop a l\u2019any, durant l\u2019assemblea general de l\u2019AFA, cada comissi\u00f3 exposa els seus plans i projectes aix\u00ed com el pressupost que necessita per tirar-los endavant.<\/p>\n<p>Les comissions s\u00f3n un fant\u00e0stic espai per vehicular la participaci\u00f3 de mares i pares, con\u00e8ixer gent i estar al dia de tot. Veniu a con\u00e8ixer els seus projectes a la propera assemblea general i animeu-vos a participar-hi!<\/p>\n<p><strong>c)<\/strong> L\u2019AFA tamb\u00e9 gestiona serveis d\u2019inter\u00e8s com el menjador escolar, l\u2019acollida matinal, les activitats extraescolars i el sistema d\u2019ajuts i beques que garanteix per a la canalla les mateixes oportunitats. Aix\u00f2 comporta un volum de feina impressionant, i per aix\u00f2 resulta important\u00edssima la feina de secretaria t\u00e8cnica que fa \u201cCrea i Creix\u201d\u00a0en la gesti\u00f3 de tot plegat. S\u00f3n, sens dubte, una de les art\u00e8ries operatives m\u00e9s importants de l\u2019AFA.<\/p>\n<p>Qui \u00e9s membre de l\u2019AFA, i qu\u00e8 comporta ser-ne soci?<\/p>\n<p>Som membres de l\u2019AFA totes les fam\u00edlies que hem fet efectiva la quota que es paga un cop a l\u2019any (una per fam\u00edlia).<\/p>\n<p>Haver fet efectiva la quota ens d\u00f3na dret a participar activament dels espais de discussi\u00f3 i decisi\u00f3 de l\u2019AFA (assemblea, comissions, etc.). Tamb\u00e9 proporciona descomptes i dret preferent d\u2019inscripci\u00f3 a les activitats extraescolars (per als nens i nenes o per a les fam\u00edlies) organitzades per l\u2019AFA. Tamb\u00e9 permet utilitzar sense cap cost els serveis de guarderia de l\u2019escola quan hem d\u2019assistir a una reuni\u00f3 de classe.<\/p>\n<p><span style=\"font-size: 18pt;\"><a href=\"https:\/\/agora.xtec.cat\/escolampdomenech\/wp-content\/uploads\/usu1579\/2022\/07\/autoritzacio-cobrament-quota-AFA-22-23-amb-canvis-i-logo.pdf\">autoritzaci\u00f3 cobrament quota AFA 22-23<\/a><\/span><\/p>\n<p>Per connectar amb nosaltres adreceu-vos a: \u00a0<a href=\"mailto:afatronat@gmail.com\" target=\"_blank\" rel=\"noopener noreferrer\">afatronat@gmail.com<\/a><\/p>\n<p>&nbsp;<\/p>\n<p>&nbsp;<\/p>\n","protected":false},"excerpt":{"rendered":"<p>L\u2019Associaci\u00f3 de Fam\u00edlies d\u2019Alumnes (AFA) de l\u2019escola Patronat Dom\u00e8nech serveix per crear i enfortir espais de treball que contribueixin a refor\u00e7ar el projecte d\u2019escola. Per aconseguir-ho, l\u2019AFA posa en joc diferents estrat\u00e8gies. a) Per una banda, s\u2019organitza internament al voltant d\u2019una Junta que s\u2019encarrega de vehicular la comunicaci\u00f3 amb l\u2019equip directiu de mestres, gestionar el [&hellip;]<\/p>\n","protected":false},"author":1,"featured_media":0,"parent":0,"menu_order":0,"comment_status":"closed","ping_status":"closed","template":"page-templates\/side-menu.php","meta":{"_bbp_topic_count":0,"_bbp_reply_count":0,"_bbp_total_topic_count":0,"_bbp_total_reply_count":0,"_bbp_voice_count":0,"_bbp_anonymous_reply_count":0,"_bbp_topic_count_hidden":0,"_bbp_reply_count_hidden":0,"_bbp_forum_subforum_count":0,"site-sidebar-layout":"default","site-content-layout":"","ast-site-content-layout":"","site-content-style":"default","site-sidebar-style":"default","ast-global-header-display":"","ast-banner-title-visibility":"","ast-main-header-display":"","ast-hfb-above-header-display":"","ast-hfb-below-header-display":"","ast-hfb-mobile-header-display":"","site-post-title":"","ast-breadcrumbs-content":"","ast-featured-img":"","footer-sml-layout":"","theme-transparent-header-meta":"","adv-header-id-meta":"","stick-header-meta":"","header-above-stick-meta":"","header-main-stick-meta":"","header-below-stick-meta":"","astra-migrate-meta-layouts":"default","ast-page-background-enabled":"default","ast-page-background-meta":{"desktop":{"background-color":"var(--ast-global-color-4)","background-image":"","background-repeat":"repeat","background-position":"center center","background-size":"auto","background-attachment":"scroll","background-type":"","background-media":"","overlay-type":"","overlay-color":"","overlay-opacity":"","overlay-gradient":""},"tablet":{"background-color":"","background-image":"","background-repeat":"repeat","background-position":"center center","background-size":"auto","background-attachment":"scroll","background-type":"","background-media":"","overlay-type":"","overlay-color":"","overlay-opacity":"","overlay-gradient":""},"mobile":{"background-color":"","background-image":"","background-repeat":"repeat","background-position":"center center","background-size":"auto","background-attachment":"scroll","background-type":"","background-media":"","overlay-type":"","overlay-color":"","overlay-opacity":"","overlay-gradient":""}},"ast-content-background-meta":{"desktop":{"background-color":"var(--ast-global-color-5)","background-image":"","background-repeat":"repeat","background-position":"center center","background-size":"auto","background-attachment":"scroll","background-type":"","background-media":"","overlay-type":"","overlay-color":"","overlay-opacity":"","overlay-gradient":""},"tablet":{"background-color":"var(--ast-global-color-5)","background-image":"","background-repeat":"repeat","background-position":"center center","background-size":"auto","background-attachment":"scroll","background-type":"","background-media":"","overlay-type":"","overlay-color":"","overlay-opacity":"","overlay-gradient":""},"mobile":{"background-color":"var(--ast-global-color-5)","background-image":"","background-repeat":"repeat","background-position":"center center","background-size":"auto","background-attachment":"scroll","background-type":"","background-media":"","overlay-type":"","overlay-color":"","overlay-opacity":"","overlay-gradient":""}},"footnotes":""},"class_list":["post-651","page","type-page","status-publish","hentry"],"post_mailing_queue_ids":[],"_links":{"self":[{"href":"https:\/\/agora.xtec.cat\/escolampdomenech\/wp-json\/wp\/v2\/pages\/651","targetHints":{"allow":["GET"]}}],"collection":[{"href":"https:\/\/agora.xtec.cat\/escolampdomenech\/wp-json\/wp\/v2\/pages"}],"about":[{"href":"https:\/\/agora.xtec.cat\/escolampdomenech\/wp-json\/wp\/v2\/types\/page"}],"author":[{"embeddable":true,"href":"https:\/\/agora.xtec.cat\/escolampdomenech\/wp-json\/wp\/v2\/users\/1"}],"replies":[{"embeddable":true,"href":"https:\/\/agora.xtec.cat\/escolampdomenech\/wp-json\/wp\/v2\/comments?post=651"}],"version-history":[{"count":3,"href":"https:\/\/agora.xtec.cat\/escolampdomenech\/wp-json\/wp\/v2\/pages\/651\/revisions"}],"predecessor-version":[{"id":6665,"href":"https:\/\/agora.xtec.cat\/escolampdomenech\/wp-json\/wp\/v2\/pages\/651\/revisions\/6665"}],"wp:attachment":[{"href":"https:\/\/agora.xtec.cat\/escolampdomenech\/wp-json\/wp\/v2\/media?parent=651"}],"curies":[{"name":"wp","href":"https:\/\/api.w.org\/{rel}","templated":true}]}}