{"id":6449,"date":"2022-03-25T13:37:09","date_gmt":"2022-03-25T12:37:09","guid":{"rendered":"https:\/\/agora.xtec.cat\/escolampdomenech\/?page_id=6449"},"modified":"2026-02-26T13:54:32","modified_gmt":"2026-02-26T12:54:32","slug":"gestio-economica","status":"publish","type":"page","link":"https:\/\/agora.xtec.cat\/escolampdomenech\/projecte-educatiu\/gestio-economica\/","title":{"rendered":"Gesti\u00f3 econ\u00f2mica"},"content":{"rendered":"<p><a href=\"https:\/\/agora.xtec.cat\/escolampdomenech\/wp-content\/uploads\/usu1579\/2026\/02\/Pressupost_2026_general.pdf\" target=\"_blank\" rel=\"noopener\">Pressupost_2026_general<\/a><\/p>\n<p><a href=\"https:\/\/agora.xtec.cat\/escolampdomenech\/wp-content\/uploads\/usu1579\/2026\/02\/Liquidacio-del-pressupost_2025_General.pdf\" target=\"_blank\" rel=\"noopener\">Liquidaci\u00f3 del pressupost_2025_General<\/a><\/p>\n<p><a href=\"https:\/\/agora.xtec.cat\/escolampdomenech\/wp-content\/uploads\/usu1579\/2025\/05\/Dades-del-pressupost-2025.pdf\" target=\"_blank\" rel=\"noopener\">Dades del pressupost 2025<\/a><\/p>\n<p><a href=\"https:\/\/agora.xtec.cat\/escolampdomenech\/wp-content\/uploads\/usu1579\/2025\/05\/Liquidacio-pressupost-2024.pdf\" target=\"_blank\" rel=\"noopener\">Liquidaci\u00f3 pressupost 2024<\/a><\/p>\n<p><a href=\"https:\/\/agora.xtec.cat\/escolampdomenech\/wp-content\/uploads\/usu1579\/2024\/03\/Dades-del-pressupost_2024.pdf\" target=\"_blank\" rel=\"noopener\">Dades del pressupost 2024<\/a><\/p>\n<p><a href=\"https:\/\/agora.xtec.cat\/escolampdomenech\/wp-content\/uploads\/usu1579\/2024\/03\/Liquidacio-del-pressupost.pdf\" target=\"_blank\" rel=\"noopener\">Liquidaci\u00f3 pressupost 2023<\/a><\/p>\n<p><a href=\"https:\/\/agora.xtec.cat\/escolampdomenech\/wp-content\/uploads\/usu1579\/2023\/04\/Dades-del-pressupost-2023.pdf\" target=\"_blank\" rel=\"noopener\">Dades del pressupost 2023<\/a><\/p>\n<p><a href=\"https:\/\/agora.xtec.cat\/escolampdomenech\/wp-content\/uploads\/usu1579\/2023\/04\/Dades-del-pressupost-2023.pdf\" target=\"_blank\" rel=\"noopener\">Liquidaci\u00f3 Pressupost 2022-1-2<\/a><\/p>\n<p><a href=\"https:\/\/agora.xtec.cat\/escolampdomenech\/wp-content\/uploads\/usu1579\/2023\/04\/Liquidacio-Pressupost-2022-3-4.pdf\" target=\"_blank\" rel=\"noopener\">Liquidaci\u00f3 Pressupost 2022-3-4<\/a><\/p>\n<p><a href=\"https:\/\/agora.xtec.cat\/escolampdomenech\/wp-content\/uploads\/usu1579\/2022\/03\/Dades-del-pressupost-General-2022.pdf\" target=\"_blank\" rel=\"noopener\">Dades del pressupost General 2022<\/a><\/p>\n<p><a href=\"https:\/\/agora.xtec.cat\/escolampdomenech\/wp-content\/uploads\/usu1579\/2022\/03\/Liquidacio-del-pressupost-General-2021.pdf\" target=\"_blank\" rel=\"noopener\">Liquidaci\u00f3 del pressupost General 2021<\/a><\/p>\n","protected":false},"excerpt":{"rendered":"<p>Pressupost_2026_general Liquidaci\u00f3 del pressupost_2025_General Dades del pressupost 2025 Liquidaci\u00f3 pressupost 2024 Dades del pressupost 2024 Liquidaci\u00f3 pressupost 2023 Dades del pressupost 2023 Liquidaci\u00f3 Pressupost 2022-1-2 Liquidaci\u00f3 Pressupost 2022-3-4 Dades del pressupost General 2022 Liquidaci\u00f3 del pressupost General 2021<\/p>\n","protected":false},"author":3,"featured_media":0,"parent":64,"menu_order":70,"comment_status":"closed","ping_status":"closed","template":"","meta":{"_bbp_topic_count":0,"_bbp_reply_count":0,"_bbp_total_topic_count":0,"_bbp_total_reply_count":0,"_bbp_voice_count":0,"_bbp_anonymous_reply_count":0,"_bbp_topic_count_hidden":0,"_bbp_reply_count_hidden":0,"_bbp_forum_subforum_count":0,"site-sidebar-layout":"default","site-content-layout":"","ast-site-content-layout":"default","site-content-style":"default","site-sidebar-style":"default","ast-global-header-display":"","ast-banner-title-visibility":"","ast-main-header-display":"","ast-hfb-above-header-display":"","ast-hfb-below-header-display":"","ast-hfb-mobile-header-display":"","site-post-title":"","ast-breadcrumbs-content":"","ast-featured-img":"","footer-sml-layout":"","theme-transparent-header-meta":"","adv-header-id-meta":"","stick-header-meta":"","header-above-stick-meta":"","header-main-stick-meta":"","header-below-stick-meta":"","astra-migrate-meta-layouts":"set","ast-page-background-enabled":"default","ast-page-background-meta":{"desktop":{"background-color":"var(--ast-global-color-4)","background-image":"","background-repeat":"repeat","background-position":"center center","background-size":"auto","background-attachment":"scroll","background-type":"","background-media":"","overlay-type":"","overlay-color":"","overlay-opacity":"","overlay-gradient":""},"tablet":{"background-color":"","background-image":"","background-repeat":"repeat","background-position":"center center","background-size":"auto","background-attachment":"scroll","background-type":"","background-media":"","overlay-type":"","overlay-color":"","overlay-opacity":"","overlay-gradient":""},"mobile":{"background-color":"","background-image":"","background-repeat":"repeat","background-position":"center center","background-size":"auto","background-attachment":"scroll","background-type":"","background-media":"","overlay-type":"","overlay-color":"","overlay-opacity":"","overlay-gradient":""}},"ast-content-background-meta":{"desktop":{"background-color":"var(--ast-global-color-5)","background-image":"","background-repeat":"repeat","background-position":"center center","background-size":"auto","background-attachment":"scroll","background-type":"","background-media":"","overlay-type":"","overlay-color":"","overlay-opacity":"","overlay-gradient":""},"tablet":{"background-color":"var(--ast-global-color-5)","background-image":"","background-repeat":"repeat","background-position":"center center","background-size":"auto","background-attachment":"scroll","background-type":"","background-media":"","overlay-type":"","overlay-color":"","overlay-opacity":"","overlay-gradient":""},"mobile":{"background-color":"var(--ast-global-color-5)","background-image":"","background-repeat":"repeat","background-position":"center center","background-size":"auto","background-attachment":"scroll","background-type":"","background-media":"","overlay-type":"","overlay-color":"","overlay-opacity":"","overlay-gradient":""}},"footnotes":""},"class_list":["post-6449","page","type-page","status-publish","hentry"],"post_mailing_queue_ids":[],"_links":{"self":[{"href":"https:\/\/agora.xtec.cat\/escolampdomenech\/wp-json\/wp\/v2\/pages\/6449","targetHints":{"allow":["GET"]}}],"collection":[{"href":"https:\/\/agora.xtec.cat\/escolampdomenech\/wp-json\/wp\/v2\/pages"}],"about":[{"href":"https:\/\/agora.xtec.cat\/escolampdomenech\/wp-json\/wp\/v2\/types\/page"}],"author":[{"embeddable":true,"href":"https:\/\/agora.xtec.cat\/escolampdomenech\/wp-json\/wp\/v2\/users\/3"}],"replies":[{"embeddable":true,"href":"https:\/\/agora.xtec.cat\/escolampdomenech\/wp-json\/wp\/v2\/comments?post=6449"}],"version-history":[{"count":6,"href":"https:\/\/agora.xtec.cat\/escolampdomenech\/wp-json\/wp\/v2\/pages\/6449\/revisions"}],"predecessor-version":[{"id":9560,"href":"https:\/\/agora.xtec.cat\/escolampdomenech\/wp-json\/wp\/v2\/pages\/6449\/revisions\/9560"}],"up":[{"embeddable":true,"href":"https:\/\/agora.xtec.cat\/escolampdomenech\/wp-json\/wp\/v2\/pages\/64"}],"wp:attachment":[{"href":"https:\/\/agora.xtec.cat\/escolampdomenech\/wp-json\/wp\/v2\/media?parent=6449"}],"curies":[{"name":"wp","href":"https:\/\/api.w.org\/{rel}","templated":true}]}}