{"id":631,"date":"2017-01-22T14:46:57","date_gmt":"2017-01-22T13:46:57","guid":{"rendered":"http:\/\/agora.xtec.cat\/escolampdomenech\/?page_id=631"},"modified":"2019-11-14T12:26:20","modified_gmt":"2019-11-14T11:26:20","slug":"solidaritat","status":"publish","type":"page","link":"https:\/\/agora.xtec.cat\/escolampdomenech\/que-fem\/solidaritat\/","title":{"rendered":"Solidaritat"},"content":{"rendered":"<p><span style=\"font-size: 12pt; font-family: verdana, geneva, sans-serif;\">L&#8217;escola mant\u00e9 contactes amb les associacions que ofereixen activitats de sensibilitzaci\u00f3 solid\u00e0ria.<\/span><\/p>\n<p><span style=\"font-family: verdana, geneva, sans-serif;\">Us fem, cinc c\u00e8ntims d&#8217;algunes activitats:<\/span><\/p>\n<p><span style=\"color: #000000; font-family: verdana, geneva, sans-serif;\">Tota l&#8217;escola:\u00a0Treballem conjuntament entre les nenes i els nens i la gent d<strong>&#8216;Eneida<\/strong><\/span><\/p>\n<p><span style=\"font-family: verdana, geneva, sans-serif;\">Participaci\u00f3 de la campanya Nadalenca de recollida d&#8217;aliments de la<strong> Fundaci\u00f3 Avism\u00f3n.<\/strong><\/span><\/p>\n<p><span style=\"font-family: verdana, geneva, sans-serif;\">Participaci\u00f3 en una recollida d&#8217;aliments a benefici del <strong>Banc d&#8217;aliments.<\/strong><\/span><\/p>\n<p><span style=\"font-family: verdana, geneva, sans-serif;\">Cicle Mitj\u00e0:\u00a0 \u00a0 \u00a0Participaci\u00f3 en algunes sessions de ball de bollywood amb les \u00e0vies que fan aquesta activitat a <strong>la Violeta.\u00a0 \u00a0 \u00a0<\/strong><\/span><\/p>\n<p><span style=\"font-family: verdana, geneva, sans-serif;\">Cicle Superior: Participaci\u00f3 en jocs a escacs i a la petanca amb la gent gran del barri.<\/span><\/p>\n<p><span style=\"font-family: verdana, geneva, sans-serif;\">Concert de Nadal de la canalla de 5\u00e8 a la <strong>resid\u00e8ncia Siracusa.<\/strong><\/span><\/p>\n<p><span style=\"font-family: verdana, geneva, sans-serif;\">Visita de la canalla de 6\u00e8 a la seu d<strong>&#8216;Arrels Fundaci\u00f3.<\/strong><\/span><\/p>\n<p><span style=\"font-family: verdana, geneva, sans-serif;\">Intercanvis de correspond\u00e8ncia amb escoles de diferents pa\u00efsos del m\u00f3n.<\/span><\/p>\n<h6><span style=\"font-family: verdana, geneva, sans-serif;\">\u00a0\u00a0<\/span><\/h6>\n<h6><span style=\"font-family: verdana, geneva, sans-serif;\">El curs 2016-17 l&#8217;escola va fer un treball de\u00a0sensibilitzaci\u00f3 amb el tema dels refugiats.<\/span><\/h6>\n<p><span style=\"font-family: verdana, geneva, sans-serif;\">Es va fer un mosaic a la pla\u00e7a de la Vila.<\/span><\/p>\n<h6><\/h6>\n<h6><span style=\"font-family: verdana, geneva, sans-serif;\">\u00a0<\/span><\/h6>\n<p>&nbsp;<\/p>\n<p><a href=\"https:\/\/photos.google.com\/share\/AF1QipPc3W4Rx5uM6YAnKKYiTnSjPBLvHMvsmpPUiGCyS9rx9M8Dy-XSxEYxVR9Oa_Rpeg?key=Q2s0c2hJSFBnX2pSZUxOZkRibERBQk9KVm9ZLXZB\"><img loading=\"lazy\" decoding=\"async\" class=\"alignnone size-full wp-image-905\" src=\"http:\/\/agora.xtec.cat\/escolampdomenech\/wp-content\/uploads\/usu1579\/2016\/12\/mosaic.png\" alt=\"mosaic\" width=\"362\" height=\"369\" srcset=\"https:\/\/agora.xtec.cat\/escolampdomenech\/wp-content\/uploads\/usu1579\/2016\/12\/mosaic.png 362w, https:\/\/agora.xtec.cat\/escolampdomenech\/wp-content\/uploads\/usu1579\/2016\/12\/mosaic-294x300.png 294w\" sizes=\"auto, (max-width: 362px) 100vw, 362px\" \/><\/a><\/p>\n","protected":false},"excerpt":{"rendered":"<p>L&#8217;escola mant\u00e9 contactes amb les associacions que ofereixen activitats de sensibilitzaci\u00f3 solid\u00e0ria. Us fem, cinc c\u00e8ntims d&#8217;algunes activitats: Tota l&#8217;escola:\u00a0Treballem conjuntament entre les nenes i els nens i la gent d&#8216;Eneida Participaci\u00f3 de la campanya Nadalenca de recollida d&#8217;aliments de la Fundaci\u00f3 Avism\u00f3n. Participaci\u00f3 en una recollida d&#8217;aliments a benefici del Banc d&#8217;aliments. Cicle Mitj\u00e0:\u00a0 [&hellip;]<\/p>\n","protected":false},"author":1,"featured_media":0,"parent":625,"menu_order":70,"comment_status":"closed","ping_status":"closed","template":"page-templates\/side-menu.php","meta":{"_bbp_topic_count":0,"_bbp_reply_count":0,"_bbp_total_topic_count":0,"_bbp_total_reply_count":0,"_bbp_voice_count":0,"_bbp_anonymous_reply_count":0,"_bbp_topic_count_hidden":0,"_bbp_reply_count_hidden":0,"_bbp_forum_subforum_count":0,"site-sidebar-layout":"default","site-content-layout":"","ast-site-content-layout":"","site-content-style":"default","site-sidebar-style":"default","ast-global-header-display":"","ast-banner-title-visibility":"","ast-main-header-display":"","ast-hfb-above-header-display":"","ast-hfb-below-header-display":"","ast-hfb-mobile-header-display":"","site-post-title":"","ast-breadcrumbs-content":"","ast-featured-img":"","footer-sml-layout":"","theme-transparent-header-meta":"","adv-header-id-meta":"","stick-header-meta":"","header-above-stick-meta":"","header-main-stick-meta":"","header-below-stick-meta":"","astra-migrate-meta-layouts":"default","ast-page-background-enabled":"default","ast-page-background-meta":{"desktop":{"background-color":"var(--ast-global-color-4)","background-image":"","background-repeat":"repeat","background-position":"center center","background-size":"auto","background-attachment":"scroll","background-type":"","background-media":"","overlay-type":"","overlay-color":"","overlay-opacity":"","overlay-gradient":""},"tablet":{"background-color":"","background-image":"","background-repeat":"repeat","background-position":"center center","background-size":"auto","background-attachment":"scroll","background-type":"","background-media":"","overlay-type":"","overlay-color":"","overlay-opacity":"","overlay-gradient":""},"mobile":{"background-color":"","background-image":"","background-repeat":"repeat","background-position":"center center","background-size":"auto","background-attachment":"scroll","background-type":"","background-media":"","overlay-type":"","overlay-color":"","overlay-opacity":"","overlay-gradient":""}},"ast-content-background-meta":{"desktop":{"background-color":"var(--ast-global-color-5)","background-image":"","background-repeat":"repeat","background-position":"center center","background-size":"auto","background-attachment":"scroll","background-type":"","background-media":"","overlay-type":"","overlay-color":"","overlay-opacity":"","overlay-gradient":""},"tablet":{"background-color":"var(--ast-global-color-5)","background-image":"","background-repeat":"repeat","background-position":"center center","background-size":"auto","background-attachment":"scroll","background-type":"","background-media":"","overlay-type":"","overlay-color":"","overlay-opacity":"","overlay-gradient":""},"mobile":{"background-color":"var(--ast-global-color-5)","background-image":"","background-repeat":"repeat","background-position":"center center","background-size":"auto","background-attachment":"scroll","background-type":"","background-media":"","overlay-type":"","overlay-color":"","overlay-opacity":"","overlay-gradient":""}},"footnotes":""},"class_list":["post-631","page","type-page","status-publish","hentry"],"post_mailing_queue_ids":[],"_links":{"self":[{"href":"https:\/\/agora.xtec.cat\/escolampdomenech\/wp-json\/wp\/v2\/pages\/631","targetHints":{"allow":["GET"]}}],"collection":[{"href":"https:\/\/agora.xtec.cat\/escolampdomenech\/wp-json\/wp\/v2\/pages"}],"about":[{"href":"https:\/\/agora.xtec.cat\/escolampdomenech\/wp-json\/wp\/v2\/types\/page"}],"author":[{"embeddable":true,"href":"https:\/\/agora.xtec.cat\/escolampdomenech\/wp-json\/wp\/v2\/users\/1"}],"replies":[{"embeddable":true,"href":"https:\/\/agora.xtec.cat\/escolampdomenech\/wp-json\/wp\/v2\/comments?post=631"}],"version-history":[{"count":4,"href":"https:\/\/agora.xtec.cat\/escolampdomenech\/wp-json\/wp\/v2\/pages\/631\/revisions"}],"predecessor-version":[{"id":2664,"href":"https:\/\/agora.xtec.cat\/escolampdomenech\/wp-json\/wp\/v2\/pages\/631\/revisions\/2664"}],"up":[{"embeddable":true,"href":"https:\/\/agora.xtec.cat\/escolampdomenech\/wp-json\/wp\/v2\/pages\/625"}],"wp:attachment":[{"href":"https:\/\/agora.xtec.cat\/escolampdomenech\/wp-json\/wp\/v2\/media?parent=631"}],"curies":[{"name":"wp","href":"https:\/\/api.w.org\/{rel}","templated":true}]}}