{"id":3544,"date":"2019-02-17T23:30:29","date_gmt":"2019-02-17T22:30:29","guid":{"rendered":"http:\/\/agora.xtec.cat\/escolampdomenech\/?page_id=3544"},"modified":"2019-02-18T00:20:55","modified_gmt":"2019-02-17T23:20:55","slug":"genere","status":"publish","type":"page","link":"https:\/\/agora.xtec.cat\/escolampdomenech\/que-fem\/genere\/","title":{"rendered":"G\u00e8nere"},"content":{"rendered":"<h1><strong><span style=\"font-size: 18pt; color: #8a2be2;\">COMISSI\u00d3 DE G\u00c8NERE.<\/span><\/strong><\/h1>\n<p>Som una comissi\u00f3 formada per docents i fam\u00edlies creada amb l&#8217;objectiu de sensibilitzar a tota la comunitat educativa i promoure una perspectiva de g\u00e8nere en l\u2019\u00e0mbit escolar.<\/p>\n<p>En aquesta secci\u00f3 podreu consultar tota la documentaci\u00f3, articles, projectes, activitats, noticies amb les que treballem la comissi\u00f3 de g\u00e8nere.<\/p>\n","protected":false},"excerpt":{"rendered":"<p>COMISSI\u00d3 DE G\u00c8NERE. Som una comissi\u00f3 formada per docents i fam\u00edlies creada amb l&#8217;objectiu de sensibilitzar a tota la comunitat educativa i promoure una perspectiva de g\u00e8nere en l\u2019\u00e0mbit escolar. En aquesta secci\u00f3 podreu consultar tota la documentaci\u00f3, articles, projectes, activitats, noticies amb les que treballem la comissi\u00f3 de g\u00e8nere.<\/p>\n","protected":false},"author":37,"featured_media":0,"parent":625,"menu_order":120,"comment_status":"closed","ping_status":"closed","template":"page-templates\/side-menu.php","meta":{"_bbp_topic_count":0,"_bbp_reply_count":0,"_bbp_total_topic_count":0,"_bbp_total_reply_count":0,"_bbp_voice_count":0,"_bbp_anonymous_reply_count":0,"_bbp_topic_count_hidden":0,"_bbp_reply_count_hidden":0,"_bbp_forum_subforum_count":0,"site-sidebar-layout":"default","site-content-layout":"","ast-site-content-layout":"","site-content-style":"default","site-sidebar-style":"default","ast-global-header-display":"","ast-banner-title-visibility":"","ast-main-header-display":"","ast-hfb-above-header-display":"","ast-hfb-below-header-display":"","ast-hfb-mobile-header-display":"","site-post-title":"","ast-breadcrumbs-content":"","ast-featured-img":"","footer-sml-layout":"","theme-transparent-header-meta":"","adv-header-id-meta":"","stick-header-meta":"","header-above-stick-meta":"","header-main-stick-meta":"","header-below-stick-meta":"","astra-migrate-meta-layouts":"default","ast-page-background-enabled":"default","ast-page-background-meta":{"desktop":{"background-color":"var(--ast-global-color-4)","background-image":"","background-repeat":"repeat","background-position":"center center","background-size":"auto","background-attachment":"scroll","background-type":"","background-media":"","overlay-type":"","overlay-color":"","overlay-opacity":"","overlay-gradient":""},"tablet":{"background-color":"","background-image":"","background-repeat":"repeat","background-position":"center center","background-size":"auto","background-attachment":"scroll","background-type":"","background-media":"","overlay-type":"","overlay-color":"","overlay-opacity":"","overlay-gradient":""},"mobile":{"background-color":"","background-image":"","background-repeat":"repeat","background-position":"center center","background-size":"auto","background-attachment":"scroll","background-type":"","background-media":"","overlay-type":"","overlay-color":"","overlay-opacity":"","overlay-gradient":""}},"ast-content-background-meta":{"desktop":{"background-color":"var(--ast-global-color-5)","background-image":"","background-repeat":"repeat","background-position":"center center","background-size":"auto","background-attachment":"scroll","background-type":"","background-media":"","overlay-type":"","overlay-color":"","overlay-opacity":"","overlay-gradient":""},"tablet":{"background-color":"var(--ast-global-color-5)","background-image":"","background-repeat":"repeat","background-position":"center center","background-size":"auto","background-attachment":"scroll","background-type":"","background-media":"","overlay-type":"","overlay-color":"","overlay-opacity":"","overlay-gradient":""},"mobile":{"background-color":"var(--ast-global-color-5)","background-image":"","background-repeat":"repeat","background-position":"center center","background-size":"auto","background-attachment":"scroll","background-type":"","background-media":"","overlay-type":"","overlay-color":"","overlay-opacity":"","overlay-gradient":""}},"footnotes":""},"class_list":["post-3544","page","type-page","status-publish","hentry"],"post_mailing_queue_ids":[],"_links":{"self":[{"href":"https:\/\/agora.xtec.cat\/escolampdomenech\/wp-json\/wp\/v2\/pages\/3544","targetHints":{"allow":["GET"]}}],"collection":[{"href":"https:\/\/agora.xtec.cat\/escolampdomenech\/wp-json\/wp\/v2\/pages"}],"about":[{"href":"https:\/\/agora.xtec.cat\/escolampdomenech\/wp-json\/wp\/v2\/types\/page"}],"author":[{"embeddable":true,"href":"https:\/\/agora.xtec.cat\/escolampdomenech\/wp-json\/wp\/v2\/users\/37"}],"replies":[{"embeddable":true,"href":"https:\/\/agora.xtec.cat\/escolampdomenech\/wp-json\/wp\/v2\/comments?post=3544"}],"version-history":[{"count":3,"href":"https:\/\/agora.xtec.cat\/escolampdomenech\/wp-json\/wp\/v2\/pages\/3544\/revisions"}],"predecessor-version":[{"id":3551,"href":"https:\/\/agora.xtec.cat\/escolampdomenech\/wp-json\/wp\/v2\/pages\/3544\/revisions\/3551"}],"up":[{"embeddable":true,"href":"https:\/\/agora.xtec.cat\/escolampdomenech\/wp-json\/wp\/v2\/pages\/625"}],"wp:attachment":[{"href":"https:\/\/agora.xtec.cat\/escolampdomenech\/wp-json\/wp\/v2\/media?parent=3544"}],"curies":[{"name":"wp","href":"https:\/\/api.w.org\/{rel}","templated":true}]}}