{"id":26,"date":"2014-09-18T12:24:32","date_gmt":"2014-09-18T11:24:32","guid":{"rendered":"http:\/\/agora.xtec.cat\/escolampdomenech\/?page_id=26"},"modified":"2017-05-27T21:40:48","modified_gmt":"2017-05-27T19:40:48","slug":"historia","status":"publish","type":"page","link":"https:\/\/agora.xtec.cat\/escolampdomenech\/lescola\/historia\/","title":{"rendered":"Hist\u00f2ria"},"content":{"rendered":"<div align=\"left\">\n<p style=\"text-align: justify;\">La hist\u00f2ria de l\u2019escola s\u2019inicia quan els esposos Adela Dom\u00e8nech i Josep Maria Llin\u00e0s, aquest darrer professor de l\u2019Escola Normal de Magisteri de Madrid, despr\u00e9s de fer diversos intents per crear unes escoles populars, signen un acord amb l\u2019Ajuntament de Barcelona el 17 de gener de 1899 perqu\u00e8 la finca que la fam\u00edlia de la dona posse\u00efa al carrer de Sant Pere M\u00e0rtir es dediqui a serveis educatius.<\/p>\n<p style=\"text-align: justify;\">Les Escoles Dom\u00e8nech es funden el 17 de juliol de 1901 i durant la primera d\u00e8cada del nou segle els plantejaments did\u00e0ctics i pedag\u00f2gics s\u00f3n propis de l\u2019escola tradicional. El 1916, per\u00f2, a la mort d\u2019Adela Dom\u00e8nech, es constitueix el Patronat de les Escoles, i sota l\u2019influx de la pol\u00edtica educativa municipal s\u2019empr\u00e8n una profunda obra de renovaci\u00f3 pedag\u00f2gica. Es renova tant l\u2019edifici com el professorat i a partir de 1919 esdev\u00e9 una de les escoles m\u00e9s obertes als nous corrents educatius. Amb el nou director Artur Martorell, una de les figures senyera de la pedagogia activa catalana, el Patronat Dom\u00e8nech lidera una aut\u00e8ntica revoluci\u00f3 educativa basada en el fet de donar el protagonisme a l\u2019educand i no a l\u2019educador i de plantejar el proc\u00e9s educatiu i l\u2019aprenentatge dins de l\u2019activitat natural de l\u2019alumne. L\u2019educaci\u00f3 es planteja com lligada al proc\u00e9s d\u2019adaptaci\u00f3 positiva de l\u2019infant al seu medi social i natural i es d\u00f3na tanta import\u00e0ncia a l\u2019ensenyament del llenguatge com a l\u2019educaci\u00f3 c\u00edvica i l\u2019amor per la natura.<\/p>\n<p style=\"text-align: justify;\">Despr\u00e9s del par\u00e8ntesi de la Guerra Civil i els anys dif\u00edcils de les primeres d\u00e8cades del franquisme, als anys 50 comen\u00e7a a emergir una t\u00e8nue resist\u00e8ncia civil a la dictadura, en la qual les escoles tindran un paper notable, si b\u00e9 no ser\u00e0 fins a la fundaci\u00f3 de la instituci\u00f3 Rosa Sensat el 1965 que es plantejar\u00e0 la renovaci\u00f3 pedag\u00f2gica del pa\u00eds, amb la represa de la idea de l\u2019escola com un servei a la societat i com un espai participatiu en qu\u00e8 mestres i fam\u00edlies col\u00b7laboren per definir els objectius pedag\u00f2gics de la instituci\u00f3 escolar. Els anys seixanta i setanta s\u00f3n, per\u00f2, de gran precarietat econ\u00f2mica<\/p>\n<p style=\"text-align: justify;\">Amb l\u2019adveniment de la democr\u00e0cia es produir\u00e0 el renaixement de les Escoles del Patronat Dom\u00e8nech i a partir de 1981 l\u2019Ajuntament empr\u00e8n la reforma de l\u2019estructura de l\u2019escola i decideix dotar-la d\u2019una nova orientaci\u00f3 pedag\u00f2gica d\u2019acord amb les inquietuds pedag\u00f2giques del moment: hi ha un canvi profund de l\u2019organitzaci\u00f3 escolar, de la metodologia i dels materials escolars. S\u00f3n els anys en qu\u00e8 es funda l\u2019Associaci\u00f3 de Pares i Mares d\u2019Alumnes, que esdevindr\u00e0 un focus de dinamitzaci\u00f3 de bona part de les activitats escolars i tamb\u00e9 s\u2019aconsegueix incorporar el professorat especialista en m\u00fasica, pl\u00e0stica, educaci\u00f3 f\u00edsica i angl\u00e8s.<\/p>\n<p style=\"text-align: justify;\">El 1986 es fan obres de renovaci\u00f3 de l\u2019edifici per adaptar-lo a les noves exig\u00e8ncies. El nou Patronat Dom\u00e8nech tindr\u00e0 dos nous patis, vuit aules d\u2019EGB, dues per a p\u00e0rvuls, laboratori, biblioteca, aula de pl\u00e0stica, petita cuina i menjador i nous accessos. Uns quants anys despr\u00e9s, el curs 1999-2000, es pren la decisi\u00f3 de crear una sala polivalent que pugui fer funcions alhora de gimn\u00e0s i de sala de celebracions, diades, teatre, etc.<\/p>\n<p style=\"text-align: justify;\">El 2010 es van comen\u00e7ar les obres de l&#8217;actual edifici. Varem estrenat l&#8217;escola a l&#8217;abril del 2012.<\/p>\n<h1 align=\"center\"><\/h1>\n<\/div>\n<div align=\"right\"><\/div>\n","protected":false},"excerpt":{"rendered":"<p>La hist\u00f2ria de l\u2019escola s\u2019inicia quan els esposos Adela Dom\u00e8nech i Josep Maria Llin\u00e0s, aquest darrer professor de l\u2019Escola Normal de Magisteri de Madrid, despr\u00e9s de fer diversos intents per crear unes escoles populars, signen un acord amb l\u2019Ajuntament de Barcelona el 17 de gener de 1899 perqu\u00e8 la finca que la fam\u00edlia de la [&hellip;]<\/p>\n","protected":false},"author":1,"featured_media":0,"parent":22,"menu_order":20,"comment_status":"closed","ping_status":"closed","template":"page-templates\/side-menu.php","meta":{"_bbp_topic_count":0,"_bbp_reply_count":0,"_bbp_total_topic_count":0,"_bbp_total_reply_count":0,"_bbp_voice_count":0,"_bbp_anonymous_reply_count":0,"_bbp_topic_count_hidden":0,"_bbp_reply_count_hidden":0,"_bbp_forum_subforum_count":0,"site-sidebar-layout":"default","site-content-layout":"","ast-site-content-layout":"","site-content-style":"default","site-sidebar-style":"default","ast-global-header-display":"","ast-banner-title-visibility":"","ast-main-header-display":"","ast-hfb-above-header-display":"","ast-hfb-below-header-display":"","ast-hfb-mobile-header-display":"","site-post-title":"","ast-breadcrumbs-content":"","ast-featured-img":"","footer-sml-layout":"","theme-transparent-header-meta":"","adv-header-id-meta":"","stick-header-meta":"","header-above-stick-meta":"","header-main-stick-meta":"","header-below-stick-meta":"","astra-migrate-meta-layouts":"default","ast-page-background-enabled":"default","ast-page-background-meta":{"desktop":{"background-color":"var(--ast-global-color-4)","background-image":"","background-repeat":"repeat","background-position":"center center","background-size":"auto","background-attachment":"scroll","background-type":"","background-media":"","overlay-type":"","overlay-color":"","overlay-opacity":"","overlay-gradient":""},"tablet":{"background-color":"","background-image":"","background-repeat":"repeat","background-position":"center center","background-size":"auto","background-attachment":"scroll","background-type":"","background-media":"","overlay-type":"","overlay-color":"","overlay-opacity":"","overlay-gradient":""},"mobile":{"background-color":"","background-image":"","background-repeat":"repeat","background-position":"center center","background-size":"auto","background-attachment":"scroll","background-type":"","background-media":"","overlay-type":"","overlay-color":"","overlay-opacity":"","overlay-gradient":""}},"ast-content-background-meta":{"desktop":{"background-color":"var(--ast-global-color-5)","background-image":"","background-repeat":"repeat","background-position":"center center","background-size":"auto","background-attachment":"scroll","background-type":"","background-media":"","overlay-type":"","overlay-color":"","overlay-opacity":"","overlay-gradient":""},"tablet":{"background-color":"var(--ast-global-color-5)","background-image":"","background-repeat":"repeat","background-position":"center center","background-size":"auto","background-attachment":"scroll","background-type":"","background-media":"","overlay-type":"","overlay-color":"","overlay-opacity":"","overlay-gradient":""},"mobile":{"background-color":"var(--ast-global-color-5)","background-image":"","background-repeat":"repeat","background-position":"center center","background-size":"auto","background-attachment":"scroll","background-type":"","background-media":"","overlay-type":"","overlay-color":"","overlay-opacity":"","overlay-gradient":""}},"footnotes":""},"class_list":["post-26","page","type-page","status-publish","hentry"],"post_mailing_queue_ids":[],"_links":{"self":[{"href":"https:\/\/agora.xtec.cat\/escolampdomenech\/wp-json\/wp\/v2\/pages\/26","targetHints":{"allow":["GET"]}}],"collection":[{"href":"https:\/\/agora.xtec.cat\/escolampdomenech\/wp-json\/wp\/v2\/pages"}],"about":[{"href":"https:\/\/agora.xtec.cat\/escolampdomenech\/wp-json\/wp\/v2\/types\/page"}],"author":[{"embeddable":true,"href":"https:\/\/agora.xtec.cat\/escolampdomenech\/wp-json\/wp\/v2\/users\/1"}],"replies":[{"embeddable":true,"href":"https:\/\/agora.xtec.cat\/escolampdomenech\/wp-json\/wp\/v2\/comments?post=26"}],"version-history":[{"count":3,"href":"https:\/\/agora.xtec.cat\/escolampdomenech\/wp-json\/wp\/v2\/pages\/26\/revisions"}],"predecessor-version":[{"id":537,"href":"https:\/\/agora.xtec.cat\/escolampdomenech\/wp-json\/wp\/v2\/pages\/26\/revisions\/537"}],"up":[{"embeddable":true,"href":"https:\/\/agora.xtec.cat\/escolampdomenech\/wp-json\/wp\/v2\/pages\/22"}],"wp:attachment":[{"href":"https:\/\/agora.xtec.cat\/escolampdomenech\/wp-json\/wp\/v2\/media?parent=26"}],"curies":[{"name":"wp","href":"https:\/\/api.w.org\/{rel}","templated":true}]}}