{"id":24,"date":"2014-09-18T12:23:15","date_gmt":"2014-09-18T11:23:15","guid":{"rendered":"http:\/\/agora.xtec.cat\/escolampdomenech\/?page_id=24"},"modified":"2021-09-04T18:31:30","modified_gmt":"2021-09-04T16:31:30","slug":"on-som","status":"publish","type":"page","link":"https:\/\/agora.xtec.cat\/escolampdomenech\/lescola\/on-som\/","title":{"rendered":"On som"},"content":{"rendered":"<p style=\"color: #666666;\"><strong>Escola\u00a0Patronat Dom\u00e8nech<\/strong><br \/>\n<span style=\"color: #000000;\">Gr\u00e0cia,7<\/span><br \/>\n<span style=\"color: #000000;\">08012 Barcelona<\/span><\/p>\n<p>Tel. 932 370 035 \/ 603553794<br \/>\na8007202@xtec.cat<\/p>\n<p><iframe loading=\"lazy\" style=\"border: 0;\" src=\"https:\/\/www.google.com\/maps\/embed?pb=!1m18!1m12!1m3!1d5985.747781589403!2d2.1581919999999877!3d41.39854500000001!2m3!1f0!2f0!3f0!3m2!1i1024!2i768!4f13.1!3m3!1m2!1s0x12a4a296f602e211%3A0x325b02e7af70e7a!2sEscola+Public+Patronat+Domenech!5e0!3m2!1ses!2ses!4v1418076814380\" width=\"600\" height=\"450\" frameborder=\"0\"><\/iframe><\/p>\n<p><strong>Com arribar-hi:<\/strong><\/p>\n<p><span style=\"color: #0000ff;\">BUS<\/span><br \/>\nParada bus: Gran de Gr\u00e0cia (Gr\u00e0cia-Jes\u00fas)<br \/>\n22\u00a0&#8211; PL. CATALUNYA &#8211; AVDA. D&#8217;ESPLUGUES<br \/>\n24\u00a0&#8211; PARAL.LEL &#8211; EL CARMEL<br \/>\nV17 &#8211; PORT VELL &#8211; EL CARMEL<\/p>\n<p><span style=\"color: #0000ff;\">METRO<\/span><br \/>\nL\u00ednia 3 &#8211; Estaci\u00f3 DIAGONAL (Sortida Avda. Diagonal)<br \/>\nLinia 5 &#8211; Estaci\u00f3 DIAGONAL (Sortida Rambla Catalunya)<\/p>\n<p><span style=\"color: #0000ff;\">FERROCARRILS DE LA GENERALITAT.<\/span><br \/>\nL6, L7, S5, S55, S1 i S2 &#8211; Estaci\u00f3 PROVEN\u00c7A o GR\u00c0CIA<\/p>\n<p>&nbsp;<\/p>\n","protected":false},"excerpt":{"rendered":"<p>Escola\u00a0Patronat Dom\u00e8nech Gr\u00e0cia,7 08012 Barcelona Tel. 932 370 035 \/ 603553794 a8007202@xtec.cat Com arribar-hi: BUS Parada bus: Gran de Gr\u00e0cia (Gr\u00e0cia-Jes\u00fas) 22\u00a0&#8211; PL. CATALUNYA &#8211; AVDA. D&#8217;ESPLUGUES 24\u00a0&#8211; PARAL.LEL &#8211; EL CARMEL V17 &#8211; PORT VELL &#8211; EL CARMEL METRO L\u00ednia 3 &#8211; Estaci\u00f3 DIAGONAL (Sortida Avda. Diagonal) Linia 5 &#8211; Estaci\u00f3 DIAGONAL (Sortida Rambla [&hellip;]<\/p>\n","protected":false},"author":1,"featured_media":0,"parent":22,"menu_order":10,"comment_status":"closed","ping_status":"closed","template":"page-templates\/side-menu.php","meta":{"_bbp_topic_count":0,"_bbp_reply_count":0,"_bbp_total_topic_count":0,"_bbp_total_reply_count":0,"_bbp_voice_count":0,"_bbp_anonymous_reply_count":0,"_bbp_topic_count_hidden":0,"_bbp_reply_count_hidden":0,"_bbp_forum_subforum_count":0,"site-sidebar-layout":"default","site-content-layout":"","ast-site-content-layout":"","site-content-style":"default","site-sidebar-style":"default","ast-global-header-display":"","ast-banner-title-visibility":"","ast-main-header-display":"","ast-hfb-above-header-display":"","ast-hfb-below-header-display":"","ast-hfb-mobile-header-display":"","site-post-title":"","ast-breadcrumbs-content":"","ast-featured-img":"","footer-sml-layout":"","theme-transparent-header-meta":"","adv-header-id-meta":"","stick-header-meta":"","header-above-stick-meta":"","header-main-stick-meta":"","header-below-stick-meta":"","astra-migrate-meta-layouts":"default","ast-page-background-enabled":"default","ast-page-background-meta":{"desktop":{"background-color":"var(--ast-global-color-4)","background-image":"","background-repeat":"repeat","background-position":"center center","background-size":"auto","background-attachment":"scroll","background-type":"","background-media":"","overlay-type":"","overlay-color":"","overlay-opacity":"","overlay-gradient":""},"tablet":{"background-color":"","background-image":"","background-repeat":"repeat","background-position":"center center","background-size":"auto","background-attachment":"scroll","background-type":"","background-media":"","overlay-type":"","overlay-color":"","overlay-opacity":"","overlay-gradient":""},"mobile":{"background-color":"","background-image":"","background-repeat":"repeat","background-position":"center center","background-size":"auto","background-attachment":"scroll","background-type":"","background-media":"","overlay-type":"","overlay-color":"","overlay-opacity":"","overlay-gradient":""}},"ast-content-background-meta":{"desktop":{"background-color":"var(--ast-global-color-5)","background-image":"","background-repeat":"repeat","background-position":"center center","background-size":"auto","background-attachment":"scroll","background-type":"","background-media":"","overlay-type":"","overlay-color":"","overlay-opacity":"","overlay-gradient":""},"tablet":{"background-color":"var(--ast-global-color-5)","background-image":"","background-repeat":"repeat","background-position":"center center","background-size":"auto","background-attachment":"scroll","background-type":"","background-media":"","overlay-type":"","overlay-color":"","overlay-opacity":"","overlay-gradient":""},"mobile":{"background-color":"var(--ast-global-color-5)","background-image":"","background-repeat":"repeat","background-position":"center center","background-size":"auto","background-attachment":"scroll","background-type":"","background-media":"","overlay-type":"","overlay-color":"","overlay-opacity":"","overlay-gradient":""}},"footnotes":""},"class_list":["post-24","page","type-page","status-publish","hentry"],"post_mailing_queue_ids":[],"_links":{"self":[{"href":"https:\/\/agora.xtec.cat\/escolampdomenech\/wp-json\/wp\/v2\/pages\/24","targetHints":{"allow":["GET"]}}],"collection":[{"href":"https:\/\/agora.xtec.cat\/escolampdomenech\/wp-json\/wp\/v2\/pages"}],"about":[{"href":"https:\/\/agora.xtec.cat\/escolampdomenech\/wp-json\/wp\/v2\/types\/page"}],"author":[{"embeddable":true,"href":"https:\/\/agora.xtec.cat\/escolampdomenech\/wp-json\/wp\/v2\/users\/1"}],"replies":[{"embeddable":true,"href":"https:\/\/agora.xtec.cat\/escolampdomenech\/wp-json\/wp\/v2\/comments?post=24"}],"version-history":[{"count":4,"href":"https:\/\/agora.xtec.cat\/escolampdomenech\/wp-json\/wp\/v2\/pages\/24\/revisions"}],"predecessor-version":[{"id":5827,"href":"https:\/\/agora.xtec.cat\/escolampdomenech\/wp-json\/wp\/v2\/pages\/24\/revisions\/5827"}],"up":[{"embeddable":true,"href":"https:\/\/agora.xtec.cat\/escolampdomenech\/wp-json\/wp\/v2\/pages\/22"}],"wp:attachment":[{"href":"https:\/\/agora.xtec.cat\/escolampdomenech\/wp-json\/wp\/v2\/media?parent=24"}],"curies":[{"name":"wp","href":"https:\/\/api.w.org\/{rel}","templated":true}]}}