{"id":73,"date":"2014-09-18T14:01:51","date_gmt":"2014-09-18T13:01:51","guid":{"rendered":"http:\/\/agora.xtec.cat\/escolamossencinto\/?page_id=73"},"modified":"2026-02-24T10:25:09","modified_gmt":"2026-02-24T09:25:09","slug":"menjador-escolar","status":"publish","type":"page","link":"https:\/\/agora.xtec.cat\/escolamossencinto\/serveis\/menjador-escolar\/","title":{"rendered":"Menjador escolar"},"content":{"rendered":"<p style=\"text-align: center;\"><strong>MEN\u00daS DEL 2n TRIMESTRE CURS 2025-2026 (basal)<\/strong><\/p>\n<p style=\"text-align: center;\"><a href=\"https:\/\/camposestela.com\/wp-content\/uploads\/2026\/01\/CamposEstela_Menu_2nTrim.-Curs-Escolar.pdf\" target=\"_blank\" rel=\"noopener\"><img loading=\"lazy\" decoding=\"async\" class=\"aligncenter size-medium wp-image-17888\" src=\"https:\/\/agora.xtec.cat\/escolamossencinto\/wp-content\/uploads\/usu829\/2026\/02\/CnP_19022026_095028-237x300.png\" alt=\"2N TRIMESTRE\" width=\"237\" height=\"300\" srcset=\"https:\/\/agora.xtec.cat\/escolamossencinto\/wp-content\/uploads\/usu829\/2026\/02\/CnP_19022026_095028-237x300.png 237w, https:\/\/agora.xtec.cat\/escolamossencinto\/wp-content\/uploads\/usu829\/2026\/02\/CnP_19022026_095028.png 571w\" sizes=\"auto, (max-width: 237px) 100vw, 237px\" \/><\/a><\/p>\n<p style=\"text-align: center;\"><span style=\"text-decoration: underline;\"><strong>Un migdia ple d\u2019aprenentatges al menjador de Campos Estela<\/strong><\/span><\/p>\n<p style=\"text-align: center;\">Al menjador de Campos Estela, el migdia no \u00e9s nom\u00e9s l\u2019hora de menjar: \u00e9s un espai<br \/>\nper cr\u00e9ixer, descobrir i compartir. Entre plats i rialles, els infants aprenen a ser m\u00e9s<br \/>\naut\u00f2noms i a respectar els altres.<br \/>\nCada dia, els nens i nenes descobreixen nous sabors, consoliden h\u00e0bits saludables i<br \/>\nguanyen confian\u00e7a en ells mateixos. Petits gestos, com esperar el torn, parar i recollir<br \/>\nla taula, semblen senzills, per\u00f2 s\u00f3n passes importants en el seu aprenentatge.<br \/>\nL\u2019equip de monitors i monitores acompanya cada infant perqu\u00e8 se senti escoltat i<br \/>\nrespectat. Despr\u00e9s de dinar, arriba el temps de lleure: jocs, activitats tranquilles i<br \/>\nmoments per compartir. Aquest espai \u00e9s perfecte per crear vincles, aprendre a<br \/>\nresoldre petits conflictes i gaudir de la conviv\u00e8ncia.<br \/>\nEl nostre plantejament pedag\u00f2gic es basa en la creaci\u00f3 d\u2019un espai de migdia que<br \/>\navanci per ser cada vegada m\u00e9s inclusiu, concebut com un entorn on tots els infants<br \/>\npoden participar i aprendre en igualtat de condicions, rebent una resposta ajustada a<br \/>\nles seves necessitats.<br \/>\nEntenem la inclusi\u00f3 com aprendre a valorar les difer\u00e8ncies, que enriqueixen<br \/>\nl\u2019experi\u00e8ncia de tot l\u2019alumnat. La nostra mirada s\u2019enfoca en definir un espai migdia que<br \/>\npromogui la diversitat, la inclusi\u00f3 i el sentiment de pertinen\u00e7a a trav\u00e9s d\u2019activitats que<br \/>\nformen part del projecte Xcepcionals. Amb aquesta iniciativa pretenem avan\u00e7ar, pas a<br \/>\npas, per transformar el migdia en un espai m\u00e9s obert, respectu\u00f3s i inclusiu, que<br \/>\nrepercuteixi de forma positiva en el benestar d\u2019infants.<br \/>\nEn definitiva, el menjador \u00e9s molt m\u00e9s que un lloc per menjar: \u00e9s un espai educatiu on<br \/>\ncada migdia contribueix al desenvolupament personal i social dels infants.<\/p>\n<p style=\"text-align: center;\"><strong>Preus del servei de menjador<\/strong><br \/>\nServei fix mensual (3 o m\u00e9s dies a la semana): 7,54 \u20ac\/dia<br \/>\nServei espor\u00e0dic (dia puntual): 8,29 \u20ac\/dia<br \/>\nSi tens dubtes o necessites m\u00e9s informaci\u00f3, pots venir al menjador de l\u2019escola de 9 a<br \/>\n10 h o trucar al 648 55 93 86.<\/p>\n","protected":false},"excerpt":{"rendered":"<p>MEN\u00daS DEL 2n TRIMESTRE CURS 2025-2026 (basal) Un migdia ple d\u2019aprenentatges al menjador de Campos Estela Al menjador de Campos Estela, el migdia no \u00e9s nom\u00e9s l\u2019hora de menjar: \u00e9s un espai per cr\u00e9ixer, descobrir i compartir. Entre plats i rialles, els infants aprenen a ser m\u00e9s aut\u00f2noms i a respectar els altres. Cada dia, [&hellip;]<\/p>\n","protected":false},"author":1,"featured_media":0,"parent":66,"menu_order":30,"comment_status":"closed","ping_status":"closed","template":"","meta":{"_bbp_topic_count":0,"_bbp_reply_count":0,"_bbp_total_topic_count":0,"_bbp_total_reply_count":0,"_bbp_voice_count":0,"_bbp_anonymous_reply_count":0,"_bbp_topic_count_hidden":0,"_bbp_reply_count_hidden":0,"_bbp_forum_subforum_count":0,"site-sidebar-layout":"default","site-content-layout":"","ast-site-content-layout":"default","site-content-style":"default","site-sidebar-style":"default","ast-global-header-display":"","ast-banner-title-visibility":"","ast-main-header-display":"","ast-hfb-above-header-display":"","ast-hfb-below-header-display":"","ast-hfb-mobile-header-display":"","site-post-title":"","ast-breadcrumbs-content":"","ast-featured-img":"","footer-sml-layout":"","theme-transparent-header-meta":"default","adv-header-id-meta":"","stick-header-meta":"","header-above-stick-meta":"","header-main-stick-meta":"","header-below-stick-meta":"","astra-migrate-meta-layouts":"set","ast-page-background-enabled":"default","ast-page-background-meta":{"desktop":{"background-color":"var(--ast-global-color-4)","background-image":"","background-repeat":"repeat","background-position":"center center","background-size":"auto","background-attachment":"scroll","background-type":"","background-media":"","overlay-type":"","overlay-color":"","overlay-opacity":"","overlay-gradient":""},"tablet":{"background-color":"","background-image":"","background-repeat":"repeat","background-position":"center center","background-size":"auto","background-attachment":"scroll","background-type":"","background-media":"","overlay-type":"","overlay-color":"","overlay-opacity":"","overlay-gradient":""},"mobile":{"background-color":"","background-image":"","background-repeat":"repeat","background-position":"center center","background-size":"auto","background-attachment":"scroll","background-type":"","background-media":"","overlay-type":"","overlay-color":"","overlay-opacity":"","overlay-gradient":""}},"ast-content-background-meta":{"desktop":{"background-color":"var(--ast-global-color-5)","background-image":"","background-repeat":"repeat","background-position":"center center","background-size":"auto","background-attachment":"scroll","background-type":"","background-media":"","overlay-type":"","overlay-color":"","overlay-opacity":"","overlay-gradient":""},"tablet":{"background-color":"var(--ast-global-color-5)","background-image":"","background-repeat":"repeat","background-position":"center center","background-size":"auto","background-attachment":"scroll","background-type":"","background-media":"","overlay-type":"","overlay-color":"","overlay-opacity":"","overlay-gradient":""},"mobile":{"background-color":"var(--ast-global-color-5)","background-image":"","background-repeat":"repeat","background-position":"center center","background-size":"auto","background-attachment":"scroll","background-type":"","background-media":"","overlay-type":"","overlay-color":"","overlay-opacity":"","overlay-gradient":""}},"footnotes":""},"class_list":["post-73","page","type-page","status-publish","hentry"],"post_mailing_queue_ids":[],"_links":{"self":[{"href":"https:\/\/agora.xtec.cat\/escolamossencinto\/wp-json\/wp\/v2\/pages\/73","targetHints":{"allow":["GET"]}}],"collection":[{"href":"https:\/\/agora.xtec.cat\/escolamossencinto\/wp-json\/wp\/v2\/pages"}],"about":[{"href":"https:\/\/agora.xtec.cat\/escolamossencinto\/wp-json\/wp\/v2\/types\/page"}],"author":[{"embeddable":true,"href":"https:\/\/agora.xtec.cat\/escolamossencinto\/wp-json\/wp\/v2\/users\/1"}],"replies":[{"embeddable":true,"href":"https:\/\/agora.xtec.cat\/escolamossencinto\/wp-json\/wp\/v2\/comments?post=73"}],"version-history":[{"count":7,"href":"https:\/\/agora.xtec.cat\/escolamossencinto\/wp-json\/wp\/v2\/pages\/73\/revisions"}],"predecessor-version":[{"id":17904,"href":"https:\/\/agora.xtec.cat\/escolamossencinto\/wp-json\/wp\/v2\/pages\/73\/revisions\/17904"}],"up":[{"embeddable":true,"href":"https:\/\/agora.xtec.cat\/escolamossencinto\/wp-json\/wp\/v2\/pages\/66"}],"wp:attachment":[{"href":"https:\/\/agora.xtec.cat\/escolamossencinto\/wp-json\/wp\/v2\/media?parent=73"}],"curies":[{"name":"wp","href":"https:\/\/api.w.org\/{rel}","templated":true}]}}