{"id":64,"date":"2014-09-18T12:39:08","date_gmt":"2014-09-18T11:39:08","guid":{"rendered":"http:\/\/agora.xtec.cat\/escolamossencinto\/?page_id=64"},"modified":"2023-06-15T13:15:50","modified_gmt":"2023-06-15T11:15:50","slug":"projecte-educatiu","status":"publish","type":"page","link":"https:\/\/agora.xtec.cat\/escolamossencinto\/projectesdescola\/projecte-educatiu\/","title":{"rendered":"Projecte Educatiu"},"content":{"rendered":"<p>(\u00daltima versi\u00f3 2021)<\/p>\n<p>L\u2019escola Moss\u00e8n Cinto Verdaguer de Rub\u00ed \u00e9s una escola p\u00fablica, catalana, democr\u00e0tica, plural, coeducadora i inclusiva. Fomentem l\u2019esfor\u00e7 individual i el treball cooperatiu, oferim un servei educatiu integral que potencia totes les habilitats cognitives i socials i un esperit cr\u00edtic de l\u2019alumnat i de la resta de la comunitat educativa. \u00c9s a dir, que desenvolupa les capacitats o compet\u00e8ncies b\u00e0siques de l\u2019alumnat. Som una escola arrelada al barri i compromesa amb la cohesi\u00f3 social i l\u2019entorn mediambiental, alhora que fomentem la practica esportiva, el pluriling\u00fcisme i la multiculturalitat.<\/p>\n<p>L\u2019escola vol continuar atenent la diversitat, adequar les metodologies d\u2019ensenyamentaprenentatge a la realitat de cada infant per tal d\u2019arribar a assolir les capacitats o compet\u00e8ncies corresponents a la seva edat. Volem que sigui pluriling\u00fce. Obrir l\u2019escola a les fam\u00edlies i fomentar la seva participaci\u00f3 i la seva formaci\u00f3. Volem la integraci\u00f3 de les noves tecnologies per aconseguir que els membres de la nostra comunitat educativa siguin competents en les TAC. I ser una escola verda amb uns clars valors mediambientals.<\/p>\n<p style=\"text-align: center;\"><a href=\"https:\/\/drive.google.com\/file\/d\/1ww98DW0-0_CpxP7mKA6XytsGjtSDDZY2\/view?usp=share_link\">Si voleu veure el document cliqueu aqu\u00ed<\/a><\/p>\n<p style=\"text-align: left;\">\n","protected":false},"excerpt":{"rendered":"<p>(\u00daltima versi\u00f3 2021) L\u2019escola Moss\u00e8n Cinto Verdaguer de Rub\u00ed \u00e9s una escola p\u00fablica, catalana, democr\u00e0tica, plural, coeducadora i inclusiva. Fomentem l\u2019esfor\u00e7 individual i el treball cooperatiu, oferim un servei educatiu integral que potencia totes les habilitats cognitives i socials i un esperit cr\u00edtic de l\u2019alumnat i de la resta de la comunitat educativa. \u00c9s a [&hellip;]<\/p>\n","protected":false},"author":1,"featured_media":0,"parent":34,"menu_order":1,"comment_status":"closed","ping_status":"closed","template":"page-templates\/side-menu.php","meta":{"_bbp_topic_count":0,"_bbp_reply_count":0,"_bbp_total_topic_count":0,"_bbp_total_reply_count":0,"_bbp_voice_count":0,"_bbp_anonymous_reply_count":0,"_bbp_topic_count_hidden":0,"_bbp_reply_count_hidden":0,"_bbp_forum_subforum_count":0,"site-sidebar-layout":"default","site-content-layout":"","ast-site-content-layout":"","site-content-style":"default","site-sidebar-style":"default","ast-global-header-display":"","ast-banner-title-visibility":"","ast-main-header-display":"","ast-hfb-above-header-display":"","ast-hfb-below-header-display":"","ast-hfb-mobile-header-display":"","site-post-title":"","ast-breadcrumbs-content":"","ast-featured-img":"","footer-sml-layout":"","theme-transparent-header-meta":"","adv-header-id-meta":"","stick-header-meta":"","header-above-stick-meta":"","header-main-stick-meta":"","header-below-stick-meta":"","astra-migrate-meta-layouts":"default","ast-page-background-enabled":"default","ast-page-background-meta":{"desktop":{"background-color":"var(--ast-global-color-4)","background-image":"","background-repeat":"repeat","background-position":"center center","background-size":"auto","background-attachment":"scroll","background-type":"","background-media":"","overlay-type":"","overlay-color":"","overlay-opacity":"","overlay-gradient":""},"tablet":{"background-color":"","background-image":"","background-repeat":"repeat","background-position":"center center","background-size":"auto","background-attachment":"scroll","background-type":"","background-media":"","overlay-type":"","overlay-color":"","overlay-opacity":"","overlay-gradient":""},"mobile":{"background-color":"","background-image":"","background-repeat":"repeat","background-position":"center center","background-size":"auto","background-attachment":"scroll","background-type":"","background-media":"","overlay-type":"","overlay-color":"","overlay-opacity":"","overlay-gradient":""}},"ast-content-background-meta":{"desktop":{"background-color":"var(--ast-global-color-5)","background-image":"","background-repeat":"repeat","background-position":"center center","background-size":"auto","background-attachment":"scroll","background-type":"","background-media":"","overlay-type":"","overlay-color":"","overlay-opacity":"","overlay-gradient":""},"tablet":{"background-color":"var(--ast-global-color-5)","background-image":"","background-repeat":"repeat","background-position":"center center","background-size":"auto","background-attachment":"scroll","background-type":"","background-media":"","overlay-type":"","overlay-color":"","overlay-opacity":"","overlay-gradient":""},"mobile":{"background-color":"var(--ast-global-color-5)","background-image":"","background-repeat":"repeat","background-position":"center center","background-size":"auto","background-attachment":"scroll","background-type":"","background-media":"","overlay-type":"","overlay-color":"","overlay-opacity":"","overlay-gradient":""}},"footnotes":""},"class_list":["post-64","page","type-page","status-publish","hentry"],"post_mailing_queue_ids":[],"_links":{"self":[{"href":"https:\/\/agora.xtec.cat\/escolamossencinto\/wp-json\/wp\/v2\/pages\/64","targetHints":{"allow":["GET"]}}],"collection":[{"href":"https:\/\/agora.xtec.cat\/escolamossencinto\/wp-json\/wp\/v2\/pages"}],"about":[{"href":"https:\/\/agora.xtec.cat\/escolamossencinto\/wp-json\/wp\/v2\/types\/page"}],"author":[{"embeddable":true,"href":"https:\/\/agora.xtec.cat\/escolamossencinto\/wp-json\/wp\/v2\/users\/1"}],"replies":[{"embeddable":true,"href":"https:\/\/agora.xtec.cat\/escolamossencinto\/wp-json\/wp\/v2\/comments?post=64"}],"version-history":[{"count":4,"href":"https:\/\/agora.xtec.cat\/escolamossencinto\/wp-json\/wp\/v2\/pages\/64\/revisions"}],"predecessor-version":[{"id":16244,"href":"https:\/\/agora.xtec.cat\/escolamossencinto\/wp-json\/wp\/v2\/pages\/64\/revisions\/16244"}],"up":[{"embeddable":true,"href":"https:\/\/agora.xtec.cat\/escolamossencinto\/wp-json\/wp\/v2\/pages\/34"}],"wp:attachment":[{"href":"https:\/\/agora.xtec.cat\/escolamossencinto\/wp-json\/wp\/v2\/media?parent=64"}],"curies":[{"name":"wp","href":"https:\/\/api.w.org\/{rel}","templated":true}]}}