{"id":38,"date":"2014-09-18T12:34:08","date_gmt":"2014-09-18T11:34:08","guid":{"rendered":"http:\/\/agora.xtec.cat\/escolamossencinto\/?page_id=38"},"modified":"2026-02-10T15:41:29","modified_gmt":"2026-02-10T14:41:29","slug":"salut","status":"publish","type":"page","link":"https:\/\/agora.xtec.cat\/escolamossencinto\/lescola\/salut\/","title":{"rendered":"Salut"},"content":{"rendered":"<p><strong>Administraci\u00f3 de medicaments<\/strong><br \/>\n&#8211; Cal que el pare, mare o tutor legal porti una <strong>recepta<\/strong> o <strong>informe del metge<\/strong> en qu\u00e8 hi consti la pauta i el nom del medicament que ha de prendre.<br \/>\n&#8211; El pare, mare o tutor legal , ha de portar un <strong>escrit en qu\u00e8 demani i autoritzi que el personal del centre docent administri al fill\/a la medicaci\u00f3 prescrita<\/strong>.<br \/>\n&#8211; L&#8217;administraci\u00f3 de medicaments es far\u00e0 a casa sempre que sigui possible, fins i tot en el cas d&#8217;antibi\u00f2tics.<\/p>\n<p><strong>Polls<\/strong><br \/>\n&#8211; Cal que els pares vigilin la possible aparici\u00f3 d&#8217;ous.<br \/>\n&#8211; Prevenci\u00f3 (per a no contaminar els altres). S&#8217;haur\u00e0 de comunicar a l&#8217;escola quan en tinguin i a m\u00e9s a m\u00e9s seguir unes mesures higi\u00e8niques a casa.<br \/>\n&#8211; El Departament de Sanitat recomana que quan un infant estigui parasitat no assisteixi a l&#8217;escola fins que no segueixi i finalitzi el tractament.<\/p>\n<p>Us recordem que com a mesura preventiva cal mantenir el nen\/a a casa en cas de: febre, descomposici\u00f3, conjuntivitis o qualsevol altra circumst\u00e0ncia que pugui suposar\u00a0 el comen\u00e7ament o desenvolupament d\u2019una malaltia contagiosa .<\/p>\n","protected":false},"excerpt":{"rendered":"<p>Administraci\u00f3 de medicaments &#8211; Cal que el pare, mare o tutor legal porti una recepta o informe del metge en qu\u00e8 hi consti la pauta i el nom del medicament que ha de prendre. &#8211; El pare, mare o tutor legal , ha de portar un escrit en qu\u00e8 demani i autoritzi que el personal [&hellip;]<\/p>\n","protected":false},"author":1,"featured_media":0,"parent":22,"menu_order":80,"comment_status":"closed","ping_status":"closed","template":"","meta":{"_bbp_topic_count":0,"_bbp_reply_count":0,"_bbp_total_topic_count":0,"_bbp_total_reply_count":0,"_bbp_voice_count":0,"_bbp_anonymous_reply_count":0,"_bbp_topic_count_hidden":0,"_bbp_reply_count_hidden":0,"_bbp_forum_subforum_count":0,"site-sidebar-layout":"default","site-content-layout":"","ast-site-content-layout":"default","site-content-style":"default","site-sidebar-style":"default","ast-global-header-display":"","ast-banner-title-visibility":"","ast-main-header-display":"","ast-hfb-above-header-display":"","ast-hfb-below-header-display":"","ast-hfb-mobile-header-display":"","site-post-title":"","ast-breadcrumbs-content":"","ast-featured-img":"","footer-sml-layout":"","theme-transparent-header-meta":"default","adv-header-id-meta":"","stick-header-meta":"","header-above-stick-meta":"","header-main-stick-meta":"","header-below-stick-meta":"","astra-migrate-meta-layouts":"set","ast-page-background-enabled":"default","ast-page-background-meta":{"desktop":{"background-color":"var(--ast-global-color-4)","background-image":"","background-repeat":"repeat","background-position":"center center","background-size":"auto","background-attachment":"scroll","background-type":"","background-media":"","overlay-type":"","overlay-color":"","overlay-opacity":"","overlay-gradient":""},"tablet":{"background-color":"","background-image":"","background-repeat":"repeat","background-position":"center center","background-size":"auto","background-attachment":"scroll","background-type":"","background-media":"","overlay-type":"","overlay-color":"","overlay-opacity":"","overlay-gradient":""},"mobile":{"background-color":"","background-image":"","background-repeat":"repeat","background-position":"center center","background-size":"auto","background-attachment":"scroll","background-type":"","background-media":"","overlay-type":"","overlay-color":"","overlay-opacity":"","overlay-gradient":""}},"ast-content-background-meta":{"desktop":{"background-color":"var(--ast-global-color-5)","background-image":"","background-repeat":"repeat","background-position":"center center","background-size":"auto","background-attachment":"scroll","background-type":"","background-media":"","overlay-type":"","overlay-color":"","overlay-opacity":"","overlay-gradient":""},"tablet":{"background-color":"var(--ast-global-color-5)","background-image":"","background-repeat":"repeat","background-position":"center center","background-size":"auto","background-attachment":"scroll","background-type":"","background-media":"","overlay-type":"","overlay-color":"","overlay-opacity":"","overlay-gradient":""},"mobile":{"background-color":"var(--ast-global-color-5)","background-image":"","background-repeat":"repeat","background-position":"center center","background-size":"auto","background-attachment":"scroll","background-type":"","background-media":"","overlay-type":"","overlay-color":"","overlay-opacity":"","overlay-gradient":""}},"footnotes":""},"class_list":["post-38","page","type-page","status-publish","hentry"],"post_mailing_queue_ids":[],"_links":{"self":[{"href":"https:\/\/agora.xtec.cat\/escolamossencinto\/wp-json\/wp\/v2\/pages\/38","targetHints":{"allow":["GET"]}}],"collection":[{"href":"https:\/\/agora.xtec.cat\/escolamossencinto\/wp-json\/wp\/v2\/pages"}],"about":[{"href":"https:\/\/agora.xtec.cat\/escolamossencinto\/wp-json\/wp\/v2\/types\/page"}],"author":[{"embeddable":true,"href":"https:\/\/agora.xtec.cat\/escolamossencinto\/wp-json\/wp\/v2\/users\/1"}],"replies":[{"embeddable":true,"href":"https:\/\/agora.xtec.cat\/escolamossencinto\/wp-json\/wp\/v2\/comments?post=38"}],"version-history":[{"count":4,"href":"https:\/\/agora.xtec.cat\/escolamossencinto\/wp-json\/wp\/v2\/pages\/38\/revisions"}],"predecessor-version":[{"id":17844,"href":"https:\/\/agora.xtec.cat\/escolamossencinto\/wp-json\/wp\/v2\/pages\/38\/revisions\/17844"}],"up":[{"embeddable":true,"href":"https:\/\/agora.xtec.cat\/escolamossencinto\/wp-json\/wp\/v2\/pages\/22"}],"wp:attachment":[{"href":"https:\/\/agora.xtec.cat\/escolamossencinto\/wp-json\/wp\/v2\/media?parent=38"}],"curies":[{"name":"wp","href":"https:\/\/api.w.org\/{rel}","templated":true}]}}