{"id":26,"date":"2014-09-18T12:24:32","date_gmt":"2014-09-18T11:24:32","guid":{"rendered":"http:\/\/agora.xtec.cat\/escolamossencinto\/?page_id=26"},"modified":"2026-02-10T15:39:36","modified_gmt":"2026-02-10T14:39:36","slug":"historia","status":"publish","type":"page","link":"https:\/\/agora.xtec.cat\/escolamossencinto\/lescola\/historia\/","title":{"rendered":"Hist\u00f2ria"},"content":{"rendered":"<p>L&#8217;any 1977 l\u2019escola disposava nom\u00e9s de deu aules. Es deia 25 A\u00f1os de Paz (actual Pau Casals). Durant el curs 1978-79 una resoluci\u00f3 que surt publicada en el BOE del 11-10-78 li d\u00f3na l&#8217;autonomia i es converteix en el &#8220;Colegio Jacinto Verdaguer&#8221;, que anys despr\u00e9s es catalanitza com a <strong>CEIP Moss\u00e8n Cinto Verdaguer<\/strong>.<\/p>\n<p>En un principi l&#8217;escola va acollir infants que ja estaven escolaritzats en altres centres (Joan Maragall, el Pinar &#8230;). Es van arribar a utilitzar locals d&#8217;edificis particulars com a aules. Amb l&#8217;augment de matr\u00edcula va ser necessari ampliar l&#8217;escola i es va edificar a l&#8217;altre costat del carrer un edifici amb sis aules i un pati als baixos, que m\u00e9s tard es tancaria per fer-ne dues aules i un espai per a \u00fas de menjador. Amb la incorporaci\u00f3 dels P-3 a les escoles i amb l&#8217;augment d&#8217;habitatges als voltants, va haver-hi una altra ampliaci\u00f3: s\u2019hi va edificar un pis amb quatre aules i es va fer la uni\u00f3 dels dos edificis inicials. Tot i aquestes ampliacions, l&#8217;escola sempre ha estat mancada d\u2019espais i de serveis: la biblioteca, l&#8217;aula d\u2019inform\u00e0tica, el menjador, la sala de psicomotricitat, &#8230; anaven canviant d&#8217;ubicaci\u00f3 o s&#8217;anul\u2022laven segons les necessitats.<\/p>\n<p>\u00c9s en el curs 2007-2008 que, per primera vegada en 30 anys, es pot dir que tenim una escola com cal. Aquest fet ens ha de servir per motivar-nos a aconseguir que tots els nostres projectes avancin i s\u2019afermin amb il\u2022lusi\u00f3 i empenta.<\/p>\n","protected":false},"excerpt":{"rendered":"<p>L&#8217;any 1977 l\u2019escola disposava nom\u00e9s de deu aules. Es deia 25 A\u00f1os de Paz (actual Pau Casals). Durant el curs 1978-79 una resoluci\u00f3 que surt publicada en el BOE del 11-10-78 li d\u00f3na l&#8217;autonomia i es converteix en el &#8220;Colegio Jacinto Verdaguer&#8221;, que anys despr\u00e9s es catalanitza com a CEIP Moss\u00e8n Cinto Verdaguer. En un [&hellip;]<\/p>\n","protected":false},"author":1,"featured_media":0,"parent":22,"menu_order":20,"comment_status":"closed","ping_status":"closed","template":"","meta":{"_bbp_topic_count":0,"_bbp_reply_count":0,"_bbp_total_topic_count":0,"_bbp_total_reply_count":0,"_bbp_voice_count":0,"_bbp_anonymous_reply_count":0,"_bbp_topic_count_hidden":0,"_bbp_reply_count_hidden":0,"_bbp_forum_subforum_count":0,"site-sidebar-layout":"default","site-content-layout":"","ast-site-content-layout":"default","site-content-style":"default","site-sidebar-style":"default","ast-global-header-display":"","ast-banner-title-visibility":"","ast-main-header-display":"","ast-hfb-above-header-display":"","ast-hfb-below-header-display":"","ast-hfb-mobile-header-display":"","site-post-title":"","ast-breadcrumbs-content":"","ast-featured-img":"","footer-sml-layout":"","theme-transparent-header-meta":"default","adv-header-id-meta":"","stick-header-meta":"","header-above-stick-meta":"","header-main-stick-meta":"","header-below-stick-meta":"","astra-migrate-meta-layouts":"set","ast-page-background-enabled":"default","ast-page-background-meta":{"desktop":{"background-color":"var(--ast-global-color-4)","background-image":"","background-repeat":"repeat","background-position":"center center","background-size":"auto","background-attachment":"scroll","background-type":"","background-media":"","overlay-type":"","overlay-color":"","overlay-opacity":"","overlay-gradient":""},"tablet":{"background-color":"","background-image":"","background-repeat":"repeat","background-position":"center center","background-size":"auto","background-attachment":"scroll","background-type":"","background-media":"","overlay-type":"","overlay-color":"","overlay-opacity":"","overlay-gradient":""},"mobile":{"background-color":"","background-image":"","background-repeat":"repeat","background-position":"center center","background-size":"auto","background-attachment":"scroll","background-type":"","background-media":"","overlay-type":"","overlay-color":"","overlay-opacity":"","overlay-gradient":""}},"ast-content-background-meta":{"desktop":{"background-color":"var(--ast-global-color-5)","background-image":"","background-repeat":"repeat","background-position":"center center","background-size":"auto","background-attachment":"scroll","background-type":"","background-media":"","overlay-type":"","overlay-color":"","overlay-opacity":"","overlay-gradient":""},"tablet":{"background-color":"var(--ast-global-color-5)","background-image":"","background-repeat":"repeat","background-position":"center center","background-size":"auto","background-attachment":"scroll","background-type":"","background-media":"","overlay-type":"","overlay-color":"","overlay-opacity":"","overlay-gradient":""},"mobile":{"background-color":"var(--ast-global-color-5)","background-image":"","background-repeat":"repeat","background-position":"center center","background-size":"auto","background-attachment":"scroll","background-type":"","background-media":"","overlay-type":"","overlay-color":"","overlay-opacity":"","overlay-gradient":""}},"footnotes":""},"class_list":["post-26","page","type-page","status-publish","hentry"],"post_mailing_queue_ids":[],"_links":{"self":[{"href":"https:\/\/agora.xtec.cat\/escolamossencinto\/wp-json\/wp\/v2\/pages\/26","targetHints":{"allow":["GET"]}}],"collection":[{"href":"https:\/\/agora.xtec.cat\/escolamossencinto\/wp-json\/wp\/v2\/pages"}],"about":[{"href":"https:\/\/agora.xtec.cat\/escolamossencinto\/wp-json\/wp\/v2\/types\/page"}],"author":[{"embeddable":true,"href":"https:\/\/agora.xtec.cat\/escolamossencinto\/wp-json\/wp\/v2\/users\/1"}],"replies":[{"embeddable":true,"href":"https:\/\/agora.xtec.cat\/escolamossencinto\/wp-json\/wp\/v2\/comments?post=26"}],"version-history":[{"count":6,"href":"https:\/\/agora.xtec.cat\/escolamossencinto\/wp-json\/wp\/v2\/pages\/26\/revisions"}],"predecessor-version":[{"id":17843,"href":"https:\/\/agora.xtec.cat\/escolamossencinto\/wp-json\/wp\/v2\/pages\/26\/revisions\/17843"}],"up":[{"embeddable":true,"href":"https:\/\/agora.xtec.cat\/escolamossencinto\/wp-json\/wp\/v2\/pages\/22"}],"wp:attachment":[{"href":"https:\/\/agora.xtec.cat\/escolamossencinto\/wp-json\/wp\/v2\/media?parent=26"}],"curies":[{"name":"wp","href":"https:\/\/api.w.org\/{rel}","templated":true}]}}