{"id":203,"date":"2016-01-20T21:09:03","date_gmt":"2016-01-20T20:09:03","guid":{"rendered":"http:\/\/agora.xtec.cat\/escolamossencinto\/?page_id=203"},"modified":"2026-02-19T09:42:28","modified_gmt":"2026-02-19T08:42:28","slug":"documents","status":"publish","type":"page","link":"https:\/\/agora.xtec.cat\/escolamossencinto\/secretaria\/documents\/","title":{"rendered":"Documents Matr\u00edcula"},"content":{"rendered":"<p>A continuaci\u00f3 trobareu tota la documentaci\u00f3 relacionada amb la matriculaci\u00f3 del vostre fill o filla, podeu descarregar-los i imprimir-los si ho necessiteu:<\/p>\n<p style=\"text-align: center;\"><a href=\"https:\/\/drive.google.com\/file\/d\/1r8NyPeMmqnoXX5cg60TvNjuympnS5cTg\/view?usp=sharing\" target=\"_blank\" rel=\"noopener\">Autoritzaci\u00f3 recollir infants Comunitat Petits<\/a><\/p>\n<p style=\"text-align: center;\"><a href=\"https:\/\/drive.google.com\/file\/d\/1tnr1uJOWLpOwC_oQOgXT001KGYqn8Bi4\/view?usp=sharing\" target=\"_blank\" rel=\"noopener\">Religi\u00f3 \/ Valors alumnat de nou ingr\u00e9s<\/a><\/p>\n<p style=\"text-align: center;\"><a href=\"https:\/\/drive.google.com\/file\/d\/1mN9lp-KbMflcQlHi92aRy83SoLvMaZ3x\/view?usp=sharing\" target=\"_blank\" rel=\"noopener\">Actualitzaci\u00f3 dades de l&#8217;infant<\/a><\/p>\n<p style=\"text-align: center;\"><a href=\"https:\/\/drive.google.com\/file\/d\/1DHVbJGocfaWDqBcSlK6SWoudKWJPvg3A\/view?usp=sharing\" target=\"_blank\" rel=\"noopener\">Autoritzaci\u00f3 sortides dins de Rub\u00ed<\/a><\/p>\n<p style=\"text-align: center;\"><a href=\"https:\/\/drive.google.com\/file\/d\/1ZcJ-ylgZLO-gKY3BUdm06GYU1nMXyFTi\/view?usp=sharing\" target=\"_blank\" rel=\"noopener\">Autoritzaci\u00f3 medicaments escola<\/a><\/p>\n<p style=\"text-align: center;\"><a href=\"https:\/\/drive.google.com\/file\/d\/1FNe8hfz3-aXRguUfB1lklGeDFt40unx3\/view?usp=sharing\" target=\"_blank\" rel=\"noopener\">Autoritzaci\u00f3 relativa als alumnes menors de 14 anys: \u00fas d\u2019imatges, publicaci\u00f3 de dades de<\/a><br \/>\n<a href=\"https:\/\/drive.google.com\/file\/d\/1FNe8hfz3-aXRguUfB1lklGeDFt40unx3\/view?usp=sharing\" target=\"_blank\" rel=\"noopener\">car\u00e0cter personal i de material que elaboren.<\/a><\/p>\n<p style=\"text-align: center;\"><a href=\"https:\/\/drive.google.com\/file\/d\/1xGYUViOcz6tiO--tngSBc8h7yAnXqao9\/view?usp=sharing\" target=\"_blank\" rel=\"noopener\">Autoritzaci\u00f3 relativa als alumnes de menys de 14 anys: \u00fas de serveis i recursos digitals a Internet<\/a><br \/>\n<a href=\"https:\/\/drive.google.com\/file\/d\/1xGYUViOcz6tiO--tngSBc8h7yAnXqao9\/view\" target=\"_blank\" rel=\"noopener\">per treballar a l\u2019aula.<\/a><\/p>\n<p style=\"text-align: center;\"><a href=\"https:\/\/drive.google.com\/file\/d\/1IbuoONOss02cW2fe3ZLaZMwM_0FGtBc6\/view?usp=sharing\" target=\"_blank\" rel=\"noopener\">Autoritzaci\u00f3 sortida infant sol\/a<\/a><\/p>\n<p style=\"text-align: center;\"><a href=\"https:\/\/drive.google.com\/file\/d\/1Yr8g6nJsddg_fMr029QAQ0Ro--qhIgsJ\/view?usp=sharing\" target=\"_blank\" rel=\"noopener\">Carta de comprom\u00eds educatiu<\/a><\/p>\n<p style=\"text-align: center;\"><a href=\"https:\/\/drive.google.com\/file\/d\/11nneWsHc2sHGs_syWNQJK2cP3Mhn4X7M\/view?usp=sharing\" target=\"_blank\" rel=\"noopener\">Dades m\u00e8diques<\/a><\/p>\n<p style=\"text-align: center;\"><a href=\"https:\/\/drive.google.com\/file\/d\/1eRXc8fMoWsvyzk6owNG8gq034_tttw38\/view?usp=sharing\" target=\"_blank\" rel=\"noopener\">Declaraci\u00f3 responsable dades domicili<\/a><\/p>\n<p style=\"text-align: center;\"><a href=\"https:\/\/drive.google.com\/file\/d\/1TUCYEzQlxmJSi5HaAHM_UcODtkcsPhsS\/view?usp=sharing\" target=\"_blank\" rel=\"noopener\">Full de dades personals<\/a><\/p>\n","protected":false},"excerpt":{"rendered":"<p>A continuaci\u00f3 trobareu tota la documentaci\u00f3 relacionada amb la matriculaci\u00f3 del vostre fill o filla, podeu descarregar-los i imprimir-los si ho necessiteu: Autoritzaci\u00f3 recollir infants Comunitat Petits Religi\u00f3 \/ Valors alumnat de nou ingr\u00e9s Actualitzaci\u00f3 dades de l&#8217;infant Autoritzaci\u00f3 sortides dins de Rub\u00ed Autoritzaci\u00f3 medicaments escola Autoritzaci\u00f3 relativa als alumnes menors de 14 anys: \u00fas [&hellip;]<\/p>\n","protected":false},"author":1,"featured_media":0,"parent":286,"menu_order":30,"comment_status":"closed","ping_status":"closed","template":"","meta":{"_bbp_topic_count":0,"_bbp_reply_count":0,"_bbp_total_topic_count":0,"_bbp_total_reply_count":0,"_bbp_voice_count":0,"_bbp_anonymous_reply_count":0,"_bbp_topic_count_hidden":0,"_bbp_reply_count_hidden":0,"_bbp_forum_subforum_count":0,"site-sidebar-layout":"default","site-content-layout":"","ast-site-content-layout":"default","site-content-style":"default","site-sidebar-style":"default","ast-global-header-display":"","ast-banner-title-visibility":"","ast-main-header-display":"","ast-hfb-above-header-display":"","ast-hfb-below-header-display":"","ast-hfb-mobile-header-display":"","site-post-title":"","ast-breadcrumbs-content":"","ast-featured-img":"","footer-sml-layout":"","theme-transparent-header-meta":"default","adv-header-id-meta":"","stick-header-meta":"","header-above-stick-meta":"","header-main-stick-meta":"","header-below-stick-meta":"","astra-migrate-meta-layouts":"set","ast-page-background-enabled":"default","ast-page-background-meta":{"desktop":{"background-color":"var(--ast-global-color-4)","background-image":"","background-repeat":"repeat","background-position":"center center","background-size":"auto","background-attachment":"scroll","background-type":"","background-media":"","overlay-type":"","overlay-color":"","overlay-opacity":"","overlay-gradient":""},"tablet":{"background-color":"","background-image":"","background-repeat":"repeat","background-position":"center center","background-size":"auto","background-attachment":"scroll","background-type":"","background-media":"","overlay-type":"","overlay-color":"","overlay-opacity":"","overlay-gradient":""},"mobile":{"background-color":"","background-image":"","background-repeat":"repeat","background-position":"center center","background-size":"auto","background-attachment":"scroll","background-type":"","background-media":"","overlay-type":"","overlay-color":"","overlay-opacity":"","overlay-gradient":""}},"ast-content-background-meta":{"desktop":{"background-color":"var(--ast-global-color-5)","background-image":"","background-repeat":"repeat","background-position":"center center","background-size":"auto","background-attachment":"scroll","background-type":"","background-media":"","overlay-type":"","overlay-color":"","overlay-opacity":"","overlay-gradient":""},"tablet":{"background-color":"var(--ast-global-color-5)","background-image":"","background-repeat":"repeat","background-position":"center center","background-size":"auto","background-attachment":"scroll","background-type":"","background-media":"","overlay-type":"","overlay-color":"","overlay-opacity":"","overlay-gradient":""},"mobile":{"background-color":"var(--ast-global-color-5)","background-image":"","background-repeat":"repeat","background-position":"center center","background-size":"auto","background-attachment":"scroll","background-type":"","background-media":"","overlay-type":"","overlay-color":"","overlay-opacity":"","overlay-gradient":""}},"footnotes":""},"class_list":["post-203","page","type-page","status-publish","hentry"],"post_mailing_queue_ids":[],"_links":{"self":[{"href":"https:\/\/agora.xtec.cat\/escolamossencinto\/wp-json\/wp\/v2\/pages\/203","targetHints":{"allow":["GET"]}}],"collection":[{"href":"https:\/\/agora.xtec.cat\/escolamossencinto\/wp-json\/wp\/v2\/pages"}],"about":[{"href":"https:\/\/agora.xtec.cat\/escolamossencinto\/wp-json\/wp\/v2\/types\/page"}],"author":[{"embeddable":true,"href":"https:\/\/agora.xtec.cat\/escolamossencinto\/wp-json\/wp\/v2\/users\/1"}],"replies":[{"embeddable":true,"href":"https:\/\/agora.xtec.cat\/escolamossencinto\/wp-json\/wp\/v2\/comments?post=203"}],"version-history":[{"count":7,"href":"https:\/\/agora.xtec.cat\/escolamossencinto\/wp-json\/wp\/v2\/pages\/203\/revisions"}],"predecessor-version":[{"id":17887,"href":"https:\/\/agora.xtec.cat\/escolamossencinto\/wp-json\/wp\/v2\/pages\/203\/revisions\/17887"}],"up":[{"embeddable":true,"href":"https:\/\/agora.xtec.cat\/escolamossencinto\/wp-json\/wp\/v2\/pages\/286"}],"wp:attachment":[{"href":"https:\/\/agora.xtec.cat\/escolamossencinto\/wp-json\/wp\/v2\/media?parent=203"}],"curies":[{"name":"wp","href":"https:\/\/api.w.org\/{rel}","templated":true}]}}