{"id":16256,"date":"2023-06-20T12:51:08","date_gmt":"2023-06-20T10:51:08","guid":{"rendered":"https:\/\/agora.xtec.cat\/escolamossencinto\/?page_id=16256"},"modified":"2026-02-10T22:50:25","modified_gmt":"2026-02-10T21:50:25","slug":"afa","status":"publish","type":"page","link":"https:\/\/agora.xtec.cat\/escolamossencinto\/afa\/","title":{"rendered":"AFA"},"content":{"rendered":"<p>Benvingudes i benvinguts a l&#8217;<strong>Associaci\u00f3 de Fam\u00edlies d&#8217;Alumnes (AFA)<\/strong> de l&#8217;escola.<\/p>\n<p>Aqu\u00ed trobareu informacions i documents d&#8217;inter\u00e8s.<\/p>\n<p style=\"text-align: center;\"><a href=\"https:\/\/drive.google.com\/file\/d\/1lzKpeIgkLBtlMXu4rldlsMEsjRMitPPP\/view?usp=drive_link\" target=\"_blank\" rel=\"noopener\">Circular AFA 2025-2026<\/a><\/p>\n<p style=\"text-align: center;\"><a href=\"https:\/\/drive.google.com\/file\/d\/15vN9FIshGRfRJGhaxqVag7MBhS5RvZfd\/view?usp=sharing\" target=\"_blank\" rel=\"noopener\">Cat\u00e0leg d&#8217;extraescolars 2025-2026<\/a><\/p>\n<p style=\"text-align: center;\"><a href=\"https:\/\/drive.google.com\/file\/d\/1GwOw64UeUceAgN8E_GrYTFrBok7KndgC\/view?usp=drive_link\" target=\"_blank\" rel=\"noopener\">Graella extraescolars 2025-2026<\/a><\/p>\n<p style=\"text-align: center;\"><a href=\"https:\/\/drive.google.com\/file\/d\/1lKO_FNgEl2vnBZvXUELqRnwR5EabtyI3\/view?usp=drive_link\" target=\"_blank\" rel=\"noopener\">Preus extraescolars 2025-2026<\/a><\/p>\n<p style=\"text-align: center;\"><a href=\"https:\/\/drive.google.com\/file\/d\/1zsvC15ppsAYBxWVg8GZ1fwAToOKLj848\/view?usp=drive_link\" target=\"_blank\" rel=\"noopener\">Autoritzacions extraescolars 2025-2026<\/a><\/p>\n<p>&nbsp;<\/p>\n","protected":false},"excerpt":{"rendered":"<p>Benvingudes i benvinguts a l&#8217;Associaci\u00f3 de Fam\u00edlies d&#8217;Alumnes (AFA) de l&#8217;escola. Aqu\u00ed trobareu informacions i documents d&#8217;inter\u00e8s. Circular AFA 2025-2026 Cat\u00e0leg d&#8217;extraescolars 2025-2026 Graella extraescolars 2025-2026 Preus extraescolars 2025-2026 Autoritzacions extraescolars 2025-2026 &nbsp;<\/p>\n","protected":false},"author":1,"featured_media":0,"parent":0,"menu_order":1,"comment_status":"closed","ping_status":"closed","template":"","meta":{"_bbp_topic_count":0,"_bbp_reply_count":0,"_bbp_total_topic_count":0,"_bbp_total_reply_count":0,"_bbp_voice_count":0,"_bbp_anonymous_reply_count":0,"_bbp_topic_count_hidden":0,"_bbp_reply_count_hidden":0,"_bbp_forum_subforum_count":0,"site-sidebar-layout":"left-sidebar","site-content-layout":"","ast-site-content-layout":"default","site-content-style":"default","site-sidebar-style":"default","ast-global-header-display":"","ast-banner-title-visibility":"","ast-main-header-display":"","ast-hfb-above-header-display":"","ast-hfb-below-header-display":"","ast-hfb-mobile-header-display":"","site-post-title":"","ast-breadcrumbs-content":"","ast-featured-img":"","footer-sml-layout":"","theme-transparent-header-meta":"default","adv-header-id-meta":"","stick-header-meta":"","header-above-stick-meta":"","header-main-stick-meta":"","header-below-stick-meta":"","astra-migrate-meta-layouts":"set","ast-page-background-enabled":"default","ast-page-background-meta":{"desktop":{"background-color":"var(--ast-global-color-4)","background-image":"","background-repeat":"repeat","background-position":"center center","background-size":"auto","background-attachment":"scroll","background-type":"","background-media":"","overlay-type":"","overlay-color":"","overlay-opacity":"","overlay-gradient":""},"tablet":{"background-color":"","background-image":"","background-repeat":"repeat","background-position":"center center","background-size":"auto","background-attachment":"scroll","background-type":"","background-media":"","overlay-type":"","overlay-color":"","overlay-opacity":"","overlay-gradient":""},"mobile":{"background-color":"","background-image":"","background-repeat":"repeat","background-position":"center center","background-size":"auto","background-attachment":"scroll","background-type":"","background-media":"","overlay-type":"","overlay-color":"","overlay-opacity":"","overlay-gradient":""}},"ast-content-background-meta":{"desktop":{"background-color":"var(--ast-global-color-5)","background-image":"","background-repeat":"repeat","background-position":"center center","background-size":"auto","background-attachment":"scroll","background-type":"","background-media":"","overlay-type":"","overlay-color":"","overlay-opacity":"","overlay-gradient":""},"tablet":{"background-color":"var(--ast-global-color-5)","background-image":"","background-repeat":"repeat","background-position":"center center","background-size":"auto","background-attachment":"scroll","background-type":"","background-media":"","overlay-type":"","overlay-color":"","overlay-opacity":"","overlay-gradient":""},"mobile":{"background-color":"var(--ast-global-color-5)","background-image":"","background-repeat":"repeat","background-position":"center center","background-size":"auto","background-attachment":"scroll","background-type":"","background-media":"","overlay-type":"","overlay-color":"","overlay-opacity":"","overlay-gradient":""}},"footnotes":""},"class_list":["post-16256","page","type-page","status-publish","hentry"],"post_mailing_queue_ids":[],"_links":{"self":[{"href":"https:\/\/agora.xtec.cat\/escolamossencinto\/wp-json\/wp\/v2\/pages\/16256","targetHints":{"allow":["GET"]}}],"collection":[{"href":"https:\/\/agora.xtec.cat\/escolamossencinto\/wp-json\/wp\/v2\/pages"}],"about":[{"href":"https:\/\/agora.xtec.cat\/escolamossencinto\/wp-json\/wp\/v2\/types\/page"}],"author":[{"embeddable":true,"href":"https:\/\/agora.xtec.cat\/escolamossencinto\/wp-json\/wp\/v2\/users\/1"}],"replies":[{"embeddable":true,"href":"https:\/\/agora.xtec.cat\/escolamossencinto\/wp-json\/wp\/v2\/comments?post=16256"}],"version-history":[{"count":6,"href":"https:\/\/agora.xtec.cat\/escolamossencinto\/wp-json\/wp\/v2\/pages\/16256\/revisions"}],"predecessor-version":[{"id":17835,"href":"https:\/\/agora.xtec.cat\/escolamossencinto\/wp-json\/wp\/v2\/pages\/16256\/revisions\/17835"}],"wp:attachment":[{"href":"https:\/\/agora.xtec.cat\/escolamossencinto\/wp-json\/wp\/v2\/media?parent=16256"}],"curies":[{"name":"wp","href":"https:\/\/api.w.org\/{rel}","templated":true}]}}