{"id":813,"date":"2019-12-14T12:58:06","date_gmt":"2019-12-14T11:58:06","guid":{"rendered":"https:\/\/agora.xtec.cat\/escolamontserratsola\/?page_id=813"},"modified":"2025-01-03T16:53:15","modified_gmt":"2025-01-03T15:53:15","slug":"com-arribar-hi","status":"publish","type":"page","link":"https:\/\/agora.xtec.cat\/escolamontserratsola\/lescola\/com-arribar-hi\/","title":{"rendered":"Com arribar-hi"},"content":{"rendered":"<h4><strong>Recomanacions a favor d&#8217;un model de mobilitat m\u00e9s sostenible i saludable<\/strong><\/h4>\n<ul>\n<li>Podeu venir a l&#8217;escola a peu o amb vehicle sense motor.<\/li>\n<li>Podeu coordinar l&#8217;anar a l&#8217;escola i la tornada amb altres fam\u00edlies amb la idea de fer d&#8217;acompanyant d&#8217;un grup de nenes i de nens.<\/li>\n<li>Podeu fer \u00fas del transport p\u00fablic. Les l\u00ednies del Matar\u00f3 Bus 3 i 8 tenen parada propera a l&#8217;escola, a la Ronda Cervantes i al carrer Floridablanca, respectivament.<\/li>\n<li>Podeu compartir el cotxe privat amb altres fam\u00edlies per reduir l&#8217;impacte de vehicles durant els moments d&#8217;entrada i sortida de l&#8217;escola.<\/li>\n<\/ul>\n<h4><strong>L&#8217;estacionament:<\/strong><\/h4>\n<ul>\n<li>Hi ha habilitades diverses zones de c\u00e0rrega i desc\u00e0rrega per la zona. La m\u00e9s propera est\u00e0 al carrer Sol\u00eds (just davant de la porta principal de l&#8217;escola).<\/li>\n<li>Eviteu estacionar o fer aturades en el gual i contragual del carrer Enric Granados (entre Sol\u00eds i Herrera) i en passos de vianants.<\/li>\n<\/ul>\n","protected":false},"excerpt":{"rendered":"<p>Recomanacions a favor d&#8217;un model de mobilitat m\u00e9s sostenible i saludable Podeu venir a l&#8217;escola a peu o amb vehicle sense motor. Podeu coordinar l&#8217;anar a l&#8217;escola i la tornada amb altres fam\u00edlies amb la idea de fer d&#8217;acompanyant d&#8217;un grup de nenes i de nens. Podeu fer \u00fas del transport p\u00fablic. Les l\u00ednies del [&hellip;]<\/p>\n","protected":false},"author":1,"featured_media":0,"parent":22,"menu_order":2,"comment_status":"closed","ping_status":"closed","template":"page-templates\/side-menu.php","meta":{"_bbp_topic_count":0,"_bbp_reply_count":0,"_bbp_total_topic_count":0,"_bbp_total_reply_count":0,"_bbp_voice_count":0,"_bbp_anonymous_reply_count":0,"_bbp_topic_count_hidden":0,"_bbp_reply_count_hidden":0,"_bbp_forum_subforum_count":0,"site-sidebar-layout":"default","site-content-layout":"","ast-site-content-layout":"","site-content-style":"default","site-sidebar-style":"default","ast-global-header-display":"","ast-banner-title-visibility":"","ast-main-header-display":"","ast-hfb-above-header-display":"","ast-hfb-below-header-display":"","ast-hfb-mobile-header-display":"","site-post-title":"","ast-breadcrumbs-content":"","ast-featured-img":"","footer-sml-layout":"","theme-transparent-header-meta":"","adv-header-id-meta":"","stick-header-meta":"","header-above-stick-meta":"","header-main-stick-meta":"","header-below-stick-meta":"","astra-migrate-meta-layouts":"default","ast-page-background-enabled":"default","ast-page-background-meta":{"desktop":{"background-color":"var(--ast-global-color-4)","background-image":"","background-repeat":"repeat","background-position":"center center","background-size":"auto","background-attachment":"scroll","background-type":"","background-media":"","overlay-type":"","overlay-color":"","overlay-opacity":"","overlay-gradient":""},"tablet":{"background-color":"","background-image":"","background-repeat":"repeat","background-position":"center center","background-size":"auto","background-attachment":"scroll","background-type":"","background-media":"","overlay-type":"","overlay-color":"","overlay-opacity":"","overlay-gradient":""},"mobile":{"background-color":"","background-image":"","background-repeat":"repeat","background-position":"center center","background-size":"auto","background-attachment":"scroll","background-type":"","background-media":"","overlay-type":"","overlay-color":"","overlay-opacity":"","overlay-gradient":""}},"ast-content-background-meta":{"desktop":{"background-color":"var(--ast-global-color-5)","background-image":"","background-repeat":"repeat","background-position":"center center","background-size":"auto","background-attachment":"scroll","background-type":"","background-media":"","overlay-type":"","overlay-color":"","overlay-opacity":"","overlay-gradient":""},"tablet":{"background-color":"var(--ast-global-color-5)","background-image":"","background-repeat":"repeat","background-position":"center center","background-size":"auto","background-attachment":"scroll","background-type":"","background-media":"","overlay-type":"","overlay-color":"","overlay-opacity":"","overlay-gradient":""},"mobile":{"background-color":"var(--ast-global-color-5)","background-image":"","background-repeat":"repeat","background-position":"center center","background-size":"auto","background-attachment":"scroll","background-type":"","background-media":"","overlay-type":"","overlay-color":"","overlay-opacity":"","overlay-gradient":""}},"footnotes":""},"class_list":["post-813","page","type-page","status-publish","hentry"],"post_mailing_queue_ids":[],"_links":{"self":[{"href":"https:\/\/agora.xtec.cat\/escolamontserratsola\/wp-json\/wp\/v2\/pages\/813","targetHints":{"allow":["GET"]}}],"collection":[{"href":"https:\/\/agora.xtec.cat\/escolamontserratsola\/wp-json\/wp\/v2\/pages"}],"about":[{"href":"https:\/\/agora.xtec.cat\/escolamontserratsola\/wp-json\/wp\/v2\/types\/page"}],"author":[{"embeddable":true,"href":"https:\/\/agora.xtec.cat\/escolamontserratsola\/wp-json\/wp\/v2\/users\/1"}],"replies":[{"embeddable":true,"href":"https:\/\/agora.xtec.cat\/escolamontserratsola\/wp-json\/wp\/v2\/comments?post=813"}],"version-history":[{"count":3,"href":"https:\/\/agora.xtec.cat\/escolamontserratsola\/wp-json\/wp\/v2\/pages\/813\/revisions"}],"predecessor-version":[{"id":4151,"href":"https:\/\/agora.xtec.cat\/escolamontserratsola\/wp-json\/wp\/v2\/pages\/813\/revisions\/4151"}],"up":[{"embeddable":true,"href":"https:\/\/agora.xtec.cat\/escolamontserratsola\/wp-json\/wp\/v2\/pages\/22"}],"wp:attachment":[{"href":"https:\/\/agora.xtec.cat\/escolamontserratsola\/wp-json\/wp\/v2\/media?parent=813"}],"curies":[{"name":"wp","href":"https:\/\/api.w.org\/{rel}","templated":true}]}}