{"id":791,"date":"2019-12-14T11:53:29","date_gmt":"2019-12-14T10:53:29","guid":{"rendered":"https:\/\/agora.xtec.cat\/escolamontserratsola\/?page_id=791"},"modified":"2021-08-04T18:10:21","modified_gmt":"2021-08-04T16:10:21","slug":"les-families","status":"publish","type":"page","link":"https:\/\/agora.xtec.cat\/escolamontserratsola\/lescola\/qui-som\/les-families\/","title":{"rendered":"Les fam\u00edlies"},"content":{"rendered":"<p>Tots els pares i totes les mares formen part de la comunitat educativa. Cadasc\u00fa, en funci\u00f3 de les pr\u00f2pies possibilitats, pot decidir com col\u00b7laborar en la vida de l\u2019escola:<\/p>\n<ul>\n<li>Assistint a les <a href=\"http:\/\/escolamontserratsola.cat\/web\/index.php\/documents\/actes-assemblees\/\" target=\"_blank\" rel=\"noopener noreferrer\">Assemblees<\/a> i aportant opinions, presentant propostes, etc. L\u2019assemblea \u00e9s el m\u00e0xim \u00f2rgan de participaci\u00f3 i decisi\u00f3. De manera ordin\u00e0ria es convoca un cop al trimestre i poden assistir-hi de ple totes les mares i pares de l\u2019escola.<\/li>\n<li>Com a membre de la Junta gestora de <a href=\"http:\/\/escolamontserratsola.cat\/web\/index.php\/families\/ampa-families\/\" target=\"_blank\" rel=\"noopener noreferrer\">l&#8217;AFA<\/a>, escollida per l\u2019Assemblea.<\/li>\n<li>Com a representant de les fam\u00edlies en el Consell Escolar.<\/li>\n<li>Participant en alguna de les vocalies i\u00a0<a href=\"http:\/\/escolamontserratsola.cat\/web\/index.php\/families\/comissions\/\" target=\"_blank\" rel=\"noopener noreferrer\">comissions de treball<\/a>.<\/li>\n<li>Com a representants de les fam\u00edlies d\u2019un grup.<\/li>\n<li>I puntualment en alguna de les activitats que s\u2019organitzen.<\/li>\n<\/ul>\n<p>Per saber-ne m\u00e9s, trobareu tota la informaci\u00f3 en l\u2019apartat\u00a0<a href=\"http:\/\/escolamontserratsola.cat\/web\/\" target=\"_blank\" rel=\"noopener noreferrer\">Fam\u00edlies<\/a>\u00a0(en la part superior dreta de la web).<\/p>\n","protected":false},"excerpt":{"rendered":"<p>Tots els pares i totes les mares formen part de la comunitat educativa. Cadasc\u00fa, en funci\u00f3 de les pr\u00f2pies possibilitats, pot decidir com col\u00b7laborar en la vida de l\u2019escola: Assistint a les Assemblees i aportant opinions, presentant propostes, etc. L\u2019assemblea \u00e9s el m\u00e0xim \u00f2rgan de participaci\u00f3 i decisi\u00f3. De manera ordin\u00e0ria es convoca un cop [&hellip;]<\/p>\n","protected":false},"author":1,"featured_media":0,"parent":785,"menu_order":4,"comment_status":"closed","ping_status":"closed","template":"page-templates\/side-menu.php","meta":{"_bbp_topic_count":0,"_bbp_reply_count":0,"_bbp_total_topic_count":0,"_bbp_total_reply_count":0,"_bbp_voice_count":0,"_bbp_anonymous_reply_count":0,"_bbp_topic_count_hidden":0,"_bbp_reply_count_hidden":0,"_bbp_forum_subforum_count":0,"site-sidebar-layout":"default","site-content-layout":"","ast-site-content-layout":"","site-content-style":"default","site-sidebar-style":"default","ast-global-header-display":"","ast-banner-title-visibility":"","ast-main-header-display":"","ast-hfb-above-header-display":"","ast-hfb-below-header-display":"","ast-hfb-mobile-header-display":"","site-post-title":"","ast-breadcrumbs-content":"","ast-featured-img":"","footer-sml-layout":"","theme-transparent-header-meta":"","adv-header-id-meta":"","stick-header-meta":"","header-above-stick-meta":"","header-main-stick-meta":"","header-below-stick-meta":"","astra-migrate-meta-layouts":"default","ast-page-background-enabled":"default","ast-page-background-meta":{"desktop":{"background-color":"var(--ast-global-color-4)","background-image":"","background-repeat":"repeat","background-position":"center center","background-size":"auto","background-attachment":"scroll","background-type":"","background-media":"","overlay-type":"","overlay-color":"","overlay-opacity":"","overlay-gradient":""},"tablet":{"background-color":"","background-image":"","background-repeat":"repeat","background-position":"center center","background-size":"auto","background-attachment":"scroll","background-type":"","background-media":"","overlay-type":"","overlay-color":"","overlay-opacity":"","overlay-gradient":""},"mobile":{"background-color":"","background-image":"","background-repeat":"repeat","background-position":"center center","background-size":"auto","background-attachment":"scroll","background-type":"","background-media":"","overlay-type":"","overlay-color":"","overlay-opacity":"","overlay-gradient":""}},"ast-content-background-meta":{"desktop":{"background-color":"var(--ast-global-color-5)","background-image":"","background-repeat":"repeat","background-position":"center center","background-size":"auto","background-attachment":"scroll","background-type":"","background-media":"","overlay-type":"","overlay-color":"","overlay-opacity":"","overlay-gradient":""},"tablet":{"background-color":"var(--ast-global-color-5)","background-image":"","background-repeat":"repeat","background-position":"center center","background-size":"auto","background-attachment":"scroll","background-type":"","background-media":"","overlay-type":"","overlay-color":"","overlay-opacity":"","overlay-gradient":""},"mobile":{"background-color":"var(--ast-global-color-5)","background-image":"","background-repeat":"repeat","background-position":"center center","background-size":"auto","background-attachment":"scroll","background-type":"","background-media":"","overlay-type":"","overlay-color":"","overlay-opacity":"","overlay-gradient":""}},"footnotes":""},"class_list":["post-791","page","type-page","status-publish","hentry"],"post_mailing_queue_ids":[],"_links":{"self":[{"href":"https:\/\/agora.xtec.cat\/escolamontserratsola\/wp-json\/wp\/v2\/pages\/791","targetHints":{"allow":["GET"]}}],"collection":[{"href":"https:\/\/agora.xtec.cat\/escolamontserratsola\/wp-json\/wp\/v2\/pages"}],"about":[{"href":"https:\/\/agora.xtec.cat\/escolamontserratsola\/wp-json\/wp\/v2\/types\/page"}],"author":[{"embeddable":true,"href":"https:\/\/agora.xtec.cat\/escolamontserratsola\/wp-json\/wp\/v2\/users\/1"}],"replies":[{"embeddable":true,"href":"https:\/\/agora.xtec.cat\/escolamontserratsola\/wp-json\/wp\/v2\/comments?post=791"}],"version-history":[{"count":3,"href":"https:\/\/agora.xtec.cat\/escolamontserratsola\/wp-json\/wp\/v2\/pages\/791\/revisions"}],"predecessor-version":[{"id":2169,"href":"https:\/\/agora.xtec.cat\/escolamontserratsola\/wp-json\/wp\/v2\/pages\/791\/revisions\/2169"}],"up":[{"embeddable":true,"href":"https:\/\/agora.xtec.cat\/escolamontserratsola\/wp-json\/wp\/v2\/pages\/785"}],"wp:attachment":[{"href":"https:\/\/agora.xtec.cat\/escolamontserratsola\/wp-json\/wp\/v2\/media?parent=791"}],"curies":[{"name":"wp","href":"https:\/\/api.w.org\/{rel}","templated":true}]}}