{"id":753,"date":"2019-11-23T23:14:31","date_gmt":"2019-11-23T22:14:31","guid":{"rendered":"https:\/\/agora.xtec.cat\/escolamontserratsola\/?page_id=753"},"modified":"2025-07-16T14:11:48","modified_gmt":"2025-07-16T12:11:48","slug":"autoritzacions","status":"publish","type":"page","link":"https:\/\/agora.xtec.cat\/escolamontserratsola\/comunicats\/autoritzacions\/","title":{"rendered":"Autoritzacions"},"content":{"rendered":"<h4>Autoritzacions relatives al moment de sortida de l&#8217;escola:<\/h4>\n<p>Quan una fam\u00edlia signa qualsevol de les seg\u00fcents autoritzacions, amb la seva signatura assumeix la responsabilitat de qualsevol fet que es produeixi a partir del moment que els seus fills i filles s&#8217;acomiaden del mestre \/ la mestra que l&#8217;at\u00e9n, a les 12:30h i\/o a les 16:30h o en el moment que el\/la venen a buscar si \u00e9s que plega dins de l&#8217;horari lectiu.<\/p>\n<p>Podeu descarregar l&#8217;autoritzaci\u00f3 que necessiteu, tot clicant a sobre de cada enlla\u00e7:<\/p>\n<p><a href=\"https:\/\/drive.google.com\/file\/d\/1gq_bFZ1JtHIqrGYRQlkqjHclexSq8lIw\/view?usp=sharing\"><span style=\"text-decoration: underline;\">Autoritzaci\u00f3 per a que el meu fill \/ la meva filla marxi de manera aut\u00f2noma quan acabi la seva jornada a l&#8217;escola<\/span><\/a> (a partir de 3r de prim\u00e0ria).<\/p>\n<p><a href=\"https:\/\/drive.google.com\/file\/d\/1sHxRiuZYNrqBHxtiySeYMLc_Dy2RzRjx\/view?usp=sharing\"><span style=\"text-decoration: underline;\">Autoritzaci\u00f3 perqu\u00e8 necessito recollir el meu fill \/ la meva filla dins de l&#8217;horari lectiu amb un motiu justificat<\/span><\/a>.<\/p>\n<p><a href=\"https:\/\/drive.google.com\/file\/d\/14TWeNVHwckdHb9lQ90bhyb56iqnd8vFp\/view?usp=sharing\"><span style=\"text-decoration: underline;\">Autoritzaci\u00f3 per a que al meu fill \/ la meva filla el\/la vingui a buscar el seu germ\u00e0 o germ\u00e0 menor d&#8217;edat<\/span><\/a> sempre que aquest sigui de 3r nivell de prim\u00e0ria o d&#8217;un nivell superior.<\/p>\n<p><a href=\"https:\/\/drive.google.com\/file\/d\/1GSSlmVzMKHYXRPuP04NbUVAmaVI6Ptyo\/view?usp=sharing\"><span style=\"text-decoration: underline;\">Autoritzaci\u00f3 perqu\u00e8 al meu fill \/ la meva filla, el\/la pugui venir a buscar una altra persona adulta diferent al pare \/ mare \/ representant legal<\/span><\/a>.<\/p>\n<h4>Altres tipus d&#8217;autoritzacions:<\/h4>\n<p><a href=\"https:\/\/drive.google.com\/file\/d\/1kuY164xbuNjER9V03hlMrtgdExfNcz10\/view?usp=sharing\"><span style=\"text-decoration: underline;\">Autoritzaci\u00f3: \u00das dels m\u00f2bils i\/o smartwatch<\/span><\/a>.<\/p>\n<p><span style=\"text-decoration: underline;\"><a href=\"https:\/\/drive.google.com\/file\/d\/1y0wi0Kspdve2tw0G_mSaaYg5q8ByhLMJ\/view?usp=drive_link\">Autoritzaci\u00f3 per donar medicaments dins de l&#8217;horari escolar (aut\u00f2nomament i supervisada)<\/a><\/span>.<\/p>\n<p><a href=\"https:\/\/drive.google.com\/file\/d\/1wXWee5DyJ2rXRI-z9XVE7sY95jIgpmB9\/view?usp=sharing\"><span style=\"text-decoration: underline;\">Autoritzaci\u00f3 administraci\u00f3 medicaments dins de l&#8217;horari escolar<\/span>.<\/a><\/p>\n<p>&nbsp;<\/p>\n","protected":false},"excerpt":{"rendered":"<p>Autoritzacions relatives al moment de sortida de l&#8217;escola: Quan una fam\u00edlia signa qualsevol de les seg\u00fcents autoritzacions, amb la seva signatura assumeix la responsabilitat de qualsevol fet que es produeixi a partir del moment que els seus fills i filles s&#8217;acomiaden del mestre \/ la mestra que l&#8217;at\u00e9n, a les 12:30h i\/o a les 16:30h [&hellip;]<\/p>\n","protected":false},"author":1,"featured_media":0,"parent":521,"menu_order":5,"comment_status":"closed","ping_status":"closed","template":"page-templates\/side-menu.php","meta":{"_bbp_topic_count":0,"_bbp_reply_count":0,"_bbp_total_topic_count":0,"_bbp_total_reply_count":0,"_bbp_voice_count":0,"_bbp_anonymous_reply_count":0,"_bbp_topic_count_hidden":0,"_bbp_reply_count_hidden":0,"_bbp_forum_subforum_count":0,"site-sidebar-layout":"default","site-content-layout":"","ast-site-content-layout":"","site-content-style":"default","site-sidebar-style":"default","ast-global-header-display":"","ast-banner-title-visibility":"","ast-main-header-display":"","ast-hfb-above-header-display":"","ast-hfb-below-header-display":"","ast-hfb-mobile-header-display":"","site-post-title":"","ast-breadcrumbs-content":"","ast-featured-img":"","footer-sml-layout":"","theme-transparent-header-meta":"","adv-header-id-meta":"","stick-header-meta":"","header-above-stick-meta":"","header-main-stick-meta":"","header-below-stick-meta":"","astra-migrate-meta-layouts":"default","ast-page-background-enabled":"default","ast-page-background-meta":{"desktop":{"background-color":"var(--ast-global-color-4)","background-image":"","background-repeat":"repeat","background-position":"center center","background-size":"auto","background-attachment":"scroll","background-type":"","background-media":"","overlay-type":"","overlay-color":"","overlay-opacity":"","overlay-gradient":""},"tablet":{"background-color":"","background-image":"","background-repeat":"repeat","background-position":"center center","background-size":"auto","background-attachment":"scroll","background-type":"","background-media":"","overlay-type":"","overlay-color":"","overlay-opacity":"","overlay-gradient":""},"mobile":{"background-color":"","background-image":"","background-repeat":"repeat","background-position":"center center","background-size":"auto","background-attachment":"scroll","background-type":"","background-media":"","overlay-type":"","overlay-color":"","overlay-opacity":"","overlay-gradient":""}},"ast-content-background-meta":{"desktop":{"background-color":"var(--ast-global-color-5)","background-image":"","background-repeat":"repeat","background-position":"center center","background-size":"auto","background-attachment":"scroll","background-type":"","background-media":"","overlay-type":"","overlay-color":"","overlay-opacity":"","overlay-gradient":""},"tablet":{"background-color":"var(--ast-global-color-5)","background-image":"","background-repeat":"repeat","background-position":"center center","background-size":"auto","background-attachment":"scroll","background-type":"","background-media":"","overlay-type":"","overlay-color":"","overlay-opacity":"","overlay-gradient":""},"mobile":{"background-color":"var(--ast-global-color-5)","background-image":"","background-repeat":"repeat","background-position":"center center","background-size":"auto","background-attachment":"scroll","background-type":"","background-media":"","overlay-type":"","overlay-color":"","overlay-opacity":"","overlay-gradient":""}},"footnotes":""},"class_list":["post-753","page","type-page","status-publish","hentry"],"post_mailing_queue_ids":[],"_links":{"self":[{"href":"https:\/\/agora.xtec.cat\/escolamontserratsola\/wp-json\/wp\/v2\/pages\/753","targetHints":{"allow":["GET"]}}],"collection":[{"href":"https:\/\/agora.xtec.cat\/escolamontserratsola\/wp-json\/wp\/v2\/pages"}],"about":[{"href":"https:\/\/agora.xtec.cat\/escolamontserratsola\/wp-json\/wp\/v2\/types\/page"}],"author":[{"embeddable":true,"href":"https:\/\/agora.xtec.cat\/escolamontserratsola\/wp-json\/wp\/v2\/users\/1"}],"replies":[{"embeddable":true,"href":"https:\/\/agora.xtec.cat\/escolamontserratsola\/wp-json\/wp\/v2\/comments?post=753"}],"version-history":[{"count":6,"href":"https:\/\/agora.xtec.cat\/escolamontserratsola\/wp-json\/wp\/v2\/pages\/753\/revisions"}],"predecessor-version":[{"id":4437,"href":"https:\/\/agora.xtec.cat\/escolamontserratsola\/wp-json\/wp\/v2\/pages\/753\/revisions\/4437"}],"up":[{"embeddable":true,"href":"https:\/\/agora.xtec.cat\/escolamontserratsola\/wp-json\/wp\/v2\/pages\/521"}],"wp:attachment":[{"href":"https:\/\/agora.xtec.cat\/escolamontserratsola\/wp-json\/wp\/v2\/media?parent=753"}],"curies":[{"name":"wp","href":"https:\/\/api.w.org\/{rel}","templated":true}]}}