{"id":699,"date":"2019-11-23T20:42:51","date_gmt":"2019-11-23T19:42:51","guid":{"rendered":"https:\/\/agora.xtec.cat\/escolamontserratsola\/?page_id=699"},"modified":"2023-09-03T20:02:24","modified_gmt":"2023-09-03T18:02:24","slug":"comunicat-salut-infants","status":"publish","type":"page","link":"https:\/\/agora.xtec.cat\/escolamontserratsola\/comunicats\/comunicat-salut-infants\/","title":{"rendered":"Salut i escola"},"content":{"rendered":"<p>Recomanacions per les quals l&#8217;alumnat de l&#8217;escola o de la llar d&#8217;infants hauria o no d&#8217;assistir a classe durant un per\u00edode de temps a causa de diferents malalties transmissibles. Es resumeixen les malalties infeccioses m\u00e9s freq\u00fcents en nens en edat escolar agrupades per les seves manifestacions cl\u00edniques. S&#8217;explica la prevenci\u00f3 i el control que correspon a cada cas.<\/p>\n<p>\u2192 <strong>Acc\u00e9s al document: <a href=\"https:\/\/scientiasalut.gencat.cat\/bitstream\/handle\/11351\/3061.2\/criteris_no_assistencia_alumnat_escola_llar_infants_durant_periode_temps_determina_causa_malalties_transmisibles_2018.pdf?sequence=6&amp;isAllowed=y\">Criteris de no assist\u00e8ncia de l&#8217;alumnat a l&#8217;escola durant un per\u00edode de temps determinat a causa de malalties transmissibles (PDF)<\/a><\/strong><\/p>\n<p>Font del document: <a style=\"font-family: inherit; font-size: 1em;\" href=\"https:\/\/hdl.handle.net\/11351\/3061.2\">https:\/\/hdl.handle.net\/11351\/3061.2<\/a><\/p>\n<p>Les malalties infeccioses que es poden transmetre d\u2019una persona a una altra per qualsevol mecanisme s\u00f3n freq\u00fcents en infants escolaritzats. El risc de contagi es pot minimitzar seguint les normes higi\u00e8niques habituals:<\/p>\n<ul>\n<li>En totes les malalties que cursen amb febre (m\u00e9s de 37\u20195 <span style=\"font-size: 13.3333px;\">\u00baC<\/span>), a m\u00e9s de les recomanacions espec\u00edfiques per a cadascuna d\u2019elles, cal que el nen i la nena hagi estat 24 hores sense febre abans de tornar a l\u2019escola.<\/li>\n<li>En cas de polls: fins a 24 hores despr\u00e9s que s\u2019hagi iniciat el tractament.<\/li>\n<li>En cas de diarrees: fins 48 hores des de la darrera deposici\u00f3 diarreica.<\/li>\n<li>En la resta de casos: seguir les decisions m\u00e8diques oportunes.<\/li>\n<\/ul>\n<p>En general, si l\u2019estat de salut d\u2019una criatura l\u2019impedeix dur a terme les seves activitats amb normalitat, requereix m\u00e9s atencions de les que els responsables a c\u00e0rrec poden donar-li, si presenta febre, letargia, irritabilitat, plora constantment, respira amb dificultat o altres signes que evidenci\u00efn una malaltia greu o presenta exantema amb febre o canvis de comportament sobtats, cal que s\u2019abstingui de venir a l\u2019escola.<\/p>\n<p>En casos d\u2019al\u00b7l\u00e8rgies, intoler\u00e0ncies, i altres afeccions rellevants, cal aportar la documentaci\u00f3 m\u00e8dica que l\u2019especifiqui.<\/p>\n<p>En el cas que un infant hagi de prendre un medicament en horari escolar conv\u00e9 fer-ho coincidir amb els \u00e0pats. El medicament ha d\u2019anar acompanyat de la recepta m\u00e8dica i una autoritzaci\u00f3 expl\u00edcita de la fam\u00edlia. El familiar responsable ha de lliurar la medicaci\u00f3 en m\u00e0 al personal de l\u2019escola i vetllar per la seva recollida.<\/p>\n","protected":false},"excerpt":{"rendered":"<p>Recomanacions per les quals l&#8217;alumnat de l&#8217;escola o de la llar d&#8217;infants hauria o no d&#8217;assistir a classe durant un per\u00edode de temps a causa de diferents malalties transmissibles. Es resumeixen les malalties infeccioses m\u00e9s freq\u00fcents en nens en edat escolar agrupades per les seves manifestacions cl\u00edniques. S&#8217;explica la prevenci\u00f3 i el control que correspon [&hellip;]<\/p>\n","protected":false},"author":1,"featured_media":0,"parent":521,"menu_order":7,"comment_status":"closed","ping_status":"closed","template":"page-templates\/side-menu.php","meta":{"_bbp_topic_count":0,"_bbp_reply_count":0,"_bbp_total_topic_count":0,"_bbp_total_reply_count":0,"_bbp_voice_count":0,"_bbp_anonymous_reply_count":0,"_bbp_topic_count_hidden":0,"_bbp_reply_count_hidden":0,"_bbp_forum_subforum_count":0,"site-sidebar-layout":"default","site-content-layout":"","ast-site-content-layout":"","site-content-style":"default","site-sidebar-style":"default","ast-global-header-display":"","ast-banner-title-visibility":"","ast-main-header-display":"","ast-hfb-above-header-display":"","ast-hfb-below-header-display":"","ast-hfb-mobile-header-display":"","site-post-title":"","ast-breadcrumbs-content":"","ast-featured-img":"","footer-sml-layout":"","theme-transparent-header-meta":"","adv-header-id-meta":"","stick-header-meta":"","header-above-stick-meta":"","header-main-stick-meta":"","header-below-stick-meta":"","astra-migrate-meta-layouts":"default","ast-page-background-enabled":"default","ast-page-background-meta":{"desktop":{"background-color":"var(--ast-global-color-4)","background-image":"","background-repeat":"repeat","background-position":"center center","background-size":"auto","background-attachment":"scroll","background-type":"","background-media":"","overlay-type":"","overlay-color":"","overlay-opacity":"","overlay-gradient":""},"tablet":{"background-color":"","background-image":"","background-repeat":"repeat","background-position":"center center","background-size":"auto","background-attachment":"scroll","background-type":"","background-media":"","overlay-type":"","overlay-color":"","overlay-opacity":"","overlay-gradient":""},"mobile":{"background-color":"","background-image":"","background-repeat":"repeat","background-position":"center center","background-size":"auto","background-attachment":"scroll","background-type":"","background-media":"","overlay-type":"","overlay-color":"","overlay-opacity":"","overlay-gradient":""}},"ast-content-background-meta":{"desktop":{"background-color":"var(--ast-global-color-5)","background-image":"","background-repeat":"repeat","background-position":"center center","background-size":"auto","background-attachment":"scroll","background-type":"","background-media":"","overlay-type":"","overlay-color":"","overlay-opacity":"","overlay-gradient":""},"tablet":{"background-color":"var(--ast-global-color-5)","background-image":"","background-repeat":"repeat","background-position":"center center","background-size":"auto","background-attachment":"scroll","background-type":"","background-media":"","overlay-type":"","overlay-color":"","overlay-opacity":"","overlay-gradient":""},"mobile":{"background-color":"var(--ast-global-color-5)","background-image":"","background-repeat":"repeat","background-position":"center center","background-size":"auto","background-attachment":"scroll","background-type":"","background-media":"","overlay-type":"","overlay-color":"","overlay-opacity":"","overlay-gradient":""}},"footnotes":""},"class_list":["post-699","page","type-page","status-publish","hentry"],"post_mailing_queue_ids":[],"_links":{"self":[{"href":"https:\/\/agora.xtec.cat\/escolamontserratsola\/wp-json\/wp\/v2\/pages\/699","targetHints":{"allow":["GET"]}}],"collection":[{"href":"https:\/\/agora.xtec.cat\/escolamontserratsola\/wp-json\/wp\/v2\/pages"}],"about":[{"href":"https:\/\/agora.xtec.cat\/escolamontserratsola\/wp-json\/wp\/v2\/types\/page"}],"author":[{"embeddable":true,"href":"https:\/\/agora.xtec.cat\/escolamontserratsola\/wp-json\/wp\/v2\/users\/1"}],"replies":[{"embeddable":true,"href":"https:\/\/agora.xtec.cat\/escolamontserratsola\/wp-json\/wp\/v2\/comments?post=699"}],"version-history":[{"count":3,"href":"https:\/\/agora.xtec.cat\/escolamontserratsola\/wp-json\/wp\/v2\/pages\/699\/revisions"}],"predecessor-version":[{"id":3825,"href":"https:\/\/agora.xtec.cat\/escolamontserratsola\/wp-json\/wp\/v2\/pages\/699\/revisions\/3825"}],"up":[{"embeddable":true,"href":"https:\/\/agora.xtec.cat\/escolamontserratsola\/wp-json\/wp\/v2\/pages\/521"}],"wp:attachment":[{"href":"https:\/\/agora.xtec.cat\/escolamontserratsola\/wp-json\/wp\/v2\/media?parent=699"}],"curies":[{"name":"wp","href":"https:\/\/api.w.org\/{rel}","templated":true}]}}