{"id":689,"date":"2019-11-23T19:44:48","date_gmt":"2019-11-23T18:44:48","guid":{"rendered":"https:\/\/agora.xtec.cat\/escolamontserratsola\/?page_id=689"},"modified":"2019-11-23T19:44:48","modified_gmt":"2019-11-23T18:44:48","slug":"hort-escolar-a-les-cinc-senies","status":"publish","type":"page","link":"https:\/\/agora.xtec.cat\/escolamontserratsola\/projectepedagogic\/pla-deducacio-per-la-sostenibilitat\/hort-escolar-a-les-cinc-senies\/","title":{"rendered":"Hort escolar a les Cinc S\u00e8nies"},"content":{"rendered":"<p><strong>Les Cinc S\u00e8nies<\/strong> \u00e9s un espai agrari periurb\u00e0 protegit de Matar\u00f3. L\u2019any 2013 l\u2019escola va signar un acord de posada en marxa i manteniment d\u2019un <strong>hort escolar<\/strong> a la finca Floriach. Aquest conveni finalitzava al cap de cinc anys i l\u2019any 2018 vam signar un nou conveni amb la fam\u00edlia propiet\u00e0ria de la finca <strong>Can Bernadet<\/strong>, al Cam\u00ed del Pil\u00e9. Aquest conveni t\u00e9 una vig\u00e8ncia de dos anys que es pot anar renovant.<\/p>\n<p>Els nens i les nenes del cicle de Grans i la comissi\u00f3 mixta (de mestres, pares i mares), s\u2019encarreguen de sembrar o plantar determinades hortalisses en funci\u00f3 del calendari de l\u2019any i collir els productes per consumir al menjador de l\u2019escola. Es segueix el m\u00e8tode d\u2019en Gaspar Caballero o\u00a0<em>parades en crestall<\/em>\u00a0que \u00e9s una manera de fer horticultura ecol\u00f2gica senzilla i respectuosa amb el medi ambient: en poc espai, amb un gran estalvi d\u2019aigua, de f\u00e0cil iniciaci\u00f3 i manteniment, molt productiu i est\u00e8ticament bonic.<\/p>\n","protected":false},"excerpt":{"rendered":"<p>Les Cinc S\u00e8nies \u00e9s un espai agrari periurb\u00e0 protegit de Matar\u00f3. L\u2019any 2013 l\u2019escola va signar un acord de posada en marxa i manteniment d\u2019un hort escolar a la finca Floriach. Aquest conveni finalitzava al cap de cinc anys i l\u2019any 2018 vam signar un nou conveni amb la fam\u00edlia propiet\u00e0ria de la finca Can [&hellip;]<\/p>\n","protected":false},"author":1,"featured_media":0,"parent":502,"menu_order":1,"comment_status":"closed","ping_status":"closed","template":"page-templates\/side-menu.php","meta":{"_bbp_topic_count":0,"_bbp_reply_count":0,"_bbp_total_topic_count":0,"_bbp_total_reply_count":0,"_bbp_voice_count":0,"_bbp_anonymous_reply_count":0,"_bbp_topic_count_hidden":0,"_bbp_reply_count_hidden":0,"_bbp_forum_subforum_count":0,"site-sidebar-layout":"default","site-content-layout":"","ast-site-content-layout":"","site-content-style":"default","site-sidebar-style":"default","ast-global-header-display":"","ast-banner-title-visibility":"","ast-main-header-display":"","ast-hfb-above-header-display":"","ast-hfb-below-header-display":"","ast-hfb-mobile-header-display":"","site-post-title":"","ast-breadcrumbs-content":"","ast-featured-img":"","footer-sml-layout":"","theme-transparent-header-meta":"","adv-header-id-meta":"","stick-header-meta":"","header-above-stick-meta":"","header-main-stick-meta":"","header-below-stick-meta":"","astra-migrate-meta-layouts":"default","ast-page-background-enabled":"default","ast-page-background-meta":{"desktop":{"background-color":"var(--ast-global-color-4)","background-image":"","background-repeat":"repeat","background-position":"center center","background-size":"auto","background-attachment":"scroll","background-type":"","background-media":"","overlay-type":"","overlay-color":"","overlay-opacity":"","overlay-gradient":""},"tablet":{"background-color":"","background-image":"","background-repeat":"repeat","background-position":"center center","background-size":"auto","background-attachment":"scroll","background-type":"","background-media":"","overlay-type":"","overlay-color":"","overlay-opacity":"","overlay-gradient":""},"mobile":{"background-color":"","background-image":"","background-repeat":"repeat","background-position":"center center","background-size":"auto","background-attachment":"scroll","background-type":"","background-media":"","overlay-type":"","overlay-color":"","overlay-opacity":"","overlay-gradient":""}},"ast-content-background-meta":{"desktop":{"background-color":"var(--ast-global-color-5)","background-image":"","background-repeat":"repeat","background-position":"center center","background-size":"auto","background-attachment":"scroll","background-type":"","background-media":"","overlay-type":"","overlay-color":"","overlay-opacity":"","overlay-gradient":""},"tablet":{"background-color":"var(--ast-global-color-5)","background-image":"","background-repeat":"repeat","background-position":"center center","background-size":"auto","background-attachment":"scroll","background-type":"","background-media":"","overlay-type":"","overlay-color":"","overlay-opacity":"","overlay-gradient":""},"mobile":{"background-color":"var(--ast-global-color-5)","background-image":"","background-repeat":"repeat","background-position":"center center","background-size":"auto","background-attachment":"scroll","background-type":"","background-media":"","overlay-type":"","overlay-color":"","overlay-opacity":"","overlay-gradient":""}},"footnotes":""},"class_list":["post-689","page","type-page","status-publish","hentry"],"post_mailing_queue_ids":[],"_links":{"self":[{"href":"https:\/\/agora.xtec.cat\/escolamontserratsola\/wp-json\/wp\/v2\/pages\/689","targetHints":{"allow":["GET"]}}],"collection":[{"href":"https:\/\/agora.xtec.cat\/escolamontserratsola\/wp-json\/wp\/v2\/pages"}],"about":[{"href":"https:\/\/agora.xtec.cat\/escolamontserratsola\/wp-json\/wp\/v2\/types\/page"}],"author":[{"embeddable":true,"href":"https:\/\/agora.xtec.cat\/escolamontserratsola\/wp-json\/wp\/v2\/users\/1"}],"replies":[{"embeddable":true,"href":"https:\/\/agora.xtec.cat\/escolamontserratsola\/wp-json\/wp\/v2\/comments?post=689"}],"version-history":[{"count":1,"href":"https:\/\/agora.xtec.cat\/escolamontserratsola\/wp-json\/wp\/v2\/pages\/689\/revisions"}],"predecessor-version":[{"id":690,"href":"https:\/\/agora.xtec.cat\/escolamontserratsola\/wp-json\/wp\/v2\/pages\/689\/revisions\/690"}],"up":[{"embeddable":true,"href":"https:\/\/agora.xtec.cat\/escolamontserratsola\/wp-json\/wp\/v2\/pages\/502"}],"wp:attachment":[{"href":"https:\/\/agora.xtec.cat\/escolamontserratsola\/wp-json\/wp\/v2\/media?parent=689"}],"curies":[{"name":"wp","href":"https:\/\/api.w.org\/{rel}","templated":true}]}}