{"id":654,"date":"2019-11-23T18:20:49","date_gmt":"2019-11-23T17:20:49","guid":{"rendered":"https:\/\/agora.xtec.cat\/escolamontserratsola\/?page_id=654"},"modified":"2025-07-16T08:21:16","modified_gmt":"2025-07-16T06:21:16","slug":"sobre-les-aportacions-de-les-families","status":"publish","type":"page","link":"https:\/\/agora.xtec.cat\/escolamontserratsola\/comunicats\/sobre-les-aportacions-de-les-families\/","title":{"rendered":"L&#8217;aportaci\u00f3 econ\u00f2mica de les fam\u00edlies"},"content":{"rendered":"<p>L\u2019escola p\u00fablica es finan\u00e7a principalment amb l\u2019aportaci\u00f3 del Departament d\u2019Educaci\u00f3, que cobreix els recursos essencials per al funcionament ordinari del centre. Tanmateix, l\u2019escola \u00e9s un projecte compartit que va m\u00e9s enll\u00e0 de les necessitats m\u00ednimes establertes.\u00a0Per aquest motiu, la contribuci\u00f3 de les fam\u00edlies \u00e9s essencial per garantir el bon funcionament del projecte educatiu del centre: complementa els recursos p\u00fablics, permet oferir activitats i serveis, refor\u00e7a valors com la corresponsabilitat, la solidaritat i el comprom\u00eds amb l\u2019educaci\u00f3 p\u00fablica i contribueix a una escola m\u00e9s equitativa, cohesionada i rica en oportunitats per a tothom.<\/p>\n<h6><strong><em>A qu\u00e8 es destina l\u2019aportaci\u00f3 econ\u00f2mica de les fam\u00edlies a la nostra escola?<\/em><\/strong><\/h6>\n<p>La contribuci\u00f3 \u00e9s <strong>volunt\u00e0ria<\/strong> i es concreta en una <strong>doble aportaci\u00f3<\/strong>:<\/p>\n<p>a) <u>Aportaci\u00f3 complement\u00e0ria a la dotaci\u00f3 del Departament d\u2019Educaci\u00f3<\/u>:<\/p>\n<p>Serveix per cobrir despeses relacionades amb l\u2019activitat educativa dins l\u2019horari lectiu:<\/p>\n<ul>\n<li>Material fungible d\u2019\u00fas habitual a les aules: cartolines, papers, agendes, quaderns, llapis, colors, pintures, etc.<\/li>\n<li>Material inventariable i recursos pedag\u00f2gics: jocs did\u00e0ctics, material de pati, llibres, materials per a tallers, instruments musicals, entre d\u2019altres.<\/li>\n<li>Sortides escolars de mitja jornada, jornada completa i amb pernoctaci\u00f3, incloses en la programaci\u00f3 anual de cada cicle.<\/li>\n<\/ul>\n<p>\u00c9s una aportaci\u00f3 de 240 \u20ac per curs i per infant. La gestiona l\u2019equip de direcci\u00f3 i \u00e9s supervisada pel Consell Escolar.<\/p>\n<p>Estan exemptes de fer aquesta aportaci\u00f3, total o parcial, les fam\u00edlies que reben algun tipus d\u2019ajut relacionat (beca, motxilla escolar, etc.).<\/p>\n<p>Les fam\u00edlies de prim\u00e0ria que cedeixin volunt\u00e0riament un o els dos vals escolars al centre educatiu, podran reduir la seva aportaci\u00f3 corresponent al material escolar.<\/p>\n<p>b) <u>Aportaci\u00f3 a l\u2019Associaci\u00f3 de Fam\u00edlies d\u2019Alumnes (AFA)<\/u>:<\/p>\n<p>Destinada a:<\/p>\n<ul>\n<li>Donar suport al projecte pedag\u00f2gic del centre.<\/li>\n<li>Contribuir a l\u2019equipament del centre i a l\u2019organitzaci\u00f3 d\u2019activitats comunit\u00e0ries.<\/li>\n<li>Col\u00b7laborar en la contractaci\u00f3 i\/o gesti\u00f3 de serveis com el menjador, l\u2019acollida, les activitats de lleure educatiu i els casals.<\/li>\n<li>Contractar assegurances de responsabilitat civil i accidents per cobrir les activitats complement\u00e0ries, de lleure educatiu, esportives i de voluntariat, organitzades per la comunitat educativa (AFA, entitats col\u00b7laboradores i equip docent).<\/li>\n<li>Afavorir la participaci\u00f3 de tots els nens i les nenes en les activitats escolars, amb una clara voluntat <strong>socialitzadora i solid\u00e0ria<\/strong>.<\/li>\n<\/ul>\n<p>\u00c9s una aportaci\u00f3 de 30 \u20ac per curs i per fam\u00edlia. La gestiona la gestora de l\u2019AFA i \u00e9s supervisada per l\u2019assemblea.<\/p>\n<h6><strong><em>Periodicitat de les aportacions<\/em><\/strong><\/h6>\n<p>Les fam\u00edlies podran fer les seves aportacions en tres terminis al llarg del curs.<\/p>\n","protected":false},"excerpt":{"rendered":"<p>L\u2019escola p\u00fablica es finan\u00e7a principalment amb l\u2019aportaci\u00f3 del Departament d\u2019Educaci\u00f3, que cobreix els recursos essencials per al funcionament ordinari del centre. Tanmateix, l\u2019escola \u00e9s un projecte compartit que va m\u00e9s enll\u00e0 de les necessitats m\u00ednimes establertes.\u00a0Per aquest motiu, la contribuci\u00f3 de les fam\u00edlies \u00e9s essencial per garantir el bon funcionament del projecte educatiu del centre: [&hellip;]<\/p>\n","protected":false},"author":1,"featured_media":0,"parent":521,"menu_order":2,"comment_status":"closed","ping_status":"closed","template":"page-templates\/side-menu.php","meta":{"_bbp_topic_count":0,"_bbp_reply_count":0,"_bbp_total_topic_count":0,"_bbp_total_reply_count":0,"_bbp_voice_count":0,"_bbp_anonymous_reply_count":0,"_bbp_topic_count_hidden":0,"_bbp_reply_count_hidden":0,"_bbp_forum_subforum_count":0,"site-sidebar-layout":"default","site-content-layout":"","ast-site-content-layout":"","site-content-style":"default","site-sidebar-style":"default","ast-global-header-display":"","ast-banner-title-visibility":"","ast-main-header-display":"","ast-hfb-above-header-display":"","ast-hfb-below-header-display":"","ast-hfb-mobile-header-display":"","site-post-title":"","ast-breadcrumbs-content":"","ast-featured-img":"","footer-sml-layout":"","theme-transparent-header-meta":"","adv-header-id-meta":"","stick-header-meta":"","header-above-stick-meta":"","header-main-stick-meta":"","header-below-stick-meta":"","astra-migrate-meta-layouts":"default","ast-page-background-enabled":"default","ast-page-background-meta":{"desktop":{"background-color":"var(--ast-global-color-4)","background-image":"","background-repeat":"repeat","background-position":"center center","background-size":"auto","background-attachment":"scroll","background-type":"","background-media":"","overlay-type":"","overlay-color":"","overlay-opacity":"","overlay-gradient":""},"tablet":{"background-color":"","background-image":"","background-repeat":"repeat","background-position":"center center","background-size":"auto","background-attachment":"scroll","background-type":"","background-media":"","overlay-type":"","overlay-color":"","overlay-opacity":"","overlay-gradient":""},"mobile":{"background-color":"","background-image":"","background-repeat":"repeat","background-position":"center center","background-size":"auto","background-attachment":"scroll","background-type":"","background-media":"","overlay-type":"","overlay-color":"","overlay-opacity":"","overlay-gradient":""}},"ast-content-background-meta":{"desktop":{"background-color":"var(--ast-global-color-5)","background-image":"","background-repeat":"repeat","background-position":"center center","background-size":"auto","background-attachment":"scroll","background-type":"","background-media":"","overlay-type":"","overlay-color":"","overlay-opacity":"","overlay-gradient":""},"tablet":{"background-color":"var(--ast-global-color-5)","background-image":"","background-repeat":"repeat","background-position":"center center","background-size":"auto","background-attachment":"scroll","background-type":"","background-media":"","overlay-type":"","overlay-color":"","overlay-opacity":"","overlay-gradient":""},"mobile":{"background-color":"var(--ast-global-color-5)","background-image":"","background-repeat":"repeat","background-position":"center center","background-size":"auto","background-attachment":"scroll","background-type":"","background-media":"","overlay-type":"","overlay-color":"","overlay-opacity":"","overlay-gradient":""}},"footnotes":""},"class_list":["post-654","page","type-page","status-publish","hentry"],"post_mailing_queue_ids":[],"_links":{"self":[{"href":"https:\/\/agora.xtec.cat\/escolamontserratsola\/wp-json\/wp\/v2\/pages\/654","targetHints":{"allow":["GET"]}}],"collection":[{"href":"https:\/\/agora.xtec.cat\/escolamontserratsola\/wp-json\/wp\/v2\/pages"}],"about":[{"href":"https:\/\/agora.xtec.cat\/escolamontserratsola\/wp-json\/wp\/v2\/types\/page"}],"author":[{"embeddable":true,"href":"https:\/\/agora.xtec.cat\/escolamontserratsola\/wp-json\/wp\/v2\/users\/1"}],"replies":[{"embeddable":true,"href":"https:\/\/agora.xtec.cat\/escolamontserratsola\/wp-json\/wp\/v2\/comments?post=654"}],"version-history":[{"count":5,"href":"https:\/\/agora.xtec.cat\/escolamontserratsola\/wp-json\/wp\/v2\/pages\/654\/revisions"}],"predecessor-version":[{"id":4433,"href":"https:\/\/agora.xtec.cat\/escolamontserratsola\/wp-json\/wp\/v2\/pages\/654\/revisions\/4433"}],"up":[{"embeddable":true,"href":"https:\/\/agora.xtec.cat\/escolamontserratsola\/wp-json\/wp\/v2\/pages\/521"}],"wp:attachment":[{"href":"https:\/\/agora.xtec.cat\/escolamontserratsola\/wp-json\/wp\/v2\/media?parent=654"}],"curies":[{"name":"wp","href":"https:\/\/api.w.org\/{rel}","templated":true}]}}