{"id":601,"date":"2025-09-03T10:00:36","date_gmt":"2025-09-03T08:00:36","guid":{"rendered":"https:\/\/agora.xtec.cat\/escolamontserratsola\/?page_id=601"},"modified":"2026-01-21T17:51:17","modified_gmt":"2026-01-21T16:51:17","slug":"equip-docent","status":"publish","type":"page","link":"https:\/\/agora.xtec.cat\/escolamontserratsola\/lescola\/qui-som\/equip-docent\/","title":{"rendered":"L&#8217;equip docent i de suport educatiu"},"content":{"rendered":"<p>L\u2019equip docent i de suport educatiu participa en la programaci\u00f3 pedag\u00f2gica i interv\u00e9 a les aules amb la finalitat primera de fer una acurada atenci\u00f3 a les necessitats individuals dels nens i les nenes i promoure situacions d\u2019aprenentatge en el si del grup.<\/p>\n<p>Us presentem el nostre equip i les funcions que durem a terme durant el curs 2025-2026.<\/p>\n<p><strong>Mestres de refer\u00e8ncia de les aules de Petits. Infants de 3, 4 i 5 anys:<\/strong><\/p>\n<ul>\n<li>Pomera: Jana Andr\u00e9s.<\/li>\n<li>Cirerer: Maria Sans.<\/li>\n<li>Mandariner: Alba Roelas. Coordinadora de cicle.<\/li>\n<li>Magraner: Georgina Mart\u00edn. Compacta la seva jornada amb la Lorena Mart\u00ednez.<\/li>\n<li>Ametller: Susanna Bl\u00e0zquez.<\/li>\n<li>Olivera: Cristina Armengol.<\/li>\n<\/ul>\n<p><strong>Mestres de refer\u00e8ncia de les aules de Novells. Infants de 1r i 2n:<\/strong><\/p>\n<ul>\n<li>Fonoll: Blanca Cano. La substitueix la Chaimae Mouchatir Abou.<\/li>\n<li>Roman\u00ed: Ignasi Pert\u00ed\u00f1ez.<\/li>\n<li>Esp\u00edgol: Teresa G\u00f3mez. Coordinadora de cicle.<\/li>\n<li>Farigola: Laia Cirera.<\/li>\n<\/ul>\n<p><strong>Mestres de refer\u00e8ncia de les aules de Mitjans. Infants de 3r i 4t:<\/strong><\/p>\n<ul>\n<li>Callao: Ada L\u00f3pez. Coordinadora de cicle.<\/li>\n<li>Riera de Sant Sim\u00f3: Laia Argel\u00e9s.<\/li>\n<li>Havana: Sandra Gibanel.<\/li>\n<li>Cinc S\u00e9nies: Nat\u00e0lia Nabais.<\/li>\n<\/ul>\n<p><strong>Mestres de refer\u00e8ncia de les aules de Grans. Infants de 5\u00e8 i 6\u00e8:<\/strong><\/p>\n<ul>\n<li>Alarona (5A): Marta Berrocal. La substitueix la Paula Antonell.<\/li>\n<li>Freta (5B): Mariona Padr\u00f3s.<\/li>\n<li>Iluro (6A): Oscar Juan. Coordinador de cicle.<\/li>\n<li>Vila de Mata (6B): Valentina S\u00e1nchez.<\/li>\n<\/ul>\n<p><strong>Mestres especialistes de l&#8217;\u00e0mbit art\u00edstic:<\/strong><\/p>\n<ul>\n<li>Susana Bacard\u00ed. Mestra especialista de Visual i Pl\u00e0stica a Novells, Mitjans i Grans.<\/li>\n<li>Anna Castell\u00e0. Mestra especialista de M\u00fasica i dansa a les aules de Petits i Novells.<\/li>\n<li>Anna Burgada. Mestra especialista de M\u00fasica i dansa a les aules de Mitjans i Grans.<\/li>\n<\/ul>\n<p><strong>Mestre especialista de cos i moviment:<\/strong><\/p>\n<ul>\n<li>Roc Canals. Mestre especialista d&#8217;educaci\u00f3 f\u00edsica. Referent a les aules de Novells, Mitjans i Grans.<\/li>\n<\/ul>\n<p><strong>Mestres especialistes en llengua anglesa:<\/strong><\/p>\n<ul>\n<li>Magda Conde. Mestra especialista de llengua anglesa. Referent a Petits i Novells.<\/li>\n<li>Cristina Mart\u00edn. Mestra especialista de llengua anglesa. Referent a Mitjans i Grans.<\/li>\n<\/ul>\n<p><strong style=\"font-family: inherit; font-size: 1em;\">Mestres especialistes de suport a la inclusi\u00f3:<\/strong><\/p>\n<ul>\n<li>Alba Lleix\u00e0. Referent a Petits. Coordinadora de Conviv\u00e8ncia, Coeducaci\u00f3 i Benestar Emocional.<\/li>\n<li>Maria Correa. Referent a Novells i Mitjans (Callao i Havana). Coordinadora de Suport intensiu per a l&#8217;escolaritzaci\u00f3 inclusiva (SIEI).<\/li>\n<li>Anna Serr\u00e0. Referent a Mitjans (Riera i Cinc S\u00e9nies) i Grans. Coordinadora d&#8217;Immersi\u00f3 i Suport Ling\u00fc\u00edstic.<\/li>\n<\/ul>\n<p><strong>Mestra tutora de l&#8217;Aula d&#8217;acollida:\u00a0<\/strong><\/p>\n<ul>\n<li>Raquel Codol\u00e0.<\/li>\n<\/ul>\n<p><strong>Mestra de suport:\u00a0<\/strong><\/p>\n<ul>\n<li>Marta Molina.<\/li>\n<\/ul>\n<p><strong>Professionals d\u2019atenci\u00f3 educativa:<\/strong><\/p>\n<ul>\n<li>Merc\u00e8 Reynal. T\u00e8cnica d\u2019Educaci\u00f3 Infantil.<\/li>\n<li>Esther Compte. Educadora d&#8217;educaci\u00f3 especial.<\/li>\n<li>Rat Oriol. Monitora de suport educatiu.<\/li>\n<\/ul>\n<p><strong>Professional auxiliar administratiu:<\/strong><\/p>\n<ul>\n<li>Merc\u00e8 Valero.<\/li>\n<\/ul>\n<p><strong style=\"font-family: inherit; font-size: 1em;\">Equip de direcci\u00f3:<\/strong><\/p>\n<ul>\n<li>Direcci\u00f3: Encarni Prados. Mestra d&#8217;Educaci\u00f3 Infantil i Prim\u00e0ria. Especialista en el Tractament psicopedag\u00f2gic de la diversitat escolar, Metodologies amb enfocament globalitzat, Immersi\u00f3 i Suport Ling\u00fc\u00edstic i Pedagogia Sist\u00e8mica.<\/li>\n<li>Cap d&#8217;estudis: Albert Carre\u00f1o. Mestre de Prim\u00e0ria. Especialista en Educaci\u00f3 f\u00edsica, Compet\u00e8ncia digital docent i Metodologies amb enfocament globalitzat.<\/li>\n<li>Secret\u00e0ria: Isa M\u00fanera. Mestra d&#8217;Educaci\u00f3 Infantil i Prim\u00e0ria. T\u00e8cnica Superior en Secretariat.<\/li>\n<\/ul>\n","protected":false},"excerpt":{"rendered":"<p>L\u2019equip docent i de suport educatiu participa en la programaci\u00f3 pedag\u00f2gica i interv\u00e9 a les aules amb la finalitat primera de fer una acurada atenci\u00f3 a les necessitats individuals dels nens i les nenes i promoure situacions d\u2019aprenentatge en el si del grup. Us presentem el nostre equip i les funcions que durem a terme [&hellip;]<\/p>\n","protected":false},"author":1,"featured_media":0,"parent":785,"menu_order":1,"comment_status":"closed","ping_status":"closed","template":"page-templates\/side-menu.php","meta":{"_bbp_topic_count":0,"_bbp_reply_count":0,"_bbp_total_topic_count":0,"_bbp_total_reply_count":0,"_bbp_voice_count":0,"_bbp_anonymous_reply_count":0,"_bbp_topic_count_hidden":0,"_bbp_reply_count_hidden":0,"_bbp_forum_subforum_count":0,"site-sidebar-layout":"default","site-content-layout":"","ast-site-content-layout":"","site-content-style":"default","site-sidebar-style":"default","ast-global-header-display":"","ast-banner-title-visibility":"","ast-main-header-display":"","ast-hfb-above-header-display":"","ast-hfb-below-header-display":"","ast-hfb-mobile-header-display":"","site-post-title":"","ast-breadcrumbs-content":"","ast-featured-img":"","footer-sml-layout":"","theme-transparent-header-meta":"","adv-header-id-meta":"","stick-header-meta":"","header-above-stick-meta":"","header-main-stick-meta":"","header-below-stick-meta":"","astra-migrate-meta-layouts":"default","ast-page-background-enabled":"default","ast-page-background-meta":{"desktop":{"background-color":"var(--ast-global-color-4)","background-image":"","background-repeat":"repeat","background-position":"center center","background-size":"auto","background-attachment":"scroll","background-type":"","background-media":"","overlay-type":"","overlay-color":"","overlay-opacity":"","overlay-gradient":""},"tablet":{"background-color":"","background-image":"","background-repeat":"repeat","background-position":"center center","background-size":"auto","background-attachment":"scroll","background-type":"","background-media":"","overlay-type":"","overlay-color":"","overlay-opacity":"","overlay-gradient":""},"mobile":{"background-color":"","background-image":"","background-repeat":"repeat","background-position":"center center","background-size":"auto","background-attachment":"scroll","background-type":"","background-media":"","overlay-type":"","overlay-color":"","overlay-opacity":"","overlay-gradient":""}},"ast-content-background-meta":{"desktop":{"background-color":"var(--ast-global-color-5)","background-image":"","background-repeat":"repeat","background-position":"center center","background-size":"auto","background-attachment":"scroll","background-type":"","background-media":"","overlay-type":"","overlay-color":"","overlay-opacity":"","overlay-gradient":""},"tablet":{"background-color":"var(--ast-global-color-5)","background-image":"","background-repeat":"repeat","background-position":"center center","background-size":"auto","background-attachment":"scroll","background-type":"","background-media":"","overlay-type":"","overlay-color":"","overlay-opacity":"","overlay-gradient":""},"mobile":{"background-color":"var(--ast-global-color-5)","background-image":"","background-repeat":"repeat","background-position":"center center","background-size":"auto","background-attachment":"scroll","background-type":"","background-media":"","overlay-type":"","overlay-color":"","overlay-opacity":"","overlay-gradient":""}},"footnotes":""},"class_list":["post-601","page","type-page","status-publish","hentry"],"post_mailing_queue_ids":[],"_links":{"self":[{"href":"https:\/\/agora.xtec.cat\/escolamontserratsola\/wp-json\/wp\/v2\/pages\/601","targetHints":{"allow":["GET"]}}],"collection":[{"href":"https:\/\/agora.xtec.cat\/escolamontserratsola\/wp-json\/wp\/v2\/pages"}],"about":[{"href":"https:\/\/agora.xtec.cat\/escolamontserratsola\/wp-json\/wp\/v2\/types\/page"}],"author":[{"embeddable":true,"href":"https:\/\/agora.xtec.cat\/escolamontserratsola\/wp-json\/wp\/v2\/users\/1"}],"replies":[{"embeddable":true,"href":"https:\/\/agora.xtec.cat\/escolamontserratsola\/wp-json\/wp\/v2\/comments?post=601"}],"version-history":[{"count":6,"href":"https:\/\/agora.xtec.cat\/escolamontserratsola\/wp-json\/wp\/v2\/pages\/601\/revisions"}],"predecessor-version":[{"id":4538,"href":"https:\/\/agora.xtec.cat\/escolamontserratsola\/wp-json\/wp\/v2\/pages\/601\/revisions\/4538"}],"up":[{"embeddable":true,"href":"https:\/\/agora.xtec.cat\/escolamontserratsola\/wp-json\/wp\/v2\/pages\/785"}],"wp:attachment":[{"href":"https:\/\/agora.xtec.cat\/escolamontserratsola\/wp-json\/wp\/v2\/media?parent=601"}],"curies":[{"name":"wp","href":"https:\/\/api.w.org\/{rel}","templated":true}]}}