{"id":599,"date":"2019-10-02T18:32:08","date_gmt":"2019-10-02T16:32:08","guid":{"rendered":"https:\/\/agora.xtec.cat\/escolamontserratsola\/?page_id=599"},"modified":"2021-09-08T17:33:09","modified_gmt":"2021-09-08T15:33:09","slug":"la-montserrat-sola","status":"publish","type":"page","link":"https:\/\/agora.xtec.cat\/escolamontserratsola\/lescola\/la-montserrat-sola\/","title":{"rendered":"Qui era Montserrat Sol\u00e0"},"content":{"rendered":"<p><strong>Montserrat Sol\u00e0 i Montserrat<\/strong>\u00a0(Matar\u00f3, 1954-1999)<\/p>\n<div class=\"columna\">\n<p>Llicenciada en Biologia, Montserrat Sol\u00e0 va treballar sempre com a professora de la seva especialitat. Va exercir diversos c\u00e0rrecs directius a l\u2019institut Dami\u00e0 Campeny de Matar\u00f3 i va ser membre de la Secci\u00f3 de Ci\u00e8ncies Naturals del Museu de Matar\u00f3 i col\u00b7laboradora t\u00e8cnica del Centre de Documentaci\u00f3 i Experimentaci\u00f3 en Ci\u00e8ncies i Tecnologia del Departament d\u2019Educaci\u00f3 de la Generalitat de Catalunya.\u00a0Va treballar uns anys com a directora de l\u2019IES Thalassa de Montgat quan aquest Institut nom\u00e9s disposava de 4 barracons i encara no tenia nom.<\/p>\n<p>Amb motiu del seu comprom\u00eds amb el m\u00f3n de la educaci\u00f3 i la pedagogia, el dia 8 de setembre de 2006 el ple de l\u2019Ajuntament de Matar\u00f3 va acordar posar el nom de Montserrat Sol\u00e0 a la nostra escola.<\/p>\n<\/div>\n","protected":false},"excerpt":{"rendered":"<p>Montserrat Sol\u00e0 i Montserrat\u00a0(Matar\u00f3, 1954-1999) Llicenciada en Biologia, Montserrat Sol\u00e0 va treballar sempre com a professora de la seva especialitat. Va exercir diversos c\u00e0rrecs directius a l\u2019institut Dami\u00e0 Campeny de Matar\u00f3 i va ser membre de la Secci\u00f3 de Ci\u00e8ncies Naturals del Museu de Matar\u00f3 i col\u00b7laboradora t\u00e8cnica del Centre de Documentaci\u00f3 i Experimentaci\u00f3 en [&hellip;]<\/p>\n","protected":false},"author":1,"featured_media":0,"parent":22,"menu_order":7,"comment_status":"closed","ping_status":"closed","template":"page-templates\/side-menu.php","meta":{"_bbp_topic_count":0,"_bbp_reply_count":0,"_bbp_total_topic_count":0,"_bbp_total_reply_count":0,"_bbp_voice_count":0,"_bbp_anonymous_reply_count":0,"_bbp_topic_count_hidden":0,"_bbp_reply_count_hidden":0,"_bbp_forum_subforum_count":0,"site-sidebar-layout":"default","site-content-layout":"","ast-site-content-layout":"","site-content-style":"default","site-sidebar-style":"default","ast-global-header-display":"","ast-banner-title-visibility":"","ast-main-header-display":"","ast-hfb-above-header-display":"","ast-hfb-below-header-display":"","ast-hfb-mobile-header-display":"","site-post-title":"","ast-breadcrumbs-content":"","ast-featured-img":"","footer-sml-layout":"","theme-transparent-header-meta":"","adv-header-id-meta":"","stick-header-meta":"","header-above-stick-meta":"","header-main-stick-meta":"","header-below-stick-meta":"","astra-migrate-meta-layouts":"default","ast-page-background-enabled":"default","ast-page-background-meta":{"desktop":{"background-color":"var(--ast-global-color-4)","background-image":"","background-repeat":"repeat","background-position":"center center","background-size":"auto","background-attachment":"scroll","background-type":"","background-media":"","overlay-type":"","overlay-color":"","overlay-opacity":"","overlay-gradient":""},"tablet":{"background-color":"","background-image":"","background-repeat":"repeat","background-position":"center center","background-size":"auto","background-attachment":"scroll","background-type":"","background-media":"","overlay-type":"","overlay-color":"","overlay-opacity":"","overlay-gradient":""},"mobile":{"background-color":"","background-image":"","background-repeat":"repeat","background-position":"center center","background-size":"auto","background-attachment":"scroll","background-type":"","background-media":"","overlay-type":"","overlay-color":"","overlay-opacity":"","overlay-gradient":""}},"ast-content-background-meta":{"desktop":{"background-color":"var(--ast-global-color-5)","background-image":"","background-repeat":"repeat","background-position":"center center","background-size":"auto","background-attachment":"scroll","background-type":"","background-media":"","overlay-type":"","overlay-color":"","overlay-opacity":"","overlay-gradient":""},"tablet":{"background-color":"var(--ast-global-color-5)","background-image":"","background-repeat":"repeat","background-position":"center center","background-size":"auto","background-attachment":"scroll","background-type":"","background-media":"","overlay-type":"","overlay-color":"","overlay-opacity":"","overlay-gradient":""},"mobile":{"background-color":"var(--ast-global-color-5)","background-image":"","background-repeat":"repeat","background-position":"center center","background-size":"auto","background-attachment":"scroll","background-type":"","background-media":"","overlay-type":"","overlay-color":"","overlay-opacity":"","overlay-gradient":""}},"footnotes":""},"class_list":["post-599","page","type-page","status-publish","hentry"],"post_mailing_queue_ids":[],"_links":{"self":[{"href":"https:\/\/agora.xtec.cat\/escolamontserratsola\/wp-json\/wp\/v2\/pages\/599","targetHints":{"allow":["GET"]}}],"collection":[{"href":"https:\/\/agora.xtec.cat\/escolamontserratsola\/wp-json\/wp\/v2\/pages"}],"about":[{"href":"https:\/\/agora.xtec.cat\/escolamontserratsola\/wp-json\/wp\/v2\/types\/page"}],"author":[{"embeddable":true,"href":"https:\/\/agora.xtec.cat\/escolamontserratsola\/wp-json\/wp\/v2\/users\/1"}],"replies":[{"embeddable":true,"href":"https:\/\/agora.xtec.cat\/escolamontserratsola\/wp-json\/wp\/v2\/comments?post=599"}],"version-history":[{"count":4,"href":"https:\/\/agora.xtec.cat\/escolamontserratsola\/wp-json\/wp\/v2\/pages\/599\/revisions"}],"predecessor-version":[{"id":3081,"href":"https:\/\/agora.xtec.cat\/escolamontserratsola\/wp-json\/wp\/v2\/pages\/599\/revisions\/3081"}],"up":[{"embeddable":true,"href":"https:\/\/agora.xtec.cat\/escolamontserratsola\/wp-json\/wp\/v2\/pages\/22"}],"wp:attachment":[{"href":"https:\/\/agora.xtec.cat\/escolamontserratsola\/wp-json\/wp\/v2\/media?parent=599"}],"curies":[{"name":"wp","href":"https:\/\/api.w.org\/{rel}","templated":true}]}}