{"id":502,"date":"2019-09-14T15:41:01","date_gmt":"2019-09-14T13:41:01","guid":{"rendered":"https:\/\/agora.xtec.cat\/escolamontserratsola\/?page_id=502"},"modified":"2023-10-20T05:36:09","modified_gmt":"2023-10-20T03:36:09","slug":"pla-deducacio-per-la-sostenibilitat","status":"publish","type":"page","link":"https:\/\/agora.xtec.cat\/escolamontserratsola\/projectepedagogic\/pla-deducacio-per-la-sostenibilitat\/","title":{"rendered":"Pla d&#8217;Educaci\u00f3 per a la Sostenibilitat"},"content":{"rendered":"<p>\u2192 <a href=\"https:\/\/drive.google.com\/file\/d\/1F-mMlDj27FrcU7Gbr4ejy3Sr_CJ3fd36\/view?usp=share_link\"><span style=\"text-decoration: underline;\"><strong>Acc\u00e9s al Pla d&#8217;Educaci\u00f3 per a la Sostenibilitat<\/strong><\/span><\/a><\/p>\n<p class=\"entry-title\">L\u2019objectiu prioritari del Pla d&#8217;Educaci\u00f3 per a la Sostenibilitat (PDF) \u00e9s organitzar accions educatives coherents i sistematitzades per integrar els valors de la sostenibilitat ambiental. Els objectius estrat\u00e8gics estan relacionats amb els seg\u00fcents \u00e0mbits:<\/p>\n<ul>\n<li class=\"entry-title\">Organitzaci\u00f3 i participaci\u00f3.<\/li>\n<li class=\"entry-title\">Gesti\u00f3 sostenible dels materials, els recursos i els residus.<\/li>\n<li class=\"entry-title\">Implicaci\u00f3 i millora de l&#8217;entorn.<\/li>\n<li class=\"entry-title\">Curr\u00edculum.<\/li>\n<li class=\"entry-title\">Documents de gesti\u00f3 de centre.<\/li>\n<li class=\"entry-title\">Cultura de centre.<\/li>\n<\/ul>\n<p>El Programa d&#8217;actuaci\u00f3 est\u00e0 vinculat als\u00a0<a href=\"http:\/\/unescocat.org\/wp-content\/uploads\/2019\/04\/Educaci%C3%B3-per-als-objectius-de-desenvolupament-sostenible.pdf\" target=\"_blank\" rel=\"noopener noreferrer\">Objectius de Desenvolupament Sostenible (PDF)<\/a>\u00a0de l&#8217;Agenda 2030 de les Nacions Unides.<\/p>\n","protected":false},"excerpt":{"rendered":"<p>\u2192 Acc\u00e9s al Pla d&#8217;Educaci\u00f3 per a la Sostenibilitat L\u2019objectiu prioritari del Pla d&#8217;Educaci\u00f3 per a la Sostenibilitat (PDF) \u00e9s organitzar accions educatives coherents i sistematitzades per integrar els valors de la sostenibilitat ambiental. Els objectius estrat\u00e8gics estan relacionats amb els seg\u00fcents \u00e0mbits: Organitzaci\u00f3 i participaci\u00f3. Gesti\u00f3 sostenible dels materials, els recursos i els residus. [&hellip;]<\/p>\n","protected":false},"author":1,"featured_media":0,"parent":64,"menu_order":4,"comment_status":"closed","ping_status":"closed","template":"page-templates\/side-menu.php","meta":{"_bbp_topic_count":0,"_bbp_reply_count":0,"_bbp_total_topic_count":0,"_bbp_total_reply_count":0,"_bbp_voice_count":0,"_bbp_anonymous_reply_count":0,"_bbp_topic_count_hidden":0,"_bbp_reply_count_hidden":0,"_bbp_forum_subforum_count":0,"site-sidebar-layout":"default","site-content-layout":"","ast-site-content-layout":"","site-content-style":"default","site-sidebar-style":"default","ast-global-header-display":"","ast-banner-title-visibility":"","ast-main-header-display":"","ast-hfb-above-header-display":"","ast-hfb-below-header-display":"","ast-hfb-mobile-header-display":"","site-post-title":"","ast-breadcrumbs-content":"","ast-featured-img":"","footer-sml-layout":"","theme-transparent-header-meta":"","adv-header-id-meta":"","stick-header-meta":"","header-above-stick-meta":"","header-main-stick-meta":"","header-below-stick-meta":"","astra-migrate-meta-layouts":"default","ast-page-background-enabled":"default","ast-page-background-meta":{"desktop":{"background-color":"var(--ast-global-color-4)","background-image":"","background-repeat":"repeat","background-position":"center center","background-size":"auto","background-attachment":"scroll","background-type":"","background-media":"","overlay-type":"","overlay-color":"","overlay-opacity":"","overlay-gradient":""},"tablet":{"background-color":"","background-image":"","background-repeat":"repeat","background-position":"center center","background-size":"auto","background-attachment":"scroll","background-type":"","background-media":"","overlay-type":"","overlay-color":"","overlay-opacity":"","overlay-gradient":""},"mobile":{"background-color":"","background-image":"","background-repeat":"repeat","background-position":"center center","background-size":"auto","background-attachment":"scroll","background-type":"","background-media":"","overlay-type":"","overlay-color":"","overlay-opacity":"","overlay-gradient":""}},"ast-content-background-meta":{"desktop":{"background-color":"var(--ast-global-color-5)","background-image":"","background-repeat":"repeat","background-position":"center center","background-size":"auto","background-attachment":"scroll","background-type":"","background-media":"","overlay-type":"","overlay-color":"","overlay-opacity":"","overlay-gradient":""},"tablet":{"background-color":"var(--ast-global-color-5)","background-image":"","background-repeat":"repeat","background-position":"center center","background-size":"auto","background-attachment":"scroll","background-type":"","background-media":"","overlay-type":"","overlay-color":"","overlay-opacity":"","overlay-gradient":""},"mobile":{"background-color":"var(--ast-global-color-5)","background-image":"","background-repeat":"repeat","background-position":"center center","background-size":"auto","background-attachment":"scroll","background-type":"","background-media":"","overlay-type":"","overlay-color":"","overlay-opacity":"","overlay-gradient":""}},"footnotes":""},"class_list":["post-502","page","type-page","status-publish","hentry"],"post_mailing_queue_ids":[],"_links":{"self":[{"href":"https:\/\/agora.xtec.cat\/escolamontserratsola\/wp-json\/wp\/v2\/pages\/502","targetHints":{"allow":["GET"]}}],"collection":[{"href":"https:\/\/agora.xtec.cat\/escolamontserratsola\/wp-json\/wp\/v2\/pages"}],"about":[{"href":"https:\/\/agora.xtec.cat\/escolamontserratsola\/wp-json\/wp\/v2\/types\/page"}],"author":[{"embeddable":true,"href":"https:\/\/agora.xtec.cat\/escolamontserratsola\/wp-json\/wp\/v2\/users\/1"}],"replies":[{"embeddable":true,"href":"https:\/\/agora.xtec.cat\/escolamontserratsola\/wp-json\/wp\/v2\/comments?post=502"}],"version-history":[{"count":4,"href":"https:\/\/agora.xtec.cat\/escolamontserratsola\/wp-json\/wp\/v2\/pages\/502\/revisions"}],"predecessor-version":[{"id":3836,"href":"https:\/\/agora.xtec.cat\/escolamontserratsola\/wp-json\/wp\/v2\/pages\/502\/revisions\/3836"}],"up":[{"embeddable":true,"href":"https:\/\/agora.xtec.cat\/escolamontserratsola\/wp-json\/wp\/v2\/pages\/64"}],"wp:attachment":[{"href":"https:\/\/agora.xtec.cat\/escolamontserratsola\/wp-json\/wp\/v2\/media?parent=502"}],"curies":[{"name":"wp","href":"https:\/\/api.w.org\/{rel}","templated":true}]}}