{"id":494,"date":"2019-09-13T17:46:32","date_gmt":"2019-09-13T15:46:32","guid":{"rendered":"https:\/\/agora.xtec.cat\/escolamontserratsola\/?page_id=494"},"modified":"2025-07-15T20:30:18","modified_gmt":"2025-07-15T18:30:18","slug":"nofc","status":"publish","type":"page","link":"https:\/\/agora.xtec.cat\/escolamontserratsola\/projectepedagogic\/nofc\/","title":{"rendered":"Normativa d&#8217;Organitzaci\u00f3 i Funcionament"},"content":{"rendered":"<p>\u2192 <a href=\"https:\/\/drive.google.com\/file\/d\/1oYljfIEjEAPvRT1Boby3HTSsmBHRQKxg\/view?usp=sharing\"><span style=\"text-decoration: underline;\"><strong>Acc\u00e9s a la Normativa d&#8217;Organitzaci\u00f3 i Funcionament de Centre<\/strong><\/span><\/a><\/p>\n<p>\u2192 <a href=\"https:\/\/drive.google.com\/file\/d\/1LvgDfZrDyj735mS5X9DLwCvO8M9O_WyC\/view?usp=sharing\"><span style=\"text-decoration: underline;\"><strong>Organigrama<\/strong><\/span><\/a><\/p>\n<p>D&#8217;acord amb el que estableix la normativa vigent, la\u00a0Normativa d&#8217;Organitzaci\u00f3 i Funcionament de Centre, determina una estructura organitzativa coherent amb els objectius i criteris del nostre projecte educatiu. L&#8217;organitzaci\u00f3 no \u00e9s una finalitat en si mateixa, sin\u00f3 un instrument per desenvolupar i fer possible el projecte educatiu i, en \u00faltim terme, educar els infants perqu\u00e8 esdevinguin persones c\u00edviques, actives i creatives en la societat actual i futura. Valors com la responsabilitat, el respecte, la col\u00b7laboraci\u00f3 i la llibertat -compartits i viscuts per tota la comunitat educativa, i que desitgem per presideixin sempre el nostre dia a dia- inspiren aquesta normativa.<\/p>\n","protected":false},"excerpt":{"rendered":"<p>\u2192 Acc\u00e9s a la Normativa d&#8217;Organitzaci\u00f3 i Funcionament de Centre \u2192 Organigrama D&#8217;acord amb el que estableix la normativa vigent, la\u00a0Normativa d&#8217;Organitzaci\u00f3 i Funcionament de Centre, determina una estructura organitzativa coherent amb els objectius i criteris del nostre projecte educatiu. L&#8217;organitzaci\u00f3 no \u00e9s una finalitat en si mateixa, sin\u00f3 un instrument per desenvolupar i fer [&hellip;]<\/p>\n","protected":false},"author":1,"featured_media":0,"parent":64,"menu_order":2,"comment_status":"closed","ping_status":"closed","template":"page-templates\/side-menu.php","meta":{"_bbp_topic_count":0,"_bbp_reply_count":0,"_bbp_total_topic_count":0,"_bbp_total_reply_count":0,"_bbp_voice_count":0,"_bbp_anonymous_reply_count":0,"_bbp_topic_count_hidden":0,"_bbp_reply_count_hidden":0,"_bbp_forum_subforum_count":0,"site-sidebar-layout":"default","site-content-layout":"","ast-site-content-layout":"","site-content-style":"default","site-sidebar-style":"default","ast-global-header-display":"","ast-banner-title-visibility":"","ast-main-header-display":"","ast-hfb-above-header-display":"","ast-hfb-below-header-display":"","ast-hfb-mobile-header-display":"","site-post-title":"","ast-breadcrumbs-content":"","ast-featured-img":"","footer-sml-layout":"","theme-transparent-header-meta":"","adv-header-id-meta":"","stick-header-meta":"","header-above-stick-meta":"","header-main-stick-meta":"","header-below-stick-meta":"","astra-migrate-meta-layouts":"default","ast-page-background-enabled":"default","ast-page-background-meta":{"desktop":{"background-color":"var(--ast-global-color-4)","background-image":"","background-repeat":"repeat","background-position":"center center","background-size":"auto","background-attachment":"scroll","background-type":"","background-media":"","overlay-type":"","overlay-color":"","overlay-opacity":"","overlay-gradient":""},"tablet":{"background-color":"","background-image":"","background-repeat":"repeat","background-position":"center center","background-size":"auto","background-attachment":"scroll","background-type":"","background-media":"","overlay-type":"","overlay-color":"","overlay-opacity":"","overlay-gradient":""},"mobile":{"background-color":"","background-image":"","background-repeat":"repeat","background-position":"center center","background-size":"auto","background-attachment":"scroll","background-type":"","background-media":"","overlay-type":"","overlay-color":"","overlay-opacity":"","overlay-gradient":""}},"ast-content-background-meta":{"desktop":{"background-color":"var(--ast-global-color-5)","background-image":"","background-repeat":"repeat","background-position":"center center","background-size":"auto","background-attachment":"scroll","background-type":"","background-media":"","overlay-type":"","overlay-color":"","overlay-opacity":"","overlay-gradient":""},"tablet":{"background-color":"var(--ast-global-color-5)","background-image":"","background-repeat":"repeat","background-position":"center center","background-size":"auto","background-attachment":"scroll","background-type":"","background-media":"","overlay-type":"","overlay-color":"","overlay-opacity":"","overlay-gradient":""},"mobile":{"background-color":"var(--ast-global-color-5)","background-image":"","background-repeat":"repeat","background-position":"center center","background-size":"auto","background-attachment":"scroll","background-type":"","background-media":"","overlay-type":"","overlay-color":"","overlay-opacity":"","overlay-gradient":""}},"footnotes":""},"class_list":["post-494","page","type-page","status-publish","hentry"],"post_mailing_queue_ids":[],"_links":{"self":[{"href":"https:\/\/agora.xtec.cat\/escolamontserratsola\/wp-json\/wp\/v2\/pages\/494","targetHints":{"allow":["GET"]}}],"collection":[{"href":"https:\/\/agora.xtec.cat\/escolamontserratsola\/wp-json\/wp\/v2\/pages"}],"about":[{"href":"https:\/\/agora.xtec.cat\/escolamontserratsola\/wp-json\/wp\/v2\/types\/page"}],"author":[{"embeddable":true,"href":"https:\/\/agora.xtec.cat\/escolamontserratsola\/wp-json\/wp\/v2\/users\/1"}],"replies":[{"embeddable":true,"href":"https:\/\/agora.xtec.cat\/escolamontserratsola\/wp-json\/wp\/v2\/comments?post=494"}],"version-history":[{"count":5,"href":"https:\/\/agora.xtec.cat\/escolamontserratsola\/wp-json\/wp\/v2\/pages\/494\/revisions"}],"predecessor-version":[{"id":4429,"href":"https:\/\/agora.xtec.cat\/escolamontserratsola\/wp-json\/wp\/v2\/pages\/494\/revisions\/4429"}],"up":[{"embeddable":true,"href":"https:\/\/agora.xtec.cat\/escolamontserratsola\/wp-json\/wp\/v2\/pages\/64"}],"wp:attachment":[{"href":"https:\/\/agora.xtec.cat\/escolamontserratsola\/wp-json\/wp\/v2\/media?parent=494"}],"curies":[{"name":"wp","href":"https:\/\/api.w.org\/{rel}","templated":true}]}}