{"id":4174,"date":"2025-01-04T13:33:06","date_gmt":"2025-01-04T12:33:06","guid":{"rendered":"https:\/\/agora.xtec.cat\/escolamontserratsola\/?page_id=4174"},"modified":"2025-01-04T13:50:35","modified_gmt":"2025-01-04T12:50:35","slug":"seguiment-i-conclusions","status":"publish","type":"page","link":"https:\/\/agora.xtec.cat\/escolamontserratsola\/transformem-el-nostre-pati\/projecte-dinnovacio-educativa-erasmus\/seguiment-i-conclusions\/","title":{"rendered":"Seguiment i cloenda"},"content":{"rendered":"<p>Juliol 2022<\/p>\n<p>Al llarg del curs, l&#8217;equip de mestres del cicle de Petits tamb\u00e9 hem participat d&#8217;aquest projecte d&#8217;investigaci\u00f3, no nom\u00e9s afavorint el desenvolupament de les activitats que ens han fet arribar, sin\u00f3 tamb\u00e9 responent a tota una s\u00e8rie de q\u00fcestionaris i recollint tota una s\u00e8rie de dades per la investigaci\u00f3.<\/p>\n<p>De l&#8217;11 al 15 de juliol, tot l&#8217;equip de Petits i la direcci\u00f3 de la nostra escola han participat en unes jornades de formaci\u00f3 organitzades per la Universitat de Presov, impulsora del projecte, juntament amb les entitats SEO\/BirdLife, Milanta, Learning through Landscapes i INAK. Les jornades s&#8217;han celebrat a Bratislava i ens han perm\u00e8s con\u00e8ixer professionals dels centres participants de Malta, Regne Unit i Rep\u00fablica d&#8217;Eslov\u00e0quia i compartir les nostres experi\u00e8ncies.<\/p>\n<p><a href=\"https:\/\/agora.xtec.cat\/escolamontserratsola\/wp-content\/uploads\/usu1322\/2025\/01\/20250104_132657.jpg\"><img loading=\"lazy\" decoding=\"async\" class=\"alignnone wp-image-4175 size-medium\" src=\"https:\/\/agora.xtec.cat\/escolamontserratsola\/wp-content\/uploads\/usu1322\/2025\/01\/20250104_132657-300x135.jpg\" alt=\"\" width=\"300\" height=\"135\" srcset=\"https:\/\/agora.xtec.cat\/escolamontserratsola\/wp-content\/uploads\/usu1322\/2025\/01\/20250104_132657-300x135.jpg 300w, https:\/\/agora.xtec.cat\/escolamontserratsola\/wp-content\/uploads\/usu1322\/2025\/01\/20250104_132657-768x346.jpg 768w, https:\/\/agora.xtec.cat\/escolamontserratsola\/wp-content\/uploads\/usu1322\/2025\/01\/20250104_132657.jpg 1024w\" sizes=\"auto, (max-width: 300px) 100vw, 300px\" \/>\u00a0<\/a> <a href=\"https:\/\/agora.xtec.cat\/escolamontserratsola\/wp-content\/uploads\/usu1322\/2025\/01\/20250104_132653.jpg\"><img loading=\"lazy\" decoding=\"async\" class=\"alignnone wp-image-4176 size-medium\" src=\"https:\/\/agora.xtec.cat\/escolamontserratsola\/wp-content\/uploads\/usu1322\/2025\/01\/20250104_132653-300x169.jpg\" alt=\"\" width=\"300\" height=\"169\" srcset=\"https:\/\/agora.xtec.cat\/escolamontserratsola\/wp-content\/uploads\/usu1322\/2025\/01\/20250104_132653-300x169.jpg 300w, https:\/\/agora.xtec.cat\/escolamontserratsola\/wp-content\/uploads\/usu1322\/2025\/01\/20250104_132653-768x433.jpg 768w, https:\/\/agora.xtec.cat\/escolamontserratsola\/wp-content\/uploads\/usu1322\/2025\/01\/20250104_132653.jpg 1024w\" sizes=\"auto, (max-width: 300px) 100vw, 300px\" \/><\/a><\/p>\n<p><a href=\"https:\/\/agora.xtec.cat\/escolamontserratsola\/wp-content\/uploads\/usu1322\/2025\/01\/20250104_132702.jpg\"><img loading=\"lazy\" decoding=\"async\" class=\"alignnone wp-image-4178 size-medium\" src=\"https:\/\/agora.xtec.cat\/escolamontserratsola\/wp-content\/uploads\/usu1322\/2025\/01\/20250104_132702-300x169.jpg\" alt=\"\" width=\"300\" height=\"169\" srcset=\"https:\/\/agora.xtec.cat\/escolamontserratsola\/wp-content\/uploads\/usu1322\/2025\/01\/20250104_132702-300x169.jpg 300w, https:\/\/agora.xtec.cat\/escolamontserratsola\/wp-content\/uploads\/usu1322\/2025\/01\/20250104_132702-768x433.jpg 768w, https:\/\/agora.xtec.cat\/escolamontserratsola\/wp-content\/uploads\/usu1322\/2025\/01\/20250104_132702.jpg 1024w\" sizes=\"auto, (max-width: 300px) 100vw, 300px\" \/> \u00a0<\/a> <a href=\"https:\/\/agora.xtec.cat\/escolamontserratsola\/wp-content\/uploads\/usu1322\/2025\/01\/20250104_132707.jpg\"><img loading=\"lazy\" decoding=\"async\" class=\"alignnone wp-image-4179 size-medium\" src=\"https:\/\/agora.xtec.cat\/escolamontserratsola\/wp-content\/uploads\/usu1322\/2025\/01\/20250104_132707-300x190.jpg\" alt=\"\" width=\"300\" height=\"190\" srcset=\"https:\/\/agora.xtec.cat\/escolamontserratsola\/wp-content\/uploads\/usu1322\/2025\/01\/20250104_132707-300x190.jpg 300w, https:\/\/agora.xtec.cat\/escolamontserratsola\/wp-content\/uploads\/usu1322\/2025\/01\/20250104_132707-768x487.jpg 768w, https:\/\/agora.xtec.cat\/escolamontserratsola\/wp-content\/uploads\/usu1322\/2025\/01\/20250104_132707.jpg 1024w\" sizes=\"auto, (max-width: 300px) 100vw, 300px\" \/><\/a><\/p>\n<p><a href=\"https:\/\/agora.xtec.cat\/escolamontserratsola\/wp-content\/uploads\/usu1322\/2025\/01\/20250104_132647.jpg\"><img loading=\"lazy\" decoding=\"async\" class=\"alignnone wp-image-4177 size-medium\" src=\"https:\/\/agora.xtec.cat\/escolamontserratsola\/wp-content\/uploads\/usu1322\/2025\/01\/20250104_132647-300x209.jpg\" alt=\"\" width=\"300\" height=\"209\" srcset=\"https:\/\/agora.xtec.cat\/escolamontserratsola\/wp-content\/uploads\/usu1322\/2025\/01\/20250104_132647-300x209.jpg 300w, https:\/\/agora.xtec.cat\/escolamontserratsola\/wp-content\/uploads\/usu1322\/2025\/01\/20250104_132647-768x534.jpg 768w, https:\/\/agora.xtec.cat\/escolamontserratsola\/wp-content\/uploads\/usu1322\/2025\/01\/20250104_132647.jpg 1024w\" sizes=\"auto, (max-width: 300px) 100vw, 300px\" \/><\/a><\/p>\n","protected":false},"excerpt":{"rendered":"<p>Juliol 2022 Al llarg del curs, l&#8217;equip de mestres del cicle de Petits tamb\u00e9 hem participat d&#8217;aquest projecte d&#8217;investigaci\u00f3, no nom\u00e9s afavorint el desenvolupament de les activitats que ens han fet arribar, sin\u00f3 tamb\u00e9 responent a tota una s\u00e8rie de q\u00fcestionaris i recollint tota una s\u00e8rie de dades per la investigaci\u00f3. De l&#8217;11 al 15 [&hellip;]<\/p>\n","protected":false},"author":1,"featured_media":0,"parent":3355,"menu_order":4,"comment_status":"closed","ping_status":"closed","template":"page-templates\/side-menu.php","meta":{"_bbp_topic_count":0,"_bbp_reply_count":0,"_bbp_total_topic_count":0,"_bbp_total_reply_count":0,"_bbp_voice_count":0,"_bbp_anonymous_reply_count":0,"_bbp_topic_count_hidden":0,"_bbp_reply_count_hidden":0,"_bbp_forum_subforum_count":0,"site-sidebar-layout":"default","site-content-layout":"","ast-site-content-layout":"","site-content-style":"default","site-sidebar-style":"default","ast-global-header-display":"","ast-banner-title-visibility":"","ast-main-header-display":"","ast-hfb-above-header-display":"","ast-hfb-below-header-display":"","ast-hfb-mobile-header-display":"","site-post-title":"","ast-breadcrumbs-content":"","ast-featured-img":"","footer-sml-layout":"","theme-transparent-header-meta":"","adv-header-id-meta":"","stick-header-meta":"","header-above-stick-meta":"","header-main-stick-meta":"","header-below-stick-meta":"","astra-migrate-meta-layouts":"default","ast-page-background-enabled":"default","ast-page-background-meta":{"desktop":{"background-color":"var(--ast-global-color-4)","background-image":"","background-repeat":"repeat","background-position":"center center","background-size":"auto","background-attachment":"scroll","background-type":"","background-media":"","overlay-type":"","overlay-color":"","overlay-opacity":"","overlay-gradient":""},"tablet":{"background-color":"","background-image":"","background-repeat":"repeat","background-position":"center center","background-size":"auto","background-attachment":"scroll","background-type":"","background-media":"","overlay-type":"","overlay-color":"","overlay-opacity":"","overlay-gradient":""},"mobile":{"background-color":"","background-image":"","background-repeat":"repeat","background-position":"center center","background-size":"auto","background-attachment":"scroll","background-type":"","background-media":"","overlay-type":"","overlay-color":"","overlay-opacity":"","overlay-gradient":""}},"ast-content-background-meta":{"desktop":{"background-color":"var(--ast-global-color-5)","background-image":"","background-repeat":"repeat","background-position":"center center","background-size":"auto","background-attachment":"scroll","background-type":"","background-media":"","overlay-type":"","overlay-color":"","overlay-opacity":"","overlay-gradient":""},"tablet":{"background-color":"var(--ast-global-color-5)","background-image":"","background-repeat":"repeat","background-position":"center center","background-size":"auto","background-attachment":"scroll","background-type":"","background-media":"","overlay-type":"","overlay-color":"","overlay-opacity":"","overlay-gradient":""},"mobile":{"background-color":"var(--ast-global-color-5)","background-image":"","background-repeat":"repeat","background-position":"center center","background-size":"auto","background-attachment":"scroll","background-type":"","background-media":"","overlay-type":"","overlay-color":"","overlay-opacity":"","overlay-gradient":""}},"footnotes":""},"class_list":["post-4174","page","type-page","status-publish","hentry"],"post_mailing_queue_ids":[],"_links":{"self":[{"href":"https:\/\/agora.xtec.cat\/escolamontserratsola\/wp-json\/wp\/v2\/pages\/4174","targetHints":{"allow":["GET"]}}],"collection":[{"href":"https:\/\/agora.xtec.cat\/escolamontserratsola\/wp-json\/wp\/v2\/pages"}],"about":[{"href":"https:\/\/agora.xtec.cat\/escolamontserratsola\/wp-json\/wp\/v2\/types\/page"}],"author":[{"embeddable":true,"href":"https:\/\/agora.xtec.cat\/escolamontserratsola\/wp-json\/wp\/v2\/users\/1"}],"replies":[{"embeddable":true,"href":"https:\/\/agora.xtec.cat\/escolamontserratsola\/wp-json\/wp\/v2\/comments?post=4174"}],"version-history":[{"count":6,"href":"https:\/\/agora.xtec.cat\/escolamontserratsola\/wp-json\/wp\/v2\/pages\/4174\/revisions"}],"predecessor-version":[{"id":4189,"href":"https:\/\/agora.xtec.cat\/escolamontserratsola\/wp-json\/wp\/v2\/pages\/4174\/revisions\/4189"}],"up":[{"embeddable":true,"href":"https:\/\/agora.xtec.cat\/escolamontserratsola\/wp-json\/wp\/v2\/pages\/3355"}],"wp:attachment":[{"href":"https:\/\/agora.xtec.cat\/escolamontserratsola\/wp-json\/wp\/v2\/media?parent=4174"}],"curies":[{"name":"wp","href":"https:\/\/api.w.org\/{rel}","templated":true}]}}