{"id":3770,"date":"2023-07-13T13:22:16","date_gmt":"2023-07-13T11:22:16","guid":{"rendered":"https:\/\/agora.xtec.cat\/escolamontserratsola\/?page_id=3770"},"modified":"2023-07-14T09:49:02","modified_gmt":"2023-07-14T07:49:02","slug":"avaluacio-i-millora","status":"publish","type":"page","link":"https:\/\/agora.xtec.cat\/escolamontserratsola\/projectepedagogic\/estrategia-digital-de-centre\/part-estrategica\/avaluacio-i-millora\/","title":{"rendered":"Avaluaci\u00f3 i millora"},"content":{"rendered":"<ul>\n<li><b><span style=\"color: #0b5394;\">Avaluaci\u00f3<\/span><\/b>:<\/li>\n<\/ul>\n<p dir=\"ltr\"><span style=\"font-family: arial, sans-serif;\">L&#8217;avaluaci\u00f3 \u00e9s un proc\u00e9s c\u00edclic:<\/span><\/p>\n<ul>\n<li style=\"list-style-type: none;\">\n<ul>\n<li>Inici de curs: La comissi\u00f3 es reuneix per\u00a0planificar\u00a0les actuacions. Es comproven quines s\u00f3n les activitats que s&#8217;han de dur a terme al llarg de l&#8217;any, els seus responsables i incorporar-les a la PGA de la comissi\u00f3.<\/li>\n<li>Al llarg del curs: Es\u00a0desenvolupen\u00a0les activitats incorporades a la PGA de la comissi\u00f3.<\/li>\n<li>Trimestralment, es\u00a0revisa\u00a0l&#8217;estat de les actuacions tenint en compte els indicadors definits amb el seu criteri d&#8217;\u00e8xit per assolir-les. En el proc\u00e9s de revisi\u00f3, si s&#8217;escau, es determinen estrat\u00e8gies pel compliment dels indicadors.<\/li>\n<li><strong>Avaluaci\u00f3<\/strong>: arribat el final de curs, es fa el retiment de comptes. En aquest moment es recullen les dades en funci\u00f3 dels indicadors i comprovaci\u00f3 de l&#8217;assoliment dels objectius.<\/li>\n<\/ul>\n<\/li>\n<\/ul>\n<p>&nbsp;<\/p>\n<ul>\n<li><b><span style=\"color: #0b5394;\">Millora<\/span><\/b>:<\/li>\n<\/ul>\n<p dir=\"ltr\"><span style=\"font-family: arial, sans-serif;\">Arribat el final de la planificaci\u00f3 de l&#8217;Estrat\u00e8gia Digital de Centre caldr\u00e0 plantejar-se una nova diagnosi per actualitzar-la. Aquesta revisi\u00f3 i actualitzaci\u00f3 implicar\u00e0 un canvi en els objectius i en les activitats.<\/span><\/p>\n","protected":false},"excerpt":{"rendered":"<p>Avaluaci\u00f3: L&#8217;avaluaci\u00f3 \u00e9s un proc\u00e9s c\u00edclic: Inici de curs: La comissi\u00f3 es reuneix per\u00a0planificar\u00a0les actuacions. Es comproven quines s\u00f3n les activitats que s&#8217;han de dur a terme al llarg de l&#8217;any, els seus responsables i incorporar-les a la PGA de la comissi\u00f3. Al llarg del curs: Es\u00a0desenvolupen\u00a0les activitats incorporades a la PGA de la comissi\u00f3. [&hellip;]<\/p>\n","protected":false},"author":3,"featured_media":0,"parent":3738,"menu_order":4,"comment_status":"closed","ping_status":"closed","template":"page-templates\/side-menu.php","meta":{"_bbp_topic_count":0,"_bbp_reply_count":0,"_bbp_total_topic_count":0,"_bbp_total_reply_count":0,"_bbp_voice_count":0,"_bbp_anonymous_reply_count":0,"_bbp_topic_count_hidden":0,"_bbp_reply_count_hidden":0,"_bbp_forum_subforum_count":0,"site-sidebar-layout":"default","site-content-layout":"","ast-site-content-layout":"","site-content-style":"default","site-sidebar-style":"default","ast-global-header-display":"","ast-banner-title-visibility":"","ast-main-header-display":"","ast-hfb-above-header-display":"","ast-hfb-below-header-display":"","ast-hfb-mobile-header-display":"","site-post-title":"","ast-breadcrumbs-content":"","ast-featured-img":"","footer-sml-layout":"","theme-transparent-header-meta":"","adv-header-id-meta":"","stick-header-meta":"","header-above-stick-meta":"","header-main-stick-meta":"","header-below-stick-meta":"","astra-migrate-meta-layouts":"default","ast-page-background-enabled":"default","ast-page-background-meta":{"desktop":{"background-color":"var(--ast-global-color-4)","background-image":"","background-repeat":"repeat","background-position":"center center","background-size":"auto","background-attachment":"scroll","background-type":"","background-media":"","overlay-type":"","overlay-color":"","overlay-opacity":"","overlay-gradient":""},"tablet":{"background-color":"","background-image":"","background-repeat":"repeat","background-position":"center center","background-size":"auto","background-attachment":"scroll","background-type":"","background-media":"","overlay-type":"","overlay-color":"","overlay-opacity":"","overlay-gradient":""},"mobile":{"background-color":"","background-image":"","background-repeat":"repeat","background-position":"center center","background-size":"auto","background-attachment":"scroll","background-type":"","background-media":"","overlay-type":"","overlay-color":"","overlay-opacity":"","overlay-gradient":""}},"ast-content-background-meta":{"desktop":{"background-color":"var(--ast-global-color-5)","background-image":"","background-repeat":"repeat","background-position":"center center","background-size":"auto","background-attachment":"scroll","background-type":"","background-media":"","overlay-type":"","overlay-color":"","overlay-opacity":"","overlay-gradient":""},"tablet":{"background-color":"var(--ast-global-color-5)","background-image":"","background-repeat":"repeat","background-position":"center center","background-size":"auto","background-attachment":"scroll","background-type":"","background-media":"","overlay-type":"","overlay-color":"","overlay-opacity":"","overlay-gradient":""},"mobile":{"background-color":"var(--ast-global-color-5)","background-image":"","background-repeat":"repeat","background-position":"center center","background-size":"auto","background-attachment":"scroll","background-type":"","background-media":"","overlay-type":"","overlay-color":"","overlay-opacity":"","overlay-gradient":""}},"footnotes":""},"class_list":["post-3770","page","type-page","status-publish","hentry"],"post_mailing_queue_ids":[],"_links":{"self":[{"href":"https:\/\/agora.xtec.cat\/escolamontserratsola\/wp-json\/wp\/v2\/pages\/3770","targetHints":{"allow":["GET"]}}],"collection":[{"href":"https:\/\/agora.xtec.cat\/escolamontserratsola\/wp-json\/wp\/v2\/pages"}],"about":[{"href":"https:\/\/agora.xtec.cat\/escolamontserratsola\/wp-json\/wp\/v2\/types\/page"}],"author":[{"embeddable":true,"href":"https:\/\/agora.xtec.cat\/escolamontserratsola\/wp-json\/wp\/v2\/users\/3"}],"replies":[{"embeddable":true,"href":"https:\/\/agora.xtec.cat\/escolamontserratsola\/wp-json\/wp\/v2\/comments?post=3770"}],"version-history":[{"count":2,"href":"https:\/\/agora.xtec.cat\/escolamontserratsola\/wp-json\/wp\/v2\/pages\/3770\/revisions"}],"predecessor-version":[{"id":3786,"href":"https:\/\/agora.xtec.cat\/escolamontserratsola\/wp-json\/wp\/v2\/pages\/3770\/revisions\/3786"}],"up":[{"embeddable":true,"href":"https:\/\/agora.xtec.cat\/escolamontserratsola\/wp-json\/wp\/v2\/pages\/3738"}],"wp:attachment":[{"href":"https:\/\/agora.xtec.cat\/escolamontserratsola\/wp-json\/wp\/v2\/media?parent=3770"}],"curies":[{"name":"wp","href":"https:\/\/api.w.org\/{rel}","templated":true}]}}