{"id":3761,"date":"2023-07-13T13:20:14","date_gmt":"2023-07-13T11:20:14","guid":{"rendered":"https:\/\/agora.xtec.cat\/escolamontserratsola\/?page_id=3761"},"modified":"2023-07-13T14:56:45","modified_gmt":"2023-07-13T12:56:45","slug":"diagnosi-5","status":"publish","type":"page","link":"https:\/\/agora.xtec.cat\/escolamontserratsola\/projectepedagogic\/estrategia-digital-de-centre\/part-estrategica\/diagnosi-5\/","title":{"rendered":"Diagnosi"},"content":{"rendered":"<p dir=\"ltr\"><span style=\"font-family: arial, sans-serif;\">Per l&#8217;elaboraci\u00f3 de l\u2019estrat\u00e8gia digital, la comissi\u00f3 digital del centre va decidir emprar diferents eines diagn\u00f2stiques:<\/span><\/p>\n<ul>\n<li dir=\"ltr\">\n<p dir=\"ltr\" role=\"presentation\"><span style=\"font-family: arial, sans-serif;\"><strong>Eina Selfie<\/strong>, una eina gratu\u00efta creada per la Comissi\u00f3 Europea, per ajudar als centres educatius a fer una diagnosi del seu grau d\u2019implementaci\u00f3 de les tecnologies digitals. Va donar resposta al q\u00fcestionari Selfie el 100% de l\u2019equip directiu, el\u00a080% de l\u2019equip docent i el\u00a092% de l\u2019alumnat enquestat.<\/span><\/p>\n<\/li>\n<li dir=\"ltr\">\n<p dir=\"ltr\" role=\"presentation\"><span style=\"font-family: arial, sans-serif;\"><strong>Enquesta per avaluar la compet\u00e8ncia digital instrumental docent<\/strong>\u00a0que van respondre un total de 25 docents que en aquell moment representaven el\u00a076% del claustre.<\/span><\/p>\n<\/li>\n<li dir=\"ltr\">\n<p dir=\"ltr\" role=\"presentation\"><span style=\"font-family: arial, sans-serif;\"><strong>Enquesta a les fam\u00edlies<\/strong> per poder recollir la seva visi\u00f3 sobre la maduresa digital del centre, es va crear un formulari i posteriorment compartit entre les fam\u00edlies del centre recollint-se la resposta de\u00a0149\u00a0fam\u00edlies que representen el 54%\u00a0de participaci\u00f3.<\/span><\/p>\n<\/li>\n<\/ul>\n<p dir=\"ltr\"><span style=\"font-family: arial, sans-serif;\">A partir de l\u2019an\u00e0lisi dels resultats obtinguts, es van detectar els punts forts i els aspectes de millora, que van permetre establir els <span style=\"color: #0000ff;\"><strong><a style=\"color: #0000ff;\" href=\"https:\/\/agora.xtec.cat\/escolamontserratsola\/projectepedagogic\/estrategia-digital-de-centre\/part-estrategica\/objectius\/\">objectius de l\u2019Estrat\u00e8gia Digital.<\/a><\/strong><\/span><\/span><\/p>\n","protected":false},"excerpt":{"rendered":"<p>Per l&#8217;elaboraci\u00f3 de l\u2019estrat\u00e8gia digital, la comissi\u00f3 digital del centre va decidir emprar diferents eines diagn\u00f2stiques: Eina Selfie, una eina gratu\u00efta creada per la Comissi\u00f3 Europea, per ajudar als centres educatius a fer una diagnosi del seu grau d\u2019implementaci\u00f3 de les tecnologies digitals. Va donar resposta al q\u00fcestionari Selfie el 100% de l\u2019equip directiu, el\u00a080% [&hellip;]<\/p>\n","protected":false},"author":3,"featured_media":0,"parent":3738,"menu_order":1,"comment_status":"closed","ping_status":"closed","template":"page-templates\/side-menu.php","meta":{"_bbp_topic_count":0,"_bbp_reply_count":0,"_bbp_total_topic_count":0,"_bbp_total_reply_count":0,"_bbp_voice_count":0,"_bbp_anonymous_reply_count":0,"_bbp_topic_count_hidden":0,"_bbp_reply_count_hidden":0,"_bbp_forum_subforum_count":0,"site-sidebar-layout":"default","site-content-layout":"","ast-site-content-layout":"","site-content-style":"default","site-sidebar-style":"default","ast-global-header-display":"","ast-banner-title-visibility":"","ast-main-header-display":"","ast-hfb-above-header-display":"","ast-hfb-below-header-display":"","ast-hfb-mobile-header-display":"","site-post-title":"","ast-breadcrumbs-content":"","ast-featured-img":"","footer-sml-layout":"","theme-transparent-header-meta":"","adv-header-id-meta":"","stick-header-meta":"","header-above-stick-meta":"","header-main-stick-meta":"","header-below-stick-meta":"","astra-migrate-meta-layouts":"default","ast-page-background-enabled":"default","ast-page-background-meta":{"desktop":{"background-color":"var(--ast-global-color-4)","background-image":"","background-repeat":"repeat","background-position":"center center","background-size":"auto","background-attachment":"scroll","background-type":"","background-media":"","overlay-type":"","overlay-color":"","overlay-opacity":"","overlay-gradient":""},"tablet":{"background-color":"","background-image":"","background-repeat":"repeat","background-position":"center center","background-size":"auto","background-attachment":"scroll","background-type":"","background-media":"","overlay-type":"","overlay-color":"","overlay-opacity":"","overlay-gradient":""},"mobile":{"background-color":"","background-image":"","background-repeat":"repeat","background-position":"center center","background-size":"auto","background-attachment":"scroll","background-type":"","background-media":"","overlay-type":"","overlay-color":"","overlay-opacity":"","overlay-gradient":""}},"ast-content-background-meta":{"desktop":{"background-color":"var(--ast-global-color-5)","background-image":"","background-repeat":"repeat","background-position":"center center","background-size":"auto","background-attachment":"scroll","background-type":"","background-media":"","overlay-type":"","overlay-color":"","overlay-opacity":"","overlay-gradient":""},"tablet":{"background-color":"var(--ast-global-color-5)","background-image":"","background-repeat":"repeat","background-position":"center center","background-size":"auto","background-attachment":"scroll","background-type":"","background-media":"","overlay-type":"","overlay-color":"","overlay-opacity":"","overlay-gradient":""},"mobile":{"background-color":"var(--ast-global-color-5)","background-image":"","background-repeat":"repeat","background-position":"center center","background-size":"auto","background-attachment":"scroll","background-type":"","background-media":"","overlay-type":"","overlay-color":"","overlay-opacity":"","overlay-gradient":""}},"footnotes":""},"class_list":["post-3761","page","type-page","status-publish","hentry"],"post_mailing_queue_ids":[],"_links":{"self":[{"href":"https:\/\/agora.xtec.cat\/escolamontserratsola\/wp-json\/wp\/v2\/pages\/3761","targetHints":{"allow":["GET"]}}],"collection":[{"href":"https:\/\/agora.xtec.cat\/escolamontserratsola\/wp-json\/wp\/v2\/pages"}],"about":[{"href":"https:\/\/agora.xtec.cat\/escolamontserratsola\/wp-json\/wp\/v2\/types\/page"}],"author":[{"embeddable":true,"href":"https:\/\/agora.xtec.cat\/escolamontserratsola\/wp-json\/wp\/v2\/users\/3"}],"replies":[{"embeddable":true,"href":"https:\/\/agora.xtec.cat\/escolamontserratsola\/wp-json\/wp\/v2\/comments?post=3761"}],"version-history":[{"count":3,"href":"https:\/\/agora.xtec.cat\/escolamontserratsola\/wp-json\/wp\/v2\/pages\/3761\/revisions"}],"predecessor-version":[{"id":3787,"href":"https:\/\/agora.xtec.cat\/escolamontserratsola\/wp-json\/wp\/v2\/pages\/3761\/revisions\/3787"}],"up":[{"embeddable":true,"href":"https:\/\/agora.xtec.cat\/escolamontserratsola\/wp-json\/wp\/v2\/pages\/3738"}],"wp:attachment":[{"href":"https:\/\/agora.xtec.cat\/escolamontserratsola\/wp-json\/wp\/v2\/media?parent=3761"}],"curies":[{"name":"wp","href":"https:\/\/api.w.org\/{rel}","templated":true}]}}