{"id":3366,"date":"2022-02-27T14:02:40","date_gmt":"2022-02-27T13:02:40","guid":{"rendered":"https:\/\/agora.xtec.cat\/escolamontserratsola\/?page_id=3366"},"modified":"2025-01-04T13:18:52","modified_gmt":"2025-01-04T12:18:52","slug":"fase-dinvestigacio-2","status":"publish","type":"page","link":"https:\/\/agora.xtec.cat\/escolamontserratsola\/transformem-el-nostre-pati\/projecte-dinnovacio-educativa-erasmus\/fase-dinvestigacio-2\/","title":{"rendered":"Fase d&#8217;investigaci\u00f3"},"content":{"rendered":"<p>Juny de 2022<\/p>\n<p>Un cop tancades les activitats d\u2019aquest projecte en la fase d\u2019implementaci\u00f3, arribem doncs a<br \/>\nla darrera etapa d&#8217;aquest projecte, la d\u2019investigaci\u00f3. En aquesta fase les fam\u00edlies tornen a omplir<br \/>\nles mateixes enquestes que van omplir a l&#8217;inici del projecte i els infants tamb\u00e9 realitzen les<br \/>\nmateixes activitats inicials de la fase de diagnosi. Amb el recull de dades es pret\u00e9n<br \/>\nrealitzar una posterior investigaci\u00f3 amb els mateixos grups d\u2019infants despr\u00e9s de la<br \/>\nimplementaci\u00f3 del programa per esbrinar com afecta en tots els \u00e0mbits i com els nens i les nenes\u00a0\u00a0se\u2019n<br \/>\npoden beneficiar.<\/p>\n<p>Aquest projecte t\u00e9 tamb\u00e9 com a objectiu desenvolupar i testar amb la participaci\u00f3 de tothom,<br \/>\nun programa pilot perqu\u00e8 altres escoles puguin utilitzar-lo en el futur, donant suport al<br \/>\ndesenvolupament i al benestar general dels infants aix\u00ed com el d\u2019altres \u00e9ssers vius (com ara els<br \/>\nocells), desenvolupant tamb\u00e9 el coneixement i les actituds positives en contacte amb la natura,<br \/>\na m\u00e9s de donar suport a les habilitats socials i emocionals que condueixin al benestar fent \u00fas<br \/>\nde l\u2019aire lliure i de totes les oportunitats que aquest ofereix de la millor manera possible.<\/p>\n","protected":false},"excerpt":{"rendered":"<p>Juny de 2022 Un cop tancades les activitats d\u2019aquest projecte en la fase d\u2019implementaci\u00f3, arribem doncs a la darrera etapa d&#8217;aquest projecte, la d\u2019investigaci\u00f3. En aquesta fase les fam\u00edlies tornen a omplir les mateixes enquestes que van omplir a l&#8217;inici del projecte i els infants tamb\u00e9 realitzen les mateixes activitats inicials de la fase de [&hellip;]<\/p>\n","protected":false},"author":1,"featured_media":0,"parent":3355,"menu_order":3,"comment_status":"closed","ping_status":"closed","template":"page-templates\/side-menu.php","meta":{"_bbp_topic_count":0,"_bbp_reply_count":0,"_bbp_total_topic_count":0,"_bbp_total_reply_count":0,"_bbp_voice_count":0,"_bbp_anonymous_reply_count":0,"_bbp_topic_count_hidden":0,"_bbp_reply_count_hidden":0,"_bbp_forum_subforum_count":0,"site-sidebar-layout":"default","site-content-layout":"","ast-site-content-layout":"","site-content-style":"default","site-sidebar-style":"default","ast-global-header-display":"","ast-banner-title-visibility":"","ast-main-header-display":"","ast-hfb-above-header-display":"","ast-hfb-below-header-display":"","ast-hfb-mobile-header-display":"","site-post-title":"","ast-breadcrumbs-content":"","ast-featured-img":"","footer-sml-layout":"","theme-transparent-header-meta":"","adv-header-id-meta":"","stick-header-meta":"","header-above-stick-meta":"","header-main-stick-meta":"","header-below-stick-meta":"","astra-migrate-meta-layouts":"default","ast-page-background-enabled":"default","ast-page-background-meta":{"desktop":{"background-color":"var(--ast-global-color-4)","background-image":"","background-repeat":"repeat","background-position":"center center","background-size":"auto","background-attachment":"scroll","background-type":"","background-media":"","overlay-type":"","overlay-color":"","overlay-opacity":"","overlay-gradient":""},"tablet":{"background-color":"","background-image":"","background-repeat":"repeat","background-position":"center center","background-size":"auto","background-attachment":"scroll","background-type":"","background-media":"","overlay-type":"","overlay-color":"","overlay-opacity":"","overlay-gradient":""},"mobile":{"background-color":"","background-image":"","background-repeat":"repeat","background-position":"center center","background-size":"auto","background-attachment":"scroll","background-type":"","background-media":"","overlay-type":"","overlay-color":"","overlay-opacity":"","overlay-gradient":""}},"ast-content-background-meta":{"desktop":{"background-color":"var(--ast-global-color-5)","background-image":"","background-repeat":"repeat","background-position":"center center","background-size":"auto","background-attachment":"scroll","background-type":"","background-media":"","overlay-type":"","overlay-color":"","overlay-opacity":"","overlay-gradient":""},"tablet":{"background-color":"var(--ast-global-color-5)","background-image":"","background-repeat":"repeat","background-position":"center center","background-size":"auto","background-attachment":"scroll","background-type":"","background-media":"","overlay-type":"","overlay-color":"","overlay-opacity":"","overlay-gradient":""},"mobile":{"background-color":"var(--ast-global-color-5)","background-image":"","background-repeat":"repeat","background-position":"center center","background-size":"auto","background-attachment":"scroll","background-type":"","background-media":"","overlay-type":"","overlay-color":"","overlay-opacity":"","overlay-gradient":""}},"footnotes":""},"class_list":["post-3366","page","type-page","status-publish","hentry"],"post_mailing_queue_ids":[],"_links":{"self":[{"href":"https:\/\/agora.xtec.cat\/escolamontserratsola\/wp-json\/wp\/v2\/pages\/3366","targetHints":{"allow":["GET"]}}],"collection":[{"href":"https:\/\/agora.xtec.cat\/escolamontserratsola\/wp-json\/wp\/v2\/pages"}],"about":[{"href":"https:\/\/agora.xtec.cat\/escolamontserratsola\/wp-json\/wp\/v2\/types\/page"}],"author":[{"embeddable":true,"href":"https:\/\/agora.xtec.cat\/escolamontserratsola\/wp-json\/wp\/v2\/users\/1"}],"replies":[{"embeddable":true,"href":"https:\/\/agora.xtec.cat\/escolamontserratsola\/wp-json\/wp\/v2\/comments?post=3366"}],"version-history":[{"count":3,"href":"https:\/\/agora.xtec.cat\/escolamontserratsola\/wp-json\/wp\/v2\/pages\/3366\/revisions"}],"predecessor-version":[{"id":4173,"href":"https:\/\/agora.xtec.cat\/escolamontserratsola\/wp-json\/wp\/v2\/pages\/3366\/revisions\/4173"}],"up":[{"embeddable":true,"href":"https:\/\/agora.xtec.cat\/escolamontserratsola\/wp-json\/wp\/v2\/pages\/3355"}],"wp:attachment":[{"href":"https:\/\/agora.xtec.cat\/escolamontserratsola\/wp-json\/wp\/v2\/media?parent=3366"}],"curies":[{"name":"wp","href":"https:\/\/api.w.org\/{rel}","templated":true}]}}