{"id":3355,"date":"2022-02-27T13:38:25","date_gmt":"2022-02-27T12:38:25","guid":{"rendered":"https:\/\/agora.xtec.cat\/escolamontserratsola\/?page_id=3355"},"modified":"2025-01-03T14:34:00","modified_gmt":"2025-01-03T13:34:00","slug":"projecte-dinnovacio-educativa-erasmus","status":"publish","type":"page","link":"https:\/\/agora.xtec.cat\/escolamontserratsola\/transformem-el-nostre-pati\/projecte-dinnovacio-educativa-erasmus\/","title":{"rendered":"Projecte d&#8217;innovaci\u00f3 educativa Erasmus+"},"content":{"rendered":"<p>La nostra escola Montserrat Sol\u00e0 ha estat seleccionada per participar en un projecte d&#8217;innovaci\u00f3 educativa ERASMUS+. Aquest \u00e9s un projecte cient\u00edfic subvencionat per fons europeus, en el qual hi participen quatre pa\u00efsos de manera simult\u00e0nia: Espanya, Malta, Regne Unit i la Rep\u00fablica Eslovaca.<\/p>\n<p>El projecte es diu:<\/p>\n<h5 style=\"text-align: center;\"><strong><em>\u00c9s bo per a ells (els ocells), \u00e9s bo per a tu.<br \/>\n<\/em><em>Aprenentatge Social i Emocional<br \/>\nmitjan\u00e7ant l\u2019aproximaci\u00f3 de la natura a les escoles\u201d<\/em><\/strong><\/h5>\n<p>En la seva versi\u00f3 redu\u00efda:<\/p>\n<h5 style=\"text-align: center;\"><em><strong>\u201cSEL for schools\u201d<\/strong><\/em><\/h5>\n<p>\u00c9s bo per a ells \u2013per als ocells, els animals, les plantes\u2013, \u00e9s bo per a tu\u201d \u2013bo per als infants, per a les persones adultes, per a tota la humanitat\u2013.<\/p>\n<p>Els objectius d\u2019aquest projecte s\u00f3n:<\/p>\n<ul>\n<li>Trobar el paral\u2022lelisme entre la vida, les necessitats i el benestar dels ocells i de tots els \u00e9ssers vius en general, amb la vida, les necessitats i el benestar dels infants i de totes les persones, mitjan\u00e7ant l\u2019empatia, el coneixement i la comprensi\u00f3 del nostre vincle amb la natura.<\/li>\n<li>Desenvolupar i testar un programa pilot perqu\u00e8 altres escoles puguin utilitzar-lo en un futur.<\/li>\n<li>Contribuir al desenvolupament i al benestar general dels infants i al d\u2019altres \u00e9ssers vius, com ara els ocells.<\/li>\n<li>Desenvolupar el coneixement i les actituds positives vers la natura.<\/li>\n<li>Donar suport a les habilitats socials i emocionals amb activitats a l\u2019aire lliure.<\/li>\n<\/ul>\n<p>La garantia experta del projecte la proporciona la Facultat d\u2019Educaci\u00f3, Departament de Pedagogia i Psicologia Preescolar i Elemental de la Universitat de Pre\u0161ov (Eslov\u00e0quia).<\/p>\n<p>Les entitats que hi participen s\u00f3n les seg\u00fcents: Birdlife (Malta), Sociedad Espa\u00f1ola de Ornitolog\u00eda\/SEO Birdlife, Milanta Craft S.L.U. (Espanya), Learning through Landscapes (UK), University of Pre\u0161ov, Faculty of Education, Department of Pre \u2013 school and Elementary, Pedagogy and Psychology, Slovak republic, SOS Birdlife Slovensko, INAK, oz, Slovensko.<\/p>\n<p>Aquest estudi est\u00e0 dissenyat per als infants i les fam\u00edlies de cinc anys. En el cas de la nostra escola, els infants de P3 i P4 gaudeixen tamb\u00e9 de les activitats proposades. Aquestes es divideixen en tres etapes:<\/p>\n<ol>\n<li>Realitzar una investigaci\u00f3 en grups de 15-20 infants en connexi\u00f3 amb la natura (del 15 de novembre al 3 de desembre de 2021).<\/li>\n<li>Implementaci\u00f3 i posada en marxa del nou programa (del 21 de febrer al 27 de maig 2022).<\/li>\n<li>Investigaci\u00f3 despr\u00e9s de la implementaci\u00f3 del programa per esbrinar com afecta en tots els \u00e0mbits i com els infants se\u2019n poden beneficiar (juny 2022).<\/li>\n<\/ol>\n","protected":false},"excerpt":{"rendered":"<p>La nostra escola Montserrat Sol\u00e0 ha estat seleccionada per participar en un projecte d&#8217;innovaci\u00f3 educativa ERASMUS+. Aquest \u00e9s un projecte cient\u00edfic subvencionat per fons europeus, en el qual hi participen quatre pa\u00efsos de manera simult\u00e0nia: Espanya, Malta, Regne Unit i la Rep\u00fablica Eslovaca. El projecte es diu: \u00c9s bo per a ells (els ocells), \u00e9s [&hellip;]<\/p>\n","protected":false},"author":1,"featured_media":0,"parent":2440,"menu_order":4,"comment_status":"closed","ping_status":"closed","template":"page-templates\/side-menu.php","meta":{"_bbp_topic_count":0,"_bbp_reply_count":0,"_bbp_total_topic_count":0,"_bbp_total_reply_count":0,"_bbp_voice_count":0,"_bbp_anonymous_reply_count":0,"_bbp_topic_count_hidden":0,"_bbp_reply_count_hidden":0,"_bbp_forum_subforum_count":0,"site-sidebar-layout":"default","site-content-layout":"","ast-site-content-layout":"","site-content-style":"default","site-sidebar-style":"default","ast-global-header-display":"","ast-banner-title-visibility":"","ast-main-header-display":"","ast-hfb-above-header-display":"","ast-hfb-below-header-display":"","ast-hfb-mobile-header-display":"","site-post-title":"","ast-breadcrumbs-content":"","ast-featured-img":"","footer-sml-layout":"","theme-transparent-header-meta":"","adv-header-id-meta":"","stick-header-meta":"","header-above-stick-meta":"","header-main-stick-meta":"","header-below-stick-meta":"","astra-migrate-meta-layouts":"default","ast-page-background-enabled":"default","ast-page-background-meta":{"desktop":{"background-color":"var(--ast-global-color-4)","background-image":"","background-repeat":"repeat","background-position":"center center","background-size":"auto","background-attachment":"scroll","background-type":"","background-media":"","overlay-type":"","overlay-color":"","overlay-opacity":"","overlay-gradient":""},"tablet":{"background-color":"","background-image":"","background-repeat":"repeat","background-position":"center center","background-size":"auto","background-attachment":"scroll","background-type":"","background-media":"","overlay-type":"","overlay-color":"","overlay-opacity":"","overlay-gradient":""},"mobile":{"background-color":"","background-image":"","background-repeat":"repeat","background-position":"center center","background-size":"auto","background-attachment":"scroll","background-type":"","background-media":"","overlay-type":"","overlay-color":"","overlay-opacity":"","overlay-gradient":""}},"ast-content-background-meta":{"desktop":{"background-color":"var(--ast-global-color-5)","background-image":"","background-repeat":"repeat","background-position":"center center","background-size":"auto","background-attachment":"scroll","background-type":"","background-media":"","overlay-type":"","overlay-color":"","overlay-opacity":"","overlay-gradient":""},"tablet":{"background-color":"var(--ast-global-color-5)","background-image":"","background-repeat":"repeat","background-position":"center center","background-size":"auto","background-attachment":"scroll","background-type":"","background-media":"","overlay-type":"","overlay-color":"","overlay-opacity":"","overlay-gradient":""},"mobile":{"background-color":"var(--ast-global-color-5)","background-image":"","background-repeat":"repeat","background-position":"center center","background-size":"auto","background-attachment":"scroll","background-type":"","background-media":"","overlay-type":"","overlay-color":"","overlay-opacity":"","overlay-gradient":""}},"footnotes":""},"class_list":["post-3355","page","type-page","status-publish","hentry"],"post_mailing_queue_ids":[],"_links":{"self":[{"href":"https:\/\/agora.xtec.cat\/escolamontserratsola\/wp-json\/wp\/v2\/pages\/3355","targetHints":{"allow":["GET"]}}],"collection":[{"href":"https:\/\/agora.xtec.cat\/escolamontserratsola\/wp-json\/wp\/v2\/pages"}],"about":[{"href":"https:\/\/agora.xtec.cat\/escolamontserratsola\/wp-json\/wp\/v2\/types\/page"}],"author":[{"embeddable":true,"href":"https:\/\/agora.xtec.cat\/escolamontserratsola\/wp-json\/wp\/v2\/users\/1"}],"replies":[{"embeddable":true,"href":"https:\/\/agora.xtec.cat\/escolamontserratsola\/wp-json\/wp\/v2\/comments?post=3355"}],"version-history":[{"count":2,"href":"https:\/\/agora.xtec.cat\/escolamontserratsola\/wp-json\/wp\/v2\/pages\/3355\/revisions"}],"predecessor-version":[{"id":3369,"href":"https:\/\/agora.xtec.cat\/escolamontserratsola\/wp-json\/wp\/v2\/pages\/3355\/revisions\/3369"}],"up":[{"embeddable":true,"href":"https:\/\/agora.xtec.cat\/escolamontserratsola\/wp-json\/wp\/v2\/pages\/2440"}],"wp:attachment":[{"href":"https:\/\/agora.xtec.cat\/escolamontserratsola\/wp-json\/wp\/v2\/media?parent=3355"}],"curies":[{"name":"wp","href":"https:\/\/api.w.org\/{rel}","templated":true}]}}