{"id":32,"date":"2014-09-18T12:31:33","date_gmt":"2014-09-18T10:31:33","guid":{"rendered":"http:\/\/agora.xtec.cat\/escolamontserratsola\/?page_id=32"},"modified":"2025-07-16T14:16:38","modified_gmt":"2025-07-16T12:16:38","slug":"calendari-del-curs","status":"publish","type":"page","link":"https:\/\/agora.xtec.cat\/escolamontserratsola\/comunicats\/calendari-del-curs\/","title":{"rendered":"Horari i calendari del curs 2025-2026"},"content":{"rendered":"<p><strong style=\"font-size: 1.375em;\">Calendari escolar del curs 2025-2026:<\/strong><\/p>\n<p><strong>Inici de les activitats lectives a l&#8217;Educaci\u00f3 Infantil i Prim\u00e0ria:<br \/>\n<\/strong><span style=\"font-family: inherit; font-size: 1em;\">L&#8217;inici de les activitats lectives \u00e9s el 8 de setembre de 2025.<\/span><\/p>\n<p><strong>Darrer dia de les activitats lectives a l&#8217;Educaci\u00f3 Infantil i Prim\u00e0ria:<\/strong><br \/>\nEl curs finalitza el 19 de juny de 2026.<\/p>\n<p><span style=\"font-family: inherit; font-size: 1em;\"><strong style=\"font-family: inherit; font-size: 1em;\">Vacances:<br \/>\n<\/strong><span style=\"font-family: inherit; font-size: 1em;\">Tenen la consideraci\u00f3 de per\u00edode de vacances escolars els per\u00edodes seg\u00fcents:<\/span><\/span><\/p>\n<ul>\n<li><span style=\"font-family: inherit; font-size: 1em;\"><span style=\"font-family: inherit; font-size: 1em;\">Nadal: del 20 de desembre de 2025 al 7 de gener de 2026, ambd\u00f3s inclosos.<\/span><\/span><\/li>\n<li><span style=\"font-family: inherit; font-size: 1em;\"><span style=\"font-family: inherit; font-size: 1em;\">Setmana Santa: del 28 de mar\u00e7 al 6 d&#8217;abril de 2026, ambd\u00f3s inclosos.<\/span><\/span><\/li>\n<\/ul>\n<p><span style=\"font-family: inherit; font-size: 1em;\"><strong style=\"font-family: inherit; font-size: 1em;\">Dies festius de lliure disposici\u00f3:<br \/>\n<\/strong><\/span><span style=\"font-family: inherit; font-size: 1em;\">Els centres poden establir quatre dies festius de lliure disposici\u00f3 que s\u2019han de distribuir entre els tres trimestres i no poden coincidir amb els dies d&#8217;inici i final de curs o de per\u00edodes de vacances de Nadal o de Setmana Santa. <\/span><span style=\"font-family: inherit; font-size: 1em;\">Als centres educatius de Matar\u00f3 li&#8217;n corresponen cinc perqu\u00e8 un dels dos dies de festa local, cau en dia no lectiu. <\/span><\/p>\n<p><span style=\"font-family: inherit; font-size: 1em;\">El Consell Escolar Municipal de Matar\u00f3, reunit el passat 22 de maig de 2025, va fixar els cinc dies festius de lliure disposici\u00f3 per al curs 2025-2026, i s\u00f3n:<\/span><\/p>\n<ul>\n<li>3 de novembre de 2025<\/li>\n<li>5 de desembre de 2025<\/li>\n<li>16 de febrer de 2026<\/li>\n<li>13 de mar\u00e7 de 2026<\/li>\n<li>30 d\u2019abril de 2026.<\/li>\n<\/ul>\n<p><a href=\"https:\/\/agora.xtec.cat\/escolamontserratsola\/wp-content\/uploads\/usu1322\/2025\/07\/Calendari-escolar_2025-2026.png\"><img loading=\"lazy\" decoding=\"async\" class=\"alignnone wp-image-4420 size-full\" src=\"https:\/\/agora.xtec.cat\/escolamontserratsola\/wp-content\/uploads\/usu1322\/2025\/07\/Calendari-escolar_2025-2026.png\" alt=\"\" width=\"347\" height=\"509\" srcset=\"https:\/\/agora.xtec.cat\/escolamontserratsola\/wp-content\/uploads\/usu1322\/2025\/07\/Calendari-escolar_2025-2026.png 347w, https:\/\/agora.xtec.cat\/escolamontserratsola\/wp-content\/uploads\/usu1322\/2025\/07\/Calendari-escolar_2025-2026-205x300.png 205w\" sizes=\"auto, (max-width: 347px) 100vw, 347px\" \/><\/a><\/p>\n<p><strong style=\"font-size: 1.375em;\">Horari a l&#8217;educaci\u00f3 infantil i prim\u00e0ria:<\/strong><\/p>\n<ul>\n<li>Del 8 de setembre de 2025 al 5 de juny de 2026, ambd\u00f3s inclosos, l<span style=\"color: initial; font-family: inherit; font-size: 1em;\">\u2019horari habitual \u00e9s de 9h a 12:30h i de 15h a 16:30h.<\/span><\/li>\n<li>Els dies 8, 9 i 10 de setembre es proposa un horari gradual d\u2019inici de les activitats lectives per als infants d\u2019I3: de 9:15 h a 12:30 h (1r torn) i de 9:30 h a 12:30 h (2n torn).<\/li>\n<li>El dia 19 de desembre de 2025 i del 8 al 19 de juny de 2026, ambd\u00f3s inclosos, es realitza jornada continuada de 9h a 13h.<\/li>\n<\/ul>\n<p>&nbsp;<\/p>\n","protected":false},"excerpt":{"rendered":"<p>Calendari escolar del curs 2025-2026: Inici de les activitats lectives a l&#8217;Educaci\u00f3 Infantil i Prim\u00e0ria: L&#8217;inici de les activitats lectives \u00e9s el 8 de setembre de 2025. Darrer dia de les activitats lectives a l&#8217;Educaci\u00f3 Infantil i Prim\u00e0ria: El curs finalitza el 19 de juny de 2026. Vacances: Tenen la consideraci\u00f3 de per\u00edode de vacances [&hellip;]<\/p>\n","protected":false},"author":1,"featured_media":0,"parent":521,"menu_order":1,"comment_status":"closed","ping_status":"closed","template":"page-templates\/side-menu.php","meta":{"_bbp_topic_count":0,"_bbp_reply_count":0,"_bbp_total_topic_count":0,"_bbp_total_reply_count":0,"_bbp_voice_count":0,"_bbp_anonymous_reply_count":0,"_bbp_topic_count_hidden":0,"_bbp_reply_count_hidden":0,"_bbp_forum_subforum_count":0,"site-sidebar-layout":"default","site-content-layout":"","ast-site-content-layout":"","site-content-style":"default","site-sidebar-style":"default","ast-global-header-display":"","ast-banner-title-visibility":"","ast-main-header-display":"","ast-hfb-above-header-display":"","ast-hfb-below-header-display":"","ast-hfb-mobile-header-display":"","site-post-title":"","ast-breadcrumbs-content":"","ast-featured-img":"","footer-sml-layout":"","theme-transparent-header-meta":"","adv-header-id-meta":"","stick-header-meta":"","header-above-stick-meta":"","header-main-stick-meta":"","header-below-stick-meta":"","astra-migrate-meta-layouts":"default","ast-page-background-enabled":"default","ast-page-background-meta":{"desktop":{"background-color":"var(--ast-global-color-4)","background-image":"","background-repeat":"repeat","background-position":"center center","background-size":"auto","background-attachment":"scroll","background-type":"","background-media":"","overlay-type":"","overlay-color":"","overlay-opacity":"","overlay-gradient":""},"tablet":{"background-color":"","background-image":"","background-repeat":"repeat","background-position":"center center","background-size":"auto","background-attachment":"scroll","background-type":"","background-media":"","overlay-type":"","overlay-color":"","overlay-opacity":"","overlay-gradient":""},"mobile":{"background-color":"","background-image":"","background-repeat":"repeat","background-position":"center center","background-size":"auto","background-attachment":"scroll","background-type":"","background-media":"","overlay-type":"","overlay-color":"","overlay-opacity":"","overlay-gradient":""}},"ast-content-background-meta":{"desktop":{"background-color":"var(--ast-global-color-5)","background-image":"","background-repeat":"repeat","background-position":"center center","background-size":"auto","background-attachment":"scroll","background-type":"","background-media":"","overlay-type":"","overlay-color":"","overlay-opacity":"","overlay-gradient":""},"tablet":{"background-color":"var(--ast-global-color-5)","background-image":"","background-repeat":"repeat","background-position":"center center","background-size":"auto","background-attachment":"scroll","background-type":"","background-media":"","overlay-type":"","overlay-color":"","overlay-opacity":"","overlay-gradient":""},"mobile":{"background-color":"var(--ast-global-color-5)","background-image":"","background-repeat":"repeat","background-position":"center center","background-size":"auto","background-attachment":"scroll","background-type":"","background-media":"","overlay-type":"","overlay-color":"","overlay-opacity":"","overlay-gradient":""}},"footnotes":""},"class_list":["post-32","page","type-page","status-publish","hentry"],"post_mailing_queue_ids":[],"_links":{"self":[{"href":"https:\/\/agora.xtec.cat\/escolamontserratsola\/wp-json\/wp\/v2\/pages\/32","targetHints":{"allow":["GET"]}}],"collection":[{"href":"https:\/\/agora.xtec.cat\/escolamontserratsola\/wp-json\/wp\/v2\/pages"}],"about":[{"href":"https:\/\/agora.xtec.cat\/escolamontserratsola\/wp-json\/wp\/v2\/types\/page"}],"author":[{"embeddable":true,"href":"https:\/\/agora.xtec.cat\/escolamontserratsola\/wp-json\/wp\/v2\/users\/1"}],"replies":[{"embeddable":true,"href":"https:\/\/agora.xtec.cat\/escolamontserratsola\/wp-json\/wp\/v2\/comments?post=32"}],"version-history":[{"count":6,"href":"https:\/\/agora.xtec.cat\/escolamontserratsola\/wp-json\/wp\/v2\/pages\/32\/revisions"}],"predecessor-version":[{"id":4439,"href":"https:\/\/agora.xtec.cat\/escolamontserratsola\/wp-json\/wp\/v2\/pages\/32\/revisions\/4439"}],"up":[{"embeddable":true,"href":"https:\/\/agora.xtec.cat\/escolamontserratsola\/wp-json\/wp\/v2\/pages\/521"}],"wp:attachment":[{"href":"https:\/\/agora.xtec.cat\/escolamontserratsola\/wp-json\/wp\/v2\/media?parent=32"}],"curies":[{"name":"wp","href":"https:\/\/api.w.org\/{rel}","templated":true}]}}